{"id":3505,"date":"2024-11-04T15:45:07","date_gmt":"2024-11-04T15:45:07","guid":{"rendered":"https:\/\/nfc-readers.com\/?post_type=product&#038;p=3505"},"modified":"2024-11-04T15:45:07","modified_gmt":"2024-11-04T15:45:07","slug":"high-quality-ntag-213-ntag-215-pvc-nfc-business-card","status":"publish","type":"product","link":"https:\/\/nfc-readers.com\/fi\/ic-reader\/high-quality-ntag-213-ntag-215-pvc-nfc-business-card\/","title":{"rendered":"Laadukas NTAG 213 NTAG 215 PVC NFC-k\u00e4yntikortti"},"content":{"rendered":"<h1><span style=\"color: #000080;\"><strong>Laadukas NTAG 213 NTAG 215 PVC NFC-k\u00e4yntikortti<\/strong><\/span><\/h1>\n<p><span style=\"color: #666699;\">Digitaalisella aikakaudella tehokas viestint\u00e4 ja yhteydet ovat ensiarvoisen t\u00e4rkeit\u00e4 yrityksille, jotka haluavat tehd\u00e4 pysyv\u00e4n vaikutuksen. The <strong>Laadukas NTAG213 NTAG215 PVC NFC-k\u00e4yntikortti<\/strong>\u00a0toimii tehokkaana ty\u00f6kaluna, joka yhdist\u00e4\u00e4 edistyneen teknologian k\u00e4yt\u00e4nn\u00f6llisyyteen. N\u00e4m\u00e4 NFC-k\u00e4yntikortit tarjoavat saumattoman p\u00e4\u00e4syn tietoihin, eiv\u00e4t vain virtaviivaista verkkotoimintaa, vaan my\u00f6s kohottavat ammattikuvaasi. T\u00e4ss\u00e4 artikkelissa k\u00e4sitell\u00e4\u00e4n n\u00e4iden k\u00e4yntikorttien vertaansa vailla olevia etuja ja korostetaan niiden erityispiirteit\u00e4, toimialakohtaisia ominaisuuksia ja paljon muuta.<\/span><\/p>\n<p>&nbsp;<\/p>\n<h2 style=\"text-align: center;\"><em><span style=\"color: #000080;\"><strong>Miksi sijoittaa NTAG213 NTAG215 PVC NFC -k\u00e4yntikortteihin?<\/strong><\/span><\/em><\/h2>\n<p>Sijoittaminen\u00a0<strong>NTAG213 NTAG215 PVC NFC-k\u00e4yntikortit<\/strong>\u00a0voi muuttaa tapaa, jolla olet vuorovaikutuksessa potentiaalisten asiakkaiden ja kumppaneiden kanssa. Perinteisist\u00e4 k\u00e4yntikorteista poiketen n\u00e4m\u00e4 NFC-yhteensopivat kortit antavat sinun jakaa yhteystietosi, sosiaalisen median linkit ja mainossis\u00e4lt\u00f6si vaivattomasti yhdell\u00e4 napautuksella. T\u00e4m\u00e4 kontaktiton tekniikka edist\u00e4\u00e4 interaktiivisempaa yhteytt\u00e4 yleis\u00f6\u00f6si ja varmistaa, ett\u00e4 erotut joukosta kilpailuymp\u00e4rist\u00f6iss\u00e4.<\/p>\n<p>N\u00e4iden korttien kest\u00e4vyys lis\u00e4\u00e4 niiden arvoa. Valmistettu korkealaatuisesta materiaalista\u00a0<strong>musta PVC<\/strong>, NTAG213- ja NTAG215-kortit ovat\u00a0<strong>vedenpit\u00e4v\u00e4<\/strong>\u00a0ja\u00a0<strong>s\u00e4\u00e4nkest\u00e4v\u00e4<\/strong>, kest\u00e4\u00e4 erilaisia ymp\u00e4rist\u00f6olosuhteita. T\u00e4m\u00e4 joustavuus takaa, ett\u00e4 korttisi pysyv\u00e4t toimivina ja visuaalisesti houkuttelevina ajan mittaan, mik\u00e4 kuvastaa ammattimaisuutta ja sitoutumista laatuun jokaisessa vuorovaikutuksessa.<\/p>\n<p>&nbsp;<\/p>\n<hr \/>\n<h2 style=\"text-align: center;\"><span style=\"color: #000080;\"><em><strong>Tekniset tiedot<\/strong><\/em><\/span><\/h2>\n<p><span style=\"color: #008080;\"><strong>NTAG-korttien teknisten yksityiskohtien ymm\u00e4rt\u00e4minen on ratkaisevan t\u00e4rke\u00e4\u00e4 tietoisen p\u00e4\u00e4t\u00f6ksenteon kannalta. T\u00e4ss\u00e4 on yksityiskohtainen katsaus:<\/strong><\/span><\/p>\n<div class=\"table-with-header rounded-lg border border-solid border-grey-line2-normal w-fit max-w-full mb-2\">\n<div class=\"overflow-x-auto custom-scrollbar custom-scrollbar-float max-w-full\">\n<table class=\"w-fit !mb-0 !max-w-none\" style=\"height: 288px;\" width=\"404\">\n<thead>\n<tr>\n<th>Erittely<\/th>\n<th>Yksityiskohdat<\/th>\n<\/tr>\n<\/thead>\n<tbody>\n<tr>\n<td><strong>Siru<\/strong><\/td>\n<td>NTAG213 \/ NTAG215<\/td>\n<\/tr>\n<tr>\n<td><strong>Materiaali<\/strong><\/td>\n<td>Musta PVC<\/td>\n<\/tr>\n<tr>\n<td><strong>Paksuus<\/strong><\/td>\n<td>0,84 mm<\/td>\n<\/tr>\n<tr>\n<td><strong>Taajuus<\/strong><\/td>\n<td>13,56 MHz<\/td>\n<\/tr>\n<tr>\n<td><strong>p\u00f6yt\u00e4kirja<\/strong><\/td>\n<td>ISO14443 Tyyppi A<\/td>\n<\/tr>\n<tr>\n<td><strong>Pintak\u00e4sittely<\/strong><\/td>\n<td>Kiilt\u00e4v\u00e4 matta\/himme\u00e4<\/td>\n<\/tr>\n<\/tbody>\n<\/table>\n<p>&nbsp;<\/p>\n<\/div>\n<\/div>\n<h2 style=\"text-align: center;\"><span style=\"color: #000080;\"><em><strong>Tuotekuvaus<\/strong><\/em><\/span><\/h2>\n<h4><span style=\"color: #008080;\"><strong>NTAG213- ja NTAG215-korttien keskeiset ominaisuudet<\/strong><\/span><\/h4>\n<p>Kun valitset an\u00a0<strong>NFC-k\u00e4yntikortti<\/strong>, on t\u00e4rke\u00e4\u00e4 ymm\u00e4rt\u00e4\u00e4 sen keskeiset ominaisuudet. The\u00a0<strong>NTAG213<\/strong>\u00a0ja\u00a0<strong>NTAG215<\/strong>\u00a0malleissa on edistynyt\u00a0<strong>RFID<\/strong>\u00a0teknologiaa, joka mahdollistaa kontaktittoman viestinn\u00e4n. Toimii taajuudella\u00a0<strong>13,56 MHz<\/strong>, n\u00e4m\u00e4 kortit tukevat lukuet\u00e4isyytt\u00e4\u00a0<strong>2-10 cm<\/strong>, mik\u00e4 tekee niist\u00e4 k\u00e4ytt\u00e4j\u00e4yst\u00e4v\u00e4llisi\u00e4 ja tehokkaita.<\/p>\n<h2 style=\"text-align: center;\"><\/h2>\n<h2 style=\"text-align: center;\"><strong><em><span style=\"color: #000080;\">Edut<\/span><\/em><\/strong><\/h2>\n<ul>\n<li><strong>Kest\u00e4vyys<\/strong>: Valmistettu laadukkaasta\u00a0<strong>musta PVC<\/strong>, n\u00e4m\u00e4 kortit ovat kest\u00e4vi\u00e4 ja suunniteltu kest\u00e4m\u00e4\u00e4n. Niiden s\u00e4\u00e4nkest\u00e4vyys tekee niist\u00e4 soveltuvia p\u00e4ivitt\u00e4iseen kantamiseen.<\/li>\n<li><strong>Monipuolisuus<\/strong>: T\u00e4ydelliset eri sovelluksiin, n\u00e4it\u00e4 kortteja voidaan k\u00e4ytt\u00e4\u00e4 kulunvalvontaj\u00e4rjestelmiin, kanta-asiakasohjelmiin ja tapahtumalippuihin.<\/li>\n<\/ul>\n<hr \/>\n<h2><\/h2>\n<h2 style=\"text-align: center;\"><em><span style=\"color: #000080;\"><strong>NFC-k\u00e4yntikorttien erikoisominaisuudet<\/strong><\/span><\/em><\/h2>\n<p>The\u00a0<strong>Laadukas NTAG213 NTAG215 PVC NFC-k\u00e4yntikortti<\/strong> on varustettu ainutlaatuisilla ominaisuuksilla, jotka on r\u00e4\u00e4t\u00e4l\u00f6ity vastaamaan nykyaikaisten ammattilaisten tarpeisiin.<\/p>\n<p>&nbsp;<\/p>\n<h2 style=\"text-align: center;\"><em><span style=\"color: #000080;\"><strong>Viestint\u00e4liittym\u00e4<\/strong><\/span><\/em><\/h2>\n<p>Edistyneet\u00a0<strong>viestint\u00e4liittym\u00e4<\/strong>\u00a0tarjoaa\u00a0<strong>RFID<\/strong>\u00a0teknologia takaa sujuvan ja tehokkaan tiedonsiirron, mik\u00e4 mahdollistaa v\u00e4litt\u00f6m\u00e4t yhteydet. N\u00e4iss\u00e4 korteissa k\u00e4ytetyt NTAG-sirut on suunniteltu nopeutta ja luotettavuutta varten.<\/p>\n<ul>\n<li><strong>NTAG213<\/strong>: Ihanteellinen tavallisiin tiedontallennustarpeisiin, sill\u00e4 muistin koko on noin 144 tavua.<\/li>\n<li><strong>NTAG215<\/strong>: Lis\u00e4\u00e4 muistikapasiteettia, mik\u00e4 on ihanteellinen k\u00e4ytt\u00e4jille, jotka haluavat tallentaa lis\u00e4tietoja tai linkkej\u00e4.<\/li>\n<\/ul>\n<hr \/>\n<h2><\/h2>\n<h2 style=\"text-align: center;\"><em><span style=\"color: #000080;\"><strong>Toimialakohtaiset sovellukset<\/strong><\/span><\/em><\/h2>\n<p>NTAG213 ja NTAG215 NFC-k\u00e4yntikortit ovat erityisen hy\u00f6dyllisi\u00e4 eri aloilla.<\/p>\n<p>&nbsp;<\/p>\n<h2 style=\"text-align: center;\"><em><span style=\"color: #000080;\"><strong>Yritysten verkostoituminen<\/strong><\/span><\/em><\/h2>\n<p>Yrityssektorilla tehokas verkostoituminen on elint\u00e4rke\u00e4\u00e4. Vaihtamalla NFC-k\u00e4yntikortteja ammattilaiset voivat jakaa profiilinsa nopeasti. Tietojen kopioimisen sijaan vastaanottajat voivat vain napauttaa \u00e4lypuhelintaan hakeakseen olennaiset tiedot v\u00e4litt\u00f6m\u00e4sti.<\/p>\n<p>&nbsp;<\/p>\n<h2 style=\"text-align: center;\"><span style=\"color: #000080;\"><em><strong>Markkinointi ja br\u00e4nd\u00e4ys<\/strong><\/em><\/span><\/h2>\n<p><strong><span style=\"color: #666699;\">Yritykset voivat hy\u00f6dynt\u00e4\u00e4 n\u00e4it\u00e4 kortteja markkinointity\u00f6kaluna, upottaen linkkej\u00e4 verkkosivustoilleen tai erikoistarjouksia. Sellaisenaan ne eiv\u00e4t vain toimi tunnistamiskeinona, vaan my\u00f6s edist\u00e4v\u00e4t br\u00e4ndi\u00e4 ja lis\u00e4\u00e4v\u00e4t tietoisuutta jokaisen vuorovaikutuksen kautta.<\/span><\/strong><\/p>\n<ul>\n<li><strong>Kanta-asiakasohjelmat<\/strong>: Paranna asiakkaiden sitoutumista integroimalla kanta-asiakasalennukset NFC-kortteihin, joita kuluttajat voivat napsauttaa kassalla.<\/li>\n<li><strong>Tapahtuman hallinta<\/strong>: Virtaviivaista p\u00e4\u00e4sy\u00e4 tapahtumiin ja konferensseihin k\u00e4ytt\u00e4m\u00e4ll\u00e4 n\u00e4it\u00e4 kortteja helpottaaksesi rekister\u00f6ityneiden sis\u00e4\u00e4nkirjautumista.<\/li>\n<\/ul>","protected":false},"excerpt":{"rendered":"<p>Tutustu korkealaatuisiin NTAG213\/215 PVC NFC -k\u00e4yntikortteihin saumattomaan verkkoon. Vedenpit\u00e4v\u00e4t ja monipuoliset ne parantavat ammattimaista kuvaasi vaivattomasti.<\/p>","protected":false},"featured_media":3509,"template":"","meta":[],"product_brand":[],"product_cat":[46],"product_tag":[],"class_list":{"0":"post-3505","1":"product","2":"type-product","3":"status-publish","4":"has-post-thumbnail","6":"product_cat-nfc-cards","8":"first","9":"instock","10":"shipping-taxable","11":"product-type-simple"},"_links":{"self":[{"href":"https:\/\/nfc-readers.com\/fi\/wp-json\/wp\/v2\/product\/3505","targetHints":{"allow":["GET"]}}],"collection":[{"href":"https:\/\/nfc-readers.com\/fi\/wp-json\/wp\/v2\/product"}],"about":[{"href":"https:\/\/nfc-readers.com\/fi\/wp-json\/wp\/v2\/types\/product"}],"wp:featuredmedia":[{"embeddable":true,"href":"https:\/\/nfc-readers.com\/fi\/wp-json\/wp\/v2\/media\/3509"}],"wp:attachment":[{"href":"https:\/\/nfc-readers.com\/fi\/wp-json\/wp\/v2\/media?parent=3505"}],"wp:term":[{"taxonomy":"product_brand","embeddable":true,"href":"https:\/\/nfc-readers.com\/fi\/wp-json\/wp\/v2\/product_brand?post=3505"},{"taxonomy":"product_cat","embeddable":true,"href":"https:\/\/nfc-readers.com\/fi\/wp-json\/wp\/v2\/product_cat?post=3505"},{"taxonomy":"product_tag","embeddable":true,"href":"https:\/\/nfc-readers.com\/fi\/wp-json\/wp\/v2\/product_tag?post=3505"}],"curies":[{"name":"wp","href":"https:\/\/api.w.org\/{rel}","templated":true}]}}