{"id":3515,"date":"2024-11-06T08:47:18","date_gmt":"2024-11-06T08:47:18","guid":{"rendered":"https:\/\/nfc-readers.com\/?post_type=product&#038;p=3515"},"modified":"2024-11-06T14:47:51","modified_gmt":"2024-11-06T14:47:51","slug":"custom-etched-copper-antenna-hf-nfc-inlay","status":"publish","type":"product","link":"https:\/\/nfc-readers.com\/fi\/ic-reader\/custom-etched-copper-antenna-hf-nfc-inlay\/","title":{"rendered":"NTAG-sarjan etsattu kupariantenni HF NFC -sis\u00e4ke"},"content":{"rendered":"<h1 style=\"text-align: center;\">NTAG-sarjan etsattu kupariantenni HF NFC -sis\u00e4ke<\/h1>\n<p>&nbsp;<\/p>\n<p>The <strong>NTAG-sarjan etsattu kupariantenni HF NFC -sis\u00e4ke\u00a0<\/strong>tarjoaa innovatiivisen ratkaisun NFC (Near Field Communication) -teknologian maailmassa. Huippuluokan suunnittelunsa ja korkean suorituskyvyn ansiosta t\u00e4m\u00e4 tuote erottuu joukosta markkinoilla, jotka arvostavat yh\u00e4 enemm\u00e4n tehokkuutta, monipuolisuutta ja kest\u00e4vyytt\u00e4. Haluatpa sitten parantaa liiketoimintaasi tai lis\u00e4t\u00e4 ainutlaatuisen ominaisuuden tuotevalikoimaasi, n\u00e4m\u00e4 NFC-tunnisteet tarjoavat vertaansa vailla olevia etuja, jotka tekev\u00e4t niist\u00e4 harkitsemisen arvoisia.<\/p>\n<p>&nbsp;<\/p>\n<h3>Miksi sinun pit\u00e4isi valita mukautettu etsattu kupariantenni HF NFC -sis\u00e4ke<\/h3>\n<p>Mukana\u00a0<strong>NFC-tekniikka<\/strong>\u00a0sovelluksiisi mahdollistaa saumattoman tiedonvaihdon ja parantaa k\u00e4ytt\u00f6kokemusta. The\u00a0<strong>Mukautettu etsattu kupariantenni HF NFC -sis\u00e4ke<\/strong>\u00a0tarjoaa luotettavan tiedonsiirtorajapinnan taajuudella\u00a0<strong>13,56 MHz<\/strong>, joten se on yhteensopiva useiden NFC-yhteensopivien laitteiden kanssa. T\u00e4m\u00e4 NFC-tunniste ei ole vain toiminnallinen; se on valmistettu korkealaatuisista materiaaleista, kuten\u00a0<strong>LEMMIKKI<\/strong>, mik\u00e4 takaa kest\u00e4vyyden ja kimmoisuuden.<\/p>\n<p>K\u00e4ytet\u00e4\u00e4np\u00e4 sit\u00e4 markkinoinnissa, \u00e4lykk\u00e4iss\u00e4 pakkauksissa tai interaktiivisissa sovelluksissa, hy\u00f6dyt ovat selv\u00e4t:<\/p>\n<ul>\n<li><strong>Tehostettu viestint\u00e4<\/strong>: Helpottaa v\u00e4lit\u00f6nt\u00e4 tiedonsiirtoa laitteiden v\u00e4lill\u00e4, virtaviivaistaa toimintoja eri toimialoilla.<\/li>\n<li><strong>Monipuolisuus<\/strong>: Mukautetut koot ja mallit varmistavat, ett\u00e4 NFC-inlayt sopivat erilaisiin sovelluksiin markkinointimateriaaleista tuotepakkauksiin.<\/li>\n<li><strong>Kest\u00e4vyys<\/strong>: Veden- ja s\u00e4\u00e4nkest\u00e4v\u00e4t ominaisuudet parantavat suorituskyky\u00e4, joten ne sopivat sek\u00e4 sis\u00e4- ett\u00e4 ulkok\u00e4ytt\u00f6\u00f6n.<\/li>\n<li><strong>Suuri muistikapasiteetti<\/strong>: kanssa\u00a0<strong>416 tavua<\/strong>\u00a0kirjoitettavaa muistia, se mahdollistaa tehokkaan tietojen tallennuksen ja haun.<\/li>\n<\/ul>\n<p>&nbsp;<\/p>\n<h3>Mukautetun etsatun kupariantennin HF NFC -sis\u00e4kkeen t\u00e4rkeimm\u00e4t ominaisuudet<\/h3>\n<p>The\u00a0<strong>Mukautettu etsattu kupariantenni HF NFC -sis\u00e4ke<\/strong>\u00a0on suunniteltu erilaisilla ominaisuuksilla, jotka sopivat erilaisiin sovelluksiin.<\/p>\n<h3>Kehittynyt viestint\u00e4<\/h3>\n<p>T\u00e4m\u00e4 NFC-tunniste k\u00e4ytt\u00e4\u00e4 a\u00a0<strong>viestint\u00e4liittym\u00e4<\/strong>\u00a0joka toimii saumattomasti\u00a0<strong>NFC-yhteensopivia laitteita<\/strong>. K\u00e4ytt\u00e4j\u00e4t voivat yksinkertaisesti napauttaa omaansa\u00a0<strong>NFC lukija<\/strong>\u00a0tai\u00a0<strong>\u00e4lypuhelin<\/strong>\u00a0inlaya vasten v\u00e4litt\u00f6mien yhteyksien ja tiedonsiirron saavuttamiseksi.<\/p>\n<h3>Mukautettavat kokovaihtoehdot<\/h3>\n<p>NFC-upotuksemme ovat vakiokokoisia\u00a0<strong>Halkaisija 30 mm<\/strong>, jossa on vaihtoehtoja\u00a0<strong>mukautettu koko<\/strong>\u00a0vastaamaan ainutlaatuisia vaatimuksiasi. Tarvitsetpa pienemm\u00e4n tunnisteen tietylle tuotteelle tai suuremman markkinointin\u00e4yt\u00f6ksiin, meilt\u00e4 l\u00f6yd\u00e4t kaiken.<\/p>\n<h3>Vedenpit\u00e4v\u00e4 ja s\u00e4\u00e4nkest\u00e4v\u00e4<\/h3>\n<p>Kaikkia NFC-tunnisteita ei luoda samanarvoisiksi; meid\u00e4n ylpeill\u00e4\u00a0<strong>veden- ja s\u00e4\u00e4nkest\u00e4v\u00e4t ominaisuudet<\/strong>. T\u00e4m\u00e4 tarkoittaa, ett\u00e4 voit k\u00e4ytt\u00e4\u00e4 niit\u00e4 ulkona huolehtimatta niiden kest\u00e4vyydest\u00e4 tai suorituskyvyst\u00e4, joten ne ovat ihanteellisia tapahtumiin, markkinointikampanjoihin ja s\u00e4\u00e4olosuhteille altistuviin tuotteisiin.<\/p>\n<p>&nbsp;<\/p>\n<h2>NFC-inlayn tekniset tiedot<\/h2>\n<table class=\"w-fit !mb-0 !max-w-none\" style=\"height: 311px;\" width=\"449\">\n<thead>\n<tr>\n<th><strong>Erittely<\/strong><\/th>\n<th><strong>Yksityiskohdat<\/strong><\/th>\n<\/tr>\n<\/thead>\n<tbody>\n<tr>\n<td><strong>Tyyppi<\/strong><\/td>\n<td>NFC-foorumityyppi 4<\/td>\n<\/tr>\n<tr>\n<td><strong>Materiaali<\/strong><\/td>\n<td>LEMMIKKI<\/td>\n<\/tr>\n<tr>\n<td><strong>Koko<\/strong><\/td>\n<td>Halkaisija 30 mm \/ mukautettu koko<\/td>\n<\/tr>\n<tr>\n<td><strong>Muistin kapasiteetti<\/strong><\/td>\n<td>416 tavua<\/td>\n<\/tr>\n<tr>\n<td><strong>Siru<\/strong><\/td>\n<td>NTAG-sarja<\/td>\n<\/tr>\n<tr>\n<td><strong>Taajuus<\/strong><\/td>\n<td>13,56 MHz<\/td>\n<\/tr>\n<tr>\n<td><strong>Kirjoita Endurance<\/strong><\/td>\n<td>100 000 kertaa<\/td>\n<\/tr>\n<tr>\n<td><strong>Tulostus<\/strong><\/td>\n<td>CMYK-offsetpaino<\/td>\n<\/tr>\n<tr>\n<td><strong>Pakkaus<\/strong><\/td>\n<td>200 kpl \/ valkoinen sis\u00e4laatikko, 25 laatikkoa \/ laatikko<\/td>\n<\/tr>\n<tr>\n<td><strong>Portti<\/strong><\/td>\n<td>Shenzhen<\/td>\n<\/tr>\n<tr>\n<td><strong>Yksitt\u00e4inen bruttopaino<\/strong><\/td>\n<td>0,010 kg<\/td>\n<\/tr>\n<\/tbody>\n<\/table>\n<p>&nbsp;<\/p>\n<p>&nbsp;<\/p>\n<h3>Usein kysytyt kysymykset (FAQ)<\/h3>\n<h2>1. Mik\u00e4 on mukautettu etsattu kupariantenni HF NFC -sis\u00e4ke?<\/h2>\n<p>The\u00a0<strong>Mukautettu etsattu kupariantenni HF NFC -sis\u00e4ke<\/strong>\u00a0on korkeataajuinen NFC-tunniste, joka on suunniteltu tehokkaaseen tiedonvaihtoon ja saumattomaan viestint\u00e4\u00e4n NFC-yhteensopivien laitteiden kanssa. Se hy\u00f6dynt\u00e4\u00e4 kehittynytt\u00e4 teknologiaa kest\u00e4vyyden ja monipuolisuuden takaamiseksi erilaisissa sovelluksissa, mukaan lukien markkinointi, \u00e4lyk\u00e4s pakkaus ja tuotevuorovaikutus.<\/p>\n<h2>2. Miten NFC-tekniikka toimii?<\/h2>\n<p>NFC (Near Field Communication) -tekniikka mahdollistaa langattoman tiedonsiirron laitteiden v\u00e4lill\u00e4 lyhyill\u00e4 et\u00e4isyyksill\u00e4. Kun NFC-yhteensopiva laite, kuten \u00e4lypuhelin tai lukija, tulee NFC-tunnisteen l\u00e4helle, tietoja vaihdetaan radiotaajuusviestinn\u00e4n kautta, jolloin k\u00e4ytt\u00e4j\u00e4t voivat k\u00e4ytt\u00e4\u00e4 tietoja tai k\u00e4ynnist\u00e4\u00e4 sovelluksia nopeasti.<\/p>\n<h2>3. Mik\u00e4 on NFC-inlayn muistikapasiteetti ja kirjoituskest\u00e4vyys?<\/h2>\n<p>The\u00a0<strong>Mukautettu etsattu kupariantenni HF NFC -sis\u00e4ke<\/strong>\u00a0on muistikapasiteettia\u00a0<strong>416 tavua<\/strong>\u00a0ja tukee aina\u00a0<strong>100 000 kirjoitusjaksoa<\/strong>. T\u00e4m\u00e4 mahdollistaa laajan tiedon tallennuksen ja mahdollisuuden p\u00e4ivitt\u00e4\u00e4 tietoja tarpeen mukaan.<\/p>\n<h2>4. Onko mukautettu etsattu kupariantenni HF NFC -sis\u00e4ke veden- ja s\u00e4\u00e4nkest\u00e4v\u00e4?<\/h2>\n<p>Kyll\u00e4, yksi NFC-inlaymme erottuvista ominaisuuksista on se\u00a0<strong>veden- ja s\u00e4\u00e4nkest\u00e4v\u00e4t ominaisuudet<\/strong>. T\u00e4m\u00e4 varmistaa, ett\u00e4 tunniste kest\u00e4\u00e4 altistuksen elementeille, mik\u00e4 tekee siit\u00e4 sopivan sek\u00e4 sis\u00e4- ett\u00e4 ulkok\u00e4ytt\u00f6\u00f6n.<\/p>","protected":false},"excerpt":{"rendered":"<p>Custom Etched Copper Antenna HF NFC Inlay on monipuolinen ja kest\u00e4v\u00e4 NFC-ratkaisu, joka on suunniteltu saumattomaan tiedonsiirtoon ja innovatiivisiin sovelluksiin. Sen vedenpit\u00e4v\u00e4 muotoilu ja mukautettavat vaihtoehdot tekev\u00e4t siit\u00e4 ihanteellisen eri teollisuudenaloille, mik\u00e4 lis\u00e4\u00e4 k\u00e4ytt\u00e4jien sitoutumista ja toiminnan tehokkuutta.<\/p>","protected":false},"featured_media":3516,"template":"","meta":[],"product_brand":[],"product_cat":[48],"product_tag":[],"class_list":{"0":"post-3515","1":"product","2":"type-product","3":"status-publish","4":"has-post-thumbnail","6":"product_cat-nfc-stickers","8":"first","9":"instock","10":"shipping-taxable","11":"product-type-simple"},"_links":{"self":[{"href":"https:\/\/nfc-readers.com\/fi\/wp-json\/wp\/v2\/product\/3515","targetHints":{"allow":["GET"]}}],"collection":[{"href":"https:\/\/nfc-readers.com\/fi\/wp-json\/wp\/v2\/product"}],"about":[{"href":"https:\/\/nfc-readers.com\/fi\/wp-json\/wp\/v2\/types\/product"}],"wp:featuredmedia":[{"embeddable":true,"href":"https:\/\/nfc-readers.com\/fi\/wp-json\/wp\/v2\/media\/3516"}],"wp:attachment":[{"href":"https:\/\/nfc-readers.com\/fi\/wp-json\/wp\/v2\/media?parent=3515"}],"wp:term":[{"taxonomy":"product_brand","embeddable":true,"href":"https:\/\/nfc-readers.com\/fi\/wp-json\/wp\/v2\/product_brand?post=3515"},{"taxonomy":"product_cat","embeddable":true,"href":"https:\/\/nfc-readers.com\/fi\/wp-json\/wp\/v2\/product_cat?post=3515"},{"taxonomy":"product_tag","embeddable":true,"href":"https:\/\/nfc-readers.com\/fi\/wp-json\/wp\/v2\/product_tag?post=3515"}],"curies":[{"name":"wp","href":"https:\/\/api.w.org\/{rel}","templated":true}]}}