{"id":3530,"date":"2024-11-06T09:00:03","date_gmt":"2024-11-06T09:00:03","guid":{"rendered":"https:\/\/nfc-readers.com\/?post_type=product&#038;p=3530"},"modified":"2024-11-06T09:00:03","modified_gmt":"2024-11-06T09:00:03","slug":"iso14443a-high-security-anti-fake-ntag-424-nfc-sticker","status":"publish","type":"product","link":"https:\/\/nfc-readers.com\/fi\/ic-reader\/iso14443a-high-security-anti-fake-ntag-424-nfc-sticker\/","title":{"rendered":"ISO14443A korkean suojan v\u00e4\u00e4renn\u00f6sten est\u00e4v\u00e4 NTAG 424 NFC -tarra"},"content":{"rendered":"<h1 style=\"text-align: center;\"><strong>ISO14443A korkean suojan v\u00e4\u00e4renn\u00f6sten est\u00e4v\u00e4 NTAG 424 NFC -tarra<\/strong><\/h1>\n<p>&nbsp;<\/p>\n<p>The <strong>NTAG 424 DNA NFC -tunniste<\/strong>\u00a0on huippuluokan ratkaisu, joka on suunniteltu tehostettuihin v\u00e4\u00e4renn\u00f6stentorjuntasovelluksiin. T\u00e4m\u00e4 ISO 14443A -protokollaa hy\u00f6dynt\u00e4v\u00e4 ja edistyneit\u00e4 suojausominaisuuksia sis\u00e4lt\u00e4v\u00e4 NFC-tarra on eritt\u00e4in t\u00e4rke\u00e4 tuotemerkeille, jotka haluavat suojella immateriaalioikeuksiaan ja lis\u00e4t\u00e4 asiakkaiden luottamusta. Tehokkaiden ominaisuuksiensa, helppok\u00e4ytt\u00f6isen suunnittelunsa ja monipuolisten sovelluksiensa ansiosta NTAG 424 DNA NFC Sticker ei ole pelkk\u00e4 tuote \u2013 se on turvallinen portti \u00e4lykk\u00e4\u00e4mp\u00e4\u00e4n tulevaisuuteen.<\/p>\n<p>&nbsp;<\/p>\n<h3>johdanto NTAG 424 DNA NFC -tarraan<\/h3>\n<p>The\u00a0<strong>NTAG 424 DNA NFC -tunniste<\/strong>\u00a0edustaa NFC-teknologian eturintamaa ja keskittyy turvallisuuden maksimointiin eri sovelluksissa, erityisesti tuotteiden autentikoinnin alalla. T\u00e4m\u00e4 NFC-tarra integroi NTAG424 DNA-sirun edistykselliset ominaisuudet, joka pystyy turvalliseen kommunikaatioon ja tarjoaa erinomaisen suojan v\u00e4\u00e4rent\u00e4mist\u00e4 vastaan. Mitoilla\u00a0<strong>25 mm<\/strong>\u00a0halkaisija ja\u00a0<strong>45mm x 30mm<\/strong>\u00a0Suorakaiteen muotoisia vaihtoehtoja varten t\u00e4m\u00e4 tuote on r\u00e4\u00e4t\u00e4l\u00f6ity tuotemerkeille, jotka arvostavat tehokkuutta estetiikasta tinkim\u00e4tt\u00e4.<\/p>\n<p>&nbsp;<\/p>\n<h3>NTAG 424 NFC -tunnisteen t\u00e4rkeimm\u00e4t ominaisuudet<\/h3>\n<p>NTAG 424 DNA NFC Tag sis\u00e4lt\u00e4\u00e4 useita erikoisominaisuuksia, jotka on suunniteltu parantamaan toimivuutta ja turvallisuutta:<\/p>\n<ul>\n<li><strong>Protokollan noudattaminen<\/strong>: Tunniste toimii\u00a0<strong>ISO 14443A<\/strong>\u00a0protokolla, joka varmistaa yhteensopivuuden useiden NFC-yhteensopivien laitteiden kanssa.<\/li>\n<li><strong>Korkea viestint\u00e4taajuus<\/strong>: Taajuudella\u00a0<strong>13,56 MHz<\/strong>, n\u00e4m\u00e4 tarrat tarjoavat optimaaliset viestint\u00e4ominaisuudet luotettavaa tiedonvaihtoa varten.<\/li>\n<li><strong>Mukautettavat vaihtoehdot<\/strong>: K\u00e4ytt\u00e4j\u00e4t voivat valita eri kokoista ja tulostusvaihtoehdoista, mukaan lukien\u00a0<strong>CMYK-t\u00e4ysv\u00e4ripainatus<\/strong>,\u00a0<strong>offsetpainatus<\/strong>, ja\u00a0<strong>silkkipainatus<\/strong>, mik\u00e4 mahdollistaa ainutlaatuiset br\u00e4nd\u00e4ysmahdollisuudet.<\/li>\n<\/ul>\n<p>NTAG 424 DNA tukee my\u00f6s salattua viestint\u00e4\u00e4, mik\u00e4 tekee siit\u00e4 ihanteellisen herkille sovelluksille, kuten maksuj\u00e4rjestelmille ja turvalliselle todennukselle.<\/p>\n<p>&nbsp;<\/p>\n<h3>NFC-tarrojen edut tuotemerkin suojaamiseksi<\/h3>\n<p>Sijoittaminen\u00a0<strong>NFC-tekniikka<\/strong>\u00a0kuten NTAG 424 DNA -tarra tarjoaa lukuisia etuja:<\/p>\n<ul>\n<li><strong>Parannettu suojaus<\/strong>: NFC-tunniste tarjoaa korkean turvallisuuden ominaisuuksiensa ansiosta merkkien mielenrauhan siit\u00e4, ett\u00e4 heid\u00e4n tuotteet on suojattu v\u00e4\u00e4rent\u00e4jilt\u00e4.<\/li>\n<li><strong>Lis\u00e4\u00e4ntynyt kuluttajien luottamus<\/strong>: Tarjoaa kuluttajille yksinkertaisen tavan varmistaa tuotteen aitous heid\u00e4n kauttaan\u00a0<strong>NFC-yhteensopivat \u00e4lypuhelimet<\/strong>\u00a0voi lis\u00e4t\u00e4 br\u00e4ndiuskollisuutta ja luottamusta.<\/li>\n<li><strong>Kustannustehokkuus<\/strong>: Perinteisiin turvatoimiin verrattuna NFC-tunnisteet tarjoavat usein edullisemman ratkaisun tuotteiden suojaamiseen.<\/li>\n<\/ul>\n<p>&nbsp;<\/p>\n<h3>NTAG 424 DNA:n tekniset tiedot<\/h3>\n<table class=\"w-fit !mb-0 !max-w-none\">\n<thead>\n<tr>\n<th>Erittely<\/th>\n<th>Yksityiskohdat<\/th>\n<\/tr>\n<\/thead>\n<tbody>\n<tr>\n<td><strong>Siru<\/strong><\/td>\n<td>NTAG424 DNA<\/td>\n<\/tr>\n<tr>\n<td><strong>Taajuus<\/strong><\/td>\n<td>13,56 MHz<\/td>\n<\/tr>\n<tr>\n<td><strong>Viestint\u00e4liittym\u00e4<\/strong><\/td>\n<td>NFC, RFID<\/td>\n<\/tr>\n<tr>\n<td><strong>Lukuet\u00e4isyys<\/strong><\/td>\n<td>1-10 cm<\/td>\n<\/tr>\n<tr>\n<td><strong>Materiaali<\/strong><\/td>\n<td>P\u00e4\u00e4llystetty paperi, PET<\/td>\n<\/tr>\n<tr>\n<td><strong>Kokovaihtoehdot<\/strong><\/td>\n<td>Halkaisija: 25 mm, suorakaiteen muotoinen: 45 mm x 30 mm tai r\u00e4\u00e4t\u00e4l\u00f6ity<\/td>\n<\/tr>\n<tr>\n<td><strong>Pakkauskoko<\/strong><\/td>\n<td>0,3 x 0,3 x 0,02 cm<\/td>\n<\/tr>\n<tr>\n<td><strong>Bruttopaino<\/strong><\/td>\n<td>0,001 kg<\/td>\n<\/tr>\n<\/tbody>\n<\/table>\n<p>&nbsp;<\/p>\n<h3>Usein kysytyt kysymykset (FAQ)<\/h3>\n<h4>1.\u00a0<strong>Mik\u00e4 on NTAG 424 DNA NFC -tunniste ja miten se toimii?<\/strong><\/h4>\n<p>NTAG 424 DNA NFC Tag on eritt\u00e4in turvallinen NFC-tarra, jonka avulla k\u00e4ytt\u00e4j\u00e4t voivat todentaa tuotteita k\u00e4ytt\u00e4m\u00e4ll\u00e4 NFC-yhteensopivia \u00e4lypuhelimiaan. Se toimii ISO 14443A -protokollalla 13,56 MHz:n taajuudella, mik\u00e4 mahdollistaa turvallisen viestinn\u00e4n ja tiedonsiirron tunnisteen ja yhteensopivien laitteiden v\u00e4lill\u00e4.<\/p>\n<h4>2.\u00a0<strong>Mitk\u00e4 ovat NTAG 424 DNA:n t\u00e4rkeimm\u00e4t ominaisuudet?<\/strong><\/h4>\n<p>T\u00e4rkeimpi\u00e4 ominaisuuksia ovat:<\/p>\n<ul>\n<li>Dynaaminen todennus parantaa turvallisuutta.<\/li>\n<li>Peukaloinnin estotekniikka est\u00e4\u00e4 luvattoman k\u00e4yt\u00f6n.<\/li>\n<li>Mukautettavat koot ja tulostusvaihtoehdot br\u00e4nd\u00e4yst\u00e4 varten.<\/li>\n<li>Lukuet\u00e4isyys 1-10 cm, sopii erilaisiin sovelluksiin.<\/li>\n<\/ul>\n<h4>3.\u00a0<strong>Kuinka voin k\u00e4ytt\u00e4\u00e4 NTAG 424 DNA NFC -tunnistetta?<\/strong><\/h4>\n<p>NFC-tunnistetta voidaan k\u00e4ytt\u00e4\u00e4:<\/p>\n<ul>\n<li>Tuotteen todennus tuotteiden laillisuuden tarkistamiseksi.<\/li>\n<li>Tapahtumalippujen myynti tarjoaa turvallisen ja helposti luettavan p\u00e4\u00e4sytavan.<\/li>\n<li>\u00c4lyk\u00e4s pakkaus parantaa asiakkaiden sitoutumista tuotetietojen ja mainossis\u00e4ll\u00f6n avulla.<\/li>\n<\/ul>\n<h4>4.\u00a0<strong>Mit\u00e4 materiaaleja k\u00e4ytet\u00e4\u00e4n NTAG 424 DNA NFC -tunnisteessa?<\/strong><\/h4>\n<p>NTAG 424 DNA NFC Tag on p\u00e4\u00e4asiassa valmistettu p\u00e4\u00e4llystetyst\u00e4 paperista ja PET:st\u00e4, mik\u00e4 tarjoaa kest\u00e4vyytt\u00e4 ja joustavuutta erilaisiin sovelluksiin.<\/p>","protected":false},"excerpt":{"rendered":"<p>The\u00a0<strong>ISO14443A korkean suojan v\u00e4\u00e4renn\u00f6sten est\u00e4v\u00e4 NTAG 424 NFC -tarra<\/strong>\u00a0on huippuluokan ratkaisu, joka on suunniteltu turvalliseen tuotteiden tunnistamiseen ja v\u00e4\u00e4renn\u00f6sten torjuntaan. Edistyneen salauksen ja dynaamisten todennusominaisuuksien ansiosta t\u00e4m\u00e4 NFC-tarra antaa br\u00e4ndeille mahdollisuuden suojata tuotteitaan ja lis\u00e4t\u00e4 kuluttajien luottamusta vaivattomasti.<\/p>","protected":false},"featured_media":3531,"template":"","meta":[],"product_brand":[],"product_cat":[48],"product_tag":[],"class_list":{"0":"post-3530","1":"product","2":"type-product","3":"status-publish","4":"has-post-thumbnail","6":"product_cat-nfc-stickers","8":"first","9":"instock","10":"shipping-taxable","11":"product-type-simple"},"_links":{"self":[{"href":"https:\/\/nfc-readers.com\/fi\/wp-json\/wp\/v2\/product\/3530","targetHints":{"allow":["GET"]}}],"collection":[{"href":"https:\/\/nfc-readers.com\/fi\/wp-json\/wp\/v2\/product"}],"about":[{"href":"https:\/\/nfc-readers.com\/fi\/wp-json\/wp\/v2\/types\/product"}],"wp:featuredmedia":[{"embeddable":true,"href":"https:\/\/nfc-readers.com\/fi\/wp-json\/wp\/v2\/media\/3531"}],"wp:attachment":[{"href":"https:\/\/nfc-readers.com\/fi\/wp-json\/wp\/v2\/media?parent=3530"}],"wp:term":[{"taxonomy":"product_brand","embeddable":true,"href":"https:\/\/nfc-readers.com\/fi\/wp-json\/wp\/v2\/product_brand?post=3530"},{"taxonomy":"product_cat","embeddable":true,"href":"https:\/\/nfc-readers.com\/fi\/wp-json\/wp\/v2\/product_cat?post=3530"},{"taxonomy":"product_tag","embeddable":true,"href":"https:\/\/nfc-readers.com\/fi\/wp-json\/wp\/v2\/product_tag?post=3530"}],"curies":[{"name":"wp","href":"https:\/\/api.w.org\/{rel}","templated":true}]}}