{"id":3537,"date":"2024-11-06T10:55:59","date_gmt":"2024-11-06T10:55:59","guid":{"rendered":"https:\/\/nfc-readers.com\/?post_type=product&#038;p=3537"},"modified":"2024-11-06T10:56:00","modified_gmt":"2024-11-06T10:56:00","slug":"customize-replicable-uid-iso14443a-rfid-card-for-attendance","status":"publish","type":"product","link":"https:\/\/nfc-readers.com\/fi\/ic-reader\/customize-replicable-uid-iso14443a-rfid-card-for-attendance\/","title":{"rendered":"mukauta replikoitava uid iso14443A RFID-kortti l\u00e4sn\u00e4oloa varten"},"content":{"rendered":"<h1 style=\"text-align: center;\"><span style=\"color: #000080;\"><strong>mukauta replikoitava uid iso14443A RFID-kortti l\u00e4sn\u00e4oloa varten<\/strong><\/span><\/h1>\n<p><span style=\"color: #666699;\"><strong>Mukautettava monistettava UID ISO14443A RFID-kortti l\u00e4sn\u00e4oloa varten mullistaa tavan, jolla organisaatiot hallitsevat l\u00e4sn\u00e4oloa ja kulunvalvontaa. N\u00e4m\u00e4 monik\u00e4ytt\u00f6isiksi ja luotettaviksi suunnitellut kortit tarjoavat saumattoman kokemuksen l\u00e4sn\u00e4olon seurantaan, turvallisuuden parantamiseen ja ty\u00f6nkulkujen yksinkertaistamiseen eri sovelluksissa. T\u00e4m\u00e4 RFID-kortti on lujatekoisten ominaisuuksien ja k\u00e4ytt\u00e4j\u00e4yst\u00e4v\u00e4llisen suunnittelun ansiosta pakollinen tehokkuutta ja turvallisuutta etsiville yrityksille.<\/strong><\/span><\/p>\n<p><span style=\"color: #666699;\"><strong>Tuotteen edut ja miksi sinun pit\u00e4isi ostaa \u2013 Saumaton l\u00e4sn\u00e4oloseuranta: UID ISO14443A RFID-kortti virtaviivaistaa l\u00e4sn\u00e4oloprosessia. K\u00e4ytt\u00e4j\u00e4t voivat napauttaa korttiaan nopeasti lukijaan ja kirjata l\u00e4sn\u00e4olonsa v\u00e4litt\u00f6m\u00e4sti ilman manuaalista sis\u00e4\u00e4nkirjautumista.<\/strong><\/span><\/p>\n<ul>\n<li><strong>Mukautettavat vaihtoehdot<\/strong>: R\u00e4\u00e4t\u00e4l\u00f6i n\u00e4iden RFID-korttien suunnittelu ja toiminnallisuus vastaamaan erityisi\u00e4 organisaation tarpeita. Olipa kyseess\u00e4 yritysymp\u00e4rist\u00f6, koulu tai tapahtuma, r\u00e4\u00e4t\u00e4l\u00f6inti varmistaa, ett\u00e4 jokainen kortti sopii yksil\u00f6llisesti k\u00e4ytt\u00f6tarkoitukseensa.<\/li>\n<li><strong>Luotettavuus ja kest\u00e4vyys<\/strong>: N\u00e4m\u00e4 kortit on valmistettu korkealaatuisista PVC\/PET-materiaaleista ja ne on suunniteltu kest\u00e4m\u00e4\u00e4n jokap\u00e4iv\u00e4ist\u00e4 k\u00e4ytt\u00f6\u00e4. Niiden vedenpit\u00e4v\u00e4t ja s\u00e4\u00e4nkest\u00e4v\u00e4t ominaisuudet takaavat pitk\u00e4ik\u00e4isyyden ja luotettavuuden, mik\u00e4 on v\u00e4ltt\u00e4m\u00e4t\u00f6nt\u00e4 kaikille kulunvalvontaj\u00e4rjestelmille.<\/li>\n<li><strong>Kustannustehokas ratkaisu<\/strong>: N\u00e4ihin RFID-kortteihin sijoittaminen v\u00e4hent\u00e4\u00e4 manuaalisiin l\u00e4sn\u00e4oloj\u00e4rjestelmiin kuluvaa aikaa ja resursseja. Lis\u00e4ksi alhaiset alkukustannukset ja korkea kest\u00e4vyys tarkoittavat, ett\u00e4 ne kest\u00e4v\u00e4t pidemp\u00e4\u00e4n kuin perinteiset paperij\u00e4rjestelm\u00e4t.<\/li>\n<\/ul>\n<p>&nbsp;<\/p>\n<p>&nbsp;<\/p>\n<h2 style=\"text-align: center;\"><span style=\"color: #000080;\"><em><strong>Yleiskatsaus MIFARE-tuotteista<\/strong><\/em><\/span><\/h2>\n<p><strong>NXP Semiconductorsin kehitt\u00e4m\u00e4 MIFARE-teknologia on johtava ratkaisu kontaktittomiin \u00e4lykortteihin ja RFID-sovelluksiin. <\/strong><\/p>\n<p><span style=\"color: #008080;\"><strong>R\u00e4\u00e4t\u00e4l\u00f6ityiss\u00e4 UID-korteissamme oleva MIFARE Classic1K on erityisen tunnettu kulunvalvonta- ja suojattujen tunnistusj\u00e4rjestelmien luotettavuudestaan. T\u00e4m\u00e4 \u00e4lykortti toimii saumattomasti eri lukijoiden kanssa, mik\u00e4 tekee siit\u00e4 alan standardin.<\/strong><\/span><\/p>\n<p>&nbsp;<\/p>\n<p>&nbsp;<\/p>\n<h2 style=\"text-align: center;\"><em><span style=\"color: #000080;\"><strong>Customize UID RFID -kortin t\u00e4rkeimm\u00e4t ominaisuudet<\/strong><\/span><\/em><\/h2>\n<h4>The\u00a0<strong>mukauta monistettava UID ISO14443A RFID-kortti l\u00e4sn\u00e4oloa varten<\/strong>\u00a0mukana huippuluokan ominaisuudet:<\/h4>\n<ul>\n<li><strong>Vedenpit\u00e4v\u00e4 ja s\u00e4\u00e4nkest\u00e4v\u00e4<\/strong>: N\u00e4m\u00e4 kortit kest\u00e4v\u00e4t ankarat ymp\u00e4rist\u00f6t ja varmistavat jatkuvan suorituskyvyn.<\/li>\n<li><strong>Helppo r\u00e4\u00e4t\u00e4l\u00f6inti<\/strong>: Valitse useista tulostusvaihtoehdoista, kuten\u00a0<strong>CMYK4C-tulostus<\/strong>, offsetti, silkkipainatus, laserkoodaus ja UV-muste, joiden avulla organisaatiot voivat personoida jokaisen kortin tehokkaasti.<\/li>\n<li><strong>Viestint\u00e4liittym\u00e4<\/strong>: Kortit k\u00e4ytt\u00e4v\u00e4t RFID- ja NFC-tekniikkaa, mik\u00e4 mahdollistaa nopean viestinn\u00e4n lukijoiden kanssa 13,56 MHz:n taajuudella.<\/li>\n<\/ul>\n<p>&nbsp;<\/p>\n<p>&nbsp;<\/p>\n<h2 style=\"text-align: center;\"><em><span style=\"color: #000080;\"><strong>Tekniset tiedot<\/strong><\/span><\/em><\/h2>\n<p style=\"text-align: left;\">\n|\u00a0<strong>Sirun malli<\/strong>\u00a0| MIFARE Classic1K |<br \/>\n|\u00a0<strong>Lukuet\u00e4isyys<\/strong> |2-10 cm |<br \/>\n|\u00a0<strong>Koko<\/strong>\u00a0|85,5 x 54 mm |<br \/>\n|\u00a0<strong>Materiaali<\/strong>\u00a0| PVC\/PET |<br \/>\n|\u00a0<strong>Erikoisominaisuudet<\/strong>\u00a0| Vedenpit\u00e4v\u00e4, S\u00e4\u00e4nkest\u00e4v\u00e4 |<br \/>\n|\u00a0<strong>Alkuper\u00e4paikka<\/strong>\u00a0| Guangdong, Kiina |<br \/>\n|\u00a0<strong>K\u00e4sity\u00f6<\/strong>\u00a0| Laserkoodi, UV-muste, sarjanumero, kohokuviointi, l\u00e4mp\u00f6tulostus |<br \/>\n|\u00a0<strong>Yksik\u00f6iden myynti<\/strong>\u00a0| Yksitt\u00e4inen tuote |<br \/>\n|\u00a0<strong>Pakkauskoko<\/strong>\u00a0|8,55 x 5,4 x 0,08 cm |<br \/>\n|\u00a0<strong>Paino<\/strong>\u00a0|0,006 kg |<\/p>\n<p>&nbsp;<\/p>\n<p>&nbsp;<\/p>\n<h3 style=\"text-align: center;\"><span style=\"color: #000080;\"><em><strong>RFID-korttien sovellukset<\/strong><\/em><\/span><\/h3>\n<h4>The\u00a0<strong>mukauta monistettava UID ISO14443A RFID-kortti l\u00e4sn\u00e4oloa varten<\/strong>\u00a0voidaan k\u00e4ytt\u00e4\u00e4 useilla aloilla, mm.<\/h4>\n<ul>\n<li><strong>Kulunvalvonta<\/strong>: Ihanteellinen suojatuille alueille p\u00e4\u00e4syn valvontaan, n\u00e4m\u00e4 kortit varmistavat, ett\u00e4 vain valtuutetut henkil\u00f6t p\u00e4\u00e4sev\u00e4t sis\u00e4\u00e4n.<\/li>\n<li><strong>L\u00e4sn\u00e4olojen seuranta<\/strong>: T\u00e4ydellinen kouluihin ja yritysten toimistoihin, joissa l\u00e4sn\u00e4olon kirjaaminen on v\u00e4ltt\u00e4m\u00e4t\u00f6nt\u00e4. Pikanapautusominaisuus v\u00e4hent\u00e4\u00e4 merkitt\u00e4v\u00e4sti manuaalisiin lokeihin kuluvaa aikaa.<\/li>\n<li><strong>Julkinen liikenne<\/strong>: Paranna k\u00e4ytt\u00f6mukavuutta kauttakulkuj\u00e4rjestelmiss\u00e4 mahdollistamalla nopean kyytiin p\u00e4\u00e4syn kontaktittoman tekniikan avulla.<\/li>\n<\/ul>\n<p>&nbsp;<\/p>\n<p>&nbsp;<\/p>\n<h2 style=\"text-align: center;\"><span style=\"color: #000080;\"><em><strong>Ymp\u00e4rist\u00f6vaikutukset ja kest\u00e4vyys<\/strong><\/em><\/span><\/h2>\n<p><strong>R\u00e4\u00e4t\u00e4l\u00f6ityjen UID ISO14443A RFID-korttien valitseminen edist\u00e4\u00e4 kest\u00e4vi\u00e4 k\u00e4yt\u00e4nt\u00f6j\u00e4. Niiden kest\u00e4vyys tarkoittaa v\u00e4hemm\u00e4n vaihtoja ja j\u00e4tett\u00e4, mik\u00e4 minimoi standardipaperi- tai muovikorttien ymp\u00e4rist\u00f6jalanj\u00e4ljen.<\/strong><\/p>\n<p>&nbsp;<\/p>\n<p>&nbsp;<\/p>\n<h2 style=\"text-align: center;\"><em><span style=\"color: #000080;\"><strong>Asiakkaiden arvostelut ja suosittelut<\/strong><\/span><\/em><\/h2>\n<p><span style=\"color: #008080;\">\u201dN\u00e4m\u00e4 RFID-kortit tekiv\u00e4t koulumme seurannasta paljon yksinkertaisempaa! R\u00e4\u00e4t\u00e4l\u00f6intivaihtoehdot olivat iso plussa.\u201d \u2013 <em>Emily R., koulun johtaja<\/em><\/span><\/p>\n<blockquote><p>&quot;Eritt\u00e4in luotettava ja kest\u00e4v\u00e4. Olemme k\u00e4ytt\u00e4neet niit\u00e4 kulunvalvontaj\u00e4rjestelm\u00e4ss\u00e4mme jo kuukausia ilman ongelmia.&quot;<\/p><\/blockquote>","protected":false},"excerpt":{"rendered":"<p>Mukautettava RFID-kortti tehokkaaseen l\u00e4sn\u00e4olon seurantaan ja turvalliseen kulunvalvontaan, jossa on MIFARE Classic1K -tekniikka ja kest\u00e4v\u00e4 PVC\/PET-materiaali.<\/p>","protected":false},"featured_media":3357,"template":"","meta":[],"product_brand":[],"product_cat":[46],"product_tag":[],"class_list":{"0":"post-3537","1":"product","2":"type-product","3":"status-publish","4":"has-post-thumbnail","6":"product_cat-nfc-cards","8":"first","9":"instock","10":"shipping-taxable","11":"product-type-simple"},"_links":{"self":[{"href":"https:\/\/nfc-readers.com\/fi\/wp-json\/wp\/v2\/product\/3537","targetHints":{"allow":["GET"]}}],"collection":[{"href":"https:\/\/nfc-readers.com\/fi\/wp-json\/wp\/v2\/product"}],"about":[{"href":"https:\/\/nfc-readers.com\/fi\/wp-json\/wp\/v2\/types\/product"}],"wp:featuredmedia":[{"embeddable":true,"href":"https:\/\/nfc-readers.com\/fi\/wp-json\/wp\/v2\/media\/3357"}],"wp:attachment":[{"href":"https:\/\/nfc-readers.com\/fi\/wp-json\/wp\/v2\/media?parent=3537"}],"wp:term":[{"taxonomy":"product_brand","embeddable":true,"href":"https:\/\/nfc-readers.com\/fi\/wp-json\/wp\/v2\/product_brand?post=3537"},{"taxonomy":"product_cat","embeddable":true,"href":"https:\/\/nfc-readers.com\/fi\/wp-json\/wp\/v2\/product_cat?post=3537"},{"taxonomy":"product_tag","embeddable":true,"href":"https:\/\/nfc-readers.com\/fi\/wp-json\/wp\/v2\/product_tag?post=3537"}],"curies":[{"name":"wp","href":"https:\/\/api.w.org\/{rel}","templated":true}]}}