{"id":3538,"date":"2024-11-06T11:31:12","date_gmt":"2024-11-06T11:31:12","guid":{"rendered":"https:\/\/nfc-readers.com\/?post_type=product&#038;p=3538"},"modified":"2024-11-06T11:31:12","modified_gmt":"2024-11-06T11:31:12","slug":"ntag213-nfc-card-with-qr-code-printed-for-whatsapp-marketing","status":"publish","type":"product","link":"https:\/\/nfc-readers.com\/fi\/ic-reader\/ntag213-nfc-card-with-qr-code-printed-for-whatsapp-marketing\/","title":{"rendered":"NTAG213 NFC-kortti QR-koodilla Tulostettu Whatsapp-markkinointia varten"},"content":{"rendered":"<h1><span style=\"color: #000080;\"><strong>NTAG213 NFC-kortti QR-koodilla Tulostettu Whatsapp-markkinointia varten<\/strong><\/span><\/h1>\n<div class=\"chat-list relative custom-scrollbar-reset-margin custom-scrollbar custom-scrollbar-hidden custom-scrollbar-float pb-9 flex-1 overflow-y-auto\">\n<div class=\"mx-auto max-w-[790px]\">\n<div class=\"message-item-outer relative px-4 mb-2\" data-id=\"314708bd-f25a-4472-bc0c-0927c643c147\">\n<div class=\"content-area pl-[0px]\">\n<div class=\"message-item select-text relative\">\n<div class=\"message-inner relative\">\n<div class=\"py-[2px]\">\n<div class=\"flex flex-col gap-2\">\n<div class=\"answer-markdown-box overflow-x-auto select-text custom-scrollbar\">\n<div class=\"markdown-body\">\n<h3><span style=\"color: #008080;\"><strong>Mullistaa asiakkaan sitoutuminen<\/strong><\/span><\/h3>\n<p>Nykyp\u00e4iv\u00e4n digitaaliaikana yritykset etsiv\u00e4t jatkuvasti innovatiivisia tapoja olla yhteydess\u00e4 asiakkaisiinsa ja mainostaa br\u00e4ndi\u00e4\u00e4n. Yksi tehokas tapa tehd\u00e4 t\u00e4m\u00e4 on k\u00e4ytt\u00e4\u00e4 NFC (Near Field Communication) -tekniikkaa, erityisesti NTAG213 NFC-kortteja, joissa on QR-kooditulostus.<\/p>\n<p>N\u00e4ist\u00e4 korteista on tullut yh\u00e4 suositumpia WhatsApp-markkinoinnissa, ja niiden avulla yritykset voivat hallita yksityist\u00e4 liikennett\u00e4 ja olla yhteydess\u00e4 asiakkaisiin henkil\u00f6kohtaisemmalla ja interaktiivisemmalla tavalla.<\/p>\n<p>&nbsp;<\/p>\n<\/div>\n<\/div>\n<\/div>\n<\/div>\n<p>&nbsp;<\/p>\n<div class=\"py-[2px]\">\n<div class=\"flex flex-col gap-2\">\n<div class=\"answer-markdown-box overflow-x-auto select-text custom-scrollbar\">\n<div class=\"markdown-body\">\n<h2 style=\"text-align: center;\"><span style=\"color: #333399;\"><em><strong>NTAG213 NFC-kortin edut<\/strong><\/em><\/span><\/h2>\n<p>NTAG213 NFC-kortit, joissa on QR-kooditulostus, tarjoavat joukon etuja yrityksille, jotka haluavat parantaa asiakkaiden sitoutumista ja markkinointia. N\u00e4it\u00e4 etuja ovat:<\/p>\n<ul>\n<li><strong>Helppo k\u00e4ytt\u00e4\u00e4 ja hallita<\/strong>: NTAG213 NFC-kortteja on helppo k\u00e4ytt\u00e4\u00e4 ja hallita, joten yritykset voivat helposti luoda ja jakaa WhatsApp-linkkej\u00e4 asiakkaidensa kanssa.<\/li>\n<li><strong>Suuri kapasiteetti<\/strong>: NTAG213 NFC -korteissa on suuri muistikapasiteetti, joten yritykset voivat tallentaa huomattavan m\u00e4\u00e4r\u00e4n dataa, kuten WhatsApp-linkkej\u00e4, yhteystietoja ja paljon muuta.<\/li>\n<li><strong>Muokattava<\/strong>: NTAG213 NFC-kortteja voidaan mukauttaa useilla tulostusvaihtoehdoilla, mukaan lukien QR-koodit, jolloin yritykset voivat mukauttaa markkinointitoimiaan.<\/li>\n<li><\/li>\n<\/ul>\n<p>&nbsp;<\/p>\n<\/div>\n<p>&nbsp;<\/p>\n<div class=\"markdown-body\">\n<h2 style=\"text-align: center;\"><span style=\"color: #333399;\"><em><strong>NTAG213 NFC-kortin ominaisuudet<\/strong><\/em><\/span><\/h2>\n<p>NTAG213 NFC-kortit, joissa on QR-kooditulostus WhatsApp-markkinointia varten, sis\u00e4lt\u00e4v\u00e4t joukon edistyneit\u00e4 ominaisuuksia, kuten:<\/p>\n<ul>\n<li><strong>Yhteensopivuus WhatsAppin kanssa<\/strong>: NTAG213 NFC-kortit on suunniteltu toimimaan erityisesti WhatsAppin kanssa, jolloin yritykset voivat helposti luoda ja jakaa WhatsApp-linkkej\u00e4 asiakkaidensa kanssa.<\/li>\n<li><strong>QR-koodin tulostus<\/strong>: NTAG213 NFC-korteissa on QR-kooditulostus, jonka avulla yritykset voivat helposti mukauttaa markkinointitoimiaan.<\/li>\n<li><strong>NFC-tekniikka<\/strong>: NTAG213 NFC-kortit k\u00e4ytt\u00e4v\u00e4t edistynytt\u00e4 NFC-tekniikkaa, mik\u00e4 mahdollistaa nopean ja luotettavan tiedonsiirron kortin ja mobiililaitteen v\u00e4lill\u00e4.<\/li>\n<li><strong>Korkean suojan salaus<\/strong>: NTAG213 NFC-korteissa on edistyksellinen suojaus, joka suojaa luvattomalta k\u00e4yt\u00f6lt\u00e4 ja varmistaa, ett\u00e4 asiakastiedot pysyv\u00e4t turvassa.<\/li>\n<\/ul>\n<p>&nbsp;<\/p>\n<\/div>\n<p>&nbsp;<\/p>\n<div class=\"markdown-body\">\n<h2 style=\"text-align: center;\"><span style=\"color: #333399;\"><em><strong>Tekniset tiedot<\/strong><\/em><\/span><\/h2>\n<div class=\"table-with-header rounded-lg border border-solid border-grey-line2-normal w-fit max-w-full mb-2\">\n<div class=\"overflow-x-auto custom-scrollbar custom-scrollbar-float max-w-full\">\n<table class=\"w-fit !mb-0 !max-w-none\">\n<thead>\n<tr>\n<th>Erittely<\/th>\n<th>Arvo<\/th>\n<\/tr>\n<\/thead>\n<tbody>\n<tr>\n<td>Materiaali<\/td>\n<td>PVC<\/td>\n<\/tr>\n<tr>\n<td>Koko<\/td>\n<td>Mukautettu<\/td>\n<\/tr>\n<tr>\n<td>Muisti<\/td>\n<td>144 tavua<\/td>\n<\/tr>\n<tr>\n<td>Siru<\/td>\n<td>NTAG213<\/td>\n<\/tr>\n<tr>\n<td>Tulostus<\/td>\n<td>Tuettu QR-koodin tulostus<\/td>\n<\/tr>\n<tr>\n<td>Pakkaus<\/td>\n<td>200 kpl \/sis\u00e4 valkoinen laatikko 0,25 laatikko \/ laatikko, laatikon koko: 48<em>22.5<\/em>30 cm<\/td>\n<\/tr>\n<tr>\n<td>Yksik\u00f6iden myynti<\/td>\n<td>Yksitt\u00e4inen esine<\/td>\n<\/tr>\n<tr>\n<td>Yksitt\u00e4isen paketin koko<\/td>\n<td>35x1,5x0,02 cm<\/td>\n<\/tr>\n<tr>\n<td>Yksitt\u00e4inen bruttopaino<\/td>\n<td>0,010 kg<\/td>\n<\/tr>\n<\/tbody>\n<\/table>\n<p>&nbsp;<\/p>\n<\/div>\n<\/div>\n<h2 style=\"text-align: center;\"><span style=\"color: #333399;\"><em><strong>NTAG213 NFC-kortin k\u00e4ytt\u00e4minen\u00a0<\/strong><\/em><\/span><\/h2>\n<p>NTAG213 NFC -kortin k\u00e4ytt\u00f6 on helppoa ja yksinkertaista. T\u00e4ss\u00e4 on vaiheittainen opas, jolla p\u00e4\u00e4set alkuun:<\/p>\n<ol>\n<li><strong>Luo WhatsApp-linkki<\/strong>: Luo WhatsApp-linkki muodossa &quot;<a href=\"https:\/\/wa.me\/WhatsAppnumber\" target=\"_blank\" rel=\"noopener\">https:\/\/wa.me\/WhatsAppnumber<\/a>&quot;, jossa &quot;WhatsAppnumber&quot; on puhelinnumerosi kansainv\u00e4lisess\u00e4 muodossa.<\/li>\n<li><strong>Ohjelmoi WhatsApp-linkki<\/strong>: Ohjelmoi WhatsApp-linkki NTAG213 NFC -kortille yhteensopivalla laitteella ja ohjelmistolla.<\/li>\n<li><strong>Mukauta korttia<\/strong>: Mukauta NTAG213 NFC -korttia yrityksesi br\u00e4nd\u00e4ys- ja markkinointiviestill\u00e4.<\/li>\n<li><strong>Jaa kortti<\/strong>: Jaa NTAG213 NFC -kortti asiakkaillesi joko henkil\u00f6kohtaisesti tai postitse.<\/li>\n<\/ol>\n<p>&nbsp;<\/p>\n<\/div>\n<p>&nbsp;<\/p>\n<div class=\"markdown-body\">\n<h2 style=\"text-align: center;\"><em><span style=\"color: #333399;\"><strong>NTAG213 NFC-kortin edut<\/strong><\/span><\/em><\/h2>\n<p>NTAG213 NFC-kortit, joissa on QR-kooditulostus WhatsApp-markkinointia varten, tarjoavat joukon etuja perinteisiin markkinointimenetelmiin verrattuna. N\u00e4it\u00e4 etuja ovat:<\/p>\n<ul>\n<li><strong>Lis\u00e4\u00e4ntynyt sitoutuminen<\/strong>: NTAG213 NFC-kortit, joissa on QR-kooditulostus WhatsApp-markkinointia varten, mahdollistavat yritysten yhteydenpidon asiakkaiden kanssa henkil\u00f6kohtaisemmalla ja interaktiivisemmalla tavalla.<\/li>\n<li><strong>Parempi tuotemerkin tunnettuus<\/strong>: NTAG213 NFC-kortit, joissa on QR-kooditulostus WhatsApp-markkinointia varten, voidaan r\u00e4\u00e4t\u00e4l\u00f6id\u00e4 yrityksen br\u00e4nd\u00e4ys- ja markkinointiviestill\u00e4, mik\u00e4 parantaa br\u00e4ndin tunnettuutta ja tunnettuutta.<\/li>\n<li><strong>Kustannustehokas<\/strong>: NTAG213 NFC-kortit, joissa on QR-kooditulostus WhatsApp-markkinointia varten, ovat edullinen markkinointiratkaisu, joka tarjoaa korkean tuoton sijoitukselle.<\/li>\n<\/ul>\n<p>&nbsp;<\/p>\n<h2 style=\"text-align: center;\"><span style=\"color: #008080;\"><em><strong>VALITSE MEID\u00c4T NYT!<\/strong><\/em><\/span><\/h2>\n<p>NTAG213 NFC-kortit, joissa on QR-kooditulostus WhatsApp-markkinointia varten, ovat innovatiivinen ja tehokas tapa olla yhteydess\u00e4 asiakkaisiin ja mainostaa br\u00e4ndi\u00e4si. NTAG213 NFC-kortit, joissa on QR-kooditulostus WhatsApp-markkinointia varten, ovat helppok\u00e4ytt\u00f6isyytens\u00e4, suuren kapasiteetin, turvallisen salauksen ja muokattavan suunnittelunsa ansiosta ihanteellinen ratkaisu yrityksille, jotka haluavat parantaa asiakkaiden sitoutumista ja markkinointia.<\/p>\n<\/div>\n<\/div>\n<\/div>\n<\/div>\n<\/div>\n<\/div>\n<\/div>\n<\/div>\n<\/div>\n<\/div>","protected":false},"excerpt":{"rendered":"<p><strong>NTAG213 NFC-kortti QR-koodilla WhatsApp-markkinointiin<\/strong>: Mullistaa asiakkaiden sitoutuminen helppok\u00e4ytt\u00f6isill\u00e4, suurikapasiteettisilla ja muokattavissa olevilla NFC-korteilla yksil\u00f6lliseen markkinointiin.<\/p>","protected":false},"featured_media":3543,"template":"","meta":[],"product_brand":[],"product_cat":[46],"product_tag":[],"class_list":{"0":"post-3538","1":"product","2":"type-product","3":"status-publish","4":"has-post-thumbnail","6":"product_cat-nfc-cards","8":"first","9":"instock","10":"shipping-taxable","11":"product-type-simple"},"_links":{"self":[{"href":"https:\/\/nfc-readers.com\/fi\/wp-json\/wp\/v2\/product\/3538","targetHints":{"allow":["GET"]}}],"collection":[{"href":"https:\/\/nfc-readers.com\/fi\/wp-json\/wp\/v2\/product"}],"about":[{"href":"https:\/\/nfc-readers.com\/fi\/wp-json\/wp\/v2\/types\/product"}],"wp:featuredmedia":[{"embeddable":true,"href":"https:\/\/nfc-readers.com\/fi\/wp-json\/wp\/v2\/media\/3543"}],"wp:attachment":[{"href":"https:\/\/nfc-readers.com\/fi\/wp-json\/wp\/v2\/media?parent=3538"}],"wp:term":[{"taxonomy":"product_brand","embeddable":true,"href":"https:\/\/nfc-readers.com\/fi\/wp-json\/wp\/v2\/product_brand?post=3538"},{"taxonomy":"product_cat","embeddable":true,"href":"https:\/\/nfc-readers.com\/fi\/wp-json\/wp\/v2\/product_cat?post=3538"},{"taxonomy":"product_tag","embeddable":true,"href":"https:\/\/nfc-readers.com\/fi\/wp-json\/wp\/v2\/product_tag?post=3538"}],"curies":[{"name":"wp","href":"https:\/\/api.w.org\/{rel}","templated":true}]}}