{"id":3552,"date":"2024-11-06T15:59:31","date_gmt":"2024-11-06T15:59:31","guid":{"rendered":"https:\/\/nfc-readers.com\/?post_type=product&#038;p=3552"},"modified":"2024-11-06T16:18:13","modified_gmt":"2024-11-06T16:18:13","slug":"contactless-cr80-plastic-ntag-216-nfc-loyalty-card","status":"publish","type":"product","link":"https:\/\/nfc-readers.com\/fi\/ic-reader\/contactless-cr80-plastic-ntag-216-nfc-loyalty-card\/","title":{"rendered":"Kontaktiton CR80 muovinen Ntag 216 NFC kanta-asiakaskortti"},"content":{"rendered":"<h1 style=\"text-align: center;\"><span style=\"color: #000080;\"><strong>Kontaktiton CR80 muovinen Ntag 216 NFC kanta-asiakaskortti<\/strong><\/span><\/h1>\n<p>&nbsp;<\/p>\n<h2 style=\"text-align: center;\"><span style=\"color: #008080;\"><em><strong>Mullistava Customer Engagement<\/strong><\/em><\/span><\/h2>\n<p><strong><span style=\"color: #666699;\">Nykyp\u00e4iv\u00e4n digitaaliaikana yritykset etsiv\u00e4t jatkuvasti innovatiivisia tapoja olla yhteydess\u00e4 asiakkaisiinsa ja mainostaa br\u00e4ndi\u00e4\u00e4n. Yksi tehokas tapa tehd\u00e4 t\u00e4m\u00e4 on k\u00e4ytt\u00e4\u00e4 NFC (Near Field Communication) -tekniikkaa, erityisesti kontaktittomia CR80 muovisia Ntag216 NFC -kanta-asiakaskortteja.<\/span><\/strong><\/p>\n<p>&nbsp;<\/p>\n<p>&nbsp;<\/p>\n<h2 style=\"text-align: center;\"><em><strong><span style=\"color: #333399;\">Ntag216 NFC -korttien edut<\/span><\/strong><\/em><\/h2>\n<ol>\n<li><strong>Sopivuus<\/strong>: Kontaktittomat CR80 muoviset Ntag216 NFC -kanta-asiakaskortit tarjoavat asiakkaille k\u00e4tev\u00e4n tavan olla yhteydess\u00e4 yrityksiin ilman fyysist\u00e4 kontaktia tai manuaalista tietojen sy\u00f6tt\u00e4mist\u00e4.<\/li>\n<li><strong>Henkil\u00f6kohtainen kokemus<\/strong>: Kontaktittomat CR80-muoviset Ntag216 NFC -kanta-asiakaskortit voidaan r\u00e4\u00e4t\u00e4l\u00f6id\u00e4 yrityksen br\u00e4nd\u00e4ys- ja markkinointiviestill\u00e4, mik\u00e4 tarjoaa asiakkaille henkil\u00f6kohtaisen kokemuksen.<\/li>\n<li><strong>Lis\u00e4\u00e4ntynyt sitoutuminen<\/strong>: Muoviset kontaktittomat CR80 Ntag216 NFC -kanta-asiakaskortit voivat auttaa yrityksi\u00e4 lis\u00e4\u00e4m\u00e4\u00e4n asiakkaiden sitoutumista tarjoamalla asiakkaille ainutlaatuisen ja interaktiivisen tavan olla vuorovaikutuksessa br\u00e4ndins\u00e4 kanssa.<\/li>\n<\/ol>\n<p>&nbsp;<\/p>\n<p>&nbsp;<\/p>\n<h2 style=\"text-align: center;\"><span style=\"color: #333399;\"><em><strong>Kontaktittomien Ntag216 NFC-korttien k\u00e4ytt\u00f6<\/strong><\/em><\/span><\/h2>\n<p>Kontaktittomien CR80 muovisten Ntag216 NFC -kanta-asiakaskorttien k\u00e4ytt\u00f6 on helppoa ja yksinkertaista. T\u00e4ss\u00e4 on vaiheittainen opas, jolla p\u00e4\u00e4set alkuun:<\/p>\n<ol>\n<li><strong>Luo mobiilisovellus<\/strong>: Luo mobiilisovellus, joka on yhteensopiva kontaktittomien CR80 muovisten Ntag216 NFC -kanta-asiakaskorttien kanssa.<\/li>\n<li><strong>Ohjelmoi kortti<\/strong>: Ohjelmoi kontaktiton muovinen CR80 Ntag216 NFC -kanta-asiakaskortti yrityksesi br\u00e4nd\u00e4ys- ja markkinointiviestill\u00e4.<\/li>\n<li><strong>Jaa kortti<\/strong>: Jaa asiakkaillesi kontaktiton CR80 muovinen Ntag216 NFC -kanta-asiakaskortti.<\/li>\n<li><strong>Ota yhteytt\u00e4 asiakkaisiin<\/strong>: Ota yhteytt\u00e4 asiakkaisiisi tarjoamalla ainutlaatuinen ja interaktiivinen kokemus kontaktittoman muovisen CR80 Ntag216 NFC -kanta-asiakaskortin avulla.<\/li>\n<\/ol>\n<p>&nbsp;<\/p>\n<p style=\"text-align: center;\">\n<h2 style=\"text-align: center;\"><span style=\"color: #333399;\"><em><strong>Tekniset tiedot<\/strong><\/em><\/span><\/h2>\n<div class=\"table-with-header rounded-lg border border-solid border-grey-line2-normal w-fit max-w-full mb-2\">\n<div class=\"overflow-x-auto custom-scrollbar custom-scrollbar-float max-w-full\">\n<table class=\"w-fit !mb-0 !max-w-none\" style=\"height: 510px;\" width=\"432\">\n<thead>\n<tr>\n<th>Erittely<\/th>\n<th>Arvo<\/th>\n<\/tr>\n<\/thead>\n<tbody>\n<tr>\n<td>Alkuper\u00e4paikka<\/td>\n<td>Guangdong, Kiina<\/td>\n<\/tr>\n<tr>\n<td>Sovellus<\/td>\n<td>K\u00e4yntikortti<\/td>\n<\/tr>\n<tr>\n<td>Tuotteen nimi<\/td>\n<td>NFC-kortti<\/td>\n<\/tr>\n<tr>\n<td>Materiaali<\/td>\n<td>PVC<\/td>\n<\/tr>\n<tr>\n<td>Koko<\/td>\n<td>85,5 * 54 mm \/ r\u00e4\u00e4t\u00e4l\u00f6ity<\/td>\n<\/tr>\n<tr>\n<td><\/td>\n<td><\/td>\n<\/tr>\n<tr>\n<td>Tulostus<\/td>\n<td>offsetti\/CMYK4C-painatus\/silkkipainotulostus<\/td>\n<\/tr>\n<tr>\n<td>Taajuus<\/td>\n<td>13,56 MHz<\/td>\n<\/tr>\n<tr>\n<td>Siru<\/td>\n<td>Ntag216<\/td>\n<\/tr>\n<tr>\n<td>Muisti<\/td>\n<td>888 tavua<\/td>\n<\/tr>\n<tr>\n<td>Toimitusaika<\/td>\n<td>7-10 p\u00e4iv\u00e4\u00e4<\/td>\n<\/tr>\n<tr>\n<td>p\u00f6yt\u00e4kirja<\/td>\n<td>ISO\/IEC14443A<\/td>\n<\/tr>\n<tr>\n<td>Lukuet\u00e4isyys<\/td>\n<td>1-10 cm<\/td>\n<\/tr>\n<tr>\n<td>Pakkaus ja toimitus<\/td>\n<td>Yksitt\u00e4inen esine<\/td>\n<\/tr>\n<tr>\n<td>Yksitt\u00e4isen paketin koko<\/td>\n<td>8,55x5,4x0,08 cm<\/td>\n<\/tr>\n<tr>\n<td>Yksitt\u00e4inen bruttopaino<\/td>\n<td>0,006 kg<\/td>\n<\/tr>\n<\/tbody>\n<\/table>\n<\/div>\n<\/div>\n<p>&nbsp;<\/p>\n<h2 style=\"text-align: center;\"><span style=\"color: #333399;\"><em><strong>Usein kysytyt kysymykset<\/strong><\/em><\/span><\/h2>\n<ol>\n<li><strong>Mik\u00e4 on kontaktiton CR80 muovinen Ntag216 NFC -kanta-asiakaskortti?<\/strong><br \/>\nKontaktiton muovinen CR80 Ntag216 NFC -kanta-asiakaskortti on er\u00e4\u00e4nlainen kortti, joka k\u00e4ytt\u00e4\u00e4 NFC-tekniikkaa tietojen tallentamiseen ja siirt\u00e4miseen kortin ja mobiililaitteen v\u00e4lill\u00e4.<\/li>\n<li><strong>Mit\u00e4 etuja kontaktittomien CR80-muovisten Ntag216 NFC-kanta-asiakaskorttien k\u00e4yt\u00f6st\u00e4 on?<\/strong><br \/>\nKontaktittomien CR80-muovisten Ntag216 NFC -kanta-asiakaskorttien k\u00e4yt\u00f6n etuja ovat mukavuus, henkil\u00f6kohtainen k\u00e4ytt\u00f6kokemus ja lis\u00e4\u00e4ntynyt sitoutuminen.<\/li>\n<\/ol>\n<p>&nbsp;<\/p>\n<p>&nbsp;<\/p>\n<h2 style=\"text-align: center;\"><span style=\"color: #333399;\"><em><strong>Miksi valita meid\u00e4t?<\/strong><\/em><\/span><\/h2>\n<p><strong><span style=\"color: #008080;\">Tarjoamme korkealaatuisia kontaktittomia CR80 muovisia Ntag216 NFC kanta-asiakaskortteja, jotka on suunniteltu vastaamaan yritysten tarpeisiin, jotka haluavat olla yhteydess\u00e4 asiakkaisiinsa ainutlaatuisella ja interaktiivisella tavalla. T\u00e4ss\u00e4 on muutamia syit\u00e4, miksi sinun kannattaa valita meid\u00e4t:<\/span><\/strong><\/p>\n<ul>\n<li><strong>Ilmaisia n\u00e4ytteit\u00e4<\/strong>: Tarjoamme ilmaisia n\u00e4ytteit\u00e4 kontaktittomista CR80 muovisista Ntag216 NFC kanta-asiakaskorteistamme, joten voit kokeilla ennen ostamista.<\/li>\n<li><strong>Alhainen hinta<\/strong>: Tarjoamme kilpailukykyisen hinnan kontaktittomille CR80 muovisille Ntag216 NFC -kanta-asiakaskorteillemme, mik\u00e4 tekee niist\u00e4 edullisen ratkaisun kaikenkokoisille yrityksille.<\/li>\n<li><strong>Korkea laatu<\/strong>: Kontaktittomat CR80-muoviset Ntag216 NFC-kanta-asiakaskorttimme on valmistettu korkealaatuisista materiaaleista ja ne on suunniteltu kest\u00e4m\u00e4\u00e4n.<\/li>\n<li><strong>Tuotantotehdas<\/strong>: Meill\u00e4 on oma tuotantotehdas, mik\u00e4 tarkoittaa, ett\u00e4 voimme tarjota nopeat l\u00e4pimenoajat ja suuren volyymin tuotantokapasiteettia.<\/li>\n<li><strong>Erilaisia vaihtoehtoja<\/strong>: Tarjoamme erilaisia vaihtoehtoja kosketuksettomille CR80-muovisille Ntag216 NFC-kanta-asiakaskorteillemme, mukaan lukien eri kokoja, materiaaleja ja tulostusvaihtoehtoja.<\/li>\n<\/ul>","protected":false},"excerpt":{"rendered":"<p>Kontaktiton CR80 muovinen Ntag216 NFC -kanta-asiakaskortti \u2013 Mullista asiakkaiden sitoutuminen korkealaatuisilla, muokattavissa olevilla ja k\u00e4tevill\u00e4 NFC-kanta-asiakaskorteillamme.<\/p>","protected":false},"featured_media":3592,"template":"","meta":[],"product_brand":[],"product_cat":[46],"product_tag":[],"class_list":{"0":"post-3552","1":"product","2":"type-product","3":"status-publish","4":"has-post-thumbnail","6":"product_cat-nfc-cards","8":"first","9":"instock","10":"shipping-taxable","11":"product-type-simple"},"_links":{"self":[{"href":"https:\/\/nfc-readers.com\/fi\/wp-json\/wp\/v2\/product\/3552","targetHints":{"allow":["GET"]}}],"collection":[{"href":"https:\/\/nfc-readers.com\/fi\/wp-json\/wp\/v2\/product"}],"about":[{"href":"https:\/\/nfc-readers.com\/fi\/wp-json\/wp\/v2\/types\/product"}],"wp:featuredmedia":[{"embeddable":true,"href":"https:\/\/nfc-readers.com\/fi\/wp-json\/wp\/v2\/media\/3592"}],"wp:attachment":[{"href":"https:\/\/nfc-readers.com\/fi\/wp-json\/wp\/v2\/media?parent=3552"}],"wp:term":[{"taxonomy":"product_brand","embeddable":true,"href":"https:\/\/nfc-readers.com\/fi\/wp-json\/wp\/v2\/product_brand?post=3552"},{"taxonomy":"product_cat","embeddable":true,"href":"https:\/\/nfc-readers.com\/fi\/wp-json\/wp\/v2\/product_cat?post=3552"},{"taxonomy":"product_tag","embeddable":true,"href":"https:\/\/nfc-readers.com\/fi\/wp-json\/wp\/v2\/product_tag?post=3552"}],"curies":[{"name":"wp","href":"https:\/\/api.w.org\/{rel}","templated":true}]}}