{"id":3553,"date":"2024-11-06T12:50:53","date_gmt":"2024-11-06T12:50:53","guid":{"rendered":"https:\/\/nfc-readers.com\/?post_type=product&#038;p=3553"},"modified":"2024-11-06T12:50:53","modified_gmt":"2024-11-06T12:50:53","slug":"nfc-rfid-sticker-alien-h9-9662-9654-9610-9640-long-read-range","status":"publish","type":"product","link":"https:\/\/nfc-readers.com\/fi\/ic-reader\/nfc-rfid-sticker-alien-h9-9662-9654-9610-9640-long-read-range\/","title":{"rendered":"NFC RFID -tarra Alien H9 9662 9654 9610 9640 Pitk\u00e4 lukuet\u00e4isyys"},"content":{"rendered":"<h1 style=\"text-align: center;\"><strong>NFC RFID -tarra Alien H9 9662 9654 9610 9640 Pitk\u00e4 lukuet\u00e4isyys<\/strong><\/h1>\n<p>Nykyp\u00e4iv\u00e4n nopeatempoisessa digitaalisessa maailmassa tehokas viestint\u00e4 ja tiedonsiirto voivat parantaa huomattavasti toiminnan tehokkuutta. The <strong>NFC RFID -tarra Alien H9<\/strong>\u00a0on poikkeuksellinen ratkaisu, joka ylpeilee a\u00a0<strong>pitk\u00e4 lukualue<\/strong>\u00a0ja kehittyneet toiminnot, jotka palvelevat erilaisia sovelluksia, kuten pys\u00e4k\u00f6inti, varastonhallinta ja paljon muuta. Vaikuttavalla lukuet\u00e4isyydell\u00e4\u00a0<strong>3-7 metri\u00e4<\/strong>T\u00e4m\u00e4 monipuolinen tarra varmistaa saumattoman vuorovaikutuksen NFC-yhteensopivien laitteiden v\u00e4lill\u00e4 ja mullistaa k\u00e4ytt\u00e4jien tiedonk\u00e4sittelyn.<\/p>\n<p>Integroimalla huipputeknologian kompaktiin muotoon, Alien H9 -tunniste voi nostaa liiketoimintaprosessejasi, parantaa asiakaskokemusta ja helpottaa vaivatonta liitt\u00e4mist\u00e4. Tutustu Alien H9 NFC RFID -tarran uskomattomiin etuihin ja ymm\u00e4rr\u00e4, miksi se on kannattava investointi tarpeisiisi.<\/p>\n<p>&nbsp;<\/p>\n<h2>Yleiskatsaus NFC- ja RFID-teknologiaan<\/h2>\n<p>NFC (Near Field Communication) ja RFID (Radio Frequency Identification) ovat tehokkaita langattomia viestint\u00e4tekniikoita, jotka helpottavat tiedonvaihtoa laitteiden v\u00e4lill\u00e4. NFC mahdollistaa turvalliset tapahtumat ja vuorovaikutuksen l\u00e4hiet\u00e4isyydelt\u00e4, kun taas RFID mahdollistaa pidemm\u00e4n kantaman lukemat, mik\u00e4 tekee siit\u00e4 v\u00e4ltt\u00e4m\u00e4tt\u00f6m\u00e4n useilla toimialoilla. The\u00a0<strong>Alien H9<\/strong>\u00a0NFC RFID -tarra yhdist\u00e4\u00e4 n\u00e4m\u00e4 kaksi tekniikkaa hy\u00f6dynt\u00e4en taajuutta\u00a0<strong>860-960 MHz<\/strong>, mik\u00e4 varmistaa optimaalisen suorituskyvyn erilaisissa sovelluksissa.<\/p>\n<p>&nbsp;<\/p>\n<h2>Alien H9 NFC RFID -tarran t\u00e4rkeimm\u00e4t tiedot<\/h2>\n<p>The\u00a0<strong>Alien H9 NFC RFID-tarra<\/strong>\u00a0on varustettu erilaisilla ominaisuuksilla ja teknisill\u00e4 tiedoilla, jotka on suunniteltu vastaamaan nykyaikaisen teknologian vaatimuksia:<\/p>\n<ul>\n<li><strong>Sirun tyyppi<\/strong>: Alien H9<\/li>\n<li><strong>Tunnisteen koko<\/strong>: 92 x 26 mm<\/li>\n<li><strong>Antennin koko<\/strong>: 70 x 17 mm<\/li>\n<li><strong>EPC-muisti<\/strong>: 128-bittinen<\/li>\n<li><strong>Lukuet\u00e4isyys<\/strong>: Keskim\u00e4\u00e4rin 3-7 metri\u00e4<\/li>\n<li><strong>Taajuus<\/strong>: Toimii taajuudella 860-960 MHz<\/li>\n<li><strong>Tuotannon alkuper\u00e4<\/strong>: Guangdong, Kiina<\/li>\n<li><strong>Tuotemerkki<\/strong>: SX<\/li>\n<li><strong>Mallinumero<\/strong>: SX-050<\/li>\n<\/ul>\n<p>N\u00e4m\u00e4 tekniset tiedot korostavat korkean suorituskyvyn ja tehokkaan suunnittelun, joka tekee Alien H9:st\u00e4 markkinoiden johtavan aseman.<\/p>\n<p>&nbsp;<\/p>\n<h2>Yksityiskohtaiset tekniset tiedot<\/h2>\n<table class=\"w-fit !mb-0 !max-w-none\" style=\"height: 196px;\" width=\"401\">\n<thead>\n<tr>\n<th>Erittely<\/th>\n<th>Yksityiskohdat<\/th>\n<\/tr>\n<\/thead>\n<tbody>\n<tr>\n<td><strong>Viestint\u00e4liittym\u00e4<\/strong><\/td>\n<td>RFID<\/td>\n<\/tr>\n<tr>\n<td><strong>Kortin tyyppi<\/strong><\/td>\n<td>Lue\/kirjoita<\/td>\n<\/tr>\n<tr>\n<td><strong>Pintak\u00e4sittely<\/strong><\/td>\n<td>Kiilt\u00e4v\u00e4 \/ matta<\/td>\n<\/tr>\n<tr>\n<td><strong>Tulostus<\/strong><\/td>\n<td>CMYK-offset-rullapainatus<\/td>\n<\/tr>\n<tr>\n<td><strong>Paketin koko<\/strong><\/td>\n<td>20 x 10 x 1 cm<\/td>\n<\/tr>\n<tr>\n<td><strong>Bruttopaino<\/strong><\/td>\n<td>0,100 kg<\/td>\n<\/tr>\n<\/tbody>\n<\/table>\n<p>&nbsp;<\/p>\n<h2>Usein kysytyt kysymykset Alien H9 NFC RFID -tarrasta<\/h2>\n<p><strong>Q1: Kuinka pitk\u00e4 lukuet\u00e4isyys on?<\/strong><br \/>\nA1: Lukuet\u00e4isyys vaihtelee tyypillisesti\u00a0<strong>3-7 metri\u00e4<\/strong>, riippuen ymp\u00e4rist\u00f6olosuhteista.<\/p>\n<p><strong>Q2: Onko tarra muokattavissa?<\/strong><br \/>\nA2: Kyll\u00e4, Alien H9 tukee mukauttamista kooditulostuksen ja koodauksen avulla ainutlaatuisia sovelluksia varten.<\/p>","protected":false},"excerpt":{"rendered":"<p>NFC RFID Sticker Alien H9 on suunniteltu optimaaliseen suorituskykyyn pitk\u00e4ll\u00e4 lukuet\u00e4isyydell\u00e4, joten se sopii erinomaisesti erilaisiin sovelluksiin, kuten varastonhallintaan ja turvalliseen kulunvalvontaan. Sen kest\u00e4v\u00e4 rakenne takaa luotettavuuden erilaisissa ymp\u00e4rist\u00f6iss\u00e4.<\/p>","protected":false},"featured_media":3558,"template":"","meta":[],"product_brand":[],"product_cat":[48],"product_tag":[],"class_list":{"0":"post-3553","1":"product","2":"type-product","3":"status-publish","4":"has-post-thumbnail","6":"product_cat-nfc-stickers","8":"first","9":"instock","10":"shipping-taxable","11":"product-type-simple"},"_links":{"self":[{"href":"https:\/\/nfc-readers.com\/fi\/wp-json\/wp\/v2\/product\/3553","targetHints":{"allow":["GET"]}}],"collection":[{"href":"https:\/\/nfc-readers.com\/fi\/wp-json\/wp\/v2\/product"}],"about":[{"href":"https:\/\/nfc-readers.com\/fi\/wp-json\/wp\/v2\/types\/product"}],"wp:featuredmedia":[{"embeddable":true,"href":"https:\/\/nfc-readers.com\/fi\/wp-json\/wp\/v2\/media\/3558"}],"wp:attachment":[{"href":"https:\/\/nfc-readers.com\/fi\/wp-json\/wp\/v2\/media?parent=3553"}],"wp:term":[{"taxonomy":"product_brand","embeddable":true,"href":"https:\/\/nfc-readers.com\/fi\/wp-json\/wp\/v2\/product_brand?post=3553"},{"taxonomy":"product_cat","embeddable":true,"href":"https:\/\/nfc-readers.com\/fi\/wp-json\/wp\/v2\/product_cat?post=3553"},{"taxonomy":"product_tag","embeddable":true,"href":"https:\/\/nfc-readers.com\/fi\/wp-json\/wp\/v2\/product_tag?post=3553"}],"curies":[{"name":"wp","href":"https:\/\/api.w.org\/{rel}","templated":true}]}}