{"id":3571,"date":"2024-11-06T13:14:59","date_gmt":"2024-11-06T13:14:59","guid":{"rendered":"https:\/\/nfc-readers.com\/?post_type=product&#038;p=3571"},"modified":"2024-11-06T13:14:59","modified_gmt":"2024-11-06T13:14:59","slug":"factory-wholesale-roll-rfid-sticker-nfc-30mm-25mm","status":"publish","type":"product","link":"https:\/\/nfc-readers.com\/fi\/ic-reader\/factory-wholesale-roll-rfid-sticker-nfc-30mm-25mm\/","title":{"rendered":"Tehdas tukku Roll RFID-tarra NFC 30mm 25mm"},"content":{"rendered":"<h1 style=\"text-align: center;\"><strong>Tehdas tukku Roll RFID-tarra NFC 30mm 25mm<\/strong><\/h1>\n<p>The <strong>Tehtaan tukkumyynti RFID-tarra NFC<\/strong>, saatavana 30 mm:n ja 25 mm:n kokoisina, on innovatiivisten merkint\u00e4ratkaisujen eturintamassa. Edistyneen NXP NTAG213 -sirun avulla n\u00e4m\u00e4 NFC-tarrat tarjoavat huomattavaa monipuolisuutta tunnistamiseen, kulunvalvontaan ja tuotevuorovaikutukseen. N\u00e4m\u00e4 tarrat on suunniteltu optimaalista suorituskyky\u00e4 ajatellen, ja ne takaavat saumattoman viestinn\u00e4n laitteiden v\u00e4lill\u00e4, mik\u00e4 tekee niist\u00e4 v\u00e4ltt\u00e4m\u00e4tt\u00f6m\u00e4n ty\u00f6kalun yrityksille, jotka pyrkiv\u00e4t parantamaan toimintansa tehokkuutta. Valitse t\u00e4m\u00e4 korkealaatuinen tuote ja avaa ovet uusiin mahdollisuuksiin NFC-tekniikassa ja RFID-ratkaisuissa.<\/p>\n<p>&nbsp;<\/p>\n<h3><span style=\"font-size: 80%;\"><strong>Tuotteen edut: Miksi sinun pit\u00e4isi ostaa NFC-tarramme<\/strong><\/span><\/h3>\n<ol>\n<li><strong>Edistynyt tekniikka<\/strong>: N\u00e4m\u00e4 tarrat hy\u00f6dynt\u00e4v\u00e4t uusinta NTAG213-sirua ja ovat ISO 14443A -protokollan mukaisia. Ne takaavat vankan kommunikaatiorajapinnan RFID- ja NFC-tekniikoiden avulla.<\/li>\n<li><strong>Kest\u00e4vyys ja monipuolisuus<\/strong>: RFID-tarroidemme vedenpit\u00e4v\u00e4t ja s\u00e4\u00e4nkest\u00e4v\u00e4t ominaisuudet varmistavat, ett\u00e4 ne kest\u00e4v\u00e4t ankarat ymp\u00e4rist\u00f6olosuhteet, joten ne sopivat sek\u00e4 sis\u00e4- ett\u00e4 ulkok\u00e4ytt\u00f6\u00f6n.<\/li>\n<li><strong>Korkea suorituskyky<\/strong>: N\u00e4iden NFC-tarrojen lukuet\u00e4isyys on 1-10 cm, joten ne tarjoavat luotettavan valikoiman tehokkaaseen tiedonsiirtoon ja viestint\u00e4\u00e4n.<\/li>\n<li><strong>R\u00e4\u00e4t\u00e4l\u00f6intiasetukset<\/strong>: N\u00e4it\u00e4 tarroja on saatavana eri kokoisina ja muokattavissa olevina tulosteina, ja ne voidaan r\u00e4\u00e4t\u00e4l\u00f6id\u00e4 vastaamaan erityisi\u00e4 tuotemerkki- ja k\u00e4ytt\u00f6tarpeita.<\/li>\n<li><strong>Kustannustehokkuus<\/strong>: Tehtaan tukkuhinnoittelu varmistaa, ett\u00e4 kaikenkokoisilla yrityksill\u00e4 on varaa t\u00e4h\u00e4n korkealaatuiseen teknologiaan ilman, ett\u00e4 se rikkoo pankkia.<\/li>\n<\/ol>\n<p>&nbsp;<\/p>\n<h3>Usein kysytyt kysymykset (FAQ)<\/h3>\n<h4>Q1: Ovatko n\u00e4m\u00e4 tarrat vedenpit\u00e4vi\u00e4?<\/h4>\n<p><strong>A1<\/strong>: Kyll\u00e4! NFC-tarramme ovat veden- ja s\u00e4\u00e4nkest\u00e4vi\u00e4, mik\u00e4 takaa kest\u00e4vyyden erilaisissa ymp\u00e4rist\u00f6iss\u00e4.<\/p>\n<h4>Q2: Voinko tulostaa logoni n\u00e4ihin tarroihin?<\/h4>\n<p><strong>A2<\/strong>: Ehdottomasti! Tarjoamme erilaisia tulostusvaihtoehtoja, mukaan lukien CMYK 4C -tulostuksen, joiden avulla voit luoda tarroihisi erottuvia tuotemerkkielementtej\u00e4.<\/p>\n<h4>Q3: Mitk\u00e4 laitteet ovat yhteensopivia NFC-tarroidesi kanssa?<\/h4>\n<p><strong>A3<\/strong>: Tarramme ovat yhteensopivia mink\u00e4 tahansa kanssa\u00a0<strong>NFC-yhteensopiva \u00e4lypuhelin tai laite<\/strong>, mukaan lukien Android- ja iOS-tuotteet.<\/p>\n<p>&nbsp;<\/p>\n<h3>Kokovaihtoehdot: 30mm ja 25mm<\/h3>\n<p>Saatavilla kaksi n\u00e4kyv\u00e4\u00e4 kokoa,\u00a0<strong>30 mm<\/strong>\u00a0ja\u00a0<strong>25 mm<\/strong>, vastaa erilaisiin tarpeisiin useilla toimialoilla. Molemmat koot on helppo kiinnitt\u00e4\u00e4 ja niit\u00e4 voidaan k\u00e4ytt\u00e4\u00e4 tuotteissa, pakkauksissa tai jopa asiakirjoissa toimivuudesta tinkim\u00e4tt\u00e4. N\u00e4iden tarrojen kompakti luonne varmistaa, ett\u00e4 ne sopivat paikalleen h\u00e4iritsem\u00e4tt\u00e4 tuotteen, johon ne on kiinnitetty, yleist\u00e4 estetiikkaa.<\/p>\n<p>&nbsp;<\/p>\n<h3>RFID-tarroidemme k\u00e4yt\u00e4nn\u00f6n sovellukset<\/h3>\n<p>Kulunvalvontaj\u00e4rjestelmist\u00e4 tuotteen todentamiseen\u00a0<strong>sovellus<\/strong>\u00a0meid\u00e4n\u00a0<strong>RFID-tarrat<\/strong>\u00a0ovat laajoja. Yritykset voivat parantaa asiakkaidensa vuorovaikutusta upottamalla tarroihin digitaalista sis\u00e4lt\u00f6\u00e4 tai linkkej\u00e4, jolloin asiakkaat p\u00e4\u00e4sev\u00e4t helposti kampanjoihin, lis\u00e4tietoihin tai jopa multimediakokemuksiin, jotka rikastavat heid\u00e4n matkaansa. Toimialat, kuten v\u00e4hitt\u00e4iskauppa, logistiikka ja terveydenhuolto, voivat hy\u00f6ty\u00e4 merkitt\u00e4v\u00e4sti n\u00e4ist\u00e4 monipuolisista tarroista.<\/p>","protected":false},"excerpt":{"rendered":"<p>Esittelyss\u00e4 tehtaan tukkumyynnin rulla RFID-tarrat, saatavilla 30 mm ja 25 mm koossa. N\u00e4m\u00e4 kest\u00e4v\u00e4t, mukautettavat tarrat mahdollistavat saumattoman NFC-viestinn\u00e4n eri sovelluksissa.<\/p>","protected":false},"featured_media":3572,"template":"","meta":[],"product_brand":[],"product_cat":[48],"product_tag":[],"class_list":{"0":"post-3571","1":"product","2":"type-product","3":"status-publish","4":"has-post-thumbnail","6":"product_cat-nfc-stickers","8":"first","9":"instock","10":"shipping-taxable","11":"product-type-simple"},"_links":{"self":[{"href":"https:\/\/nfc-readers.com\/fi\/wp-json\/wp\/v2\/product\/3571","targetHints":{"allow":["GET"]}}],"collection":[{"href":"https:\/\/nfc-readers.com\/fi\/wp-json\/wp\/v2\/product"}],"about":[{"href":"https:\/\/nfc-readers.com\/fi\/wp-json\/wp\/v2\/types\/product"}],"wp:featuredmedia":[{"embeddable":true,"href":"https:\/\/nfc-readers.com\/fi\/wp-json\/wp\/v2\/media\/3572"}],"wp:attachment":[{"href":"https:\/\/nfc-readers.com\/fi\/wp-json\/wp\/v2\/media?parent=3571"}],"wp:term":[{"taxonomy":"product_brand","embeddable":true,"href":"https:\/\/nfc-readers.com\/fi\/wp-json\/wp\/v2\/product_brand?post=3571"},{"taxonomy":"product_cat","embeddable":true,"href":"https:\/\/nfc-readers.com\/fi\/wp-json\/wp\/v2\/product_cat?post=3571"},{"taxonomy":"product_tag","embeddable":true,"href":"https:\/\/nfc-readers.com\/fi\/wp-json\/wp\/v2\/product_tag?post=3571"}],"curies":[{"name":"wp","href":"https:\/\/api.w.org\/{rel}","templated":true}]}}