{"id":3578,"date":"2024-11-06T13:26:21","date_gmt":"2024-11-06T13:26:21","guid":{"rendered":"https:\/\/nfc-readers.com\/?post_type=product&#038;p=3578"},"modified":"2024-11-06T13:26:21","modified_gmt":"2024-11-06T13:26:21","slug":"nfc-sticker-manufacturer-customize-anti-counterfeiting-label","status":"publish","type":"product","link":"https:\/\/nfc-readers.com\/fi\/ic-reader\/nfc-sticker-manufacturer-customize-anti-counterfeiting-label\/","title":{"rendered":"NFC-tarran valmistaja r\u00e4\u00e4t\u00e4l\u00f6i v\u00e4\u00e4rent\u00e4misen est\u00e4v\u00e4n tarran"},"content":{"rendered":"<h1 style=\"text-align: center;\"><strong>NFC-tarran valmistaja r\u00e4\u00e4t\u00e4l\u00f6i v\u00e4\u00e4rent\u00e4misen est\u00e4v\u00e4n tarran<\/strong><\/h1>\n<p>&nbsp;<\/p>\n<p>T\u00e4m\u00e4n p\u00e4iv\u00e4n digitaaliaikana turvallisten ja luotettavien br\u00e4nd\u00e4ysratkaisujen tarve ei ole koskaan ollut ensiarvoisen t\u00e4rke\u00e4mp\u00e4\u00e4. Meid\u00e4n <strong>NFC-tarrat<\/strong>, joka on suunniteltu erityisesti v\u00e4\u00e4renn\u00f6sten torjuntaan, tarjoavat vallankumouksellisen tavan varmistaa tuotteiden aitous ja lis\u00e4t\u00e4 asiakkaiden luottamusta. R\u00e4\u00e4t\u00e4l\u00f6ity ja r\u00e4\u00e4t\u00e4l\u00f6ity erilaisiin k\u00e4ytt\u00f6tarkoituksiin, meid\u00e4n\u00a0<strong>NFC-tunnisteet<\/strong>\u00a0ovat enemm\u00e4n kuin tarroja; ne ovat merkki turvasta, joka voidaan integroida saumattomasti yritykseesi. K\u00e4ytt\u00e4m\u00e4ll\u00e4 kehittynytt\u00e4 tekniikkaa, kuten\u00a0<strong>NTAG 424 DNA NFC -tunniste<\/strong>, n\u00e4m\u00e4 tarrat tarjoavat joukon ominaisuuksia, jotka eiv\u00e4t vain suojaa tuotteitasi, vaan my\u00f6s houkuttelevat asiakkaitasi uusilla ja innovatiivisilla tavoilla.<\/p>\n<p>&nbsp;<\/p>\n<p><strong>Miksi ostaa NFC-tarroja?<\/strong><br \/>\nValmistajamme NFC-tarroihin sijoittaminen tarkoittaa, ett\u00e4 suojaat tuotemerkki\u00e4si v\u00e4\u00e4renn\u00f6ksilt\u00e4 ja tarjoat samalla interaktiivisen kokemuksen asiakkaillesi. Korkean suorituskyvyn k\u00e4ytt\u00f6 <strong>RFID ja NFC<\/strong>\u00a0teknologia varmistaa, ett\u00e4 jokainen tarra toimii yksil\u00f6llisen\u00e4 tunnisteena, mik\u00e4 parantaa paitsi turvallisuutta my\u00f6s yleist\u00e4 br\u00e4ndikokemusta. N\u00e4m\u00e4 eiv\u00e4t ole pelkki\u00e4 etikettej\u00e4; ne ovat tehokkaita ty\u00f6kaluja kuluttajien luottamuksen rakentamiseen.<\/p>\n<p>&nbsp;<\/p>\n<h3>NFC-tarrojen erikoisominaisuudet<\/h3>\n<p>NFC-tarrat ovat t\u00e4ynn\u00e4 ominaisuuksia, jotka tekev\u00e4t niist\u00e4 erinomaisen valinnan v\u00e4\u00e4renn\u00f6stentorjuntasovelluksiin. N\u00e4iss\u00e4 tarroissa yhdistyv\u00e4t toiminnallisuus ja k\u00e4ytt\u00e4j\u00e4yst\u00e4v\u00e4lliset k\u00e4ytt\u00f6liittym\u00e4t r\u00e4\u00e4t\u00e4l\u00f6intimahdollisuuksista eri kokoihin ja muotoihin.<\/p>\n<h3>Tiedonsiirtoliittym\u00e4: RFID ja NFC<\/h3>\n<p>Tutustu saumattomaan integrointiin\u00a0<strong>RFID ja NFC<\/strong>\u00a0tarrojen teknologioita. Ymm\u00e4rr\u00e4, kuinka ne toimivat yhdess\u00e4 tarjotakseen vankat viestint\u00e4ominaisuudet tunnisteiden ja NFC-yhteensopivien laitteiden v\u00e4lill\u00e4.<\/p>\n<h3>Taajuus ja suorituskyky<\/h3>\n<p>Taajuudella\u00a0<strong>13,56 MHz<\/strong>, n\u00e4m\u00e4 NFC-tunnisteet tarjoavat luotettavan 1\u201310 cm:n lukuet\u00e4isyyden, mik\u00e4 takaa nopean ja tehokkaan skannauksen niin v\u00e4hitt\u00e4iskaupassa kuin logistiikkasovelluksissakin.<\/p>\n<h3>K\u00e4ytetyt materiaalit: p\u00e4\u00e4llystetty paperi ja PET<\/h3>\n<p>Materiaalivalinnat vaikuttavat NFC-tarrojen kest\u00e4vyyteen ja suorituskykyyn. T\u00e4ss\u00e4 osiossa perehdyt\u00e4\u00e4n siihen, miksi k\u00e4yt\u00e4mme\u00a0<strong>p\u00e4\u00e4llystetty paperi ja PET<\/strong>\u00a0ja kuinka n\u00e4m\u00e4 materiaalit edist\u00e4v\u00e4t tarran pitk\u00e4ik\u00e4isyytt\u00e4 ja k\u00e4ytett\u00e4vyytt\u00e4 erilaisissa ymp\u00e4rist\u00f6iss\u00e4.<\/p>\n<p>&nbsp;<\/p>\n<h2>Usein kysytyt kysymykset (FAQ)<\/h2>\n<h3>1.\u00a0<strong>Mit\u00e4 NFC-tarrat ovat ja miten ne toimivat?<\/strong><\/h3>\n<p>NFC (Near Field Communication) -tarrat ovat pieni\u00e4 tarroja, joissa on NFC-tekniikka, joka mahdollistaa langattoman viestinn\u00e4n tarran ja NFC-yhteensopivien laitteiden, kuten \u00e4lypuhelimien tai tablettien, v\u00e4lill\u00e4. Kun k\u00e4ytt\u00e4j\u00e4 napauttaa laitettaan tarraa vasten, se voi k\u00e4ynnist\u00e4\u00e4 erilaisia toimintoja, kuten tuotetietojen n\u00e4ytt\u00e4misen, vierailun verkkosivustolla tai aitouden vahvistamisen.<\/p>\n<hr \/>\n<h3>2.\u00a0<strong>Mik\u00e4 on NFC-tarrojesi suurin lukuet\u00e4isyys?<\/strong><\/h3>\n<p>NFC-tarroillamme on lukuet\u00e4isyys\u00a0<strong>1-10 cm<\/strong>\u00a0(noin 0,4-4 tuumaa). Tehokas kantama riippuu k\u00e4ytetyst\u00e4 laitteesta ja ymp\u00e4rist\u00f6st\u00e4, jossa sit\u00e4 skannataan.<\/p>\n<hr \/>\n<h3>3.\u00a0<strong>Ovatko NFC-tarrat muokattavissa?<\/strong><\/h3>\n<p>Kyll\u00e4! NFC-tarramme voidaan r\u00e4\u00e4t\u00e4l\u00f6id\u00e4 t\u00e4ysin koon, muodon, suunnittelun ja painetun sis\u00e4ll\u00f6n suhteen. Tarjoamme\u00a0<strong>CMYK-t\u00e4ysv\u00e4ripainatus, offsetpainatus ja silkkipainatus<\/strong>\u00a0vaihtoehtoja varmistaaksesi, ett\u00e4 br\u00e4ndiviestisi n\u00e4kyy n\u00e4kyv\u00e4sti.<\/p>","protected":false},"excerpt":{"rendered":"<p>NFC-tarramme ovat r\u00e4\u00e4t\u00e4l\u00f6ityj\u00e4 v\u00e4\u00e4rent\u00e4misen est\u00e4vi\u00e4 tarroja, jotka on suunniteltu parantamaan tuotteiden turvallisuutta ja aitoutta. Edistyksellisell\u00e4 tekniikalla ja ainutlaatuisilla malleilla n\u00e4m\u00e4 tarrat tarjoavat yrityksille luotettavan ratkaisun br\u00e4ndins\u00e4 suojaamiseen ja asiakkaiden sitouttamiseen interaktiivisella tavalla.<\/p>","protected":false},"featured_media":3579,"template":"","meta":[],"product_brand":[],"product_cat":[48],"product_tag":[],"class_list":{"0":"post-3578","1":"product","2":"type-product","3":"status-publish","4":"has-post-thumbnail","6":"product_cat-nfc-stickers","8":"first","9":"instock","10":"shipping-taxable","11":"product-type-simple"},"_links":{"self":[{"href":"https:\/\/nfc-readers.com\/fi\/wp-json\/wp\/v2\/product\/3578","targetHints":{"allow":["GET"]}}],"collection":[{"href":"https:\/\/nfc-readers.com\/fi\/wp-json\/wp\/v2\/product"}],"about":[{"href":"https:\/\/nfc-readers.com\/fi\/wp-json\/wp\/v2\/types\/product"}],"wp:featuredmedia":[{"embeddable":true,"href":"https:\/\/nfc-readers.com\/fi\/wp-json\/wp\/v2\/media\/3579"}],"wp:attachment":[{"href":"https:\/\/nfc-readers.com\/fi\/wp-json\/wp\/v2\/media?parent=3578"}],"wp:term":[{"taxonomy":"product_brand","embeddable":true,"href":"https:\/\/nfc-readers.com\/fi\/wp-json\/wp\/v2\/product_brand?post=3578"},{"taxonomy":"product_cat","embeddable":true,"href":"https:\/\/nfc-readers.com\/fi\/wp-json\/wp\/v2\/product_cat?post=3578"},{"taxonomy":"product_tag","embeddable":true,"href":"https:\/\/nfc-readers.com\/fi\/wp-json\/wp\/v2\/product_tag?post=3578"}],"curies":[{"name":"wp","href":"https:\/\/api.w.org\/{rel}","templated":true}]}}