{"id":3594,"date":"2024-11-07T11:55:05","date_gmt":"2024-11-07T11:55:05","guid":{"rendered":"https:\/\/nfc-readers.com\/?post_type=product&#038;p=3594"},"modified":"2024-11-07T11:55:05","modified_gmt":"2024-11-07T11:55:05","slug":"icodeslix2-iso15693-rfid-card-for-library-management","status":"publish","type":"product","link":"https:\/\/nfc-readers.com\/fi\/ic-reader\/icodeslix2-iso15693-rfid-card-for-library-management\/","title":{"rendered":"ICODESLIX2 ISO15693 RFID-kortti kirjaston hallintaan"},"content":{"rendered":"<h1 style=\"text-align: center;\"><span style=\"color: #000080;\"><strong>ICODESLIX2 ISO15693 RFID-kortti kirjaston hallintaan<\/strong><\/span><\/h1>\n<div class=\"chat-list relative custom-scrollbar-reset-margin custom-scrollbar custom-scrollbar-hidden custom-scrollbar-float pb-9 flex-1 overflow-y-auto\">\n<div class=\"mx-auto max-w-[790px]\">\n<div class=\"message-item-outer relative px-4 mb-2\" data-id=\"364de8f7-3595-4f4e-adbf-ca8cd06befd0\">\n<div class=\"content-area pl-[0px]\">\n<div class=\"message-item select-text relative\">\n<div class=\"message-inner relative\">\n<div class=\"py-[2px]\">\n<div class=\"flex flex-col gap-2\">\n<div class=\"answer-markdown-box overflow-x-auto select-text custom-scrollbar\">\n<div class=\"markdown-body\">\n<p><span style=\"color: #666699;\"><strong>Aikakaudella, jolloin teknologia muuttaa nopeasti jokap\u00e4iv\u00e4ist\u00e4 toimintaa, ICODESLIX2 ISO15693 RFID-korttien integrointi kirjastojen hallintaan on pelin muuttaja. T\u00e4m\u00e4 innovaatio ei ainoastaan virtaviivaista toimintaa, vaan my\u00f6s rikastuttaa k\u00e4ytt\u00f6kokemusta ja parantaa merkitt\u00e4v\u00e4sti sek\u00e4 tehokkuutta ett\u00e4 turvallisuutta kirjastoissa. N\u00e4m\u00e4 \u00e4lykortit on suunniteltu erityisesti parantamaan kirjastojen tapaa hallita varastoa, seurata resursseja ja olla yhteydess\u00e4 asiakkaisiinsa.<\/strong><\/span><\/p>\n<p>&nbsp;<\/p>\n<\/div>\n<p>&nbsp;<\/p>\n<div class=\"markdown-body\">\n<h2 style=\"text-align: center;\"><span style=\"color: #000080;\"><em><strong>ICODESLIX2 ISO15693 RFID-korttien edut<\/strong><\/em><\/span><\/h2>\n<p style=\"text-align: left;\">\n<span style=\"color: #008080;\">ICODESLIX2 ISO15693 RFID-kortti tarjoaa kirjastoille saumattoman ratkaisun resurssien seurantaan ja hallintaan. K\u00e4ytt\u00e4m\u00e4ll\u00e4 t\u00e4t\u00e4 huipputeknologiaa kirjastot voivat automatisoida monia prosesseja, mik\u00e4 v\u00e4hent\u00e4\u00e4 henkil\u00f6st\u00f6n ty\u00f6taakkaa ja minimoi inhimilliset virheet. N\u00e4m\u00e4 RFID-kortit eiv\u00e4t tarkoita vain tehokkuutta; ne tarjoavat my\u00f6s parannetun tietoturvan ja helppok\u00e4ytt\u00f6isyyden, mik\u00e4 tekee niist\u00e4 korvaamattoman hy\u00f6dyllisen jokaiselle kirjastolle.<\/span><\/p>\n<p>&nbsp;<\/p>\n<p>&nbsp;<\/p>\n<h2 style=\"text-align: center;\"><em><span style=\"color: #000080;\"><strong>Laadukkaat materiaalit ja muotoilu<\/strong><\/span><\/em><\/h2>\n<p>ICODESLIX2 ISO15693 RFID-korttimme on valmistettu kest\u00e4v\u00e4st\u00e4 PVC-materiaalista, mik\u00e4 varmistaa pitk\u00e4ik\u00e4isyyden ja kulutuksenkest\u00e4vyyden. Mitoilla <strong>85,5 x 54 mm<\/strong>, kortti on suunniteltu helppok\u00e4ytt\u00f6iseksi ja s\u00e4ilytett\u00e4v\u00e4ksi. Kortin ominaisuudet\u00a0<strong>CMYK4C tulostus<\/strong>, jonka avulla kirjastot voivat mukauttaa korttia br\u00e4ndeill\u00e4\u00e4n, mik\u00e4 tekee siit\u00e4 sek\u00e4 toimivan ty\u00f6kalun ett\u00e4 mainostuotteen.<\/p>\n<p>&nbsp;<\/p>\n<\/div>\n<p>&nbsp;<\/p>\n<div class=\"markdown-body\">\n<h2 style=\"text-align: center;\"><span style=\"color: #000080;\"><em><strong>T\u00e4rkeimm\u00e4t attribuutit:<\/strong><\/em><\/span><\/h2>\n<ul>\n<li><strong>Materiaali<\/strong>: PVC<\/li>\n<li><strong>Koko<\/strong>85,5 x 54 mm<\/li>\n<li>Parannettu viestint\u00e4liittym\u00e4<\/li>\n<li>ICODESLIX2-kortti toimii taajuudella <strong>13,56 MHz<\/strong>, hy\u00f6dynt\u00e4en sek\u00e4 RFID- ett\u00e4 NFC-tietoliikennerajapintoja. T\u00e4m\u00e4 varmistaa saumattoman vuorovaikutuksen eri kortinlukijoiden kanssa, mik\u00e4 vahvistaa kulunvalvontaj\u00e4rjestelmien ja kirjastonhallintaohjelmistojen integrointia.<\/li>\n<\/ul>\n<p>&nbsp;<\/p>\n<p>&nbsp;<\/p>\n<h2 style=\"text-align: center;\"><em><span style=\"color: #000080;\"><strong>Edut kirjastoille<\/strong><\/span><\/em><\/h2>\n<ul>\n<li><strong>Dynaaminen tiedonhallinta<\/strong>: Tehokkaat p\u00e4ivitykset auttavat seuraamaan sis\u00e4\u00e4n- ja uloskirjautumisprosesseja reaaliajassa.<\/li>\n<li><strong>Parannettu varastonhallinta<\/strong>: Minimoi tappiot tarkkojen seurantaominaisuuksien avulla.<\/li>\n<\/ul>\n<p>&nbsp;<\/p>\n<h3><strong><span style=\"color: #333399;\">K\u00e4ytt\u00e4j\u00e4yst\u00e4v\u00e4llinen sovellus<\/span><\/strong><\/h3>\n<p>ICODESLIX2 RFID -teknologian sovellus ulottuu perinteist\u00e4 resurssienhallintaa pidemm\u00e4lle. Kirjastot voivat k\u00e4ytt\u00e4\u00e4 n\u00e4it\u00e4 kortteja:<\/p>\n<ul>\n<li><strong>Suojelijan tunnistus<\/strong>: Nopeat skannaukset kassalla.<\/li>\n<li><strong>Tapahtuman seuranta<\/strong>: Ty\u00f6pajojen tai tapahtumien l\u00e4sn\u00e4olotiedot.<\/li>\n<li><strong>Resurssien allokointi<\/strong>: Resurssien k\u00e4sittelyn automaattinen kirjaaminen.<\/li>\n<\/ul>\n<p>&nbsp;<\/p>\n<h3><strong><span style=\"color: #333399;\">K\u00e4ytt\u00e4j\u00e4keskeiset ominaisuudet:<\/span><\/strong><\/h3>\n<ul>\n<li><strong>Helppo integrointi<\/strong>: Helppo integroida olemassa oleviin kirjastoj\u00e4rjestelmiin.<\/li>\n<li><strong>V\u00e4himm\u00e4iskoulutus vaaditaan<\/strong>: Henkil\u00f6kunta sopeutuu nopeasti uusien korttij\u00e4rjestelmien k\u00e4ytt\u00f6\u00f6n.<\/li>\n<\/ul>\n<p>&nbsp;<\/p>\n<\/div>\n<p>&nbsp;<\/p>\n<div class=\"markdown-body\">\n<h2 style=\"text-align: center;\"><em><span style=\"color: #000080;\"><strong>Tekniset tiedot ja suorituskyky<\/strong><\/span><\/em><\/h2>\n<p>kattava ymm\u00e4rrys kortin teknisist\u00e4 tiedoista auttaa tekem\u00e4\u00e4n tietoisia p\u00e4\u00e4t\u00f6ksi\u00e4.<\/p>\n<div class=\"table-with-header rounded-lg border border-solid border-grey-line2-normal w-fit max-w-full mb-2\">\n<div class=\"overflow-x-auto custom-scrollbar custom-scrollbar-float max-w-full\">\n<table class=\"w-fit !mb-0 !max-w-none\" style=\"height: 226px;\" width=\"440\">\n<thead>\n<tr>\n<th>Erittely<\/th>\n<th>Arvo<\/th>\n<\/tr>\n<\/thead>\n<tbody>\n<tr>\n<td>Siru<\/td>\n<td>ICODESLIX2<\/td>\n<\/tr>\n<tr>\n<td>Taajuus<\/td>\n<td>13,56 MHz<\/td>\n<\/tr>\n<tr>\n<td>Muisti<\/td>\n<td>2 kbit<\/td>\n<\/tr>\n<tr>\n<td>Lukuet\u00e4isyys<\/td>\n<td>2-10 cm<\/td>\n<\/tr>\n<tr>\n<td>Materiaali<\/td>\n<td>PVC<\/td>\n<\/tr>\n<tr>\n<td>Koko<\/td>\n<td>85<\/td>\n<\/tr>\n<\/tbody>\n<\/table>\n<\/div>\n<\/div>\n<p>&nbsp;<\/p>\n<h2 style=\"text-align: center;\"><em><span style=\"color: #000080;\"><strong>NFC:n edut:<\/strong><\/span><\/em><\/h2>\n<ul>\n<li><strong>Kontaktittomat kaupat<\/strong>: K\u00e4ytt\u00e4j\u00e4t voivat nopeasti napauttaa korttejaan p\u00e4\u00e4st\u00e4kseen kirjastoj\u00e4rjestelmiin ilman fyysist\u00e4 kosketusta.<\/li>\n<li><strong>Yhteensopivuus<\/strong>: Kortin teknologian on kehitt\u00e4nyt NXP Semiconductors, mik\u00e4 varmistaa, ett\u00e4 se toimii erilaisten lukuj\u00e4rjestelmien kanssa.<\/li>\n<li>Vankka muisti ja toiminnallisuus<\/li>\n<li>Varustettu <strong style=\"color: #555555;\">2kbit muistia<\/strong><span style=\"color: #555555;\">, ICODESLIX2 ISO15693 RFID-kortti tarjoaa runsaasti tilaa t\u00e4rkeiden tietojen tallentamiseen. Luku-kirjoitustoiminnon avulla kirjastot voivat p\u00e4ivitt\u00e4\u00e4 tietoja dynaamisesti ja varmistaa, ett\u00e4 tiedot, kuten kirjojen saatavuus ja asiakastiedot, pysyv\u00e4t ajan tasalla.<\/span><\/li>\n<\/ul>\n<p>&nbsp;<\/p>\n<\/div>\n<p>&nbsp;<\/p>\n<h2 style=\"text-align: center;\"><span style=\"color: #000080;\"><em><strong>Ymp\u00e4rist\u00f6vaikutus<\/strong><\/em><\/span><\/h2>\n<ul>\n<li><strong>Kest\u00e4v\u00e4t materiaalit<\/strong>: PVC:mme on kierr\u00e4tett\u00e4v\u00e4\u00e4, mik\u00e4 aiheuttaa v\u00e4hemm\u00e4n ymp\u00e4rist\u00f6j\u00e4tett\u00e4.<\/li>\n<li><strong>Pitk\u00e4ik\u00e4isyys<\/strong>: V\u00e4hent\u00e4\u00e4 toistuvien vaihtojen tarvetta.<\/li>\n<\/ul>\n<p>&nbsp;<\/p>\n<\/div>\n<p>&nbsp;<\/p>\n<div class=\"answer-markdown-box overflow-x-auto select-text custom-scrollbar\">\n<h3 style=\"text-align: center;\"><span style=\"color: #333399;\"><strong>Tehokkaat vuorovaikutus- ja hallintaty\u00f6kalut<\/strong><\/span><\/h3>\n<p>ICODESLIX2 RFID-kortti yksinkertaistaa asiakkaiden ja kirjastoj\u00e4rjestelmien v\u00e4list\u00e4 vuorovaikutusta:<\/p>\n<ul>\n<li><strong>Virtaviivaiset prosessit<\/strong>: Lyhenn\u00e4 odotusaikoja kassalla, mik\u00e4 lis\u00e4\u00e4 k\u00e4ytt\u00e4jien tyytyv\u00e4isyytt\u00e4.<\/li>\n<li><strong>Data Insights<\/strong>: Luo k\u00e4ytt\u00f6raportteja, jotka tarjoavat tietoa resurssien allokoinnista ja asiakastoiminnasta.<\/li>\n<\/ul>\n<p>&nbsp;<\/p>\n<h3 style=\"text-align: center;\"><span style=\"color: #333399;\"><strong>Kehittyneet hallintaty\u00f6kalut<\/strong><\/span><\/h3>\n<ul>\n<li><strong>Integrointi digitaalisiin j\u00e4rjestelmiin<\/strong>: Yhdist\u00e4 saumattomasti erilaisiin kirjastonhallintaj\u00e4rjestelmiin.<\/li>\n<li><strong>Reaaliaikaiset p\u00e4ivitykset<\/strong>: V\u00e4lit\u00f6n synkronointi varastotietokannan kanssa.<\/li>\n<\/ul>\n<\/div>\n<\/div>\n<\/div>\n<\/div>\n<\/div>\n<\/div>\n<\/div>\n<\/div>\n<\/div>","protected":false},"excerpt":{"rendered":"<p>Paranna kirjaston hallintaa ICODESLIX2 ISO15693 RFID-korteilla, jotka tarjoavat tehokkaan resurssien seurannan, helpon integroinnin ja parannetun k\u00e4ytt\u00e4jien sitoutumisen.<\/p>","protected":false},"featured_media":3480,"template":"","meta":[],"product_brand":[],"product_cat":[46],"product_tag":[],"class_list":{"0":"post-3594","1":"product","2":"type-product","3":"status-publish","4":"has-post-thumbnail","6":"product_cat-nfc-cards","8":"first","9":"instock","10":"shipping-taxable","11":"product-type-simple"},"_links":{"self":[{"href":"https:\/\/nfc-readers.com\/fi\/wp-json\/wp\/v2\/product\/3594","targetHints":{"allow":["GET"]}}],"collection":[{"href":"https:\/\/nfc-readers.com\/fi\/wp-json\/wp\/v2\/product"}],"about":[{"href":"https:\/\/nfc-readers.com\/fi\/wp-json\/wp\/v2\/types\/product"}],"wp:featuredmedia":[{"embeddable":true,"href":"https:\/\/nfc-readers.com\/fi\/wp-json\/wp\/v2\/media\/3480"}],"wp:attachment":[{"href":"https:\/\/nfc-readers.com\/fi\/wp-json\/wp\/v2\/media?parent=3594"}],"wp:term":[{"taxonomy":"product_brand","embeddable":true,"href":"https:\/\/nfc-readers.com\/fi\/wp-json\/wp\/v2\/product_brand?post=3594"},{"taxonomy":"product_cat","embeddable":true,"href":"https:\/\/nfc-readers.com\/fi\/wp-json\/wp\/v2\/product_cat?post=3594"},{"taxonomy":"product_tag","embeddable":true,"href":"https:\/\/nfc-readers.com\/fi\/wp-json\/wp\/v2\/product_tag?post=3594"}],"curies":[{"name":"wp","href":"https:\/\/api.w.org\/{rel}","templated":true}]}}