{"id":3595,"date":"2024-11-07T12:13:18","date_gmt":"2024-11-07T12:13:18","guid":{"rendered":"https:\/\/nfc-readers.com\/?post_type=product&#038;p=3595"},"modified":"2024-11-07T12:13:18","modified_gmt":"2024-11-07T12:13:18","slug":"custom-plastic-pvc-nfc-card-printing-for-business","status":"publish","type":"product","link":"https:\/\/nfc-readers.com\/fi\/ic-reader\/custom-plastic-pvc-nfc-card-printing-for-business\/","title":{"rendered":"Muovinen PVC NFC-korttitulostus yrityksille"},"content":{"rendered":"<h1><span style=\"color: #000080;\"><strong>Muovinen PVC NFC-korttitulostus yrityksille<\/strong><\/span><\/h1>\n<p><strong><span style=\"color: #666699;\">Nykyp\u00e4iv\u00e4n nopeatempoisessa digitaalisessa maailmassa liiketoiminnan optimointi on ratkaisevan t\u00e4rke\u00e4\u00e4, ja Custom Plastic PVC NFC Card Printing for Business on edell\u00e4k\u00e4vij\u00e4. NFC (Near Field Communication) -tekniikka parantaa tapaa, jolla yritykset hallitsevat kulunvalvontaa, asiakasvuorovaikutusta ja myynninedist\u00e4mistoimia. Mukautetut NFC-kortit parantavat sitoutumista, mutta mahdollistavat my\u00f6s saumattomien tapahtumien, r\u00e4\u00e4t\u00e4l\u00f6idyn br\u00e4nd\u00e4yksen ja tehokkaan tiedonhallinnan. Etsitp\u00e4 sitten kulunvalvontakortteja, Mifare-kortteja tai kanta-asiakaskortteja, r\u00e4\u00e4t\u00e4l\u00f6ityihin NFC-ratkaisuihin sijoittaminen on strateginen askel, joka voi parantaa yrityksesi toimivuutta.<\/span><\/strong><\/p>\n<p><span style=\"color: #008080;\">N\u00e4ill\u00e4 korteilla on lukuisia etuja, jotka vaihtelevat parannetusta turvallisuudesta parempaan asiakaskokemukseen, ja ne voivat palvella eri toimialoja, mukaan lukien v\u00e4hitt\u00e4iskauppa, hotellipalvelut ja joukkoliikenne. Tutustutaan NFC-korttien monipuolisiin etuihin ja ominaisuuksiin, miksi niihin kannattaa sijoittaa ja miten ne voivat parantaa merkitt\u00e4v\u00e4sti liiketoimintaprosessejasi.<\/span><\/p>\n<hr \/>\n<h2><\/h2>\n<h2 style=\"text-align: center;\"><span style=\"color: #333399;\"><em><strong>Mukautettujen NFC-korttien t\u00e4rkeimm\u00e4t ominaisuudet<\/strong><\/em><\/span><\/h2>\n<p><strong>Kun valitset mukautetun muovisen PVC-NFC-korttitulostuksen yrityksille, valitset monipuolisen ty\u00f6kalun, joka on r\u00e4\u00e4t\u00e4l\u00f6ity ainutlaatuisiin tarpeisiisi. N\u00e4m\u00e4 kortit voidaan valmistaa kest\u00e4v\u00e4st\u00e4 PVC+Epoksimateriaalista, mik\u00e4 varmistaa, ett\u00e4 ne kest\u00e4v\u00e4t p\u00e4ivitt\u00e4ist\u00e4 kulumista. Vakiokoko on 85,5 mm x 54 mm, mutta r\u00e4\u00e4t\u00e4l\u00f6inti mahdollistaa eri mittasuhteet sovelluksiisi sopivaksi. Lis\u00e4ksi voit valita mukautetun 0,85 mm paksuuden lis\u00e4\u00e4m\u00e4\u00e4n kest\u00e4vyytt\u00e4.<\/strong><\/p>\n<p>&nbsp;<\/p>\n<h2 style=\"text-align: center;\"><em><span style=\"color: #333399;\"><strong>Edut<\/strong><\/span><\/em><\/h2>\n<ul>\n<li><strong>Kest\u00e4vyys<\/strong>: Mukautettu PVC varmistaa pitk\u00e4n k\u00e4ytt\u00f6i\u00e4n, mik\u00e4 tekee sijoituksestasi kannattavan.<\/li>\n<li><strong>R\u00e4\u00e4t\u00e4l\u00f6inti<\/strong>: Valitse v\u00e4rit, logot ja tulostustyylit, jotka kuvastavat br\u00e4ndi-identiteetti\u00e4si.<\/li>\n<\/ul>\n<p>&nbsp;<\/p>\n<h2 style=\"text-align: center;\"><em><span style=\"color: #333399;\"><strong>Erikoisominaisuudet<\/strong><\/span><\/em><\/h2>\n<p><strong>Vedenpit\u00e4v\u00e4 ja s\u00e4\u00e4nkest\u00e4v\u00e4<\/strong><\/p>\n<p><strong>Mukautetut NFC-kortit tarjoavat erityisominaisuuksia, jotka on suunniteltu parantamaan k\u00e4ytt\u00f6kokemusta ja maksimoimaan monipuolisuuden. Niist\u00e4 voidaan tehd\u00e4 vesitiivis ja s\u00e4\u00e4nkest\u00e4v\u00e4, mik\u00e4 on elint\u00e4rke\u00e4\u00e4 erilaisissa ymp\u00e4rist\u00f6iss\u00e4 toimiville yrityksille.<\/strong><\/p>\n<h3><span style=\"color: #666699;\"><strong>Miksi t\u00e4ll\u00e4 on v\u00e4li\u00e4:<\/strong><\/span><\/h3>\n<ul>\n<li><strong>Monipuolisuus<\/strong>: Ihanteellinen ulkotapahtumiin, kulunvalvontaan ulkotiloissa ja paljon muuta.<\/li>\n<li><strong>Pitk\u00e4ik\u00e4isyys<\/strong>: Vesivaurioita kest\u00e4v\u00e4t kortit kest\u00e4v\u00e4t pidemp\u00e4\u00e4n, mik\u00e4 varmistaa, ett\u00e4 sinulle ei aiheudu toistuvia vaihtokuluja.<\/li>\n<\/ul>\n<p>&nbsp;<\/p>\n<h2 style=\"text-align: center;\"><em><span style=\"color: #333399;\"><strong>PVC NFC -korttien tekniset tiedot<\/strong><\/span><\/em><\/h2>\n<p><span style=\"color: #008080;\"><strong>NFC-korttien teknisten eritelmien ymm\u00e4rt\u00e4minen on v\u00e4ltt\u00e4m\u00e4t\u00f6nt\u00e4 tietoisen p\u00e4\u00e4t\u00f6ksenteon kannalta. <\/strong><\/span><\/p>\n<p><span style=\"color: #008080;\"><strong>T\u00e4ss\u00e4 on erittely olennaisista yksityiskohdista:<\/strong><\/span><\/p>\n<div class=\"table-with-header rounded-lg border border-solid border-grey-line2-normal w-fit max-w-full mb-2\">\n<div class=\"overflow-x-auto custom-scrollbar custom-scrollbar-float max-w-full\">\n<table class=\"w-fit !mb-0 !max-w-none\" style=\"height: 265px;\" width=\"435\">\n<thead>\n<tr>\n<th>Attribuutti<\/th>\n<th>Erittely<\/th>\n<\/tr>\n<\/thead>\n<tbody>\n<tr>\n<td>Siru<\/td>\n<td>F08\/NTag213\/Tag215\/Tag216 (2k\/4k\/8k)<\/td>\n<\/tr>\n<tr>\n<td>Koko<\/td>\n<td>85,5 mm x 54 mm \/ r\u00e4\u00e4t\u00e4l\u00f6ity<\/td>\n<\/tr>\n<tr>\n<td>Tulostusasetukset<\/td>\n<td>CMYK4C Painatus\/offsetointi\/silkkipaino<\/td>\n<\/tr>\n<tr>\n<td>Taajuus<\/td>\n<td>13,56 MHz<\/td>\n<\/tr>\n<tr>\n<td>Muisti<\/td>\n<td>Jopa 8k, muokattavissa<\/td>\n<\/tr>\n<tr>\n<td>Pakkauskoko<\/td>\n<td>5,55 cm x 5,4 cm x 0,01 cm<\/td>\n<\/tr>\n<tr>\n<td>Bruttopaino<\/td>\n<td>0,010 kg<\/td>\n<\/tr>\n<\/tbody>\n<\/table>\n<\/div>\n<\/div>\n<h2><span style=\"color: #666699;\"><strong>Lis\u00e4ominaisuudet:<\/strong><\/span><\/h2>\n<ul>\n<li><strong>R\u00e4\u00e4t\u00e4l\u00f6ity logo<\/strong>: Br\u00e4ndin k\u00e4ytt\u00f6 lis\u00e4\u00e4 n\u00e4kyvyytt\u00e4 ja ammattimaisuutta.<\/li>\n<li><strong>Ohut mutta vahva<\/strong>: 0,85 mm:n paksuus takaa kevyen ja kest\u00e4v\u00e4n kortin.<\/li>\n<\/ul>\n<p>&nbsp;<\/p>\n<h2 style=\"text-align: center;\"><strong><em><span style=\"color: #000080;\">Parannetut tiedonsiirtoliit\u00e4nn\u00e4t RFID ja NFC<\/span><\/em><\/strong><\/h2>\n<p>The <strong>viestint\u00e4rajapinnat<\/strong>\u00a0NFC-kortit ovat olennainen osa niiden toimintaa. Toimi taajuudella\u00a0<strong>13,56 MHz<\/strong>, NFC-kortit k\u00e4ytt\u00e4v\u00e4t sek\u00e4 RFID- ett\u00e4 NFC-tekniikoita, jotka mahdollistavat nopean, kontaktittoman tiedonsiirron.<\/p>\n<h3><span style=\"color: #666699;\"><strong>P\u00e4\u00e4kohdat:<\/strong><\/span><\/h3>\n<ul>\n<li><strong>Saumattomat tapahtumat<\/strong>: Nopea ja vaivaton k\u00e4ytt\u00e4jien vuorovaikutus maksuja ja p\u00e4\u00e4sy\u00e4 varten.<\/li>\n<li><strong>Yhteensopivuus<\/strong>: Toimii moitteettomasti erilaisten kanssa\u00a0<strong>kortinlukijat<\/strong>\u00a0ja hallintaj\u00e4rjestelm\u00e4t, mik\u00e4 tekee integroinnista yksinkertaista.<\/li>\n<\/ul>\n<p>&nbsp;<\/p>\n<h3><span style=\"color: #666699;\"><strong>Toimialasovellukset: <\/strong><\/span><\/h3>\n<p><strong>Empower Your BusinessCustom NFC-kortit ovat uskomattoman monipuolisia ja niit\u00e4 voidaan k\u00e4ytt\u00e4\u00e4 useilla teollisuuden aloilla. Sovellukset ovat laajat joukkoliikenteen Mifare-korteista suojattujen ymp\u00e4rist\u00f6jen kulunvalvontakortteihin.<\/strong><\/p>\n<p>&nbsp;<\/p>\n<h3><span style=\"color: #666699;\"><strong>Sovellusesimerkkej\u00e4:<\/strong><\/span><\/h3>\n<ul>\n<li><strong>V\u00e4hitt\u00e4iskauppa<\/strong>: K\u00e4yt\u00e4 kanta-asiakaskortteja sitouttaaksesi asiakkaat suoraan, palkitsemalla toistuvista vierailuista samalla kun ker\u00e4\u00e4t arvokasta tietoa.<\/li>\n<li><strong>Vieraanvaraisuus<\/strong>: Ota hotellihuoneiden \u00e4lykk\u00e4\u00e4t avaimet k\u00e4ytt\u00f6\u00f6n, mik\u00e4 tarjoaa asiakkaille saumattoman sis\u00e4\u00e4nkirjautumiskokemuksen.<\/li>\n<\/ul>\n<p>&nbsp;<\/p>\n<p>&nbsp;<\/p>\n<h2 style=\"text-align: center;\"><span style=\"color: #333399;\"><em><strong>Ymp\u00e4rist\u00f6vaikutukset ja kest\u00e4vyys<\/strong><\/em><\/span><\/h2>\n<p><strong>Ymp\u00e4rist\u00f6yst\u00e4v\u00e4llisten k\u00e4yt\u00e4nt\u00f6jen sis\u00e4llytt\u00e4minen on kriittist\u00e4 nykyp\u00e4iv\u00e4n yrityksille. PVC NFC-korttimme voidaan suunnitella v\u00e4hent\u00e4m\u00e4\u00e4n ymp\u00e4rist\u00f6vaikutuksia. Kierr\u00e4tett\u00e4vien materiaalien k\u00e4ytt\u00f6 vastaa kest\u00e4vyyteen ja s\u00e4ilytt\u00e4\u00e4 samalla korkean toimivuuden.<\/strong><\/p>\n<ul>\n<li><strong>Pienempi hiilijalanj\u00e4lki<\/strong>: Kest\u00e4vien materiaalien k\u00e4ytt\u00f6 v\u00e4hent\u00e4\u00e4 j\u00e4tett\u00e4.<\/li>\n<li><strong>Kest\u00e4v\u00e4 k\u00e4ytt\u00f6ik\u00e4<\/strong>: Laadukkaat kortit merkitsev\u00e4t v\u00e4hemm\u00e4n vaihtoja, mik\u00e4 on ymp\u00e4rist\u00f6n kannalta parempi.<\/li>\n<\/ul>\n<p>&nbsp;<\/p>\n<h2 style=\"text-align: center;\"><em><span style=\"color: #333399;\"><strong>Asiakkaiden arvostelut<\/strong><\/span><\/em><\/h2>\n<ul>\n<li><strong>Sarah K.<\/strong>: &quot;R\u00e4\u00e4t\u00e4l\u00f6intivaihtoehtojen ansiosta pystyimme integroimaan tuotemerkkimme t\u00e4ydellisesti. Vieraamme rakastavat uusia \u00e4lykk\u00e4it\u00e4 huoneen avaimia!\u201d<\/li>\n<li><strong>Mike R.<\/strong>: &quot;N\u00e4m\u00e4 kortit toimivat saumattomasti kulunvalvontaj\u00e4rjestelm\u00e4mme kanssa. Asennus oli nopeaa, ja voimme nyt hallita tunnistetietojamme helposti.&quot;<\/li>\n<\/ul>","protected":false},"excerpt":{"rendered":"<p>Optimoi yrityksesi mukautetuilla PVC NFC -korteilla, jotka tarjoavat kest\u00e4vyytt\u00e4, vedenpit\u00e4vi\u00e4 ominaisuuksia, saumattomia tapahtumia ja r\u00e4\u00e4t\u00e4l\u00f6ityj\u00e4 tuotemerkkej\u00e4 erilaisiin sovelluksiin.<\/p>","protected":false},"featured_media":3597,"template":"","meta":[],"product_brand":[],"product_cat":[46],"product_tag":[],"class_list":{"0":"post-3595","1":"product","2":"type-product","3":"status-publish","4":"has-post-thumbnail","6":"product_cat-nfc-cards","8":"first","9":"instock","10":"shipping-taxable","11":"product-type-simple"},"_links":{"self":[{"href":"https:\/\/nfc-readers.com\/fi\/wp-json\/wp\/v2\/product\/3595","targetHints":{"allow":["GET"]}}],"collection":[{"href":"https:\/\/nfc-readers.com\/fi\/wp-json\/wp\/v2\/product"}],"about":[{"href":"https:\/\/nfc-readers.com\/fi\/wp-json\/wp\/v2\/types\/product"}],"wp:featuredmedia":[{"embeddable":true,"href":"https:\/\/nfc-readers.com\/fi\/wp-json\/wp\/v2\/media\/3597"}],"wp:attachment":[{"href":"https:\/\/nfc-readers.com\/fi\/wp-json\/wp\/v2\/media?parent=3595"}],"wp:term":[{"taxonomy":"product_brand","embeddable":true,"href":"https:\/\/nfc-readers.com\/fi\/wp-json\/wp\/v2\/product_brand?post=3595"},{"taxonomy":"product_cat","embeddable":true,"href":"https:\/\/nfc-readers.com\/fi\/wp-json\/wp\/v2\/product_cat?post=3595"},{"taxonomy":"product_tag","embeddable":true,"href":"https:\/\/nfc-readers.com\/fi\/wp-json\/wp\/v2\/product_tag?post=3595"}],"curies":[{"name":"wp","href":"https:\/\/api.w.org\/{rel}","templated":true}]}}