{"id":3602,"date":"2024-11-07T15:58:55","date_gmt":"2024-11-07T15:58:55","guid":{"rendered":"https:\/\/nfc-readers.com\/?post_type=product&#038;p=3602"},"modified":"2024-11-07T16:39:39","modified_gmt":"2024-11-07T16:39:39","slug":"write-url-dynamic-qr-code-ntag-213-nfc-card","status":"publish","type":"product","link":"https:\/\/nfc-readers.com\/fi\/ic-reader\/write-url-dynamic-qr-code-ntag-213-nfc-card\/","title":{"rendered":"Kirjoita URL-osoitteen dynaaminen QR-koodi Ntag 213 NFC-kortti"},"content":{"rendered":"<h1 style=\"text-align: center;\"><span style=\"color: #000080;\"><strong>Kirjoita URL-osoitteen dynaaminen QR-koodi Ntag 213 NFC-kortti<\/strong><\/span><\/h1>\n<p><span style=\"color: #666699;\"><strong>Kirjoita URL-osoite Dynaaminen QR-koodi NTAG213 NFC-kortti: Muuta yrityksesi vuorovaikutuksia Yh\u00e4 digitaalisemmassa maailmassa tehokas viestint\u00e4 ja toiminnan tehokkuus ovat ensiarvoisen t\u00e4rkeit\u00e4 kaikille yrityksille. Write URL Dynamic QR Code NTAG213 NFC-kortti on vallankumouksellinen tuote, joka tehostaa vuorovaikutusta, virtaviivaistaa prosesseja ja helpottaa asiakkaiden ja yritysten yhteydenpitoa.<\/strong><\/span><\/p>\n<p>N\u00e4m\u00e4 NFC-kortit hy\u00f6dynt\u00e4v\u00e4t huippua\u00a0<strong>NTAG213-tekniikka<\/strong>\u00a0tarjota dynaamisia URL-ominaisuuksia, joiden avulla yritykset voivat ohjata k\u00e4ytt\u00e4ji\u00e4 mihin tahansa verkkosivustoon tai digitaaliseen resurssiin saumattomasti. T\u00e4m\u00e4 tehokas NFC- ja QR-kooditeknologian yhdistelm\u00e4 mahdollistaa monipuoliset sovellukset, kuten markkinointikampanjat, tapahtumien hallinnan, tuotteiden todentamisen ja paljon muuta. Investointi NTAG213 NFC-kortteihin ei ole vain strateginen askel vaan askel kohti liiketoimintasi modernisointia.<\/p>\n<hr \/>\n<p>&nbsp;<\/p>\n<p>&nbsp;<\/p>\n<h2 style=\"text-align: center;\"><em><strong><span style=\"color: #333399;\">NTAG213 NFC-kortin t\u00e4rkeimm\u00e4t ominaisuudet<\/span><\/strong><\/em><\/h2>\n<p><span style=\"color: #008080;\"><strong>NTAG213 NFC-kortti erottuu joukosta innovatiivisten ominaisuuksiensa ja vankan rakenteensa ansiosta. T\u00e4ss\u00e4 ovat t\u00e4rkeimm\u00e4t ominaisuudet:<\/strong><\/span><\/p>\n<ul>\n<li><strong>Materiaali<\/strong>: Valmistettu korkealaatuisesta\u00a0<strong>PVC<\/strong>, n\u00e4m\u00e4 kortit on suunniteltu kest\u00e4viksi ja pitk\u00e4ik\u00e4isiksi. Ne kest\u00e4v\u00e4t p\u00e4ivitt\u00e4isen k\u00e4yt\u00f6n rasitukset, olivatpa ne sitten jaettavissa tapahtumissa tai kulunvalvontaj\u00e4rjestelmiss\u00e4.<\/li>\n<li><strong>Sirutekniikka<\/strong>: NTAG213-siru on erityisesti suunniteltu sovelluksiin, jotka vaativat dynaamista dataa, ja se tarjoaa muistikapasiteetin\u00a0<strong>144 tavua<\/strong>\u00a0ja mahdollisuus kirjoittaa URL-osoitteita uudelleen milloin tahansa ilman, ett\u00e4 sinun tarvitsee tulostaa uusia kortteja.<\/li>\n<li><strong>Koko ja mukauttaminen<\/strong>: Vakiomitat ovat\u00a0<strong>85,5 x 54 mm<\/strong>, mik\u00e4 mahdollistaa yhdenmukaisuuden perinteisten luottokorttien kokojen kanssa, mik\u00e4 tekee niist\u00e4 helpon kuljettaa. My\u00f6s koon ja suunnittelun mukautukset ovat mahdollisia br\u00e4nd\u00e4ystarpeiden mukaan.<\/li>\n<\/ul>\n<p>&nbsp;<\/p>\n<p>&nbsp;<\/p>\n<h2 style=\"text-align: center;\"><em><strong><span style=\"color: #333399;\">Erikoisominaisuudet<\/span><\/strong><\/em><\/h2>\n<p style=\"text-align: left;\"><strong>Veden- ja s\u00e4\u00e4nkest\u00e4v\u00e4 muotoilu<\/strong><\/p>\n<p style=\"text-align: left;\">Yksi Write URL NFC -korttien erottuvista ominaisuuksista on niiden\u00a0<strong>vedenpit\u00e4v\u00e4 ja s\u00e4\u00e4nkest\u00e4v\u00e4<\/strong>\u00a0ominaisuuksia. Yritykset, jotka toimivat erilaisissa ymp\u00e4rist\u00f6iss\u00e4, voivat hy\u00f6ty\u00e4 suuresti n\u00e4ist\u00e4 ominaisuuksista.<\/p>\n<ul>\n<li><strong>Monipuolisuus<\/strong>: N\u00e4m\u00e4 kortit ovat ihanteellisia ulkotapahtumiin, joissa kosteus voi vahingoittaa tavallisia kortteja. Olipa kyseess\u00e4 musiikkifestivaali, urheilutapahtuma tai ulkoilukampanjat, sinun\u00a0<strong>NTAG213 NFC-kortti<\/strong>\u00a0toimii luotettavasti.<\/li>\n<li><strong>Pitk\u00e4ik\u00e4isyys<\/strong>: Vesivaurioiden vastustuskyky ei vain pidenn\u00e4 kortin k\u00e4ytt\u00f6ik\u00e4\u00e4, vaan my\u00f6s s\u00e4\u00e4st\u00e4\u00e4 kustannuksia, jotka liittyv\u00e4t toistuviin vaihtoihin.<\/li>\n<\/ul>\n<p>&nbsp;<\/p>\n<h2 style=\"text-align: center;\"><em><strong><span style=\"color: #333399;\">Viestint\u00e4rajapinnat<\/span><\/strong><\/em><\/h2>\n<ul>\n<li><strong>RFID ja NFC<\/strong>: Toimii taajuudella\u00a0<strong>13,56 MHz<\/strong>N\u00e4m\u00e4 kortit k\u00e4ytt\u00e4v\u00e4t sek\u00e4 RFID- ett\u00e4 NFC-tekniikoita kontaktittoman viestinn\u00e4n mahdollistamiseksi. T\u00e4m\u00e4 varmistaa nopean ja tehokkaan tiedonvaihdon, mik\u00e4 parantaa k\u00e4ytt\u00f6kokemusta tapahtumien aikana.<\/li>\n<li><strong>Saumattomat tapahtumat<\/strong>: NFC-tekniikan integrointi mahdollistaa vaivattoman vuorovaikutuksen. K\u00e4ytt\u00e4j\u00e4t voivat yksinkertaisesti napauttaa korttiaan yhteensopivaa lukijaa vasten ja tuoda v\u00e4litt\u00f6m\u00e4sti esiin linkitetyn URL-osoitteen, joka voi ohjata heid\u00e4t verkkosivustolle, lomakkeeseen tai multimediasis\u00e4lt\u00f6\u00f6n.<\/li>\n<\/ul>\n<p>&nbsp;<\/p>\n<p>&nbsp;<\/p>\n<h2 style=\"text-align: center;\"><em><span style=\"color: #333399;\"><strong>Tekniset tiedot<\/strong><\/span><\/em><\/h2>\n<p><span style=\"color: #008080;\"><strong>T\u00e4ss\u00e4 on Write URL Dynamic QR Code NTAG213 NFC -kortin yksityiskohtaiset tekniset tiedot, jotta voit tehd\u00e4 tietoisen p\u00e4\u00e4t\u00f6ksen:<\/strong><\/span><\/p>\n<div class=\"table-with-header rounded-lg border border-solid border-grey-line2-normal w-fit max-w-full mb-2\">\n<div class=\"overflow-x-auto custom-scrollbar custom-scrollbar-float max-w-full\">\n<table class=\"w-fit !mb-0 !max-w-none\">\n<thead>\n<tr>\n<th><strong>Attribuutti<\/strong><\/th>\n<th><strong>Erittely<\/strong><\/th>\n<\/tr>\n<\/thead>\n<tbody>\n<tr>\n<td><strong>Siru<\/strong><\/td>\n<td>NTAG213 (NXP\u00ae rekister\u00f6ity tavaramerkki)<\/td>\n<\/tr>\n<tr>\n<td><strong>Materiaali<\/strong><\/td>\n<td>PVC<\/td>\n<\/tr>\n<tr>\n<td><strong>Koko<\/strong><\/td>\n<td>85,5 x 54 mm<\/td>\n<\/tr>\n<tr>\n<td><strong>Muisti<\/strong><\/td>\n<td>144 tavua (muokatut vaihtoehdot saatavilla)<\/td>\n<\/tr>\n<tr>\n<td><strong>Taajuus<\/strong><\/td>\n<td>13,56 MHz<\/td>\n<\/tr>\n<tr>\n<td><strong>Tulostusasetukset<\/strong><\/td>\n<td>CMYK-offsetpaino<\/td>\n<\/tr>\n<tr>\n<td><strong>Lukuet\u00e4isyys<\/strong><\/td>\n<td>2-10 cm<\/td>\n<\/tr>\n<tr>\n<td><strong>Alkuper\u00e4paikka<\/strong><\/td>\n<td>Guangdong, Kiina<\/td>\n<\/tr>\n<tr>\n<td><strong>K\u00e4sity\u00f6<\/strong><\/td>\n<td>Useita vaihtoehtoja: Laser Code, UV Ink jne.<\/td>\n<\/tr>\n<\/tbody>\n<\/table>\n<p>&nbsp;<\/p>\n<\/div>\n<\/div>\n<h2 style=\"text-align: center;\"><em><strong><span style=\"color: #333399;\">Sovellukset eri toimialoilla<\/span><\/strong><\/em><\/h2>\n<p><span style=\"color: #008080;\"><strong>Write URL Dynamic QR Code NTAG213 NFC -kortilla on erilaisia sovelluksia eri aloilla:<\/strong><\/span><\/p>\n<ul>\n<li><strong>V\u00e4hitt\u00e4iskauppa ja markkinointi<\/strong>: K\u00e4yt\u00e4 n\u00e4it\u00e4 kortteja kanta-asiakasohjelmiin, jolloin asiakkaat p\u00e4\u00e4sev\u00e4t helposti tarjouslinkkeihin tai erikoistarjouksiin. The\u00a0<strong>dynaaminen URL-osoite<\/strong>\u00a0ominaisuus tarkoittaa, ett\u00e4 voit p\u00e4ivitt\u00e4\u00e4 tarjouksia v\u00e4litt\u00f6m\u00e4sti ilman uusia kortteja.<\/li>\n<li><strong>Tapahtuman hallinta<\/strong>: N\u00e4m\u00e4 kortit sopivat t\u00e4ydellisesti konferensseihin, konsertteihin tai messuihin, ja ne tarjoavat kontaktittoman p\u00e4\u00e4syn aikatauluihin, puhujatietoihin ja tapahtumap\u00e4ivityksiin NFC-siruun linkitetyill\u00e4 QR-koodeilla.<\/li>\n<\/ul>","protected":false},"excerpt":{"rendered":"<p>Write URL Dynamic QR Code NTAG213 NFC-kortti parantaa yritysvuorovaikutusta dynaamisten URL-osoitteiden, NFC-tekniikan, vedenpit\u00e4v\u00e4n suunnittelun ja monipuolisten sovellusten avulla.<\/p>","protected":false},"featured_media":3604,"template":"","meta":[],"product_brand":[],"product_cat":[46],"product_tag":[],"class_list":{"0":"post-3602","1":"product","2":"type-product","3":"status-publish","4":"has-post-thumbnail","6":"product_cat-nfc-cards","8":"first","9":"instock","10":"shipping-taxable","11":"product-type-simple"},"_links":{"self":[{"href":"https:\/\/nfc-readers.com\/fi\/wp-json\/wp\/v2\/product\/3602","targetHints":{"allow":["GET"]}}],"collection":[{"href":"https:\/\/nfc-readers.com\/fi\/wp-json\/wp\/v2\/product"}],"about":[{"href":"https:\/\/nfc-readers.com\/fi\/wp-json\/wp\/v2\/types\/product"}],"wp:featuredmedia":[{"embeddable":true,"href":"https:\/\/nfc-readers.com\/fi\/wp-json\/wp\/v2\/media\/3604"}],"wp:attachment":[{"href":"https:\/\/nfc-readers.com\/fi\/wp-json\/wp\/v2\/media?parent=3602"}],"wp:term":[{"taxonomy":"product_brand","embeddable":true,"href":"https:\/\/nfc-readers.com\/fi\/wp-json\/wp\/v2\/product_brand?post=3602"},{"taxonomy":"product_cat","embeddable":true,"href":"https:\/\/nfc-readers.com\/fi\/wp-json\/wp\/v2\/product_cat?post=3602"},{"taxonomy":"product_tag","embeddable":true,"href":"https:\/\/nfc-readers.com\/fi\/wp-json\/wp\/v2\/product_tag?post=3602"}],"curies":[{"name":"wp","href":"https:\/\/api.w.org\/{rel}","templated":true}]}}