{"id":3610,"date":"2024-11-08T02:46:18","date_gmt":"2024-11-08T02:46:18","guid":{"rendered":"https:\/\/nfc-readers.com\/?post_type=product&#038;p=3610"},"modified":"2024-11-08T02:46:18","modified_gmt":"2024-11-08T02:46:18","slug":"nfc-soft-pvc-vinyl-wristband-card-for-rfid-fabric-wristband","status":"publish","type":"product","link":"https:\/\/nfc-readers.com\/fi\/ic-reader\/nfc-soft-pvc-vinyl-wristband-card-for-rfid-fabric-wristband\/","title":{"rendered":"NFC-pehme\u00e4 PVC-vinyylirannekekortti Rfid-kangasrannekkeeseen"},"content":{"rendered":"<h1><strong>NFC-pehme\u00e4 PVC-vinyylirannekekortti RFID-kangasrannekkeelle<\/strong><\/h1>\n<p>&nbsp;<\/p>\n<p>Nykyp\u00e4iv\u00e4n nopeatempoisessa, teknologiavetoisessa maailmassa <strong>NFC-pehme\u00e4 PVC-vinyylirannekekortti RFID-kangasrannekkeelle<\/strong>\u00a0erottuu keskeisen\u00e4 ty\u00f6kaluna saumattomaan kulunvalvontaan, k\u00e4teisvapaisiin tapahtumiin ja parempaan k\u00e4ytt\u00f6kokemukseen. N\u00e4m\u00e4 korkealaatuisesta vinyylist\u00e4 valmistetut rannekkeet ovat kevyit\u00e4, v\u00e4rikk\u00e4it\u00e4 ja uskomattoman monipuolisia, joten ne sopivat t\u00e4ydellisesti erilaisiin tapahtumiin, kuten konsertteihin, festivaaleihin, teemapuistoihin ja yritystapaamisiin. Toimintataajuudella\u00a0<strong>13,56 MHz<\/strong>\u00a0ja yhteensopivuus RFID- ja NFC-tekniikoiden kanssa, n\u00e4m\u00e4 rannekkeet tarjoavat ainutlaatuisia ratkaisuja tapahtumien j\u00e4rjest\u00e4jille ja yrityksille, jotka haluavat parantaa turvallisuutta ja virtaviivaistaa toimintaa.<\/p>\n<p>&nbsp;<\/p>\n<h3><strong>Miksi valita NFC pehme\u00e4t PVC-vinyylirannekkeet?<\/strong><\/h3>\n<p>NFC-rannekkeisiin sijoittaminen ei ole vain muoti-ilmi\u00f6, vaan toiminnallinen p\u00e4ivitys tapahtumien ja k\u00e4ytt\u00e4jien vuorovaikutuksen tehokkaaseen hallintaan. N\u00e4m\u00e4 rannekkeet poistavat perinteisten lippu- ja kulunvalvontaj\u00e4rjestelmien tarpeen, mik\u00e4 v\u00e4hent\u00e4\u00e4 odotusaikoja ja parantaa vieraiden kokemuksia. Saatavilla olevien r\u00e4\u00e4t\u00e4l\u00f6ityjen br\u00e4nd\u00e4ysvaihtoehtojen ansiosta yritykset voivat parantaa n\u00e4kyvyytt\u00e4\u00e4n ja tarjota luotettavan ja turvallisen menetelm\u00e4n k\u00e4teisvapaille maksuille. J\u00e4rjest\u00e4tk\u00f6 musiikkifestivaaleja, urheilutapahtumia tai huvipuistoja, n\u00e4m\u00e4 rannekkeet tarjoavat tarvitsemasi luotettavuuden ja toimivuuden.<\/p>\n<p>&nbsp;<\/p>\n<h2>RFID- ja NFC-tekniikan ominaisuudet<\/h2>\n<h3>Parannettu kulunvalvonta<\/h3>\n<p>The\u00a0<strong>RFID-tekniikka<\/strong>\u00a0upotettu n\u00e4ihin rannekkeisiin mahdollistaa\u00a0<strong>nopea kulunvalvonta<\/strong>\u00a0tapahtumissa varmistamalla, ett\u00e4 sis\u00e4\u00e4ntulopaikat on turvattu ja samalla lyhent\u00e4\u00e4 vieraiden jonossa viett\u00e4m\u00e4\u00e4 aikaa. Tapahtuman j\u00e4rjest\u00e4j\u00e4t voivat hy\u00f6dynt\u00e4\u00e4\u00a0<strong>RFID rannekkeet<\/strong>\u00a0erilaisiin toimintoihin, mukaan lukien:<\/p>\n<ul>\n<li><strong>VIP-p\u00e4\u00e4sy<\/strong>: Tee ero yleisen sis\u00e4\u00e4np\u00e4\u00e4syn ja VIP-osallistujien v\u00e4lill\u00e4 erityisalueilla.<\/li>\n<li><strong>K\u00e4teisvapaat maksut<\/strong>: Ota k\u00e4ytt\u00f6\u00f6n tavaroiden, ruokien ja juomien k\u00e4teismaksut paikan p\u00e4\u00e4ll\u00e4, mik\u00e4 tekee kokonaiskokemuksesta mukavamman.<\/li>\n<\/ul>\n<h3>Virtaviivaiset toiminnot<\/h3>\n<p>K\u00e4ytt\u00e4m\u00e4ll\u00e4\u00a0<strong>NFC-rannekketekniikka<\/strong>\u00a0virtaviivaistaa tapahtumatoimintaa merkitt\u00e4v\u00e4sti. Kyky suorittaa\u00a0<strong>tiedonkeruu<\/strong>\u00a0N\u00e4iden laitteiden avulla myyj\u00e4t voivat analysoida osallistujien k\u00e4ytt\u00e4ytymist\u00e4 ja kulutustottumuksia tehokkaasti. N\u00e4it\u00e4 tietoja voidaan sitten k\u00e4ytt\u00e4\u00e4 parantamaan tulevia tapahtumia, parantamaan markkinointistrategioita ja optimoimaan asiakaskokemusta.<\/p>\n<p>&nbsp;<\/p>\n<h3><strong>Vinyylirannekkeiden k\u00e4yt\u00f6n edut<\/strong><\/h3>\n<h3>Kest\u00e4vyys ja mukavuus<\/h3>\n<p>Valmistettu korkealaatuisesta materiaalista\u00a0<strong>vinyyli materiaalia<\/strong>, NFC-rannekkeet on suunniteltu kest\u00e4m\u00e4\u00e4n erilaisia festivaaleihin, konsertteihin ja ulkoilmatapahtumiin liittyvi\u00e4 elementtej\u00e4. Toisin kuin paperiliput tai kangasrannekkeet, jotka voivat repeyty\u00e4 tai vaurioitua helposti, vinyylirannekkeet ovat vedenpit\u00e4vi\u00e4, repeytym\u00e4tt\u00f6mi\u00e4 ja hienkest\u00e4vi\u00e4, mik\u00e4 varmistaa, ett\u00e4 ne pysyv\u00e4t ehjin\u00e4 koko tapahtuman ajan.<\/p>\n<h3>Kertak\u00e4ytt\u00f6inen ja peukaloinninkest\u00e4v\u00e4<\/h3>\n<p>The\u00a0<strong>kertak\u00e4ytt\u00f6inen<\/strong>\u00a0N\u00e4iden rannekkeiden luonne takaa maksimaalisen turvallisuuden. Kun ranneketta on k\u00e4ytetty sis\u00e4\u00e4np\u00e4\u00e4syyn, se mit\u00e4t\u00f6ityy eik\u00e4 sit\u00e4 voi k\u00e4ytt\u00e4\u00e4 uudelleen. T\u00e4m\u00e4 v\u00e4hent\u00e4\u00e4 merkitt\u00e4v\u00e4sti lippupetosten riski\u00e4, joka on yleinen ongelma suurissa tapahtumissa. Tapahtuman j\u00e4rjest\u00e4j\u00e4t voivat olla varmoja, ett\u00e4 heid\u00e4n omaisuutensa ja toimintansa on suojattu.<\/p>\n<p>&nbsp;<\/p>\n<h3><strong>Mukautettavat br\u00e4nd\u00e4ysvaihtoehdot<\/strong><\/h3>\n<h3>Pysyv\u00e4n vaikutelman luominen<\/h3>\n<p>NFC-rannekkeet tarjoavat useita mukautusvaihtoehtoja br\u00e4nd\u00e4ystarkoituksiin. Yritykset voivat parantaa n\u00e4kyvyytt\u00e4\u00e4n r\u00e4\u00e4t\u00e4l\u00f6idyill\u00e4\u00a0<strong>l\u00e4mm\u00f6nsiirtopainatus<\/strong>, logot, viivakoodit tai QR-koodit sek\u00e4 rannekkeissa ett\u00e4 mukana olevissa korteissa. N\u00e4m\u00e4 br\u00e4nd\u00e4ysmahdollisuudet luovat ammattimaisen ilmeen, joka j\u00e4tt\u00e4\u00e4 vieraisiin pysyv\u00e4n vaikutuksen ja edist\u00e4\u00e4 br\u00e4ndin tunnettuutta my\u00f6s tapahtuman j\u00e4lkeen.<\/p>\n<h3>Markkinoinnin edut<\/h3>\n<p>Br\u00e4nd\u00e4ys r\u00e4\u00e4t\u00e4l\u00f6ityjen rannekkeiden avulla on osoittautunut tehokkaaksi markkinointity\u00f6kaluksi. Br\u00e4ndisi rannekkeita k\u00e4ytt\u00e4vist\u00e4 osallistujista tulee k\u00e4velevi\u00e4 mainoksia, jotka esittelev\u00e4t logoasi ja mallejasi kauan tapahtuman p\u00e4\u00e4ttymisen j\u00e4lkeen. T\u00e4m\u00e4 parantaa br\u00e4ndin n\u00e4kyvyytt\u00e4 ja voi mahdollisesti houkutella uusia asiakkaita, jotka n\u00e4kev\u00e4t br\u00e4nd\u00e4yksenne erilaisissa yhteyksiss\u00e4.<\/p>\n<p>&nbsp;<\/p>\n<h3><strong>Usein kysytyt kysymykset (FAQ)<\/strong><\/h3>\n<h2>1. Mit\u00e4 ovat NFC-pehme\u00e4t PVC-vinyylirannekkeet?<\/h2>\n<p>NFC-pehme\u00e4t PVC-vinyylirannekkeet ovat puettavaa tekniikkaa, joka hy\u00f6dynt\u00e4\u00e4 Near Field Communication (NFC) ja Radio Frequency Identification (RFID) -tunnistusta kontaktittoman kulunvalvonta-, tiedonkeruu- ja k\u00e4teismaksuvaihtoehtojen tarjoamiseen tapahtumissa. Ne on valmistettu kest\u00e4v\u00e4st\u00e4 vinyylimateriaalista ja ne on suunniteltu k\u00e4ytt\u00f6mukavuutta ja k\u00e4ytt\u00f6mukavuutta ajatellen.<\/p>\n<h2>2. Mik\u00e4 on n\u00e4iden rannekkeiden taajuus?<\/h2>\n<p>N\u00e4m\u00e4 rannekkeet toimivat taajuudella\u00a0<strong>13,56 MHz<\/strong>, joka on yhteinen NFC- ja RFID-tekniikoille, mik\u00e4 varmistaa yhteensopivuuden useimpien RFID-lukijoiden ja NFC-yhteensopivien laitteiden kanssa.<\/p>\n<h2>3. Ovatko rannekkeet uudelleenk\u00e4ytett\u00e4vi\u00e4?<\/h2>\n<p>Ei, NFC pehme\u00e4t PVC-vinyylirannekkeet on suunniteltu\u00a0<strong>kertak\u00e4ytt\u00f6inen<\/strong>. T\u00e4m\u00e4 ominaisuus on tarkoitettu parantamaan turvallisuutta ja minimoimaan lippupetosten riski\u00e4, mik\u00e4 tekee niist\u00e4 ihanteellisia tapahtumiin, joissa kulunvalvonta on ratkaisevan t\u00e4rke\u00e4\u00e4.<\/p>\n<h2>4. Voiko rannekkeita r\u00e4\u00e4t\u00e4l\u00f6id\u00e4?<\/h2>\n<p>Kyll\u00e4! Voit muokata rannekkeita eri tavoilla, mukaan lukien:<\/p>\n<ul>\n<li><strong>Logon painatus<\/strong><\/li>\n<li><strong>Viivakoodit ja QR-koodit<\/strong><\/li>\n<li><strong>V\u00e4rilliset mallit<\/strong><\/li>\n<li><strong>Erikoisia askartelutekniikoita<\/strong>\u00a0kuten l\u00e4mm\u00f6nsiirtotulostus ja laserkoodaus.<\/li>\n<\/ul>\n<p>T\u00e4m\u00e4n mukautuksen avulla yritykset voivat parantaa br\u00e4nd\u00e4yst\u00e4 ja luoda ammattimaisen ilmeen tapahtumiin.<\/p>","protected":false},"excerpt":{"rendered":"<p>NFC-pehme\u00e4 PVC-vinyylirannekekortti on kest\u00e4v\u00e4, muokattavissa oleva ratkaisu turvalliseen p\u00e4\u00e4syyn ja k\u00e4teisvapaisiin tapahtumiin. N\u00e4m\u00e4 mukavuuteen ja toimivuuteen suunnitellut rannekkeet parantavat yleist\u00e4 vieraskokemusta varmistaen samalla luotettavan kulunvalvonnan.<\/p>","protected":false},"featured_media":3611,"template":"","meta":[],"product_brand":[],"product_cat":[50],"product_tag":[],"class_list":{"0":"post-3610","1":"product","2":"type-product","3":"status-publish","4":"has-post-thumbnail","6":"product_cat-silicone-rfid-nfc-wristbands","8":"first","9":"instock","10":"shipping-taxable","11":"product-type-simple"},"_links":{"self":[{"href":"https:\/\/nfc-readers.com\/fi\/wp-json\/wp\/v2\/product\/3610","targetHints":{"allow":["GET"]}}],"collection":[{"href":"https:\/\/nfc-readers.com\/fi\/wp-json\/wp\/v2\/product"}],"about":[{"href":"https:\/\/nfc-readers.com\/fi\/wp-json\/wp\/v2\/types\/product"}],"wp:featuredmedia":[{"embeddable":true,"href":"https:\/\/nfc-readers.com\/fi\/wp-json\/wp\/v2\/media\/3611"}],"wp:attachment":[{"href":"https:\/\/nfc-readers.com\/fi\/wp-json\/wp\/v2\/media?parent=3610"}],"wp:term":[{"taxonomy":"product_brand","embeddable":true,"href":"https:\/\/nfc-readers.com\/fi\/wp-json\/wp\/v2\/product_brand?post=3610"},{"taxonomy":"product_cat","embeddable":true,"href":"https:\/\/nfc-readers.com\/fi\/wp-json\/wp\/v2\/product_cat?post=3610"},{"taxonomy":"product_tag","embeddable":true,"href":"https:\/\/nfc-readers.com\/fi\/wp-json\/wp\/v2\/product_tag?post=3610"}],"curies":[{"name":"wp","href":"https:\/\/api.w.org\/{rel}","templated":true}]}}