{"id":3619,"date":"2024-11-08T04:21:11","date_gmt":"2024-11-08T04:21:11","guid":{"rendered":"https:\/\/nfc-readers.com\/?post_type=product&#038;p=3619"},"modified":"2024-11-08T04:21:11","modified_gmt":"2024-11-08T04:21:11","slug":"mifare-ultralight-ev1-rfid-stretchy-woven-nfc-rfid-wristband","status":"publish","type":"product","link":"https:\/\/nfc-readers.com\/fi\/ic-reader\/mifare-ultralight-ev1-rfid-stretchy-woven-nfc-rfid-wristband\/","title":{"rendered":"MIFARE Ultrakevyt Ev1 RFID Joustava kudottu NFC RFID ranneke"},"content":{"rendered":"<h1 style=\"text-align: center;\"><strong>MIFARE Ultrakevyt Ev1 RFID Joustava kudottu NFC RFID ranneke<\/strong><\/h1>\n<p>&nbsp;<\/p>\n<p>The <strong>MIFARE Ultrakevyt EV1 RFID Joustava kudottu NFC-ranneke<\/strong>\u00a0on paras ratkaisu nykyaikaiseen tapahtumanhallintaan, joka tarjoaa saumattoman kulunvalvonnan, k\u00e4teisvapaan maksuratkaisun ja parannetun vieraskokemuksen. T\u00e4ss\u00e4 innovaatioita silm\u00e4ll\u00e4 pit\u00e4en rannenauhassa yhdistyv\u00e4t huippuluokan RFID-tekniikka muokattavissa oleviin malleihin, ja siit\u00e4 tulee t\u00e4rke\u00e4 ty\u00f6kalu tapahtumaj\u00e4rjest\u00e4jille ja osallistujille. J\u00e4rjest\u00e4tk\u00f6 musiikkifestivaalin, vesipuiston n\u00e4ht\u00e4vyyden tai yritystapahtuman, t\u00e4m\u00e4 RFID-ranneke takaa virtaviivaistetun toiminnan, paremman turvallisuuden ja ikimuistoisen kokemuksen kaikille osallistujille.<\/p>\n<p>&nbsp;<\/p>\n<h3><strong>Tuotteen edut<\/strong><\/h3>\n<ul>\n<li><strong>Parannettu suojaus<\/strong>: MIFARE Ultralight EV1 -siru varmistaa, ett\u00e4 ranneke ei ole vain peukaloitu, vaan pystyy my\u00f6s turvalliseen tiedonsiirtoon.<\/li>\n<li><strong>Vedenpit\u00e4v\u00e4 ja kest\u00e4v\u00e4<\/strong>: IP68-luokiteltu ranneke on sek\u00e4 veden- ett\u00e4 s\u00e4\u00e4nkest\u00e4v\u00e4, ja se on suunniteltu kest\u00e4m\u00e4\u00e4n erilaisia ymp\u00e4rist\u00f6olosuhteita varmistaen, ett\u00e4 se ei vaurioidu ulkotapahtumien tai veteen liittyvien toimintojen aikana.<\/li>\n<li><strong>K\u00e4ytt\u00e4j\u00e4yst\u00e4v\u00e4llinen<\/strong>: RFID-ranneke eliminoi k\u00e4teismaksujen tarpeen, mik\u00e4 mahdollistaa k\u00e4teisvapaan maksun, joka parantaa tehokkuutta ja lyhent\u00e4\u00e4 vieraiden odotusaikoja.<\/li>\n<li><strong>Muokattavat mallit<\/strong>: T\u00e4ysv\u00e4risen CMYK-tulostuksen avulla tapahtumien j\u00e4rjest\u00e4j\u00e4t voivat luoda visuaalisesti houkuttelevia rannekkeita, jotka parantavat br\u00e4ndin n\u00e4kyvyytt\u00e4.<\/li>\n<li><strong>Joustavat koot ja v\u00e4rit<\/strong>: Saatavana eri kokoisina (145x25x1,5 mm ja 185x25x1,5 mm) ja v\u00e4rein\u00e4 (sininen, punainen, valkoinen, musta, vihre\u00e4, keltainen, oranssi, harmaa), rannekkeet sopivat erilaisiin esteettisiin mieltymyksiin.<\/li>\n<\/ul>\n<p>&nbsp;<\/p>\n<h2><strong>T\u00e4rkeimm\u00e4t ominaisuudet ja tekniset tiedot<\/strong><\/h2>\n<h3>Tehokas MIFARE-siru<\/h3>\n<p>Rannekkeen syd\u00e4n on\u00a0<strong>MIFARE Ultrakevyt EV1-siru<\/strong>, joka tarjoaa luotettavan suorituskyvyn kulunvalvontaan ja tiedonhallintaan. Siru varmistaa turvallisen viestinn\u00e4n RFID-lukijoiden kanssa, mik\u00e4 tekee siit\u00e4 ihanteellisen suuren liikenteen tapahtumiin, joissa nopea k\u00e4sittely on v\u00e4ltt\u00e4m\u00e4t\u00f6nt\u00e4.<\/p>\n<h3>Veden- ja s\u00e4\u00e4nkest\u00e4v\u00e4 muotoilu<\/h3>\n<p>kanssa\u00a0<strong>IP68 luokitus<\/strong>, ranneke on vedenpit\u00e4v\u00e4, joten se pysyy toimivana my\u00f6s haastavissa s\u00e4\u00e4olosuhteissa. Satoipa sadetta konsertissa tai roiskeita vesipuistossa, k\u00e4ytt\u00e4j\u00e4t voivat nauttia toiminnastaan huoletta.<\/p>\n<h3>K\u00e4teinen maksuratkaisut<\/h3>\n<p>K\u00e4teisen tai korttien kantamisen ajat ovat menneet. T\u00e4m\u00e4 ranneke mahdollistaa nopean ja helpon\u00a0<strong>k\u00e4teisvapaat maksut<\/strong>, t\u00e4ydellinen kiireisiin tapahtumiin, joissa tehokkuus on avainasemassa. Tapahtumaj\u00e4rjest\u00e4j\u00e4t voivat helposti seurata tapahtumia ja tehostaa toimintaa.<\/p>\n<h3>R\u00e4\u00e4t\u00e4l\u00f6inti ja br\u00e4nd\u00e4ys<\/h3>\n<p>Tapahtumasuunnittelijat voivat hy\u00f6dynt\u00e4\u00e4\u00a0<strong>t\u00e4ysv\u00e4rinen CMYK-tulostus<\/strong>\u00a0mahdollisuus luoda mukautettuja malleja. T\u00e4m\u00e4 ei vain paranna br\u00e4nd\u00e4yst\u00e4, vaan lis\u00e4\u00e4 my\u00f6s ainutlaatuista ilmett\u00e4, jolloin osallistujat voivat esitell\u00e4 tapahtumakokemustaan.<\/p>\n<p>&nbsp;<\/p>\n<h2><strong>Usein kysytyt kysymykset (FAQ)<\/strong><\/h2>\n<h3>1.\u00a0<strong>Mik\u00e4 on RFID-ranneke?<\/strong><\/h3>\n<p>RFID-ranneke on puettava laite, joka k\u00e4ytt\u00e4\u00e4 radiotaajuista tunnistustekniikkaa (RFID) tiedon v\u00e4litt\u00e4miseen radioaaltojen v\u00e4lityksell\u00e4. Se mahdollistaa turvallisen kulunvalvonnan, k\u00e4teisvapaan maksun ja tiedonkeruun tapahtumissa.<\/p>\n<h3>2.\u00a0<strong>Miten MIFARE Ultralight EV1 RFID -ranneke toimii?<\/strong><\/h3>\n<p>Ranneke toimii sirulla, joka kommunikoi RFID-lukijoiden kanssa. Kun ranneketta napautetaan lukijaa vasten, se v\u00e4litt\u00e4\u00e4 tallennetut tiedot, my\u00f6nt\u00e4\u00e4 p\u00e4\u00e4syn tai k\u00e4sittelee maksua.<\/p>\n<h3>3.\u00a0<strong>Onko ranneke vedenpit\u00e4v\u00e4?<\/strong><\/h3>\n<p>Kyll\u00e4, MIFARE Ultralight EV1 RFID -rannekkeemme on IP68-luokiteltu, mik\u00e4 tarkoittaa, ett\u00e4 se on t\u00e4ysin vedenpit\u00e4v\u00e4 ja kest\u00e4\u00e4 upotuksen veteen, joten se sopii erilaisiin ulkotapahtumiin, mukaan lukien vesipuistot.<\/p>\n<h3>4.\u00a0<strong>Voiko ranneketta mukauttaa?<\/strong><\/h3>\n<p>T\u00e4ysin! Tarjoamme mukautettavia v\u00e4rivaihtoehtoja ja t\u00e4ysv\u00e4risen CMYK-tulostuksen, jonka avulla voit suunnitella rannekkeita, jotka sopivat tapahtumasi br\u00e4ndiin ja teemaan.<\/p>\n<p>&nbsp;<\/p>","protected":false},"excerpt":{"rendered":"<p>MIFARE Ultralight EV1 RFID Stretchy Woven NFC -ranneke on suunniteltu turvalliseen kulunvalvontaan ja k\u00e4teisvapaisiin tapahtumiin. Sen vedenpit\u00e4v\u00e4 ja muokattavissa olevat ominaisuudet tekev\u00e4t siit\u00e4 ihanteellisen eri tilanteisiin.<\/p>","protected":false},"featured_media":3620,"template":"","meta":[],"product_brand":[],"product_cat":[50],"product_tag":[],"class_list":{"0":"post-3619","1":"product","2":"type-product","3":"status-publish","4":"has-post-thumbnail","6":"product_cat-silicone-rfid-nfc-wristbands","8":"first","9":"instock","10":"shipping-taxable","11":"product-type-simple"},"_links":{"self":[{"href":"https:\/\/nfc-readers.com\/fi\/wp-json\/wp\/v2\/product\/3619","targetHints":{"allow":["GET"]}}],"collection":[{"href":"https:\/\/nfc-readers.com\/fi\/wp-json\/wp\/v2\/product"}],"about":[{"href":"https:\/\/nfc-readers.com\/fi\/wp-json\/wp\/v2\/types\/product"}],"wp:featuredmedia":[{"embeddable":true,"href":"https:\/\/nfc-readers.com\/fi\/wp-json\/wp\/v2\/media\/3620"}],"wp:attachment":[{"href":"https:\/\/nfc-readers.com\/fi\/wp-json\/wp\/v2\/media?parent=3619"}],"wp:term":[{"taxonomy":"product_brand","embeddable":true,"href":"https:\/\/nfc-readers.com\/fi\/wp-json\/wp\/v2\/product_brand?post=3619"},{"taxonomy":"product_cat","embeddable":true,"href":"https:\/\/nfc-readers.com\/fi\/wp-json\/wp\/v2\/product_cat?post=3619"},{"taxonomy":"product_tag","embeddable":true,"href":"https:\/\/nfc-readers.com\/fi\/wp-json\/wp\/v2\/product_tag?post=3619"}],"curies":[{"name":"wp","href":"https:\/\/api.w.org\/{rel}","templated":true}]}}