{"id":3626,"date":"2024-11-08T04:27:49","date_gmt":"2024-11-08T04:27:49","guid":{"rendered":"https:\/\/nfc-readers.com\/?post_type=product&#038;p=3626"},"modified":"2024-11-08T04:27:50","modified_gmt":"2024-11-08T04:27:50","slug":"concert-access-identification-tickets-nfc-elastic-wristband","status":"publish","type":"product","link":"https:\/\/nfc-readers.com\/fi\/ic-reader\/concert-access-identification-tickets-nfc-elastic-wristband\/","title":{"rendered":"konserttip\u00e4\u00e4syliput NFC joustava ranneke"},"content":{"rendered":"<h1 style=\"text-align: center;\"><strong>konserttip\u00e4\u00e4syliput NFC joustava ranneke<\/strong><\/h1>\n<p>&nbsp;<\/p>\n<p>Liikkuminen tapahtumien ja festivaalien maailmassa ei ole koskaan ollut helpompaa NFC-joustorannekkeiden ansiosta. Maisemassa, jossa turvallisuus ja k\u00e4ytt\u00f6mukavuus ovat yh\u00e4 riippuvaisempia teknologiasta, <strong>NFC ranneke<\/strong> nousee konserttip\u00e4\u00e4syn tunnistamiseen ja lipunmyyntiin pelin muuttajana. N\u00e4m\u00e4 rannekkeet on valmistettu kest\u00e4vist\u00e4 materiaaleista ja t\u00e4ynn\u00e4 huippuluokan RFID-tekniikkaa, ja ne tarjoavat tehokkaan ja vaivattoman ratkaisun niin tapahtumien j\u00e4rjest\u00e4jille kuin osallistujillekin. Olitpa sitten johtamassa vilkasta musiikkifestivaalia tai intiimi\u00e4 konserttia, investoimalla n\u00e4ihin edistyksellisiin rannekkeisiin voit virtaviivaistaa kulunvalvontaa ja parantaa yleist\u00e4 vieraskokemusta.<\/p>\n<p>&nbsp;<\/p>\n<h2><strong>Miksi valita elastinen NFC-ranneke?<\/strong><\/h2>\n<p>Joustava NFC-ranneke on suunniteltu yksinkertaistamaan sis\u00e4\u00e4ntuloprosessia ja varmistamaan samalla turvallisuus ja luotettavuus. N\u00e4m\u00e4 rannekkeet ovat vedenpit\u00e4vi\u00e4, muokattavissa ja varustettu edistyneell\u00e4 NFC-tekniikalla, mik\u00e4 mahdollistaa k\u00e4teisvapaan maksuratkaisun ja nopean sis\u00e4\u00e4np\u00e4\u00e4syn. Sis\u00e4llytt\u00e4m\u00e4ll\u00e4 ominaisuuksia, jotka on suunniteltu erityisesti suurikapasiteettisia tapahtumia varten, voit lyhent\u00e4\u00e4 odotusaikoja merkitt\u00e4v\u00e4sti ja parantaa turvallisuutta, tarjoten samalla osallistujille ikimuistoisen kokemuksen.<\/p>\n<p>T\u00e4m\u00e4 kattava opas tutkii joustavan NFC-rannekkeen erilaisia ominaisuuksia ja etuja ja pohtii, miksi se on arvokas sijoitus mihin tahansa tapahtumaan.<\/p>\n<p>&nbsp;<\/p>\n<h2><strong>Tuotteen ominaisuudet ja edut<\/strong><\/h2>\n<h3>1.\u00a0<strong>Kehittynyt RFID- ja NFC-tekniikka<\/strong><\/h3>\n<p>Joustava NFC-ranneke k\u00e4ytt\u00e4\u00e4 edistyneit\u00e4\u00a0<strong>RFID<\/strong>\u00a0(Radio Frequency Identification) ja\u00a0<strong>NFC<\/strong>\u00a0(Near Field Communication) -teknologiat, jotka toimivat taajuudella\u00a0<strong>13,56 MHz<\/strong>. T\u00e4m\u00e4 integrointi varmistaa nopean viestinn\u00e4n rannekkeen ja skannauslaitteiston v\u00e4lill\u00e4, mik\u00e4 helpottaa saumatonta kulunvalvontaa ilman, ett\u00e4 sinun tarvitsee haparoida fyysisi\u00e4 lippuja.<\/p>\n<p>Sis\u00e4lt\u00e4\u00e4 molemmat\u00a0<strong>RFID<\/strong>\u00a0ja\u00a0<strong>NFC<\/strong>\u00a0tapahtumaasetuksiin liittyv\u00e4t vivahteet mahdollistavat tehokkaan tiedonkeruun, tulevaisuuden markkinoinnin oivalluksia ja parannetun vierailijakokemuksen. Molemmat tekniikat ovat todistetusti niin\u00a0<strong>vedenpit\u00e4v\u00e4<\/strong>, joten ne ovat ihanteellisia ulkoilmakonsertteihin ja festivaaleihin, joissa odottamattomat s\u00e4\u00e4olosuhteet voivat muuten h\u00e4irit\u00e4 tapahtumia.<\/p>\n<h3>2.\u00a0<strong>Mukautettavuusvaihtoehdot<\/strong><\/h3>\n<p>Yksi erottuvista ominaisuuksista\u00a0<strong>NFC ranneke<\/strong>\u00a0on sen muokattavuus. Kautta\u00a0<strong>l\u00e4mm\u00f6nsiirtopainatus<\/strong>, voit muokata n\u00e4it\u00e4 rannekkeita logoilla, v\u00e4reill\u00e4 ja grafiikalla, jotka liittyv\u00e4t tapahtumaasi. Olitpa j\u00e4rjest\u00e4m\u00e4ss\u00e4 yritysgaalaa, kes\u00e4festivaaleja tai konserttia, br\u00e4ndisi n\u00e4kyvyyden varmistaminen vahvistaa br\u00e4ndin tunnettuutta osallistujien keskuudessa.<\/p>\n<p>Lis\u00e4ksi rannekkeitamme on saatavana eri kokoisina, mukaan lukien\u00a0<strong>180x20mm<\/strong>, tai se voidaan r\u00e4\u00e4t\u00e4l\u00f6id\u00e4 vastaamaan erityisvaatimuksiasi. T\u00e4m\u00e4 r\u00e4\u00e4t\u00e4l\u00f6intitaso auttaa edist\u00e4m\u00e4\u00e4n osallistujien yhteenkuuluvuuden ja identiteetin tunnetta.<\/p>\n<h3>3.\u00a0<strong>Parannettu vieraskokemus<\/strong><\/h3>\n<p>Tehokas\u00a0<strong>kulunvalvonta<\/strong>\u00a0on t\u00e4rke\u00e4\u00e4 suurissa tapahtumissa. Joustavat NFC-rannekkeemme varmistavat v\u00e4litt\u00f6m\u00e4n vahvistuksen, jolloin vieraat p\u00e4\u00e4sev\u00e4t tapahtumapaikkoihin nopeasti. Minimoimalla pullonkauloja ja lyhent\u00e4m\u00e4ll\u00e4 odotusaikoja luot yleis\u00f6llesi suotuisamman ja nautinnollisemman kokemuksen.<\/p>\n<p>Lis\u00e4ksi n\u00e4m\u00e4 rannekkeet ovat uudelleenk\u00e4ytett\u00e4vi\u00e4; ne on valmistettu kest\u00e4v\u00e4st\u00e4\u00a0<strong>kangas\/PVC<\/strong>\u00a0materiaaleja, jotka kest\u00e4v\u00e4t erilaisia ymp\u00e4rist\u00f6olosuhteita s\u00e4ilytt\u00e4en samalla eheytens\u00e4. T\u00e4m\u00e4 joustavuus on t\u00e4rke\u00e4 ulkotapahtumissa, joissa rannekkeet voivat altistua vedelle, hielle tai jopa kovalle k\u00e4sittelylle.<\/p>\n<h3>4.\u00a0<strong>Tehokkaat maksuratkaisut<\/strong><\/h3>\n<p>Nykyp\u00e4iv\u00e4n rahattomassa yhteiskunnassa tarjoaminen\u00a0<strong>k\u00e4teisvapaa maksu<\/strong>\u00a0vaihtoehdoista on tullut v\u00e4ltt\u00e4m\u00e4tt\u00f6mi\u00e4. Joustavat NFC-rannekkeet helpottavat kontaktittomia maksutapahtumia, jolloin k\u00e4ytt\u00e4j\u00e4t voivat tehd\u00e4 ostoksia ruokakojuista, kauppakojuista ja muista ilman fyysist\u00e4 k\u00e4teist\u00e4. T\u00e4m\u00e4 ei vain paranna vieraskokemusta, vaan my\u00f6s virtaviivaistaa tapahtumatoimintoja v\u00e4hent\u00e4m\u00e4ll\u00e4 k\u00e4teisen k\u00e4sittelyyn liittyvi\u00e4 huolenaiheita.<\/p>\n<p>Vieraat voivat yksinkertaisesti napauttaa rannekettaan miss\u00e4 tahansa NFC-yhteensopivassa myyntipisteess\u00e4, mik\u00e4 lyhent\u00e4\u00e4 merkitt\u00e4v\u00e4sti tapahtumaaikoja \u2013 varmistaa, ett\u00e4 kukaan ei j\u00e4\u00e4 paitsi suosituista tuotteista!<\/p>\n<h3>5.\u00a0<strong>Turvallisuus ja tiedonkeruu<\/strong><\/h3>\n<p>Hy\u00f6dynt\u00e4m\u00e4ll\u00e4\u00a0<strong>RFID<\/strong>\u00a0teknologia lis\u00e4\u00e4 merkitt\u00e4v\u00e4sti tapahtumasi turvallisuutta. Jokainen ranneke voidaan upottaa yksil\u00f6llisill\u00e4 tunnisteilla, jotka auttavat seuraamaan ja hallitsemaan vieraiden p\u00e4\u00e4sy\u00e4; T\u00e4m\u00e4 tekniikka mahdollistaa reaaliaikaisen vierasvirran seurannan tapahtumapaikassa.<\/p>\n<p>Lis\u00e4ksi tiedonkeruuominaisuudet tarkoittavat, ett\u00e4 voit analysoida trendej\u00e4, ymm\u00e4rt\u00e4\u00e4 osallistujien k\u00e4ytt\u00e4ytymist\u00e4 ja ottaa k\u00e4ytt\u00f6\u00f6n dynaamisia hinnoittelustrategioita tulevia tapahtumia varten. T\u00e4m\u00e4 oivallus voi johtaa parempaan suunnitteluun ja toteutukseen\u00a0<strong>RFID-tapahtumat<\/strong>\u00a0tulevaisuudessa.<\/p>\n<p>&nbsp;<\/p>\n<h2>Tekniset tiedot<\/h2>\n<table class=\"w-fit !mb-0 !max-w-none\">\n<thead>\n<tr>\n<th><strong>Attribuutti<\/strong><\/th>\n<th><strong>Kuvaus<\/strong><\/th>\n<\/tr>\n<\/thead>\n<tbody>\n<tr>\n<td><strong>Tuotteen nimi<\/strong><\/td>\n<td>NFC joustava ranneke<\/td>\n<\/tr>\n<tr>\n<td><strong>Materiaali<\/strong><\/td>\n<td>Kangas\/PVC<\/td>\n<\/tr>\n<tr>\n<td><strong>Viestint\u00e4liittym\u00e4<\/strong><\/td>\n<td>RFID, NFC<\/td>\n<\/tr>\n<tr>\n<td><strong>Taajuus<\/strong><\/td>\n<td>13,56 MHz<\/td>\n<\/tr>\n<tr>\n<td><strong>Sirun asetukset<\/strong><\/td>\n<td>Tag213\/tag215\/tag216\/2k\/4k\/8k\/tk4100\/t5577<\/td>\n<\/tr>\n<tr>\n<td><strong>p\u00f6yt\u00e4kirja<\/strong><\/td>\n<td>ISO 14443A<\/td>\n<\/tr>\n<tr>\n<td><strong>Lukuet\u00e4isyys<\/strong><\/td>\n<td>1-10 cm<\/td>\n<\/tr>\n<tr>\n<td><strong>R\u00e4\u00e4t\u00e4l\u00f6inti<\/strong><\/td>\n<td>Logo, v\u00e4ri, grafiikka<\/td>\n<\/tr>\n<\/tbody>\n<\/table>\n<p>&nbsp;<\/p>\n<h2><strong>Usein kysytyt kysymykset (FAQ)<\/strong><\/h2>\n<h3>1.\u00a0<strong>Mik\u00e4 on joustava NFC-ranneke?<\/strong><\/h3>\n<p>Joustava NFC-ranneke on puettava laite, jossa on NFC (Near Field Communication) ja RFID (Radio Frequency Identification) -tekniikka. Se mahdollistaa nopean p\u00e4\u00e4synhallinnan, k\u00e4teisvapaan maksun ja tiedonkeruun tapahtumissa, mik\u00e4 parantaa yleist\u00e4 vieraskokemusta.<\/p>\n<h3>2.\u00a0<strong>Miten NFC-rannekkeet toimivat?<\/strong><\/h3>\n<p>NFC-rannekkeet toimivat l\u00e4hett\u00e4m\u00e4ll\u00e4 tietoa radioaaltojen kautta, kun ne tuodaan l\u00e4helle yhteensopivaa lukijaa. T\u00e4m\u00e4 mahdollistaa kontaktittoman vuorovaikutuksen, kuten merkint\u00f6jen skannauksen tai maksujen k\u00e4sittelyn, yksinkertaisesti napauttamalla ranneketta sensoria vasten.<\/p>\n<h3>3.\u00a0<strong>Ovatko NFC-rannekkeet vedenpit\u00e4vi\u00e4?<\/strong><\/h3>\n<p>Kyll\u00e4, joustavat NFC-rannekkeemme on suunniteltu vedenpit\u00e4viksi, joten ne soveltuvat k\u00e4ytett\u00e4v\u00e4ksi erilaisissa ymp\u00e4rist\u00f6iss\u00e4, mukaan lukien konsertit ja ulkoilmatapahtumat, joissa saattaa esiinty\u00e4 altistumista vedelle.<\/p>\n<h3>4.\u00a0<strong>Voiko rannekkeita r\u00e4\u00e4t\u00e4l\u00f6id\u00e4?<\/strong><\/h3>\n<p>T\u00e4ysin! Joustavat NFC-rannekkeet voidaan mukauttaa logollasi, v\u00e4reill\u00e4si ja grafiikoillasi l\u00e4mm\u00f6nsiirtotulostuksen avulla. T\u00e4m\u00e4 r\u00e4\u00e4t\u00e4l\u00f6inti on ihanteellinen br\u00e4nd\u00e4ykseen ja tapahtumakokemuksen parantamiseen.<\/p>","protected":false},"excerpt":{"rendered":"<p>The\u00a0<strong>Concert Access Identification NFC joustava ranneke<\/strong>\u00a0on huippuluokan ratkaisu, joka on suunniteltu virtaviivaistamaan tapahtumiin p\u00e4\u00e4sy\u00e4 ja parantamaan vieraiden kokemuksia. N\u00e4m\u00e4 mukautettavat ja vedenpit\u00e4v\u00e4t rannekkeet, joissa on edistyksellinen RFID-tekniikka, mahdollistavat saumattoman kulunvalvonnan ja k\u00e4teisvapaan maksun, joten ne sopivat ihanteellisesti kaikenkokoisiin konsertteihin ja festivaaleihin.<\/p>","protected":false},"featured_media":3627,"template":"","meta":[],"product_brand":[],"product_cat":[50],"product_tag":[],"class_list":{"0":"post-3626","1":"product","2":"type-product","3":"status-publish","4":"has-post-thumbnail","6":"product_cat-silicone-rfid-nfc-wristbands","8":"first","9":"instock","10":"shipping-taxable","11":"product-type-simple"},"_links":{"self":[{"href":"https:\/\/nfc-readers.com\/fi\/wp-json\/wp\/v2\/product\/3626","targetHints":{"allow":["GET"]}}],"collection":[{"href":"https:\/\/nfc-readers.com\/fi\/wp-json\/wp\/v2\/product"}],"about":[{"href":"https:\/\/nfc-readers.com\/fi\/wp-json\/wp\/v2\/types\/product"}],"wp:featuredmedia":[{"embeddable":true,"href":"https:\/\/nfc-readers.com\/fi\/wp-json\/wp\/v2\/media\/3627"}],"wp:attachment":[{"href":"https:\/\/nfc-readers.com\/fi\/wp-json\/wp\/v2\/media?parent=3626"}],"wp:term":[{"taxonomy":"product_brand","embeddable":true,"href":"https:\/\/nfc-readers.com\/fi\/wp-json\/wp\/v2\/product_brand?post=3626"},{"taxonomy":"product_cat","embeddable":true,"href":"https:\/\/nfc-readers.com\/fi\/wp-json\/wp\/v2\/product_cat?post=3626"},{"taxonomy":"product_tag","embeddable":true,"href":"https:\/\/nfc-readers.com\/fi\/wp-json\/wp\/v2\/product_tag?post=3626"}],"curies":[{"name":"wp","href":"https:\/\/api.w.org\/{rel}","templated":true}]}}