{"id":3633,"date":"2024-11-08T04:33:33","date_gmt":"2024-11-08T04:33:33","guid":{"rendered":"https:\/\/nfc-readers.com\/?post_type=product&#038;p=3633"},"modified":"2024-11-08T04:33:34","modified_gmt":"2024-11-08T04:33:34","slug":"rfid-wristband-elastic-nfc-rfid-tag-access-control-identification","status":"publish","type":"product","link":"https:\/\/nfc-readers.com\/fi\/ic-reader\/rfid-wristband-elastic-nfc-rfid-tag-access-control-identification\/","title":{"rendered":"RFID-ranneke Joustava NFC RFID-tunniste kulunvalvontatunniste"},"content":{"rendered":"<h1 style=\"text-align: center;\"><strong>RFID-ranneke Joustava NFC RFID-tunniste kulunvalvontatunniste<\/strong><\/h1>\n<p>The <strong>RFID-ranneke<\/strong>\u00a0muuttaa tapaa, jolla organisaatiot hallitsevat kulunvalvontaa ja tunnistusta tapahtumissa, festivaaleissa ja tapahtumapaikoissa. Edistyksell\u00e4\u00e4n\u00a0<strong>NFC-tekniikka<\/strong>,\u00a0<strong>vedenpit\u00e4v\u00e4t materiaalit<\/strong>, ja muokattavissa olevat ominaisuudet, t\u00e4m\u00e4 joustava ranneke ei ole vain toiminnallinen, vaan se on suunniteltu kest\u00e4m\u00e4\u00e4n ja tyyliin. Se yhdist\u00e4\u00e4 tehokkaasti turvatoimenpiteet k\u00e4ytt\u00e4j\u00e4yst\u00e4v\u00e4llisiin ominaisuuksiin tarjoten tapahtumaj\u00e4rjest\u00e4jille virtaviivaisen ratkaisun suurten v\u00e4kijoukkojen hallintaan ja parantaa samalla vierailijakokemusta.<\/p>\n<p>&nbsp;<\/p>\n<h2><strong>Miksi valita RFID-ranneke?<\/strong><\/h2>\n<p>Sijoittaminen\u00a0<strong>RFID ranneke<\/strong>\u00a0tarjoaa lukuisia etuja sek\u00e4 j\u00e4rjest\u00e4jille ett\u00e4 osallistujille. Toiminnoilla, jotka mahdollistavat\u00a0<strong>k\u00e4teisvapaat maksut<\/strong>\u00a0ja\u00a0<strong>nopea sis\u00e4\u00e4ntulo<\/strong>, n\u00e4m\u00e4 rannekkeet on suunniteltu erityisesti tapahtumiin, jotka vaativat parempaa turvallisuutta ja tehokkuutta. Olitpa johtamassa a\u00a0<strong>musiikkifestivaali<\/strong>, yritysjuhliin tai teemapuistoon, RFID-ranneke tarjoaa saavutettavuuden ja turvallisuuden tason, jota perinteiset liput eiv\u00e4t tarjoa.<\/p>\n<h3>Tuotteen edut:<\/h3>\n<ul>\n<li><strong>Parannettu suojaus<\/strong>: RFID-ranneke varmistaa, ett\u00e4 vain valtuutetut henkil\u00f6t p\u00e4\u00e4sev\u00e4t sis\u00e4\u00e4n, mik\u00e4 v\u00e4hent\u00e4\u00e4 luvattoman k\u00e4yt\u00f6n riski\u00e4.<\/li>\n<li><strong>Virtaviivaiset toiminnot<\/strong>: Helpottaa nopeaa sis\u00e4\u00e4n- ja poistumista, minimoi ruuhkat tukipisteiss\u00e4.<\/li>\n<li><strong>Monipuolinen sovellus<\/strong>: Sopii kaikenkokoisiin tapahtumiin festivaaleista kuntosalin kulunvalvontaan.<\/li>\n<li><strong>Mukautettu br\u00e4nd\u00e4ys<\/strong>: Mukauta rannekkeita ainutlaatuisilla malleilla, logoilla ja v\u00e4reill\u00e4 parantaaksesi br\u00e4ndin n\u00e4kyvyytt\u00e4.<\/li>\n<\/ul>\n<p>&nbsp;<\/p>\n<h3><strong>RFID-rannekkeen ominaisuudet<\/strong><\/h3>\n<p>The\u00a0<strong>RFID ranneke<\/strong>\u00a0sis\u00e4lt\u00e4\u00e4 lukuisia erikoisominaisuuksia, jotka on suunniteltu varmistamaan virheett\u00f6m\u00e4n kulunvalvonta. N\u00e4m\u00e4 rannekkeet ovat\u00a0<strong>vedenpit\u00e4v\u00e4<\/strong>, joka takaa luotettavan toiminnan my\u00f6s arvaamattomissa s\u00e4\u00e4olosuhteissa. Toimii taajuudella\u00a0<strong>13,56 MHz<\/strong>\u00a0ja k\u00e4ytt\u00e4m\u00e4ll\u00e4\u00a0<strong>ISO 14443A -protokolla<\/strong>, n\u00e4m\u00e4 rannekkeet k\u00e4ytt\u00e4v\u00e4t\u00a0<strong>NTAG213 sirut<\/strong>\u00a0jonka muistikapasiteetti on\u00a0<strong>144 tavua<\/strong>.<\/p>\n<p>Ranneke kommunikoi k\u00e4ytt\u00e4m\u00e4ll\u00e4\u00a0<strong>NFC<\/strong>\u00a0(Near Field Communication) -tekniikka, joka mahdollistaa nopean vuorovaikutuksen, kun RFID-lukijat skannaavat lukuet\u00e4isyydell\u00e4\u00a0<strong>1-10 cm<\/strong>. T\u00e4m\u00e4 tarkoittaa, ett\u00e4 vieraat p\u00e4\u00e4sev\u00e4t sis\u00e4\u00e4n tapahtumapaikkoihin nopeasti napauttamalla rannekettaan lukijaan, mik\u00e4 parantaa merkitt\u00e4v\u00e4sti liikenteen sujuvuutta sis\u00e4\u00e4nk\u00e4yntipisteiss\u00e4.<\/p>\n<p>&nbsp;<\/p>\n<h3><strong>Tekniset tiedot<\/strong><\/h3>\n<table class=\"w-fit !mb-0 !max-w-none\" style=\"height: 463px;\" width=\"472\">\n<thead>\n<tr>\n<th><strong>Attribuutti<\/strong><\/th>\n<th><strong>Yksityiskohdat<\/strong><\/th>\n<\/tr>\n<\/thead>\n<tbody>\n<tr>\n<td><strong>Tuotteen nimi<\/strong><\/td>\n<td>RFID-ranneke<\/td>\n<\/tr>\n<tr>\n<td><strong>Tuotemerkki<\/strong><\/td>\n<td>Shunxin<\/td>\n<\/tr>\n<tr>\n<td><strong>Mallinumero<\/strong><\/td>\n<td>SX-ranneke<\/td>\n<\/tr>\n<tr>\n<td><strong>Materiaali<\/strong><\/td>\n<td>Kangas<\/td>\n<\/tr>\n<tr>\n<td><strong>Koko<\/strong><\/td>\n<td>180 * 20 mm<\/td>\n<\/tr>\n<tr>\n<td><strong>Siru<\/strong><\/td>\n<td>NTAG213<\/td>\n<\/tr>\n<tr>\n<td><strong>Muisti<\/strong><\/td>\n<td>144 tavua<\/td>\n<\/tr>\n<tr>\n<td><strong>Viestint\u00e4liittym\u00e4<\/strong><\/td>\n<td>RFID, NFC<\/td>\n<\/tr>\n<tr>\n<td><strong>Taajuus<\/strong><\/td>\n<td>13,56 MHz<\/td>\n<\/tr>\n<tr>\n<td><strong>p\u00f6yt\u00e4kirja<\/strong><\/td>\n<td>ISO 14443A<\/td>\n<\/tr>\n<tr>\n<td><strong>Lukuet\u00e4isyys<\/strong><\/td>\n<td>1-10 cm<\/td>\n<\/tr>\n<tr>\n<td><strong>Toimitusaika<\/strong><\/td>\n<td>8-12 ty\u00f6p\u00e4iv\u00e4\u00e4<\/td>\n<\/tr>\n<tr>\n<td><strong>Tulostus<\/strong><\/td>\n<td>L\u00e4mm\u00f6nsiirtopainatus<\/td>\n<\/tr>\n<tr>\n<td><strong>Pakkaus<\/strong><\/td>\n<td>200 kpl\/sis\u00e4laatikko, 25 laatikkoa\/laatikko<\/td>\n<\/tr>\n<tr>\n<td><strong>Pahvin koko<\/strong><\/td>\n<td>48 * 22,5 * 30 cm<\/td>\n<\/tr>\n<tr>\n<td><strong>Bruttopaino<\/strong><\/td>\n<td>0,010 kg<\/td>\n<\/tr>\n<tr>\n<td><strong>Yksitt\u00e4ispakkauskoko<\/strong><\/td>\n<td>35 * 1,5 * 0,02 cm<\/td>\n<\/tr>\n<\/tbody>\n<\/table>\n<p>&nbsp;<\/p>\n<h2><strong>Usein kysytyt kysymykset (FAQ)<\/strong><\/h2>\n<h3>1. Mik\u00e4 on RFID-ranneke?<\/h3>\n<p>An\u00a0<strong>RFID ranneke<\/strong>\u00a0on radiotaajuustunnistus (RFID) -teknologialla varustettu puettava laite, jota k\u00e4ytet\u00e4\u00e4n p\u00e4\u00e4asiassa kulunvalvontaan, k\u00e4teismaksuihin ja tunnistamiseen tapahtumissa, kuten konserteissa, festivaaleilla ja virkistyspaikoilla.<\/p>\n<h3>2. Miten RFID-tekniikka toimii?<\/h3>\n<p>RFID-tekniikka k\u00e4ytt\u00e4\u00e4 radioaaltoja tiedon siirt\u00e4miseen rannekkeesta lukijaan. Kun ranneke on lukuet\u00e4isyyden sis\u00e4ll\u00e4 (1-10 cm), se kommunikoi automaattisesti lukijan kanssa, mik\u00e4 mahdollistaa nopean ja turvallisen p\u00e4\u00e4syn tai tapahtumiin.<\/p>\n<h3>3. Mit\u00e4 etuja RFID-rannekkeiden k\u00e4yt\u00f6st\u00e4 on perinteisiin lippuihin verrattuna?<\/h3>\n<p>RFID-rannekkeilla on useita etuja:<\/p>\n<ul>\n<li><strong>Nopeampi sis\u00e4\u00e4np\u00e4\u00e4sy<\/strong>: Osallistujat voivat napauttaa rannekkeitaan p\u00e4\u00e4st\u00e4kseen niihin nopeasti k\u00e4siksi, mik\u00e4 v\u00e4hent\u00e4\u00e4 jonoja ja odotusaikoja.<\/li>\n<li><strong>Parannettu suojaus<\/strong>: Asiattomat henkil\u00f6t eiv\u00e4t voi k\u00e4ytt\u00e4\u00e4 RFID-rannekkeita, koska jokainen ranneke on yksil\u00f6llisesti koodattu.<\/li>\n<li><strong>K\u00e4teisvapaat liiketoimet<\/strong>: Monet rannekkeet mahdollistavat k\u00e4teisell\u00e4 maksamisen ruoasta, tavaroista ja palveluista, mik\u00e4 parantaa k\u00e4ytt\u00f6kokemusta.<\/li>\n<li><strong>Tiedonkeruu<\/strong>: Tapahtuman j\u00e4rjest\u00e4j\u00e4t voivat ker\u00e4t\u00e4 arvokkaita analyysej\u00e4 k\u00e4vij\u00f6iden k\u00e4ytt\u00e4ytymisest\u00e4 ja mieltymyksist\u00e4.<\/li>\n<\/ul>\n<h3>4. Ovatko RFID-rannekkeet vedenpit\u00e4vi\u00e4?<\/h3>\n<p>Kyll\u00e4, RFID-rannekkeet on suunniteltu sellaisiksi\u00a0<strong>vedenpit\u00e4v\u00e4<\/strong>\u00a0ja\u00a0<strong>s\u00e4\u00e4nkest\u00e4v\u00e4<\/strong>, joten ne sopivat ulkotapahtumiin ja aktiviteetteihin.<\/p>","protected":false},"excerpt":{"rendered":"<p>RFID-rannekkeessa yhdistyv\u00e4t joustava mukavuus ja edistynyt NFC-tekniikka tehokkaaseen kulunvalvontaan ja tunnistamiseen. T\u00e4ydellinen tapahtumiin, se tarjoaa turvallisuutta ja mukavuutta muokattavassa suunnittelussa.<\/p>","protected":false},"featured_media":3634,"template":"","meta":[],"product_brand":[],"product_cat":[50],"product_tag":[],"class_list":{"0":"post-3633","1":"product","2":"type-product","3":"status-publish","4":"has-post-thumbnail","6":"product_cat-silicone-rfid-nfc-wristbands","8":"first","9":"instock","10":"shipping-taxable","11":"product-type-simple"},"_links":{"self":[{"href":"https:\/\/nfc-readers.com\/fi\/wp-json\/wp\/v2\/product\/3633","targetHints":{"allow":["GET"]}}],"collection":[{"href":"https:\/\/nfc-readers.com\/fi\/wp-json\/wp\/v2\/product"}],"about":[{"href":"https:\/\/nfc-readers.com\/fi\/wp-json\/wp\/v2\/types\/product"}],"wp:featuredmedia":[{"embeddable":true,"href":"https:\/\/nfc-readers.com\/fi\/wp-json\/wp\/v2\/media\/3634"}],"wp:attachment":[{"href":"https:\/\/nfc-readers.com\/fi\/wp-json\/wp\/v2\/media?parent=3633"}],"wp:term":[{"taxonomy":"product_brand","embeddable":true,"href":"https:\/\/nfc-readers.com\/fi\/wp-json\/wp\/v2\/product_brand?post=3633"},{"taxonomy":"product_cat","embeddable":true,"href":"https:\/\/nfc-readers.com\/fi\/wp-json\/wp\/v2\/product_cat?post=3633"},{"taxonomy":"product_tag","embeddable":true,"href":"https:\/\/nfc-readers.com\/fi\/wp-json\/wp\/v2\/product_tag?post=3633"}],"curies":[{"name":"wp","href":"https:\/\/api.w.org\/{rel}","templated":true}]}}