{"id":3640,"date":"2024-11-08T04:40:44","date_gmt":"2024-11-08T04:40:44","guid":{"rendered":"https:\/\/nfc-readers.com\/?post_type=product&#038;p=3640"},"modified":"2024-11-08T04:40:44","modified_gmt":"2024-11-08T04:40:44","slug":"silicone-wristband-rfid-locker-silicone-wristband","status":"publish","type":"product","link":"https:\/\/nfc-readers.com\/fi\/ic-reader\/silicone-wristband-rfid-locker-silicone-wristband\/","title":{"rendered":"silikoniranneke RFID Locker silikoniranneke"},"content":{"rendered":"<h1 style=\"text-align: center;\"><strong>silikoniranneke RFID Locker silikoniranneke<\/strong><\/h1>\n<p>&nbsp;<\/p>\n<p>Nykyp\u00e4iv\u00e4n nopeatempoisessa digitaalisessa maailmassa tehokkaat kulunvalvontaratkaisut ovat ensiarvoisen t\u00e4rkeit\u00e4 tapahtumille, tapahtumapaikoille ja organisaatioille. The <strong>Silikoninen RFID-ranneke<\/strong>\u00a0ei ole vain trendik\u00e4s lis\u00e4varuste, vaan portti parempaan turvallisuuteen, tehokkuuteen ja k\u00e4ytt\u00f6mukavuuteen. Huippuluokan RFID-tekniikalla suunnitellut rannekkeet takaavat saumattoman kulunvalvonnan samalla kun ne tarjoavat vedenkest\u00e4v\u00e4n ja kest\u00e4v\u00e4n vaihtoehdon erilaisiin sovelluksiin. Olipa kyseess\u00e4 musiikkifestivaali, huvipuisto tai yritystapahtuma, n\u00e4m\u00e4 rannekkeet ovat v\u00e4ltt\u00e4m\u00e4tt\u00f6mi\u00e4.<\/p>\n<p>&nbsp;<\/p>\n<h3><strong>Miksi valita silikoni-RFID-ranneke?<\/strong><\/h3>\n<p>Meid\u00e4n\u00a0<strong>RFID rannekkeet<\/strong>\u00a0Yhdist\u00e4 toiminnallisuus tyyliin varmistaaksesi, ett\u00e4 tapahtumasi tai toimitilasi toimii sujuvasti ja turvallisesti. Ominaisuuksilla, kuten muokattavissa olevilla logoilla ja vankilla RFID-ominaisuuksilla, n\u00e4m\u00e4 rannekkeet ovat t\u00e4ydellisi\u00e4 parantamaan k\u00e4ytt\u00f6kokemusta s\u00e4ilytt\u00e4en samalla korkean turvallisuustason. Rannekkeet eiv\u00e4t ole vain vedenpit\u00e4vi\u00e4, vaan ne on my\u00f6s suunniteltu eritt\u00e4in kest\u00e4viksi, mik\u00e4 tarkoittaa, ett\u00e4 ne kest\u00e4v\u00e4t miss\u00e4 tahansa tapahtumassa. Jos etsit tehokasta ja tyylik\u00e4st\u00e4 ratkaisua\u00a0<strong>kulunvalvonta<\/strong>, \u00e4l\u00e4 katso en\u00e4\u00e4!<\/p>\n<p>&nbsp;<\/p>\n<h2>Silikoni-RFID-rannekkeiden k\u00e4yt\u00f6n edut<\/h2>\n<h3>Parannettu suojaus<\/h3>\n<p>Yksi vahvimmista eduistamme\u00a0<strong>silikoniset RFID-rannekkeet<\/strong>\u00a0on niiden tarjoama lis\u00e4\u00e4ntynyt turvallisuus. Kanssa\u00a0<strong>peukaloinnin kest\u00e4v\u00e4<\/strong>\u00a0mallit, n\u00e4m\u00e4 rannekkeet auttavat varmistamaan, ett\u00e4 asiattomat henkil\u00f6t eiv\u00e4t p\u00e4\u00e4se p\u00e4\u00e4sy\u00e4 rajoitetuille alueille. Lis\u00e4ksi RFID-teknologia mahdollistaa reaaliaikaisen seurannan ja tiedonkeruun, mik\u00e4 helpottaa l\u00e4sn\u00e4olon ja liikkeiden seurantaa.<\/p>\n<h3>K\u00e4ytt\u00e4j\u00e4yst\u00e4v\u00e4llinen kokemus<\/h3>\n<p>Meid\u00e4n\u00a0<strong>RFID rannekkeet<\/strong>\u00a0ovat poikkeuksellisen k\u00e4ytt\u00e4j\u00e4yst\u00e4v\u00e4llisi\u00e4. Yksinkertaisella ranteen heilautuksella k\u00e4ytt\u00e4j\u00e4t p\u00e4\u00e4sev\u00e4t VIP-alueille, k\u00e4teisvapaille maksuj\u00e4rjestelmille ja paljon muuta. T\u00e4m\u00e4 ominaisuus ei ainoastaan nosta yleist\u00e4 vieraskokemusta, vaan my\u00f6s rohkaisee mukaansatempaavampaan ja interaktiivisempaan ymp\u00e4rist\u00f6\u00f6n.<\/p>\n<p>&nbsp;<\/p>\n<hr \/>\n<h2>ShunXin RFID -rannekkeiden t\u00e4rkeimm\u00e4t ominaisuudet<\/h2>\n<h3>Veden- ja s\u00e4\u00e4nkest\u00e4v\u00e4 muotoilu<\/h3>\n<p>Rannekeemme on suunniteltu kest\u00e4m\u00e4\u00e4n vaihtelevia ymp\u00e4rist\u00f6olosuhteita, ja niiss\u00e4 on vedenpit\u00e4v\u00e4 ja s\u00e4\u00e4nkest\u00e4v\u00e4 muotoilu. T\u00e4m\u00e4 tekee niist\u00e4 sopivia ulkotapahtumiin, kuten festivaaleihin ja vesipuistoihin, mik\u00e4 takaa kest\u00e4vyyden ja luotettavuuden s\u00e4\u00e4st\u00e4 riippumatta.<\/p>\n<h3>R\u00e4\u00e4t\u00e4l\u00f6intiasetukset<\/h3>\n<p>R\u00e4\u00e4t\u00e4l\u00f6inti on avainasemassa\u00a0<strong>mukautetut RFID-rannekkeet<\/strong>. Rannekeemme voidaan personoida logoilla ja v\u00e4reill\u00e4, mik\u00e4 auttaa sinua mainostamaan br\u00e4ndi\u00e4si ja lis\u00e4\u00e4m\u00e4\u00e4n samalla turvallisuutta. Mahdollisuus tulostaa ainutlaatuisia kuvioita tekee n\u00e4ist\u00e4 rannekkeista erinomaisen valinnan yritystapahtumiin ja erikoistilaisuuksiin.<\/p>\n<p>&nbsp;<\/p>\n<h2>Tekniset tiedot<\/h2>\n<table class=\"w-fit !mb-0 !max-w-none\" style=\"height: 266px;\" width=\"401\">\n<thead>\n<tr>\n<th>Erittely<\/th>\n<th>Yksityiskohta<\/th>\n<\/tr>\n<\/thead>\n<tbody>\n<tr>\n<td><strong>Tuotteen nimi<\/strong><\/td>\n<td>RFID-ranneke<\/td>\n<\/tr>\n<tr>\n<td><strong>Tuotemerkki<\/strong><\/td>\n<td>ShunXin<\/td>\n<\/tr>\n<tr>\n<td><strong>Mallinumero<\/strong><\/td>\n<td>SX-008<\/td>\n<\/tr>\n<tr>\n<td><strong>Materiaali<\/strong><\/td>\n<td>Silikoni<\/td>\n<\/tr>\n<tr>\n<td><strong>Taajuus<\/strong><\/td>\n<td>13,56 MHz<\/td>\n<\/tr>\n<tr>\n<td><strong>Siru<\/strong><\/td>\n<td>Icodeslix<\/td>\n<\/tr>\n<tr>\n<td><strong>Lukuet\u00e4isyys<\/strong><\/td>\n<td>1-30 cm<\/td>\n<\/tr>\n<tr>\n<td><strong>Koko<\/strong><\/td>\n<td>Mukautettu koko<\/td>\n<\/tr>\n<tr>\n<td><strong>Logo<\/strong><\/td>\n<td>R\u00e4\u00e4t\u00e4l\u00f6ity logo hyv\u00e4ksytty<\/td>\n<\/tr>\n<\/tbody>\n<\/table>\n<p>&nbsp;<\/p>\n<h3><strong>Usein kysytyt kysymykset (FAQ) silikonisista RFID-rannekkeista<\/strong><\/h3>\n<h3>1. Mihin silikonisia RFID-rannekkeita k\u00e4ytet\u00e4\u00e4n?<\/h3>\n<p>Silikonisia RFID-rannekkeita k\u00e4ytet\u00e4\u00e4n ensisijaisesti kulunvalvontaan tapahtumissa, festivaaleissa, huvipuistoissa ja yritystilaisuuksissa. Ne helpottavat sis\u00e4\u00e4np\u00e4\u00e4sy\u00e4, k\u00e4teisvapaata maksua, tiedonkeruuta ja tehostettuja turvatoimia.<\/p>\n<h3>2. Ovatko silikoni-RFID-rannekkeet vedenpit\u00e4vi\u00e4?<\/h3>\n<p>Kyll\u00e4, silikoni-RFID-rannekkeemme on suunniteltu veden- ja s\u00e4\u00e4nkest\u00e4v\u00e4ksi, joten ne sopivat ulkotapahtumiin ja tilanteisiin, joissa altistuminen vedelle on todenn\u00e4k\u00f6ist\u00e4.<\/p>\n<h3>3. Kuinka muokattavissa rannekkeet ovat?<\/h3>\n<p>Rannekeemme voidaan r\u00e4\u00e4t\u00e4l\u00f6id\u00e4 logoilla, v\u00e4reill\u00e4 ja kooilla vastaamaan erityisi\u00e4 br\u00e4nd\u00e4ystarpeitasi. T\u00e4m\u00e4 r\u00e4\u00e4t\u00e4l\u00f6intivaihtoehto varmistaa, ett\u00e4 br\u00e4ndisi erottuu joukosta kaikissa tapahtumissa.<\/p>\n<h3>4. Mik\u00e4 on RFID-rannekkeiden lukuet\u00e4isyys?<\/h3>\n<p>Silikonisten RFID-rannekkeidemme lukuet\u00e4isyys on tyypillisesti 1\u201310 senttimetri\u00e4, mik\u00e4 mahdollistaa nopean ja tehokkaan p\u00e4\u00e4syn hakuun skannattaessa.<\/p>","protected":false},"excerpt":{"rendered":"<div class=\"chat-list relative custom-scrollbar-reset-margin custom-scrollbar custom-scrollbar-hidden custom-scrollbar-float pb-9 flex-1 overflow-y-auto\">\n<div class=\"mx-auto max-w-[790px]\">\n<div class=\"message-item-outer relative px-4 mb-2\" data-id=\"89b7e141-4a8f-450b-a58e-15b6a9288c93\">\n<div class=\"content-area pl-[0px]\">\n<div class=\"message-item select-text relative\">\n<div class=\"message-inner relative\">\n<div class=\"py-[2px]\">\n<div class=\"flex flex-col gap-2\">\n<div class=\"answer-markdown-box overflow-x-auto select-text custom-scrollbar\">\n<div class=\"markdown-body\"><\/div>\n<\/div>\n<\/div>\n<\/div>\n<\/div>\n<\/div>\n<\/div>\n<\/div>\n<\/div>\n<\/div>\n<div>\n<div class=\"input-box relative max-w-[790px] mx-auto\">\n<div class=\"chat-input-box relative bg-grey-layer2-normal px-3 max-w-[790px] mx-auto pb-1\">\n<div class=\"main-input-area\">\n<div class=\"chat-input-top-bar gap-2 py-2 flex justify-start items-center\">\n<div class=\"flex gap-[6px] min-w-[90px] max-w-[calc(100%-40px)]\">\n<div class=\"flex gap-0\">\n<div class=\"topbar-btn h-[30px] w-[30px] text-text-primary-1 flex overflow-hidden  items-center justify-center text-xs leading-4 rounded-lg model-btn model-btn-no-bg\" role=\"button\">The <strong>Silikoninen RFID-rannekelokero<\/strong>\u00a0yhdist\u00e4\u00e4 tyylikk\u00e4\u00e4n muotoilun ja edistyneen RFID-tekniikan tarjotakseen turvallisen ja k\u00e4tev\u00e4n p\u00e4\u00e4syn kaappij\u00e4rjestelmiin. T\u00e4ydellinen kuntosaleihin, vesipuistoihin ja tapahtumiin, t\u00e4m\u00e4 kest\u00e4v\u00e4 ranneke varmistaa vaivattoman sis\u00e4\u00e4np\u00e4\u00e4syn ja parantaa k\u00e4ytt\u00f6kokemusta mukavalla istuvuudellaan ja muokattavissa olevilla vaihtoehdoilla.<\/div>\n<\/div>\n<\/div>\n<\/div>\n<\/div>\n<\/div>\n<\/div>\n<\/div>","protected":false},"featured_media":3641,"template":"","meta":[],"product_brand":[],"product_cat":[50],"product_tag":[],"class_list":{"0":"post-3640","1":"product","2":"type-product","3":"status-publish","4":"has-post-thumbnail","6":"product_cat-silicone-rfid-nfc-wristbands","8":"first","9":"instock","10":"shipping-taxable","11":"product-type-simple"},"_links":{"self":[{"href":"https:\/\/nfc-readers.com\/fi\/wp-json\/wp\/v2\/product\/3640","targetHints":{"allow":["GET"]}}],"collection":[{"href":"https:\/\/nfc-readers.com\/fi\/wp-json\/wp\/v2\/product"}],"about":[{"href":"https:\/\/nfc-readers.com\/fi\/wp-json\/wp\/v2\/types\/product"}],"wp:featuredmedia":[{"embeddable":true,"href":"https:\/\/nfc-readers.com\/fi\/wp-json\/wp\/v2\/media\/3641"}],"wp:attachment":[{"href":"https:\/\/nfc-readers.com\/fi\/wp-json\/wp\/v2\/media?parent=3640"}],"wp:term":[{"taxonomy":"product_brand","embeddable":true,"href":"https:\/\/nfc-readers.com\/fi\/wp-json\/wp\/v2\/product_brand?post=3640"},{"taxonomy":"product_cat","embeddable":true,"href":"https:\/\/nfc-readers.com\/fi\/wp-json\/wp\/v2\/product_cat?post=3640"},{"taxonomy":"product_tag","embeddable":true,"href":"https:\/\/nfc-readers.com\/fi\/wp-json\/wp\/v2\/product_tag?post=3640"}],"curies":[{"name":"wp","href":"https:\/\/api.w.org\/{rel}","templated":true}]}}