{"id":3647,"date":"2024-11-08T04:47:36","date_gmt":"2024-11-08T04:47:36","guid":{"rendered":"https:\/\/nfc-readers.com\/?post_type=product&#038;p=3647"},"modified":"2024-11-08T04:47:36","modified_gmt":"2024-11-08T04:47:36","slug":"custom-laser-logo-waterproof-silicone-m1-nfc-rubber-wristband","status":"publish","type":"product","link":"https:\/\/nfc-readers.com\/fi\/ic-reader\/custom-laser-logo-waterproof-silicone-m1-nfc-rubber-wristband\/","title":{"rendered":"Mukautettu laserlogo vedenpit\u00e4v\u00e4 silikoni M1 NFC -kumiranneke"},"content":{"rendered":"<h1 style=\"text-align: center;\"><strong>Mukautettu laserlogo vedenpit\u00e4v\u00e4 silikoni M1 NFC -kumiranneke<\/strong><\/h1>\n<p>&nbsp;<\/p>\n<p>The <strong>Mukautettu laserlogo vedenpit\u00e4v\u00e4 silikoni M1 NFC -kumiranneke<\/strong>\u00a0on huippuluokan ratkaisu niille, jotka etsiv\u00e4t ihanteellista yhdistelm\u00e4\u00e4 toimivuutta, tyyli\u00e4 ja br\u00e4nd\u00e4yst\u00e4. T\u00e4m\u00e4 kest\u00e4v\u00e4st\u00e4 silikonista valmistettu RFID-ranneke integroi saumattomasti edistyneen NFC-teknologian ja tarjoaa saumattoman k\u00e4ytt\u00f6kokemuksen kulunvalvonnassa ja k\u00e4teisvapaissa asioissa. Mukautettavien logovaihtoehtojen ansiosta se ei toimi vain k\u00e4yt\u00e4nn\u00f6llisen\u00e4 lis\u00e4varusteena, vaan my\u00f6s br\u00e4nd\u00e4ysmahdollisuutena tapahtumiin, konsertteihin ja festivaaleihin.<\/p>\n<p>Maailmassa, jossa mukavuus ja turvallisuus kulkevat k\u00e4si k\u00e4dess\u00e4, investoimalla NFC-rannekkeihimme voit parantaa tapahtumiesi toimivuutta ja varmistaa samalla ammattimaisen ulkon\u00e4\u00f6n. Halusitpa parantaa kulunvalvontaj\u00e4rjestelmi\u00e4si tai luoda ikimuistoisia br\u00e4ndikokemuksia vieraillesi, t\u00e4m\u00e4 ranneke on t\u00e4ydellinen valinta. Se on vedenpit\u00e4v\u00e4 ja suunniteltu kest\u00e4m\u00e4\u00e4n erilaisia ulkoolosuhteita, joten se sopii erilaisiin tapahtumiin.<\/p>\n<p>&nbsp;<\/p>\n<h2>Tuotteen ominaisuudet<\/h2>\n<p>The\u00a0<strong>Silikoni M1 NFC -kumiranneke<\/strong>\u00a0tarjoaa joukon ominaisuuksia, jotka palvelevat sek\u00e4 yksitt\u00e4isi\u00e4 k\u00e4ytt\u00e4ji\u00e4 ett\u00e4 organisaatioita, jotka haluavat parantaa tapahtumakokemuksiaan.<\/p>\n<p><strong>1. Vedenpit\u00e4v\u00e4 ja s\u00e4\u00e4nkest\u00e4v\u00e4 muotoilu:<\/strong><br \/>\nToisin kuin perinteiset rannekkeet, t\u00e4m\u00e4 silikoninen RFID-ranneke varmistaa, ett\u00e4 tietosi pysyv\u00e4t turvassa ja ehjin\u00e4 my\u00f6s m\u00e4riss\u00e4 olosuhteissa. T\u00e4m\u00e4 ominaisuus on t\u00e4rke\u00e4 tapahtumissa, jotka j\u00e4rjestet\u00e4\u00e4n arvaamattomalla s\u00e4\u00e4ll\u00e4, tai vesiaktiviteetteihin, kuten vesipuistoihin tai musiikkifestivaaleihin.<\/p>\n<p><strong>2. Erinomainen lukuet\u00e4isyys:<\/strong><br \/>\nRFID-teknologian tukemien rannekkeiden lukuet\u00e4isyys on 1-10 cm, mik\u00e4 mahdollistaa nopean skannauksen ja p\u00e4\u00e4syn. Olitpa sitten johtamassa suurta yleis\u00f6\u00e4 festivaaleilla tai varmistamassa helpon sis\u00e4\u00e4np\u00e4\u00e4syn tapahtumapaikalle,\u00a0<strong>RFID-rannekketekniikka<\/strong>\u00a0toimii sujuvasti lyhent\u00e4\u00e4kseen odotusaikoja ja parantaakseen vieraiden kokemuksia.<\/p>\n<p>&nbsp;<\/p>\n<h2>Materiaali ja muotoilu<\/h2>\n<p>Valmistettu korkealaatuisesta\u00a0<strong>silikoni<\/strong>, t\u00e4m\u00e4 ranneke tarjoaa joustavuutta ja mukavuutta k\u00e4ytt\u00e4j\u00e4lleen. Sen kevyt muotoilu tekee siit\u00e4 sopivan pitk\u00e4aikaiseen k\u00e4ytt\u00f6\u00f6n ilman ep\u00e4mukavuutta. Lis\u00e4ksi,\u00a0<strong>muokattavissa<\/strong>\u00a0Rannekkeen luonne tarkoittaa, ett\u00e4 se voidaan r\u00e4\u00e4t\u00e4l\u00f6id\u00e4 kaikenkokoisille vaatimuksille, mik\u00e4 tekee siit\u00e4 ihanteellisen eri k\u00e4ytt\u00e4jille, lapsista aikuisiin.<\/p>\n<ul>\n<li><strong>Mukava pukeutuminen:<\/strong>\u00a0Toisin kuin vinyyli- tai kangasrannekkeet, silikoni on pehme\u00e4 ihoa vasten, joten se sopii erinomaisesti koko p\u00e4iv\u00e4n k\u00e4ytt\u00f6\u00f6n.<\/li>\n<li><strong>Kimmoisa materiaali:<\/strong>\u00a0Silikonin kest\u00e4vyys varmistaa, ett\u00e4 ranneke ei vaurioidu helposti, mik\u00e4 on erityisen t\u00e4rke\u00e4\u00e4 useita p\u00e4ivi\u00e4 kest\u00e4viss\u00e4 tapahtumissa.<\/li>\n<\/ul>\n<p>&nbsp;<\/p>\n<h2>NFC- ja RFID-tekniikka<\/h2>\n<p>Yhdist\u00e4m\u00e4ll\u00e4 molemmat\u00a0<strong>NFC<\/strong>\u00a0ja\u00a0<strong>RFID<\/strong>\u00a0T\u00e4m\u00e4 ranneke heijastaa viimeisimpi\u00e4 edistysaskeleita\u00a0<strong>RFID-tekniikka<\/strong>.<\/p>\n<ul>\n<li><strong>Taajuus:<\/strong>\u00a0Toimii taajuudella\u00a0<strong>13,56 MHz<\/strong>, n\u00e4m\u00e4 rannekkeet hy\u00f6dynt\u00e4v\u00e4t l\u00e4heisyyteen perustuvaa viestint\u00e4\u00e4. Ne voidaan ohjelmoida erilaisiin sovelluksiin k\u00e4teisvapaista maksuista sis\u00e4\u00e4np\u00e4\u00e4syyn.<\/li>\n<li><strong>Protokollan noudattaminen:<\/strong>\u00a0Ranneke kiinnittyy\u00a0<strong>ISO 14443A<\/strong>\u00a0protokolla, joka varmistaa yhteensopivuuden useiden NFC-lukijoiden kanssa. T\u00e4m\u00e4 tarjoaa k\u00e4ytt\u00e4jille k\u00e4ytt\u00f6vapauden useilla alustoilla, mik\u00e4 tekee siit\u00e4 korvaamattoman hy\u00f6dyn erityyppisiss\u00e4 tapahtumissa.<\/li>\n<\/ul>\n<p>&nbsp;<\/p>\n<h2>Mukautetut br\u00e4nd\u00e4ysvaihtoehdot<\/h2>\n<p>Rannekeemme voivat sis\u00e4lt\u00e4\u00e4 a\u00a0<strong>r\u00e4\u00e4t\u00e4l\u00f6ity logo<\/strong>, jonka avulla yritykset voivat parantaa br\u00e4ndins\u00e4 n\u00e4kyvyytt\u00e4 kaikissa olosuhteissa.<\/p>\n<ul>\n<li><strong>Silkkipainatus:<\/strong>\u00a0Logosi voidaan n\u00e4ytt\u00e4\u00e4 n\u00e4kyv\u00e4sti rannekkeessa k\u00e4ytt\u00e4m\u00e4ll\u00e4 korkealaatuisia silkkipainatustekniikoita. T\u00e4m\u00e4 ei ainoastaan takaa eloisia v\u00e4rej\u00e4 vaan my\u00f6s pitk\u00e4ik\u00e4isyytt\u00e4 kulumista vastaan.<\/li>\n<li><strong>Laserr\u00e4\u00e4t\u00e4l\u00f6inti:<\/strong>\u00a0Lis\u00e4ksi tarjoamme r\u00e4\u00e4t\u00e4l\u00f6ityj\u00e4 laserkaiverrustuotteita pysyv\u00e4mp\u00e4\u00e4n tuotemerkkiratkaisuun, joka varmistaa, ett\u00e4 logosi erottuu tehokkaasti.<\/li>\n<\/ul>\n<p>&nbsp;<\/p>\n<h2>Rannekkeen sovellukset<\/h2>\n<p>The\u00a0<strong>Mukautettu laserlogo vedenpit\u00e4v\u00e4 silikoni M1 NFC -kumiranneke<\/strong>\u00a0on monipuolinen ja sovellettavissa useilla toimialoilla ja tapahtumissa.<\/p>\n<ul>\n<li><strong>Kulunvalvontaj\u00e4rjestelm\u00e4t:<\/strong>\u00a0Ihanteellinen\u00a0<strong>tapahtuman j\u00e4rjest\u00e4j\u00e4t<\/strong>, n\u00e4m\u00e4 rannekkeet virtaviivaistavat sis\u00e4\u00e4np\u00e4\u00e4syprosesseja, mik\u00e4 mahdollistaa\u00a0<strong>nopea kulunvalvonta<\/strong>\u00a0ja parannettu tietoturva v\u00e4\u00e4rent\u00e4miselt\u00e4 suojattujen mallien avulla.<\/li>\n<li><strong>K\u00e4teismaksut:<\/strong>\u00a0K\u00e4teisvapaiden tapahtumien lis\u00e4\u00e4ntyess\u00e4 NFC-tekniikan k\u00e4ytt\u00f6 mahdollistaa saumattoman kaupank\u00e4ynnin myyntipisteiss\u00e4, mik\u00e4 v\u00e4hent\u00e4\u00e4 k\u00e4teisen tarvetta ja parantaa tapahtuman nopeuksia.<\/li>\n<\/ul>\n<p>&nbsp;<\/p>\n<h2>Usein kysytyt kysymykset (FAQ)<\/h2>\n<p>T\u00e4ss\u00e4 on joitain yleisi\u00e4 kysymyksi\u00e4 ja vastauksia liittyen\u00a0<strong>Mukautettu laserlogo vedenpit\u00e4v\u00e4 silikoni M1 NFC -kumiranneke<\/strong>. Jos sinulla on lis\u00e4kysymyksi\u00e4, \u00e4l\u00e4 ep\u00e4r\u00f6i ottaa yhteytt\u00e4!<\/p>\n<h3>1.\u00a0<strong>Mik\u00e4 on RFID-rannekkeiden ensisijainen k\u00e4ytt\u00f6tarkoitus?<\/strong><\/h3>\n<p>RFID-rannekkeita k\u00e4ytet\u00e4\u00e4n ensisijaisesti kulunvalvontaan, k\u00e4teismaksuihin ja vieraiden hallintaan tapahtumissa, kuten konserteissa, festivaaleilla ja vesipuistoissa. Ne auttavat virtaviivaistamaan toimintaa, minimoivat odotusaikoja ja parantavat yleist\u00e4 vieraskokemusta.<\/p>\n<h3>2.\u00a0<strong>Voimmeko r\u00e4\u00e4t\u00e4l\u00f6id\u00e4 rannekkeita?<\/strong><\/h3>\n<p>Kyll\u00e4! Rannekeemme voidaan r\u00e4\u00e4t\u00e4l\u00f6id\u00e4 t\u00e4ysin logosi tai br\u00e4ndiviestisi mukaan. Tarjoamme vaihtoehtoja silkkipainatukseen ja laserkaiverrukseen vastaamaan br\u00e4ndivaatimuksiasi.<\/p>\n<h3>3.\u00a0<strong>Mist\u00e4 materiaaleista rannekkeet on valmistettu?<\/strong><\/h3>\n<p>Ranneke on valmistettu laadukkaasta, pehme\u00e4st\u00e4 silikonista, joka takaa mukavuuden pitk\u00e4kestoiseen k\u00e4ytt\u00f6\u00f6n. Ne ovat my\u00f6s veden- ja s\u00e4\u00e4nkest\u00e4vi\u00e4, joten ne sopivat ulkok\u00e4ytt\u00f6\u00f6n ja haastaviin ymp\u00e4rist\u00f6ihin.<\/p>\n<h3>4.\u00a0<strong>Mit\u00e4 tekniikkaa n\u00e4m\u00e4 rannekkeet k\u00e4ytt\u00e4v\u00e4t?<\/strong><\/h3>\n<p>Ranneke k\u00e4ytt\u00e4\u00e4 molempia\u00a0<strong>NFC (Near Field Communication)<\/strong>\u00a0ja\u00a0<strong>RFID (Radio Frequency Identification)<\/strong>\u00a0teknologiaa, joka toimii taajuudella\u00a0<strong>13,56 MHz<\/strong>. T\u00e4m\u00e4 mahdollistaa nopean ja tehokkaan skannauksen.<\/p>\n<h3>5.\u00a0<strong>Kuinka varmistan, ett\u00e4 rannekkeet sopivat eri k\u00e4ytt\u00e4jille?<\/strong><\/h3>\n<p>Tarjoamme mukautettavia kokoja varmistaaksemme, ett\u00e4 rannekkeet sopivat mukavasti eri k\u00e4ytt\u00e4jille. Joustava silikonimateriaali sopii my\u00f6s erilaisiin ranteisiin.<\/p>\n<p>&nbsp;<\/p>","protected":false},"excerpt":{"rendered":"<p>Custom Laser Logo Waterproof Silicone M1 NFC Rubber Ranneke yhdist\u00e4\u00e4 kest\u00e4vyyden kehittyneen NFC-tekniikan kanssa, mik\u00e4 tekee siit\u00e4 ihanteellisen tapahtumiin ja k\u00e4teisvapaisiin tapahtumiin. Personoi se logollasi parantaaksesi br\u00e4nd\u00e4yst\u00e4 ja n\u00e4kyvyytt\u00e4!<\/p>","protected":false},"featured_media":3648,"template":"","meta":[],"product_brand":[],"product_cat":[50],"product_tag":[],"class_list":{"0":"post-3647","1":"product","2":"type-product","3":"status-publish","4":"has-post-thumbnail","6":"product_cat-silicone-rfid-nfc-wristbands","8":"first","9":"instock","10":"shipping-taxable","11":"product-type-simple"},"_links":{"self":[{"href":"https:\/\/nfc-readers.com\/fi\/wp-json\/wp\/v2\/product\/3647","targetHints":{"allow":["GET"]}}],"collection":[{"href":"https:\/\/nfc-readers.com\/fi\/wp-json\/wp\/v2\/product"}],"about":[{"href":"https:\/\/nfc-readers.com\/fi\/wp-json\/wp\/v2\/types\/product"}],"wp:featuredmedia":[{"embeddable":true,"href":"https:\/\/nfc-readers.com\/fi\/wp-json\/wp\/v2\/media\/3648"}],"wp:attachment":[{"href":"https:\/\/nfc-readers.com\/fi\/wp-json\/wp\/v2\/media?parent=3647"}],"wp:term":[{"taxonomy":"product_brand","embeddable":true,"href":"https:\/\/nfc-readers.com\/fi\/wp-json\/wp\/v2\/product_brand?post=3647"},{"taxonomy":"product_cat","embeddable":true,"href":"https:\/\/nfc-readers.com\/fi\/wp-json\/wp\/v2\/product_cat?post=3647"},{"taxonomy":"product_tag","embeddable":true,"href":"https:\/\/nfc-readers.com\/fi\/wp-json\/wp\/v2\/product_tag?post=3647"}],"curies":[{"name":"wp","href":"https:\/\/api.w.org\/{rel}","templated":true}]}}