{"id":3667,"date":"2024-11-10T06:11:18","date_gmt":"2024-11-10T06:11:18","guid":{"rendered":"https:\/\/nfc-readers.com\/?post_type=product&#038;p=3667"},"modified":"2024-11-10T06:11:19","modified_gmt":"2024-11-10T06:11:19","slug":"custom-nfc-sticker-for-brand-authentication-anti-counterfeiting","status":"publish","type":"product","link":"https:\/\/nfc-readers.com\/fi\/ic-reader\/custom-nfc-sticker-for-brand-authentication-anti-counterfeiting\/","title":{"rendered":"Mukautettu NFC-tarra tuotemerkin todentamiseen v\u00e4\u00e4rent\u00e4misen est\u00e4miseksi"},"content":{"rendered":"<h1 style=\"text-align: center;\"><strong>Mukautettu NFC-tarra tuotemerkin todentamiseen v\u00e4\u00e4rent\u00e4misen est\u00e4miseksi<\/strong><\/h1>\n<p>Nykyp\u00e4iv\u00e4n nopeasti kehittyvill\u00e4 markkinoilla tuotteiden legitiimiyden varmistamisesta on tullut kriittisempi kuin koskaan. Mukautetut NFC-tarrat ovat innovatiivinen ratkaisu tuotemerkin todentamiseen ja v\u00e4\u00e4renn\u00f6sten torjuntaan. N\u00e4m\u00e4 edistyneet tarrat hy\u00f6dynt\u00e4v\u00e4t Near Field Communication (NFC) -tekniikkaa tarjotakseen saumattoman vahvistusprosessin, mik\u00e4 parantaa tuotemerkin eheytt\u00e4 ja asiakkaiden luottamusta. T\u00e4m\u00e4 tuote ei toimi vain turvatoimenpiteen\u00e4, vaan my\u00f6s helpottaa mukaansatempaavaa asiakaskokemusta. Mukautettavien vaihtoehtojen valikoiman ansiosta n\u00e4m\u00e4 NFC-tarrat ovat arvokas sijoitus kaikille yrityksille, jotka haluavat suojata br\u00e4ndi-identiteetti\u00e4\u00e4n.<\/p>\n<p>&nbsp;<\/p>\n<h2>Miksi valita mukautetut NFC-tarrat?<\/h2>\n<p>Mukautetut NFC-tarrat tarjoavat lukuisia etuja, jotka tekev\u00e4t niist\u00e4 arvokkaan lis\u00e4yksen br\u00e4ndisi tietoturva-arsenaaliin. Integroimalla NFC-teknologian n\u00e4m\u00e4 tarrat mahdollistavat nopean ja vaivattoman todennuksen NFC-yhteensopivien \u00e4lypuhelimien ja laitteiden kautta. Ominaisuuksilla, kuten vedenpit\u00e4v\u00e4 kest\u00e4vyys, eri koot ja muodot sek\u00e4 mukautettavat tulostusvaihtoehdot, n\u00e4m\u00e4 tarrat eiv\u00e4t ainoastaan vahvista turvallisuutta, vaan my\u00f6s parantavat tuotteidesi ulkon\u00e4k\u00f6\u00e4.<\/p>\n<p>Investointi r\u00e4\u00e4t\u00e4l\u00f6ityihin NFC-tarroihin voi v\u00e4hent\u00e4\u00e4 merkitt\u00e4v\u00e4sti v\u00e4\u00e4renn\u00f6sriski\u00e4 ja antaa kuluttajille luottamusta ostoksensa aitouden. Tarjoamalla l\u00e4pin\u00e4kyv\u00e4sti tietoa tuotteen alkuper\u00e4st\u00e4 ja valmistustiedoista n\u00e4m\u00e4 tarrat voivat my\u00f6s parantaa kuluttajakokemusta ja sitoutumista.<\/p>\n<p>&nbsp;<\/p>\n<h2>Mukautettujen NFC-tarrojen ominaisuudet<\/h2>\n<h3>Edistynyt teknologia ja turvallisuus<\/h3>\n<p>Mukautetut NFC-tarrat on varustettu huipputeknologialla, kuten RFID-viestint\u00e4liit\u00e4nn\u00f6ill\u00e4, mik\u00e4 tekee niist\u00e4 poikkeuksellisen tehokkaita tuotemerkin todentamisessa. Hy\u00f6dynt\u00e4m\u00e4ll\u00e4\u00a0<strong>NXP NTAG213<\/strong>\u00a0siru, n\u00e4m\u00e4 tarrat toimivat taajuudella\u00a0<strong>13,56 MHz<\/strong>, mik\u00e4 varmistaa luotettavan yhteyden muihin NFC-yhteensopiviin laitteisiin. Kiinnitet\u00e4\u00e4np\u00e4 ne tuotepakkauksiin tai etiketteihin, n\u00e4m\u00e4 tarrat tarjoavat hienostuneen ratkaisun v\u00e4\u00e4renn\u00f6sten torjuntaan v\u00e4h\u00e4ll\u00e4 vaivalla.<\/p>\n<h3>Monipuoliset sovellukset<\/h3>\n<p>Mukautettujen NFC-tarrojen monipuolisuus tekee niist\u00e4 soveltuvia useille eri aloille luksustuotteista kulutuselektroniikkaan. Ne voidaan kiinnitt\u00e4\u00e4 erilaisille pinnoille - mukaan lukien\u00a0<strong>PVC, PET<\/strong>, ja metalli, joiden avulla yritykset voivat sis\u00e4llytt\u00e4\u00e4 ne saumattomasti tuotemerkkiins\u00e4. Yritykset voivat valita useista malleista, mukaan lukien\u00a0<strong>py\u00f6re\u00e4, neli\u00f6<\/strong>ja mukautettuja kokoonpanoja, jotka sopivat parhaiten heid\u00e4n tuotteensa estetiikkaan.<\/p>\n<h2>2. Kest\u00e4vyys ja k\u00e4ytett\u00e4vyys<\/h2>\n<h3>Veden- ja s\u00e4\u00e4nkest\u00e4v\u00e4 muotoilu<\/h3>\n<p>Tuotemerkinn\u00f6iss\u00e4 kest\u00e4vyys on ensiarvoisen t\u00e4rke\u00e4\u00e4. Mukautetut NFC-tarrat on suunniteltu kest\u00e4m\u00e4\u00e4n ankaria ymp\u00e4rist\u00f6olosuhteita. Niiden\u00a0<strong>vedenpit\u00e4v\u00e4<\/strong>\u00a0ja\u00a0<strong>s\u00e4\u00e4nkest\u00e4v\u00e4<\/strong>\u00a0ominaisuudet tekev\u00e4t niist\u00e4 ihanteellisia ulkok\u00e4ytt\u00f6\u00f6n tai kosteudelle alttiina oleville tuotteille. T\u00e4m\u00e4 varmistaa, ett\u00e4 NFC-tekniikka pysyy t\u00e4ysin toimintakykyisen\u00e4 ulkoisesta ymp\u00e4rist\u00f6st\u00e4 riippumatta ja suojaa br\u00e4ndisi eheytt\u00e4.<\/p>\n<h3>K\u00e4ytt\u00e4j\u00e4yst\u00e4v\u00e4llinen k\u00e4ytt\u00f6liittym\u00e4<\/h3>\n<p>Mukautettujen NFC-tarrojen k\u00e4yt\u00f6n yksinkertaisuus on toinen merkitt\u00e4v\u00e4 etu. Asiakkaat voivat helposti todentaa tuotteet napauttamalla niit\u00e4\u00a0<strong>NFC-yhteensopivat \u00e4lypuhelimet<\/strong>\u00a0tarraa vasten. T\u00e4m\u00e4 intuitiivinen vuorovaikutus eliminoi monimutkaiset prosessit, jolloin k\u00e4ytt\u00e4j\u00e4t voivat varmistaa aitouden ja saada lis\u00e4\u00e4 tuotetietoja nopeasti. T\u00e4m\u00e4n seurauksena asiakastyytyv\u00e4isyys ja sitoutuneisuus lis\u00e4\u00e4ntyv\u00e4t.<\/p>\n<p>&nbsp;<\/p>\n<p>&nbsp;<\/p>\n<h2>Tekniset tiedot<\/h2>\n<table class=\"w-fit !mb-0 !max-w-none\">\n<thead>\n<tr>\n<th>Erittely<\/th>\n<th>Yksityiskohta<\/th>\n<\/tr>\n<\/thead>\n<tbody>\n<tr>\n<td><strong>Siru<\/strong><\/td>\n<td>Ntag213, Ntag215, Ntag216<\/td>\n<\/tr>\n<tr>\n<td><strong>Taajuus<\/strong><\/td>\n<td>13,56 MHz<\/td>\n<\/tr>\n<tr>\n<td><strong>p\u00f6yt\u00e4kirja<\/strong><\/td>\n<td>ISO 14443A<\/td>\n<\/tr>\n<tr>\n<td><strong>Kirjoitettavat tietotyypit<\/strong><\/td>\n<td>Verkkosivusto, teksti, QR-koodit, muut muodot<\/td>\n<\/tr>\n<tr>\n<td><strong>Tulostusasetukset<\/strong><\/td>\n<td>Offsetpainatus, digitaalinen painatus, r\u00e4\u00e4t\u00e4l\u00f6inti<\/td>\n<\/tr>\n<tr>\n<td><strong>K\u00e4sity\u00f6vaihtoehdot<\/strong><\/td>\n<td>Kiilt\u00e4v\u00e4, matta, epoksi, hologrammi<\/td>\n<\/tr>\n<tr>\n<td><strong>Kokovaihtoehdot<\/strong><\/td>\n<td>Py\u00f6re\u00e4 (halkaisija 30 mm), neli\u00f6, mukautettu<\/td>\n<\/tr>\n<tr>\n<td><strong>Pakkauksen tiedot<\/strong><\/td>\n<td>200 kpl sis\u00e4laatikossa, 25 laatikkoa laatikossa; laatikon koko: 48<em>22.5<\/em>30 cm<\/td>\n<\/tr>\n<tr>\n<td><strong>Paino<\/strong><\/td>\n<td>0,010 kg per tarra<\/td>\n<\/tr>\n<\/tbody>\n<\/table>\n<p>&nbsp;<\/p>\n<p>&nbsp;<\/p>\n<h2>Usein kysytyt kysymykset (FAQ)<\/h2>\n<h3>1.\u00a0<strong>Mik\u00e4 on NFC-tekniikka ja miten se toimii?<\/strong><\/h3>\n<p>NFC (Near Field Communication) on lyhyen kantaman langaton tekniikka, joka mahdollistaa viestinn\u00e4n yhteensopivien laitteiden v\u00e4lill\u00e4, kun ne tuodaan l\u00e4helle toisiaan, tyypillisesti muutaman senttimetrin sis\u00e4ll\u00e4. Mukautetut NFC-tarrat sis\u00e4lt\u00e4v\u00e4t NFC-sirun, joka v\u00e4litt\u00e4\u00e4 tietoja NFC-yhteensopiviin \u00e4lypuhelimiin ja laitteisiin napauttamalla, jolloin k\u00e4ytt\u00e4j\u00e4t voivat nopeasti varmistaa tuotteen aitouden tai saada lis\u00e4tietoa.<\/p>\n<h3>2.\u00a0<strong>Kuinka kest\u00e4vi\u00e4 mukautetut NFC-tarrat ovat?<\/strong><\/h3>\n<p>Mukautetut NFC-tarrat on suunniteltu veden- ja s\u00e4\u00e4nkest\u00e4v\u00e4ksi, joten ne sopivat sek\u00e4 sis\u00e4- ett\u00e4 ulkok\u00e4ytt\u00f6\u00f6n. Ne kest\u00e4v\u00e4t erilaisia ymp\u00e4rist\u00f6olosuhteita, mik\u00e4 varmistaa, ett\u00e4 NFC-tekniikka pysyy toiminnassa pitk\u00e4\u00e4n.<\/p>\n<h3>3.\u00a0<strong>Voiko n\u00e4it\u00e4 tarroja muokata?<\/strong><\/h3>\n<p>Kyll\u00e4! Mukautetut NFC-tarramme tarjoavat erilaisia mukautusvaihtoehtoja, mukaan lukien koko, muoto, suunnittelu ja tulostustavat. Voit tulostaa logoja, tuotetietoja, QR-koodeja ja muita br\u00e4nd\u00e4yselementtej\u00e4 br\u00e4ndi-identiteettisi mukaiseksi.<\/p>\n<h3>4.\u00a0<strong>Mit\u00e4 materiaaleja tarroihin on k\u00e4ytetty?<\/strong><\/h3>\n<p>Mukautetut NFC-tarrat voidaan valmistaa eri materiaaleista, kuten PVC:st\u00e4, PET:st\u00e4 tai p\u00e4\u00e4llystetyst\u00e4 paperista. Jokainen materiaali valitaan sen kest\u00e4vyyden ja eri k\u00e4ytt\u00f6tarkoituksiin soveltuvuuden perusteella, mik\u00e4 varmistaa, ett\u00e4 tarrat tarttuvat tehokkaasti tuotteisiisi.<\/p>","protected":false},"excerpt":{"rendered":"<p>Mukautetut NFC-tarrat tarjoavat hienostuneen ratkaisun tuotemerkin todentamiseen ja v\u00e4\u00e4renn\u00f6sten torjuntaan. Tarkista tuotteen laillisuus helposti napauttamalla \u00e4lypuhelinta.<\/p>","protected":false},"featured_media":3668,"template":"","meta":[],"product_brand":[],"product_cat":[48],"product_tag":[],"class_list":{"0":"post-3667","1":"product","2":"type-product","3":"status-publish","4":"has-post-thumbnail","6":"product_cat-nfc-stickers","8":"first","9":"instock","10":"shipping-taxable","11":"product-type-simple"},"_links":{"self":[{"href":"https:\/\/nfc-readers.com\/fi\/wp-json\/wp\/v2\/product\/3667","targetHints":{"allow":["GET"]}}],"collection":[{"href":"https:\/\/nfc-readers.com\/fi\/wp-json\/wp\/v2\/product"}],"about":[{"href":"https:\/\/nfc-readers.com\/fi\/wp-json\/wp\/v2\/types\/product"}],"wp:featuredmedia":[{"embeddable":true,"href":"https:\/\/nfc-readers.com\/fi\/wp-json\/wp\/v2\/media\/3668"}],"wp:attachment":[{"href":"https:\/\/nfc-readers.com\/fi\/wp-json\/wp\/v2\/media?parent=3667"}],"wp:term":[{"taxonomy":"product_brand","embeddable":true,"href":"https:\/\/nfc-readers.com\/fi\/wp-json\/wp\/v2\/product_brand?post=3667"},{"taxonomy":"product_cat","embeddable":true,"href":"https:\/\/nfc-readers.com\/fi\/wp-json\/wp\/v2\/product_cat?post=3667"},{"taxonomy":"product_tag","embeddable":true,"href":"https:\/\/nfc-readers.com\/fi\/wp-json\/wp\/v2\/product_tag?post=3667"}],"curies":[{"name":"wp","href":"https:\/\/api.w.org\/{rel}","templated":true}]}}