{"id":3675,"date":"2024-11-10T06:17:39","date_gmt":"2024-11-10T06:17:39","guid":{"rendered":"https:\/\/nfc-readers.com\/?post_type=product&#038;p=3675"},"modified":"2024-11-10T06:17:39","modified_gmt":"2024-11-10T06:17:39","slug":"13-56mhz-iso14443a-mifare-ntag-424dna-rfid-nfc-coin-tag-token","status":"publish","type":"product","link":"https:\/\/nfc-readers.com\/fi\/ic-reader\/13-56mhz-iso14443a-mifare-ntag-424dna-rfid-nfc-coin-tag-token\/","title":{"rendered":"13,56 MHz ISO14443A MIfare NTAG 424DNA RFID NFC Kolikkotunniste Token"},"content":{"rendered":"<h1 style=\"text-align: center;\"><span style=\"font-size: 95%;\"><strong>13,56 MHz ISO14443A MIfare NTAG 424DNA RFID NFC Kolikkotunniste Token<\/strong><\/span><\/h1>\n<p>&nbsp;<\/p>\n<p>Nopeasti kehittyv\u00e4ss\u00e4 kontaktittoman teknologian maailmassa\u00a0<strong>13,56 MHz ISO14443A MIfare NTAG 424DNA RFID NFC Kolikkotunniste Token<\/strong>\u00a0erottuu monipuolisena ja tehokkaana ratkaisuna. N\u00e4m\u00e4 NFC-tunnisteet tarjoavat poikkeuksellisen hy\u00f6dyn erilaisiin sovelluksiin pelaamisesta suojattuun viestint\u00e4\u00e4n. N\u00e4m\u00e4 tarkasti suunnitellut rahakkeet yhdist\u00e4v\u00e4t edistyneet ominaisuudet k\u00e4ytt\u00e4j\u00e4yst\u00e4v\u00e4llisiin ominaisuuksiin, joten ne ovat v\u00e4ltt\u00e4m\u00e4tt\u00f6mi\u00e4 harrastajille ja ammattilaisille. Halusitpa sitten parantaa liiketoimintaasi, virtaviivaistaa tietojen jakamista tai vain tutkia innovatiivista teknologiaa, investoimalla n\u00e4ihin NFC-tunnisteisiin voi avata uusia mahdollisuuksia.<\/p>\n<p>&nbsp;<\/p>\n<h2>Tuotteen edut<\/h2>\n<ol>\n<li><strong>Enhanced Utility<\/strong>: NTAG 424DNA -siru tarjoaa vankan muistin (416 tavua) ja turvallisen tiedonsiirron, mik\u00e4 on ihanteellinen sovelluksiin, jotka vaativat korkean tason suojausta.<\/li>\n<li><strong>Kest\u00e4vyys<\/strong>: N\u00e4m\u00e4 tunnisteet on suunniteltu vedenpit\u00e4vill\u00e4 ja s\u00e4\u00e4nkest\u00e4viss\u00e4 ominaisuuksilla, ja ne viihtyv\u00e4t ulkotiloissa ja takaavat pitk\u00e4ik\u00e4isyyden jopa haastavissa ymp\u00e4rist\u00f6iss\u00e4.<\/li>\n<li><strong>Laaja yhteensopivuus<\/strong>: N\u00e4m\u00e4 tunnisteet ovat yhteensopivia useiden NFC-yhteensopivien laitteiden kanssa, ja ne voidaan helposti integroida olemassa oleviin ty\u00f6nkulkuihin, mik\u00e4 tekee siirtymisest\u00e4 kosketuksettomaan tekniikkaan saumattoman.<\/li>\n<\/ol>\n<p>N\u00e4iden vakuuttavien etujen ansiosta on selv\u00e4\u00e4, miksi\u00a0<strong>NTAG 424DNA NFC -kolikkomerkki<\/strong>\u00a0kannattaa ostaa.<\/p>\n<p>&nbsp;<\/p>\n<h3>Tekniset tiedot<\/h3>\n<p>Tekniset tiedot\u00a0<strong>NTAG 424DNA<\/strong>\u00a0RFID NFC Coin Tag korostaa sen kest\u00e4vyytt\u00e4 ja monipuolisuutta. T\u00e4ss\u00e4 ovat t\u00e4rkeimm\u00e4t huomioitavat seikat:<\/p>\n<ul>\n<li><strong>Siru<\/strong>: NTAG 424 DNA<\/li>\n<li><strong>Muistin kapasiteetti<\/strong>: 416 tavua<\/li>\n<li><strong>Taajuus<\/strong>: 13,56 MHz<\/li>\n<li><strong>Lukuet\u00e4isyys<\/strong>: 2-10 cm<\/li>\n<li><strong>Materiaali<\/strong>: PVC<\/li>\n<li><strong>Koko<\/strong>: Halkaisija 25mm\/30mm<\/li>\n<li><strong>Paksuus<\/strong>: 0,84mm (muokattavissa)<\/li>\n<li><strong>Paino<\/strong>: 6,5 g<\/li>\n<\/ul>\n<p>N\u00e4m\u00e4 spesifikaatiot varmistavat, ett\u00e4 NFC-tunniste voi t\u00e4ytt\u00e4\u00e4 erilaisia k\u00e4ytt\u00e4jien tarpeita pelisovelluksista suojattuun liiketoimintaan.<\/p>\n<p>&nbsp;<\/p>\n<h3>NTAG 424DNA -kolikkotunnisteen sovellukset<\/h3>\n<p>Sovellukset\u00a0<strong>NTAG 424DNA<\/strong>\u00a0kolikkotunnisteet ovat laajat. Pelialalla n\u00e4m\u00e4 tunnisteet voivat parantaa k\u00e4ytt\u00f6kokemusta sallimalla vuorovaikutuksen pelin sis\u00e4isten elementtien kanssa NFC-yhteensopivien laitteiden kautta. Ne voidaan ohjelmoida avaamaan eksklusiivista sis\u00e4lt\u00f6\u00e4, tarjoamaan v\u00e4litt\u00f6mi\u00e4 palkintoja tai linkitt\u00e4m\u00e4\u00e4n verkkoalustoille, mik\u00e4 lis\u00e4\u00e4 k\u00e4ytt\u00e4jien sitoutumista.<\/p>\n<p>Lis\u00e4ksi liiketoimintaymp\u00e4rist\u00f6ss\u00e4 NFC-tunnisteet voivat toimia digitaalisina k\u00e4yntikortteina, jotka tarjoavat v\u00e4litt\u00f6m\u00e4n p\u00e4\u00e4syn yhteystietoihin tai portfoliolinkkeihin, tai niit\u00e4 voidaan k\u00e4ytt\u00e4\u00e4 omaisuuden seurantaan ja varastonhallintaan. Sovellusten monipuolisuus osoittaa\u00a0<strong>NFC-tunnisteiden toiminnallisuus sek\u00e4 jokap\u00e4iv\u00e4isess\u00e4 el\u00e4m\u00e4ss\u00e4 ett\u00e4 erikoisaloilla.<\/strong><\/p>\n<p>&nbsp;<\/p>\n<p>&nbsp;<\/p>\n<h2>Usein kysytyt kysymykset (FAQ) NTAG 424DNA RFID NFC -kolikkotunnisteesta<\/h2>\n<h3>1. Mit\u00e4 NFC-tekniikka on ja miten se toimii?<\/h3>\n<p>NFC (Near Field Communication) -tekniikan avulla laitteet voivat kommunikoida langattomasti lyhyill\u00e4 et\u00e4isyyksill\u00e4 (yleens\u00e4 2-10 cm). Se mahdollistaa tiedonsiirron NFC-yhteensopivien laitteiden ja tunnisteiden, kuten NTAG 424DNA:n, v\u00e4lill\u00e4 s\u00e4hk\u00f6magneettiseksi induktioksi kutsutun prosessin kautta. Voit olla vuorovaikutuksessa pit\u00e4m\u00e4ll\u00e4 NFC-yhteensopivaa puhelintasi tai laitettasi tunnisteen l\u00e4hell\u00e4, niin tiedot l\u00e4hetet\u00e4\u00e4n v\u00e4litt\u00f6m\u00e4sti.<\/p>\n<h3>2. Mitk\u00e4 laitteet ovat yhteensopivia NTAG 424DNA NFC -kolikkotunnisteen kanssa?<\/h3>\n<p>NTAG 424DNA NFC Coin Tag on yhteensopiva kaikkien NFC-yhteensopivien mobiililaitteiden kanssa, mukaan lukien laaja valikoima Android-\u00e4lypuhelimia ja -tabletteja sek\u00e4 tiettyj\u00e4 iPhone-malleja (iPhone 7 ja uudemmat). Useimmat nykyaikaiset laitteet, joissa on NFC-ominaisuudet, voivat lukea ja kirjoittaa tietoja n\u00e4ihin tunnisteisiin.<\/p>\n<h3>3. Onko NTAG 424DNA NFC -kolikkotunniste uudelleenkirjoitettava?<\/h3>\n<p>Kyll\u00e4, NTAG 424DNA NFC Coin Tag on uudelleenkirjoitettava. Muistia voidaan muokata, jolloin k\u00e4ytt\u00e4j\u00e4t voivat p\u00e4ivitt\u00e4\u00e4 tallennettuja tietoja aina tarvittaessa. T\u00e4m\u00e4 ominaisuus tekee siit\u00e4 eritt\u00e4in monipuolisen erilaisiin sovelluksiin, kuten digitaalisen k\u00e4yntikortin yhteystietojen vaihtamiseen tai peliin liittyvien tietojen p\u00e4ivitt\u00e4miseen.<\/p>","protected":false},"excerpt":{"rendered":"<div class=\"message-item-outer relative px-4 mb-2\" data-id=\"ab1b65d0-6e69-4f08-ab26-216071361a06\">\n<div class=\"content-area pl-[0px]\">\n<div class=\"message-item select-text relative\">\n<div class=\"message-inner relative\">\n<div class=\"py-[2px]\">\n<div class=\"flex flex-col gap-2\">\n<div class=\"answer-markdown-box overflow-x-auto select-text custom-scrollbar\">\n<div class=\"markdown-body\">\n<p>13,56 MHz:n ISO14443A Mifare NTAG 424DNA RFID NFC Coin Tag Token tarjoaa edistynytt\u00e4 tietoturvaa 416 tavun muistillaan, mik\u00e4 tekee siit\u00e4 ihanteellisen sovelluksiin, kuten turvallisiin tapahtumiin ja interaktiiviseen markkinointiin. Sen vedenpit\u00e4v\u00e4 muotoilu ja yhteensopivuus useiden NFC-yhteensopivien laitteiden kanssa takaavat monipuolisen k\u00e4yt\u00f6n sek\u00e4 sis\u00e4- ett\u00e4 ulkotiloissa.<\/p>\n<\/div>\n<\/div>\n<\/div>\n<\/div>\n<\/div>\n<\/div>\n<\/div>\n<\/div>","protected":false},"featured_media":3676,"template":"","meta":[],"product_brand":[],"product_cat":[47],"product_tag":[],"class_list":{"0":"post-3675","1":"product","2":"type-product","3":"status-publish","4":"has-post-thumbnail","6":"product_cat-nfc-tags","8":"first","9":"instock","10":"shipping-taxable","11":"product-type-simple"},"_links":{"self":[{"href":"https:\/\/nfc-readers.com\/fi\/wp-json\/wp\/v2\/product\/3675","targetHints":{"allow":["GET"]}}],"collection":[{"href":"https:\/\/nfc-readers.com\/fi\/wp-json\/wp\/v2\/product"}],"about":[{"href":"https:\/\/nfc-readers.com\/fi\/wp-json\/wp\/v2\/types\/product"}],"wp:featuredmedia":[{"embeddable":true,"href":"https:\/\/nfc-readers.com\/fi\/wp-json\/wp\/v2\/media\/3676"}],"wp:attachment":[{"href":"https:\/\/nfc-readers.com\/fi\/wp-json\/wp\/v2\/media?parent=3675"}],"wp:term":[{"taxonomy":"product_brand","embeddable":true,"href":"https:\/\/nfc-readers.com\/fi\/wp-json\/wp\/v2\/product_brand?post=3675"},{"taxonomy":"product_cat","embeddable":true,"href":"https:\/\/nfc-readers.com\/fi\/wp-json\/wp\/v2\/product_cat?post=3675"},{"taxonomy":"product_tag","embeddable":true,"href":"https:\/\/nfc-readers.com\/fi\/wp-json\/wp\/v2\/product_tag?post=3675"}],"curies":[{"name":"wp","href":"https:\/\/api.w.org\/{rel}","templated":true}]}}