{"id":3683,"date":"2024-11-10T06:22:41","date_gmt":"2024-11-10T06:22:41","guid":{"rendered":"https:\/\/nfc-readers.com\/?post_type=product&#038;p=3683"},"modified":"2024-11-10T06:22:41","modified_gmt":"2024-11-10T06:22:41","slug":"wholesale-high-security-tamper-proof-nfc-tag-rfid-sticker","status":"publish","type":"product","link":"https:\/\/nfc-readers.com\/fi\/ic-reader\/wholesale-high-security-tamper-proof-nfc-tag-rfid-sticker\/","title":{"rendered":"Tukkukaupan korkean turvallisuuden peukaloinnin kest\u00e4v\u00e4 NFC-tunniste RFID-tarra"},"content":{"rendered":"<h1 style=\"text-align: center;\"><strong>Tukkukaupan korkean turvallisuuden peukaloinnin kest\u00e4v\u00e4 NFC-tunniste RFID-tarra<\/strong><\/h1>\n<p>&nbsp;<\/p>\n<p>Avaa turvallisen tiedon jakamisen tulevaisuus kanssamme <strong>Tukkukaupan korkean turvallisuuden peukaloinnin kest\u00e4v\u00e4 NFC-tunniste RFID-tarra<\/strong>. N\u00e4iss\u00e4 innovatiivisissa NFC-tarroissa, jotka sopivat t\u00e4ydellisesti v\u00e4\u00e4renn\u00f6sten torjuntaan, yhdistyv\u00e4t huippuluokan tietoturvaominaisuudet ja laaja k\u00e4ytt\u00f6sovellus. N\u00e4m\u00e4 NFC-tunnisteet on suunniteltu yrityksille, jotka asettavat etusijalle turvallisuuden ja tehokkuuden, ja ne edustavat seuraavaa askelta kontaktittoman teknologian alalla eri aloilla, mukaan lukien v\u00e4hitt\u00e4iskauppa, logistiikka ja tapahtumanhallinta.<\/p>\n<p>&nbsp;<\/p>\n<p><strong>Miksi ostaa NFC-tunnisteitamme?<\/strong><br \/>\nNFC-tunnisteemme tarjoavat turvallisen, tehokkaan ja k\u00e4tev\u00e4n ratkaisun erilaisiin sovelluksiin \u2013 tuotteiden todentamisesta saumattomien k\u00e4ytt\u00f6kokemusten tarjoamiseen digitaalisissa tapahtumissa. Varmistamalla, ett\u00e4 tietosi ovat turvassa v\u00e4\u00e4rent\u00e4miselt\u00e4, v\u00e4\u00e4rent\u00e4miselt\u00e4 suojatut NFC-tunnisteet eiv\u00e4t vain lis\u00e4\u00e4 turvallisuutta, vaan my\u00f6s lis\u00e4\u00e4v\u00e4t arvoa br\u00e4ndillesi. Lis\u00e4ksi muokattavissa oleva luonne varmistaa, ett\u00e4 jokainen tunniste voidaan r\u00e4\u00e4t\u00e4l\u00f6id\u00e4 vastaamaan erityisvaatimuksia, mik\u00e4 tekee niist\u00e4 monipuolisen valinnan mille tahansa yritykselle.<\/p>\n<p>&nbsp;<\/p>\n<h2>Peukaloinninsuojatun NFC-tunnisteen ominaisuudet<\/h2>\n<p>Mit\u00e4 tulee turvallisuuteen, meid\u00e4n\u00a0<strong>Tukkukaupan korkean turvallisuuden peukaloinnin kest\u00e4v\u00e4 NFC-tunniste RFID-tarra<\/strong>\u00a0erottuu joukosta sen ansiosta\u00a0<strong>erityispiirteit\u00e4<\/strong>\u00a0suunniteltu torjumaan v\u00e4\u00e4renn\u00f6ksi\u00e4.<\/p>\n<ul>\n<li><strong>Peukaloinnin kest\u00e4v\u00e4 muotoilu<\/strong>: Kun n\u00e4m\u00e4 NFC-tunnisteet on kiinnitetty, niit\u00e4 on k\u00e4yt\u00e4nn\u00f6ss\u00e4 mahdotonta poistaa ilman merkitt\u00e4vi\u00e4 vaurioita, mik\u00e4 varmistaa, ett\u00e4 peukalointi on helposti havaittavissa.<\/li>\n<li><strong>Mukautettu koko ja tulostus<\/strong>: Tunnisteitamme on muokattavassa koossa ja ne tulostetaan k\u00e4ytt\u00e4m\u00e4ll\u00e4\u00a0<strong>CMYK 4C -offsetpainatus<\/strong>\u00a0eloisaa, korkealaatuista grafiikkaa, joka parantaa br\u00e4nd\u00e4yst\u00e4.<\/li>\n<li><strong>Muistin kapasiteetti<\/strong>: Jokainen tunniste sis\u00e4lt\u00e4\u00e4 ominaisuudet\u00a0<strong>416 tavua<\/strong>\u00a0muistia, mik\u00e4 mahdollistaa olennaisten tietojen turvallisen tallentamisen.<\/li>\n<\/ul>\n<p>N\u00e4m\u00e4 attribuutit tekev\u00e4t NFC-tunnisteesta sek\u00e4 luotettavan ett\u00e4 tehokkaan, mik\u00e4 tekee siit\u00e4 v\u00e4ltt\u00e4m\u00e4tt\u00f6m\u00e4n ty\u00f6kalun yrityksille, jotka pyrkiv\u00e4t toiminnassaan huippuluokan turvatoimiin.<\/p>\n<p>&nbsp;<\/p>\n<h2>NFC-tunnisteiden sovellukset<\/h2>\n<p>NFC-tunnisteemme monipuolisuus mahdollistaa niiden k\u00e4yt\u00f6n useilla aloilla, mik\u00e4 parantaa liiketoimintaprosesseja ja s\u00e4ilytt\u00e4\u00e4 turvalliset tapahtumat:<\/p>\n<ul>\n<li><strong>V\u00e4\u00e4renn\u00f6sten torjunta<\/strong>: Yritykset voivat k\u00e4ytt\u00e4\u00e4 n\u00e4it\u00e4 tunnisteita tuotteiden aitouden varmistamiseksi, koska ne on suunniteltu turvallisesti kiinnitett\u00e4viksi ja v\u00e4\u00e4rent\u00e4miselt\u00e4 suojattaviksi, mik\u00e4 est\u00e4\u00e4 v\u00e4\u00e4renn\u00f6sk\u00e4yt\u00e4nn\u00f6t.<\/li>\n<li><strong>Tapahtuman hallinta<\/strong>: K\u00e4yt\u00e4 NFC-tunnisteita lipunmyyntiin, mik\u00e4 mahdollistaa saumattoman kulunvalvonnan ja v\u00e4hent\u00e4\u00e4 lippupetosten esiintymist\u00e4.<\/li>\n<li><strong>\u00c4lyk\u00e4s markkinointi<\/strong>: N\u00e4m\u00e4 tunnisteet voidaan integroida markkinointimateriaaleihin, jolloin asiakkaat voivat olla yhteydess\u00e4 br\u00e4ndiisi suoraan napauttamalla puhelimiaan p\u00e4\u00e4st\u00e4kseen kampanjoihin, tuotetietoihin tai digitaalisiin k\u00e4yntikortteihin.<\/li>\n<\/ul>\n<p>Hy\u00f6dynt\u00e4m\u00e4ll\u00e4 n\u00e4iden sovellusten tehoa yritykset voivat tehokkaasti turvata toimintansa ja optimoida asiakasvuorovaikutusta.<\/p>\n<p>&nbsp;<\/p>\n<h2>Usein kysytyt kysymykset (FAQ)<\/h2>\n<h3>1.\u00a0<strong>Mik\u00e4 on NFC-tunniste?<\/strong><\/h3>\n<p>NFC (Near Field Communication) -tunniste on pieni laite, joka k\u00e4ytt\u00e4\u00e4 RFID-tekniikkaa (Radio Frequency Identification) tiedon l\u00e4hett\u00e4miseen langattomasti lyhyill\u00e4 et\u00e4isyyksill\u00e4 (yleens\u00e4 1\u201310 cm). K\u00e4ytt\u00e4j\u00e4t voivat napauttaa NFC-yhteensopivia laitteitaan tunnistetta vasten p\u00e4\u00e4st\u00e4kseen tallennettuihin tietoihin tai suorittaakseen toiminnon.<\/p>\n<h3>2.\u00a0<strong>Kuinka ohjelmoin NFC-tunnisteen?<\/strong><\/h3>\n<p>NFC-tunnisteen ohjelmointiin kuuluu yleens\u00e4 NFC-yhteensopivan \u00e4lypuhelimen tai muiden yhteensopivien laitteiden k\u00e4ytt\u00e4minen NFC-sovelluksen kanssa. Voit kirjoittaa tunnisteeseen tietoja (kuten URL-osoitteita tai yhteystietoja) n\u00e4iden sovellusten avulla. Valitse vain tiedot, jotka haluat kirjoittaa, napauta laitteellasi tunnistetta, ja tiedot tallennetaan.<\/p>\n<h3>3.\u00a0<strong>Millaisia tietoja NFC-tunnisteet voivat tallentaa?<\/strong><\/h3>\n<p>NFC-tunnisteet voivat tallentaa erityyppisi\u00e4 tietoja, kuten URL-osoitteita, teksti\u00e4, yhteystietoja, tuotetietoja, sovellusten komentoja ja paljon muuta. Tallennettavan tiedon m\u00e4\u00e4r\u00e4 riippuu tunnisteen muistikapasiteetista, ja NFC-tunnisteemme tukevat\u00a0<strong>416 tavua<\/strong>.<\/p>\n<h3>4.\u00a0<strong>Ovatko NFC-tunnisteet uudelleenkirjoitettavia?<\/strong><\/h3>\n<p>Kyll\u00e4, NFC-tunnisteemme ovat uudelleenkirjoitettavia, joten voit ohjelmoida niihin erilaisia tietoja tarpeen mukaan. T\u00e4m\u00e4 ominaisuus on erityisen hy\u00f6dyllinen yrityksille, jotka haluavat joustavuutta sovelluksiinsa.<\/p>","protected":false},"excerpt":{"rendered":"<p>Paranna tuotemerkkisi turvallisuutta tukkumyynnill\u00e4 olevilla korkean suojan v\u00e4\u00e4rent\u00e4miselt\u00e4 suojatuilla NFC-tunniste RFID-tarroilla. Ne on suunniteltu v\u00e4\u00e4renn\u00f6sten torjuntaan, ja ne tarjoavat mukautettavia ratkaisuja ja saumattoman p\u00e4\u00e4syn tietoihin.<\/p>","protected":false},"featured_media":3684,"template":"","meta":[],"product_brand":[],"product_cat":[47],"product_tag":[],"class_list":{"0":"post-3683","1":"product","2":"type-product","3":"status-publish","4":"has-post-thumbnail","6":"product_cat-nfc-tags","8":"first","9":"instock","10":"shipping-taxable","11":"product-type-simple"},"_links":{"self":[{"href":"https:\/\/nfc-readers.com\/fi\/wp-json\/wp\/v2\/product\/3683","targetHints":{"allow":["GET"]}}],"collection":[{"href":"https:\/\/nfc-readers.com\/fi\/wp-json\/wp\/v2\/product"}],"about":[{"href":"https:\/\/nfc-readers.com\/fi\/wp-json\/wp\/v2\/types\/product"}],"wp:featuredmedia":[{"embeddable":true,"href":"https:\/\/nfc-readers.com\/fi\/wp-json\/wp\/v2\/media\/3684"}],"wp:attachment":[{"href":"https:\/\/nfc-readers.com\/fi\/wp-json\/wp\/v2\/media?parent=3683"}],"wp:term":[{"taxonomy":"product_brand","embeddable":true,"href":"https:\/\/nfc-readers.com\/fi\/wp-json\/wp\/v2\/product_brand?post=3683"},{"taxonomy":"product_cat","embeddable":true,"href":"https:\/\/nfc-readers.com\/fi\/wp-json\/wp\/v2\/product_cat?post=3683"},{"taxonomy":"product_tag","embeddable":true,"href":"https:\/\/nfc-readers.com\/fi\/wp-json\/wp\/v2\/product_tag?post=3683"}],"curies":[{"name":"wp","href":"https:\/\/api.w.org\/{rel}","templated":true}]}}