{"id":3691,"date":"2024-11-10T06:28:41","date_gmt":"2024-11-10T06:28:41","guid":{"rendered":"https:\/\/nfc-readers.com\/?post_type=product&#038;p=3691"},"modified":"2024-11-10T06:28:41","modified_gmt":"2024-11-10T06:28:41","slug":"nfc-ntag-424-dna-sticker-anti-metal-tag-anti-fake","status":"publish","type":"product","link":"https:\/\/nfc-readers.com\/fi\/ic-reader\/nfc-ntag-424-dna-sticker-anti-metal-tag-anti-fake\/","title":{"rendered":"NFC Ntag 424 DNA-tarra Metallia est\u00e4v\u00e4 tarra V\u00e4\u00e4renn\u00f6sten esto"},"content":{"rendered":"<h1 style=\"text-align: center;\"><strong>NFC Ntag 424 DNA-tarra Metallia est\u00e4v\u00e4 tarra V\u00e4\u00e4renn\u00f6sten esto<\/strong><\/h1>\n<p>Aikana, jolloin digitaalinen turvallisuus ja aitous ovat ensiarvoisen t\u00e4rkeit\u00e4 <strong>NFC Ntag 424 DNA Tarra Anti-Metal Tag<\/strong>\u00a0erottuu uraauurtavana ratkaisuna. Haluatpa sitten suojata br\u00e4ndi\u00e4si v\u00e4\u00e4renn\u00f6sten estotekniikalla, parantaa k\u00e4ytt\u00e4jien vuorovaikutusta saumattoman viestinn\u00e4n avulla tai yksinkertaisesti hy\u00f6dynt\u00e4\u00e4 uusinta NFC-tekniikkaa, t\u00e4m\u00e4 tuote on suunniteltu vastaamaan tarpeitasi. Sano hyv\u00e4stit v\u00e4\u00e4renn\u00f6ksi\u00e4 koskeville huolenaiheille ja varmista, ett\u00e4 tuotteesi v\u00e4litt\u00e4v\u00e4t luottamusta.<\/p>\n<p>&nbsp;<\/p>\n<h2>Tuotteen yleiskatsaus ja edut<\/h2>\n<p>The\u00a0<strong>NFC Ntag 424 DNA-tarra<\/strong>\u00a0tarjoaa edistyneit\u00e4 ominaisuuksia, jotka tekev\u00e4t siit\u00e4 v\u00e4ltt\u00e4m\u00e4tt\u00f6m\u00e4n yrityksille ja kuluttajille. Se vastaa haasteeseen, joka liittyy kohteiden todentamiseen ja turvallisen viestinn\u00e4n varmistamiseen NFC (Near Field Communication) -tekniikan avulla. Kompaktin muotoilunsa ja erikoismateriaaliensa ansiosta se sopii t\u00e4ydellisesti erilaisiin sovelluksiin, kuten tuotemerkint\u00f6ihin, markkinointiin ja kulunvalvontaan.<\/p>\n<p>&nbsp;<\/p>\n<h3>NFC Ntag 424 DNA -tarrojen valinnan edut<\/h3>\n<ul>\n<li><strong>Anti-Fake tekniikka:<\/strong>\u00a0Kehittyneiden v\u00e4\u00e4renn\u00f6sten vastaisten protokollien integrointi suojaa tuotemerkki\u00e4si v\u00e4\u00e4renn\u00f6ksilt\u00e4.<\/li>\n<li><strong>K\u00e4ytt\u00e4j\u00e4yst\u00e4v\u00e4llinen:<\/strong>\u00a0Helppo k\u00e4ytt\u00e4\u00e4 NFC-yhteensopivien \u00e4lypuhelimien, tablettien ja muiden laitteiden kanssa, mik\u00e4 varmistaa v\u00e4litt\u00f6m\u00e4n p\u00e4\u00e4syn digitaaliseen sis\u00e4lt\u00f6\u00f6n.<\/li>\n<li><strong>Kest\u00e4v\u00e4 ja s\u00e4\u00e4nkest\u00e4v\u00e4:<\/strong>\u00a0Valmistettu antimetallimateriaaleista, joten se sopii erilaisiin ymp\u00e4rist\u00f6ihin.<\/li>\n<li><strong>Mukautettavat ratkaisut:<\/strong>\u00a0Saatavana eri kokoisina ja muotoisina, jotka vastaavat yrityksen erityistarpeita.<\/li>\n<\/ul>\n<p>Valitsemalla\u00a0<strong>NFC Ntag 424 DNA Tarra Anti-Metal Tag Anti-Fake<\/strong>\u00a0tarkoittaa sijoittamista laatuun, turvallisuuteen ja uusimpaan teknologiaan, mik\u00e4 tekee siit\u00e4 jokaisen pennin arvoisen.<\/p>\n<p>&nbsp;<\/p>\n<h3>Tekniset tiedot<\/h3>\n<p>The\u00a0<strong>NFC Ntag 424 DNA-tarra<\/strong>\u00a0on varustettu huippuluokan ominaisuuksilla, jotka on suunniteltu erinomaiseen suorituskykyyn. T\u00e4rkeimpi\u00e4 ominaisuuksia ovat:<\/p>\n<ul>\n<li><strong>Sirun malli<\/strong>: Ntag 424 DNA<\/li>\n<li><strong>Muistin kapasiteetti<\/strong>: 416 tavua<\/li>\n<li><strong>Toimintataajuus<\/strong>: 13,56 MHz<\/li>\n<li><strong>Vaatimustenmukaisuus<\/strong>: ISO 14443A -standardi, joka varmistaa yhteensopivuuden useiden NFC-laitteiden kanssa.<\/li>\n<\/ul>\n<p>&nbsp;<\/p>\n<h3>NFC Ntag 424 DNA Tagin erikoisominaisuudet<\/h3>\n<p><strong>Vedenpit\u00e4v\u00e4t\/s\u00e4\u00e4nkest\u00e4v\u00e4t ominaisuudet<\/strong>: Yksi t\u00e4m\u00e4n NFC-tunnisteen erottuvista ominaisuuksista on sen kyky kest\u00e4\u00e4 erilaisia ymp\u00e4rist\u00f6olosuhteita. Satoipa sataa tai p\u00f6ly\u00e4, tunniste s\u00e4ilytt\u00e4\u00e4 toiminnallisuutensa vankan rakenteensa ansiosta.<\/p>\n<p><strong>MINI TAG -suunnittelu<\/strong>: T\u00e4m\u00e4 minitunniste on vain 30 mm halkaisijaltaan uskomattoman monipuolinen. Sen kompakti koko tekee siit\u00e4 sopivan monenlaisiin sovelluksiin, joissa tilaa on rajoitetusti.<\/p>\n<p>&nbsp;<\/p>\n<h3>Usein kysytyt kysymykset NFC Ntag 424 DNA -tarroista<\/h3>\n<p><strong>K: Voiko n\u00e4it\u00e4 tarroja k\u00e4ytt\u00e4\u00e4 ulkona?<\/strong><br \/>\nV: Kyll\u00e4, vedenpit\u00e4v\u00e4t ja s\u00e4\u00e4nkest\u00e4v\u00e4t ominaisuudet mahdollistavat ulkok\u00e4yt\u00f6n, joten ne sopivat erilaisiin ymp\u00e4rist\u00f6ihin.<\/p>\n<p><strong>K: Kuinka voin tilata mukautettuja malleja?<\/strong><br \/>\nV: Kiinnostuneet asiakkaat voivat ottaa yhteytt\u00e4 myyntitiimiimme verkkosivustollamme olevan kyselylomakkeen kautta keskustellakseen r\u00e4\u00e4t\u00e4l\u00f6intivaihtoehdoista.<\/p>\n<p><strong>K: Tarvitaanko mit\u00e4\u00e4n erityist\u00e4 sovellusta n\u00e4iden tunnisteiden lukemiseen?<\/strong><br \/>\nV: Mit\u00e4\u00e4n erityist\u00e4 sovellusta ei tarvita sen lis\u00e4ksi, ett\u00e4 sinulla on tavallinen NFC-yhteensopiva laite, joka pystyy tulkitsemaan NFC-signaalit automaattisesti.<\/p>","protected":false},"excerpt":{"rendered":"<div class=\"message-item-outer relative px-4 mb-2\" data-id=\"54844065-da5f-474c-98ea-c1f5db113a22\">\n<div class=\"content-area pl-[0px]\">\n<div class=\"message-item select-text relative\">\n<div class=\"message-inner relative\">\n<div class=\"py-[2px]\">\n<div class=\"flex flex-col gap-2\">\n<div class=\"answer-markdown-box overflow-x-auto select-text custom-scrollbar\">\n<div class=\"markdown-body\">\n<p>The\u00a0<strong>NFC Ntag 424 DNA Tarra Anti-Metal Tag<\/strong> on huippuluokan ratkaisu, joka on suunniteltu torjumaan v\u00e4\u00e4renn\u00f6ksi\u00e4 kehittyneell\u00e4 v\u00e4\u00e4renn\u00f6stentorjuntatekniikalla. Sen kompakti, kest\u00e4v\u00e4 muotoilu varmistaa saumattoman toiminnan metallipinnoilla, mik\u00e4 tekee siit\u00e4 ihanteellisen tuotteen aitouden varmistamiseen ja kuluttajien luottamuksen lis\u00e4\u00e4miseen.<\/p>\n<\/div>\n<\/div>\n<\/div>\n<\/div>\n<\/div>\n<\/div>\n<\/div>\n<\/div>\n<div class=\"message-item-outer relative px-4 mb-2\" data-id=\"46d94813-0d14-49f1-b71b-49c37dfa1a29\">\n<div class=\"content-area pl-[0px]\">\n<div class=\"message-item select-text relative self ms-[22px]\">\n<div class=\"message-inner relative\">\n<div class=\"py-[2px] flex-row-reverse\">\n<div class=\"flex flex-row-reverse\">\n<div class=\"max-w-full\">\n<div class=\"mt-1 border overflow-hidden max-w-[360px] border-solid text-text-primary-4 border-grey-line2-normal rounded-xl mb-2 py-[10px] px-[12px] cursor-pointer hover:border-grey-line2-hover\">\n<div class=\"transition-[max-height] duration-300 ease-in-out\">\n<div class=\"text-xs opacity-100 transition-opacity duration-700 ease-in-out\"><\/div>\n<\/div>\n<\/div>\n<\/div>\n<\/div>\n<\/div>\n<\/div>\n<\/div>\n<\/div>\n<\/div>","protected":false},"featured_media":3693,"template":"","meta":[],"product_brand":[],"product_cat":[48],"product_tag":[],"class_list":{"0":"post-3691","1":"product","2":"type-product","3":"status-publish","4":"has-post-thumbnail","6":"product_cat-nfc-stickers","8":"first","9":"instock","10":"shipping-taxable","11":"product-type-simple"},"_links":{"self":[{"href":"https:\/\/nfc-readers.com\/fi\/wp-json\/wp\/v2\/product\/3691","targetHints":{"allow":["GET"]}}],"collection":[{"href":"https:\/\/nfc-readers.com\/fi\/wp-json\/wp\/v2\/product"}],"about":[{"href":"https:\/\/nfc-readers.com\/fi\/wp-json\/wp\/v2\/types\/product"}],"wp:featuredmedia":[{"embeddable":true,"href":"https:\/\/nfc-readers.com\/fi\/wp-json\/wp\/v2\/media\/3693"}],"wp:attachment":[{"href":"https:\/\/nfc-readers.com\/fi\/wp-json\/wp\/v2\/media?parent=3691"}],"wp:term":[{"taxonomy":"product_brand","embeddable":true,"href":"https:\/\/nfc-readers.com\/fi\/wp-json\/wp\/v2\/product_brand?post=3691"},{"taxonomy":"product_cat","embeddable":true,"href":"https:\/\/nfc-readers.com\/fi\/wp-json\/wp\/v2\/product_cat?post=3691"},{"taxonomy":"product_tag","embeddable":true,"href":"https:\/\/nfc-readers.com\/fi\/wp-json\/wp\/v2\/product_tag?post=3691"}],"curies":[{"name":"wp","href":"https:\/\/api.w.org\/{rel}","templated":true}]}}