{"id":3700,"date":"2024-11-10T06:34:49","date_gmt":"2024-11-10T06:34:49","guid":{"rendered":"https:\/\/nfc-readers.com\/?post_type=product&#038;p=3700"},"modified":"2024-11-10T06:38:34","modified_gmt":"2024-11-10T06:38:34","slug":"custom-nfc-fragile-sticker-for-commodity-label-product-tag","status":"publish","type":"product","link":"https:\/\/nfc-readers.com\/fi\/ic-reader\/custom-nfc-fragile-sticker-for-commodity-label-product-tag\/","title":{"rendered":"Mukautettu NFC Fragile -tarra hy\u00f6dykeetiketille"},"content":{"rendered":"<h1 style=\"text-align: center;\"><strong>Mukautettu NFC Fragile -tarra hy\u00f6dykeetiketille<\/strong><\/h1>\n<p>&nbsp;<\/p>\n<p>The <strong>Mukautettu herkk\u00e4 NFC-tarra<\/strong>\u00a0hy\u00f6dykkeiden merkinn\u00e4t on vallankumouksellinen tuote, joka yhdist\u00e4\u00e4 edistyneen\u00a0<strong>NFC (Near Field Communication)<\/strong>\u00a0teknologiasta jokap\u00e4iv\u00e4isiksi merkint\u00e4ratkaisuiksi. N\u00e4m\u00e4 tarrat on suunniteltu varmistamaan s\u00e4rkyvien esineiden turvallinen ja luotettava merkitseminen, ja niiden avulla yritykset voivat parantaa tuotteidensa varmistus- ja suojausprotokollia. K\u00e4yt\u00e4nn\u00f6n ja nykyaikaisuuden yhdistelm\u00e4n ansiosta NFC-teknologiaan sijoittaminen merkint\u00f6ihin ei ole koskaan ollut kriittisempaa. T\u00e4ss\u00e4 artikkelissa k\u00e4sitell\u00e4\u00e4n mukautetun NFC Fragile Sticker -tarran ominaisuuksia, etuja ja yleist\u00e4 hy\u00f6dyllisyytt\u00e4, mik\u00e4 opastaa sinua tekem\u00e4\u00e4n tietoisen p\u00e4\u00e4t\u00f6ksen.<\/p>\n<p>&nbsp;<\/p>\n<h2>Miksi valita herk\u00e4t NFC-tarrat?<\/h2>\n<p>The\u00a0<strong>Mukautettu herkk\u00e4 NFC-tarra<\/strong>\u00a0on suunniteltu vastaamaan yritysten tarpeisiin, jotka vaativat luotettavaa menetelm\u00e4\u00e4 herkkien hy\u00f6dykkeiden merkitsemiseen ja j\u00e4ljitt\u00e4miseen. T\u00e4ss\u00e4 on joitain pakottavia syit\u00e4, miksi sinun pit\u00e4isi harkita merkint\u00e4prosessin p\u00e4ivitt\u00e4mist\u00e4 t\u00e4ll\u00e4 innovatiivisella tuotteella:<\/p>\n<ol>\n<li><strong>Parannettu suojaus ja vahvistus<\/strong>: N\u00e4m\u00e4 tarrat varmistavat, ett\u00e4 varmennusprosessit ovat sek\u00e4 tehokkaita ett\u00e4 virheellisi\u00e4. Sis\u00e4\u00e4nrakennetun NTAG213-sirun avulla jokainen tarra voi tallentaa tiedot turvallisesti ja varmistaa paketin aitouden yhdell\u00e4 napautuksella.\u00a0<strong>NFC-yhteensopiva \u00e4lypuhelin<\/strong>.<\/li>\n<li><strong>K\u00e4ytt\u00e4j\u00e4yst\u00e4v\u00e4llinen sovellus<\/strong>: Unohda monimutkaiset asennusprosessit. Sovelletaan\u00a0<strong>Hauras NFC-tarra<\/strong>\u00a0on uskomattoman yksinkertainen \u2013 vain kuori ja kiinnit\u00e4 \u2013 jolloin se on kaikkien toimitusketjussasi olevien k\u00e4ytt\u00e4jien saatavilla.<\/li>\n<li><strong>Kest\u00e4vyys ja s\u00e4\u00e4nkest\u00e4vyys<\/strong>: Valmistettu korkealaatuisesta materiaalista\u00a0<strong>PET\/PVC\/paperi<\/strong>\u00a0materiaalit, n\u00e4m\u00e4 tarrat on suunniteltu kest\u00e4m\u00e4\u00e4n erilaisia ymp\u00e4rist\u00f6olosuhteita. Olipa ne alttiina kosteudelle tai vaihteleville l\u00e4mp\u00f6tiloille, herk\u00e4t NFC-tarramme s\u00e4ilytt\u00e4v\u00e4t korkean suorituskyvyn ja luotettavuuden.<\/li>\n<li><strong>Muokattava ja monipuolinen<\/strong>: Meid\u00e4n\u00a0<strong>mukautettu NFC-tarra<\/strong>\u00a0voidaan r\u00e4\u00e4t\u00e4l\u00f6id\u00e4 vastaamaan erityisi\u00e4 br\u00e4nd\u00e4ys- ja tietotarpeita, mik\u00e4 mahdollistaa sek\u00e4 toiminnalliset ett\u00e4 myynninedist\u00e4missovellukset.<\/li>\n<\/ol>\n<p>&nbsp;<\/p>\n<h2>NFC Fragile -tarrojen t\u00e4rkeimm\u00e4t ominaisuudet<\/h2>\n<p>K\u00e4ytt\u00e4m\u00e4ll\u00e4\u00a0<strong>NFC (Near Field Communication)<\/strong>\u00a0teknologian ansiosta mukautetut herk\u00e4t tarramme on varustettu erilaisilla erikoisominaisuuksilla, jotka tekev\u00e4t niist\u00e4 erottuvan:<\/p>\n<ul>\n<li><strong>Vedenpit\u00e4v\u00e4\/s\u00e4\u00e4nkest\u00e4v\u00e4 muotoilu<\/strong>: N\u00e4m\u00e4 tarrat kest\u00e4v\u00e4t ankarat ymp\u00e4rist\u00f6olosuhteet, joten ne sopivat sek\u00e4 sis\u00e4- ett\u00e4 ulkok\u00e4ytt\u00f6\u00f6n.<\/li>\n<li><strong>Yhteensopivuus<\/strong>:\u00a0<strong>ntag213 siru<\/strong>\u00a0tunnetaan laajasta yhteensopivuudestaan erilaisten kanssa\u00a0<strong>NFC-laitteet<\/strong>, mik\u00e4 varmistaa k\u00e4yt\u00f6n helppouden.<\/li>\n<\/ul>\n<h3>Miten se toimii<\/h3>\n<p>Napauta vain omaasi\u00a0<strong>NFC-yhteensopiva \u00e4lypuhelin<\/strong>\u00a0tarraa vasten p\u00e4\u00e4st\u00e4ksesi esille tallennettuihin tietoihin tai tarkistaaksesi tuotetiedot, mik\u00e4 voi dramaattisesti virtaviivaistaa varasto- ja myyntiprosesseja.<\/p>\n<p>&nbsp;<\/p>\n<h2>Tekniset tiedot<\/h2>\n<table class=\"w-fit !mb-0 !max-w-none\">\n<thead>\n<tr>\n<th><strong>Erittely<\/strong><\/th>\n<th><strong>Yksityiskohdat<\/strong><\/th>\n<\/tr>\n<\/thead>\n<tbody>\n<tr>\n<td><strong>Siru<\/strong><\/td>\n<td>NTAG213<\/td>\n<\/tr>\n<tr>\n<td><strong>Taajuus<\/strong><\/td>\n<td>13,56 MHz<\/td>\n<\/tr>\n<tr>\n<td><strong>Muistin koko<\/strong><\/td>\n<td>144 tavua<\/td>\n<\/tr>\n<tr>\n<td><strong>Materiaali<\/strong><\/td>\n<td>PET\/PVC\/paperi<\/td>\n<\/tr>\n<tr>\n<td><strong>Halkaisija<\/strong><\/td>\n<td>30 mm<\/td>\n<\/tr>\n<tr>\n<td><strong>Painaa<\/strong><\/td>\n<td>CMYK-offsetpaino<\/td>\n<\/tr>\n<tr>\n<td><strong>Vedenpit\u00e4v\u00e4<\/strong><\/td>\n<td>Joo<\/td>\n<\/tr>\n<tr>\n<td><strong>Pakkauksen koko<\/strong><\/td>\n<td>200 kpl\/sis\u00e4laatikko; 25 laatikkoa\/laatikko<\/td>\n<\/tr>\n<tr>\n<td><strong>Pahvin koko<\/strong><\/td>\n<td>48 x 22,5 x 30 cm<\/td>\n<\/tr>\n<tr>\n<td><strong>Tarjontakyky<\/strong><\/td>\n<td>5 000 000 kappaletta kuukaudessa<\/td>\n<\/tr>\n<tr>\n<td><strong>Yksitt\u00e4ispakkauskoko<\/strong><\/td>\n<td>35 x 1,5 x 0,02 cm<\/td>\n<\/tr>\n<tr>\n<td><strong>Bruttopaino<\/strong><\/td>\n<td>0,010 kg<\/td>\n<\/tr>\n<\/tbody>\n<\/table>\n<p>&nbsp;<\/p>\n<h2>UKK<\/h2>\n<h3>K: Ovatko NFC Fragile -tarrat yhteensopivia kaikkien \u00e4lypuhelimien kanssa?<\/h3>\n<p><strong>A<\/strong>: Kyll\u00e4, kunhan \u00e4lypuhelimessa on NFC-ominaisuus k\u00e4yt\u00f6ss\u00e4.<\/p>\n<h3>K: Kuinka kauan tarrat kest\u00e4v\u00e4t?<\/h3>\n<p><strong>A<\/strong>: Tarramme ovat kest\u00e4vi\u00e4 ja suunniteltu kest\u00e4m\u00e4\u00e4n erilaisia olosuhteita varmistaen, ett\u00e4 ne kest\u00e4v\u00e4t tuotteen koko elinkaaren ajan.<\/p>\n<h3>K: Voinko seurata k\u00e4ytt\u00f6\u00e4 reaaliajassa?<\/h3>\n<p><strong>A<\/strong>: Vaikka n\u00e4m\u00e4 tarrat tarjoavat v\u00e4litt\u00f6m\u00e4n vahvistuksen, reaaliaikainen seuranta saattaa edellytt\u00e4\u00e4 integrointia tiettyihin varastonhallintaj\u00e4rjestelmiin.<\/p>","protected":false},"excerpt":{"rendered":"<p>Mukautettu NFC Fragile -tarra hy\u00f6dykemerkinn\u00f6ille on suunniteltu tarjoamaan s\u00e4rkyvien tuotteiden turvallinen seuranta ja aitouden todentaminen. Sen k\u00e4ytt\u00e4j\u00e4yst\u00e4v\u00e4llinen muotoilu varmistaa helpon k\u00e4yt\u00f6n ja parantaa varastonhallintaa.<\/p>","protected":false},"featured_media":3708,"template":"","meta":[],"product_brand":[],"product_cat":[48],"product_tag":[],"class_list":{"0":"post-3700","1":"product","2":"type-product","3":"status-publish","4":"has-post-thumbnail","6":"product_cat-nfc-stickers","8":"first","9":"instock","10":"shipping-taxable","11":"product-type-simple"},"_links":{"self":[{"href":"https:\/\/nfc-readers.com\/fi\/wp-json\/wp\/v2\/product\/3700","targetHints":{"allow":["GET"]}}],"collection":[{"href":"https:\/\/nfc-readers.com\/fi\/wp-json\/wp\/v2\/product"}],"about":[{"href":"https:\/\/nfc-readers.com\/fi\/wp-json\/wp\/v2\/types\/product"}],"wp:featuredmedia":[{"embeddable":true,"href":"https:\/\/nfc-readers.com\/fi\/wp-json\/wp\/v2\/media\/3708"}],"wp:attachment":[{"href":"https:\/\/nfc-readers.com\/fi\/wp-json\/wp\/v2\/media?parent=3700"}],"wp:term":[{"taxonomy":"product_brand","embeddable":true,"href":"https:\/\/nfc-readers.com\/fi\/wp-json\/wp\/v2\/product_brand?post=3700"},{"taxonomy":"product_cat","embeddable":true,"href":"https:\/\/nfc-readers.com\/fi\/wp-json\/wp\/v2\/product_cat?post=3700"},{"taxonomy":"product_tag","embeddable":true,"href":"https:\/\/nfc-readers.com\/fi\/wp-json\/wp\/v2\/product_tag?post=3700"}],"curies":[{"name":"wp","href":"https:\/\/api.w.org\/{rel}","templated":true}]}}