{"id":1511,"date":"2024-04-07T02:55:34","date_gmt":"2024-04-07T02:55:34","guid":{"rendered":"https:\/\/nfc-readers.com\/?post_type=product&#038;p=1511"},"modified":"2024-10-16T08:11:19","modified_gmt":"2024-10-16T08:11:19","slug":"acr1311u-n2-nfc-bluetooth-reader","status":"publish","type":"product","link":"https:\/\/nfc-readers.com\/fr\/ic-reader\/acr1311u-n2-nfc-bluetooth-reader\/","title":{"rendered":"Lecteur Bluetooth NFC ACR1311U-N2"},"content":{"rendered":"<h1>Lecteur Bluetooth NFC ACR1311U-N2<\/h1>\n<p>L&#039;ACR1311U-N2 est un exemple de lecteur Bluetooth adaptable et efficace. Sa large compatibilit\u00e9 avec plusieurs normes de cartes \u00e0 puce et NFC, combin\u00e9e \u00e0 un micrologiciel convivial et \u00e9volutif, garantit qu&#039;il se d\u00e9marque comme un outil \u00e9volutif et multifonctionnel adapt\u00e9 \u00e0 diverses applications RFID et NFC.<\/p>\n<ul>\n<li><iframe loading=\"lazy\" title=\"ACR1311 Lecteur-graveur Bluetooth NFC\" width=\"1020\" height=\"574\" src=\"https:\/\/www.youtube.com\/embed\/gTAp1gC83Q8?feature=oembed\" frameborder=\"0\" allow=\"accelerometer; autoplay; clipboard-write; encrypted-media; gyroscope; picture-in-picture; web-share\" referrerpolicy=\"strict-origin-when-cross-origin\" allowfullscreen><\/iframe>\n<p>Interface Bluetooth\u00ae<\/li>\n<li>\n<h2>Interface USB 2.0 pleine vitesse<\/h2>\n<\/li>\n<li>\n<h2>Source d&#039;\u00e9nergie:<\/h2>\n<ul>\n<li>\n<h3>Aliment\u00e9 par batterie (int\u00e8gre une batterie lithium-ion rechargeable via le port USB Mini-B)<\/h3>\n<\/li>\n<li>\n<h3>Aliment\u00e9 par USB (via le mode li\u00e9 \u00e0 un PC)<\/h3>\n<\/li>\n<\/ul>\n<\/li>\n<li>\n<h2>Conformit\u00e9 CCID<\/h2>\n<\/li>\n<li>\n<h2>Lecteur de carte \u00e0 puce\u00a0:<\/h2>\n<ul>\n<li>\n<h3>Interface sans contact\u00a0:<\/h3>\n<ul>\n<li>\n<h4>Vitesse de lecture\/\u00e9criture jusqu&#039;\u00e0 424 kbps<\/h4>\n<\/li>\n<li>\n<h4>Antenne int\u00e9gr\u00e9e pour un acc\u00e8s aux tags sans contact, avec une distance de lecture de la carte allant jusqu&#039;\u00e0 60\u00a0mm (selon le type de tag)<\/h4>\n<\/li>\n<li>\n<h4>Prend en charge les cartes ISO 14443 de type A et B, MIFARE, FeliCa et les 4 types de balises NFC (ISO\/IEC 18092)<\/h4>\n<\/li>\n<li>\n<h4>Fonction anti-collision int\u00e9gr\u00e9e (une seule balise est accessible \u00e0 tout moment)<\/h4>\n<\/li>\n<li>\n<h4>Prise en charge NFC<\/h4>\n<\/li>\n<li>\n<h4>Mode lecteur\/graveur de cartes<\/h4>\n<\/li>\n<\/ul>\n<\/li>\n<\/ul>\n<\/li>\n<li>\n<h2>P\u00e9riph\u00e9riques int\u00e9gr\u00e9s\u00a0:<\/h2>\n<ul>\n<li>\n<h3>Deux LED bicolores contr\u00f4lables par l&#039;utilisateur<\/h3>\n<\/li>\n<li>\n<h3>Buzzer contr\u00f4lable par l&#039;utilisateur<\/h3>\n<\/li>\n<\/ul>\n<\/li>\n<li>\n<h2>Interface de programmation d&#039;applications:<\/h2>\n<ul>\n<li>\n<h3>Prend en charge PC\/SC<\/h3>\n<\/li>\n<li>\n<h3>Prend en charge CT-API (via le wrapper au-dessus du PC\/SC)<\/h3>\n<\/li>\n<\/ul>\n<\/li>\n<li>\n<h2>Possibilit\u00e9 de mise \u00e0 niveau du micrologiciel USB<\/h2>\n<\/li>\n<li>\n<h2>Prend en charge Android\u2122 4.3 et versions ult\u00e9rieures<\/h2>\n<\/li>\n<li>\n<h2>Prend en charge iOS 8.0 et versions ult\u00e9rieures<\/h2>\n<\/li>\n<\/ul>\n<p><iframe loading=\"lazy\" title=\"Lecteur de cartes NFC sans fil | ACR1311U N2\" width=\"1020\" height=\"574\" src=\"https:\/\/www.youtube.com\/embed\/mSzbe8xRJLQ?feature=oembed\" frameborder=\"0\" allow=\"accelerometer; autoplay; clipboard-write; encrypted-media; gyroscope; picture-in-picture; web-share\" referrerpolicy=\"strict-origin-when-cross-origin\" allowfullscreen><\/iframe><\/p>\n<ul>\n<li>\n<table style=\"height: 1029px;\" width=\"722\">\n<tbody>\n<tr>\n<td colspan=\"2\" width=\"775\">Caract\u00e9ristiques physiques<\/td>\n<\/tr>\n<tr>\n<td width=\"382\">Dimensions (mm)<\/td>\n<td width=\"393\">60 mm (L) \u00d7 47,98 mm (L) \u00d7 12 mm (H)<\/td>\n<\/tr>\n<tr>\n<td width=\"382\">Poids (g)<\/td>\n<td width=\"393\">30g<\/td>\n<\/tr>\n<tr>\n<td colspan=\"2\" width=\"775\">Interface Bluetooth<\/td>\n<\/tr>\n<tr>\n<td width=\"382\">Protocole<\/td>\n<td width=\"393\">Bluetooth\u00ae(Bluetooth 4.0)<\/td>\n<\/tr>\n<tr>\n<td width=\"382\">Source d&#039;\u00e9nergie<\/td>\n<td width=\"393\">Batterie lithium-ion rechargeable (chargement via USB)<\/td>\n<\/tr>\n<tr>\n<td width=\"382\">Vitesse<\/td>\n<td width=\"393\">1 Mbit\/s<\/td>\n<\/tr>\n<tr>\n<td colspan=\"2\" width=\"775\">Interface USB<\/td>\n<\/tr>\n<tr>\n<td width=\"382\">Protocole<\/td>\n<td width=\"393\">CCID USB<\/td>\n<\/tr>\n<tr>\n<td width=\"382\">Type de connecteur<\/td>\n<td width=\"393\">Micro-USB<\/td>\n<\/tr>\n<tr>\n<td width=\"382\">Source d&#039;\u00e9nergie<\/td>\n<td width=\"393\">Depuis le port USB<\/td>\n<\/tr>\n<tr>\n<td width=\"382\">Vitesse<\/td>\n<td width=\"393\">USB pleine vitesse (12 Mbit\/s)<\/td>\n<\/tr>\n<tr>\n<td width=\"382\">Longueur de c\u00e2ble<\/td>\n<td width=\"393\">1 m, d\u00e9tachable<\/td>\n<\/tr>\n<tr>\n<td colspan=\"2\" width=\"775\">Interface de carte \u00e0 puce sans contact<\/td>\n<\/tr>\n<tr>\n<td width=\"382\">Standard<\/td>\n<td width=\"393\">ISO 14443 Types A et B, MIFARE, DESFire<\/td>\n<\/tr>\n<tr>\n<td width=\"382\">Protocole<\/td>\n<td width=\"393\">ISO 14443 T=CL pour les cartes conformes \u00e0 la norme ISO14443-4 et \u00e9mulation T=CL pour les balises MIFARE Classic 1K\/4K et NFC<\/td>\n<\/tr>\n<tr>\n<td colspan=\"2\" width=\"775\">P\u00e9riph\u00e9riques int\u00e9gr\u00e9s<\/td>\n<\/tr>\n<tr>\n<td width=\"382\">DIRIG\u00c9<\/td>\n<td width=\"393\">2 Bicolores : Rouge et Bleu, Rouge et Vert<\/td>\n<\/tr>\n<tr>\n<td width=\"382\">Avertisseur sonore<\/td>\n<td width=\"393\">Monotone<\/td>\n<\/tr>\n<tr>\n<td colspan=\"2\" width=\"775\">Autres caract\u00e9ristiques<\/td>\n<\/tr>\n<tr>\n<td width=\"382\">Mise \u00e0 jour du firmware<\/td>\n<td width=\"393\">Prise en charge<\/td>\n<\/tr>\n<tr>\n<td colspan=\"2\" width=\"775\">Certifications\/Conformit\u00e9<\/td>\n<\/tr>\n<tr>\n<td rowspan=\"9\" width=\"382\">Certifications\/Conformit\u00e9<\/td>\n<td>EN 60950\/CEI 60950<\/td>\n<\/tr>\n<tr>\n<td>OIN 14443<\/td>\n<\/tr>\n<tr>\n<td>USB pleine vitesse<\/td>\n<\/tr>\n<tr>\n<td>Bluetooth\u00ae<\/td>\n<\/tr>\n<tr>\n<td>PC\/SC<\/td>\n<\/tr>\n<tr>\n<td>CCID<\/td>\n<\/tr>\n<tr>\n<td>RoHS2<\/td>\n<\/tr>\n<tr>\n<td>ATTEINDRE<\/td>\n<\/tr>\n<tr>\n<td>Microsoft\u00ae WHQL<\/td>\n<\/tr>\n<tr>\n<td colspan=\"2\" width=\"775\">Prise en charge du syst\u00e8me d&#039;exploitation du pilote de p\u00e9riph\u00e9rique<\/td>\n<\/tr>\n<tr>\n<td rowspan=\"5\" width=\"382\">Prise en charge du syst\u00e8me d&#039;exploitation du pilote de p\u00e9riph\u00e9rique<\/td>\n<td width=\"393\">Windows\u00ae<\/td>\n<\/tr>\n<tr>\n<td width=\"393\">Linux\u00ae<\/td>\n<\/tr>\n<tr>\n<td width=\"393\">MAC OS\u00ae 10.7 et versions ult\u00e9rieures<\/td>\n<\/tr>\n<tr>\n<td width=\"393\">Android\u2122 4.3 et versions ult\u00e9rieures<\/td>\n<\/tr>\n<tr>\n<td width=\"393\">iOS 8.0 et versions ult\u00e9rieures<\/td>\n<\/tr>\n<\/tbody>\n<\/table>\n<\/li>\n<\/ul>","protected":false},"excerpt":{"rendered":"<p>L&#039;ACR1311U-N2 est un lecteur s\u00e9curis\u00e9 Bluetooth NFC polyvalent, prenant en charge les applications RFID pour le contr\u00f4le d&#039;acc\u00e8s et la gestion des stocks.<\/p>","protected":false},"featured_media":1507,"template":"","meta":[],"product_brand":[],"product_cat":[38,40],"product_tag":[],"class_list":{"0":"post-1511","1":"product","2":"type-product","3":"status-publish","4":"has-post-thumbnail","6":"product_cat-mobile-ble-nfc-reader","7":"product_cat-rfid-nfc-reader","9":"first","10":"instock","11":"shipping-taxable","12":"product-type-simple"},"_links":{"self":[{"href":"https:\/\/nfc-readers.com\/fr\/wp-json\/wp\/v2\/product\/1511","targetHints":{"allow":["GET"]}}],"collection":[{"href":"https:\/\/nfc-readers.com\/fr\/wp-json\/wp\/v2\/product"}],"about":[{"href":"https:\/\/nfc-readers.com\/fr\/wp-json\/wp\/v2\/types\/product"}],"wp:featuredmedia":[{"embeddable":true,"href":"https:\/\/nfc-readers.com\/fr\/wp-json\/wp\/v2\/media\/1507"}],"wp:attachment":[{"href":"https:\/\/nfc-readers.com\/fr\/wp-json\/wp\/v2\/media?parent=1511"}],"wp:term":[{"taxonomy":"product_brand","embeddable":true,"href":"https:\/\/nfc-readers.com\/fr\/wp-json\/wp\/v2\/product_brand?post=1511"},{"taxonomy":"product_cat","embeddable":true,"href":"https:\/\/nfc-readers.com\/fr\/wp-json\/wp\/v2\/product_cat?post=1511"},{"taxonomy":"product_tag","embeddable":true,"href":"https:\/\/nfc-readers.com\/fr\/wp-json\/wp\/v2\/product_tag?post=1511"}],"curies":[{"name":"wp","href":"https:\/\/api.w.org\/{rel}","templated":true}]}}