{"id":1512,"date":"2024-04-07T03:03:03","date_gmt":"2024-04-07T03:03:03","guid":{"rendered":"https:\/\/nfc-readers.com\/?post_type=product&#038;p=1512"},"modified":"2024-10-16T08:13:55","modified_gmt":"2024-10-16T08:13:55","slug":"acr35-nfc-mobilemate-card-reader","status":"publish","type":"product","link":"https:\/\/nfc-readers.com\/fr\/ic-reader\/acr35-nfc-mobilemate-card-reader\/","title":{"rendered":"Lecteur de cartes MobileMate ACR35 NFC"},"content":{"rendered":"<h1>Lecteur de cartes MobileMate ACR35 NFC<\/h1>\n<p>Le lecteur de carte NFC MobileMate ACR35 est un lecteur NFC compact, \u00e9l\u00e9gant et portable qui offre une exp\u00e9rience s\u00e9curis\u00e9e et conviviale. Ses fonctionnalit\u00e9s de cryptage avanc\u00e9es et la commodit\u00e9 d\u2019une alimentation rechargeable en font un atout pr\u00e9cieux pour les transactions mobiles s\u00e9curis\u00e9es, incarnant le m\u00e9lange parfait de fonctionnalit\u00e9 et de portabilit\u00e9 pour les utilisateurs actifs.<\/p>\n<p>&nbsp;<\/p>\n<p>Interface prise audio 3,5 mm<br \/>\nAliment\u00e9 par une batterie lithium-ion (rechargeable via le mode li\u00e9 \u00e0 un PC)<br \/>\nLecteur de carte \u00e0 puce\u00a0:<br \/>\nAntenne int\u00e9gr\u00e9e pour un acc\u00e8s aux tags sans contact, avec une distance de lecture allant jusqu&#039;\u00e0 50\u00a0mm (selon le type de tag)<br \/>\nPrend en charge les cartes ISO 14443 partie 4 de type A et B<br \/>\nPrend en charge MIFARE<br \/>\nPrend en charge FeliCa<br \/>\nPrend en charge les balises ISO 18092 (balises NFC)*<br \/>\nFonction anti-collision int\u00e9gr\u00e9e<br \/>\nPrise en charge NFC\u00a0:<br \/>\nMode lecteur\/graveur de carte<br \/>\nLecteur de cartes \u00e0 bande magn\u00e9tique\u00a0:<br \/>\nLit jusqu&#039;\u00e0 deux pistes de donn\u00e9es de carte (Piste 1 \/ Piste 2)<br \/>\nCapable de lecture bidirectionnelle<br \/>\nPrend en charge l&#039;algorithme de cryptage AES128<br \/>\nPrend en charge le syst\u00e8me de gestion de cl\u00e9s DUKPT<br \/>\nPrend en charge les cartes magn\u00e9tiques ISO 7810\/7811<br \/>\nPrend en charge les cartes magn\u00e9tiques \u00e0 haute coercivit\u00e9 et \u00e0 faible coercivit\u00e9<br \/>\nPrise en charge de JIS1 et JIS2<\/p>\n<table width=\"769\">\n<tbody>\n<tr>\n<td colspan=\"2\" width=\"769\">Caract\u00e9ristiques physiques<\/td>\n<\/tr>\n<tr>\n<td width=\"376\">Dimensions (mm)<\/td>\n<td width=\"393\">60,0 mm (L) x 45,0 mm (L) x 13,3 mm (H)<\/td>\n<\/tr>\n<tr>\n<td width=\"376\">Poids (g)<\/td>\n<td width=\"393\">29,0 g (avec batterie)<\/td>\n<\/tr>\n<tr>\n<td colspan=\"2\" width=\"769\">Interface de communication avec prise audio<\/td>\n<\/tr>\n<tr>\n<td width=\"376\">Protocole<\/td>\n<td width=\"393\">Interface de prise audio bidirectionnelle<\/td>\n<\/tr>\n<tr>\n<td width=\"376\">Type de connecteur<\/td>\n<td width=\"393\">Prise audio 3,5 mm \u00e0 4 p\u00f4les<\/td>\n<\/tr>\n<tr>\n<td width=\"376\">Source d&#039;\u00e9nergie<\/td>\n<td width=\"393\">Aliment\u00e9 par pile<\/td>\n<\/tr>\n<tr>\n<td colspan=\"2\" width=\"769\">Interface USB<\/td>\n<\/tr>\n<tr>\n<td width=\"376\">Type de connecteur<\/td>\n<td width=\"393\">Micro USB<\/td>\n<\/tr>\n<tr>\n<td width=\"376\">Source d&#039;\u00e9nergie<\/td>\n<td width=\"393\">Depuis le port USB<\/td>\n<\/tr>\n<tr>\n<td width=\"376\">Longueur de c\u00e2ble<\/td>\n<td width=\"393\">1 m, d\u00e9tachable<\/td>\n<\/tr>\n<tr>\n<td colspan=\"2\" width=\"769\">Interface de carte \u00e0 puce sans contact<\/td>\n<\/tr>\n<tr>\n<td width=\"376\">Standard<\/td>\n<td width=\"393\">ISO\/IEC 18092 NFC, ISO 14443 types A et B, MIFARE, FeliCa<\/td>\n<\/tr>\n<tr>\n<td rowspan=\"4\" width=\"376\">Protocole<\/td>\n<td width=\"393\">Carte conforme ISO 14443-4, T=CL<\/td>\n<\/tr>\n<tr>\n<td width=\"393\">Carte MIFARE Classique, T=CL<\/td>\n<\/tr>\n<tr>\n<td width=\"393\">ISO 18092, balises NFC<\/td>\n<\/tr>\n<tr>\n<td width=\"393\">F\u00e9lica<\/td>\n<\/tr>\n<tr>\n<td colspan=\"2\" width=\"769\">Interface de carte magn\u00e9tique<\/td>\n<\/tr>\n<tr>\n<td rowspan=\"2\" width=\"376\">Standard<\/td>\n<td width=\"393\">Cartes magn\u00e9tiques ISO 7810\/7811 Hi-Co et Low-Co<\/td>\n<\/tr>\n<tr>\n<td width=\"393\">JIS 1 et JIS 2<\/td>\n<\/tr>\n<tr>\n<td colspan=\"2\" width=\"769\">Autres caract\u00e9ristiques<\/td>\n<\/tr>\n<tr>\n<td rowspan=\"2\" width=\"376\">Chiffrement<\/td>\n<td width=\"393\">Algorithme de chiffrement AES int\u00e9gr\u00e9 \u00e0 l&#039;appareil<\/td>\n<\/tr>\n<tr>\n<td width=\"393\">Syst\u00e8me de gestion de cl\u00e9s DUKPT<\/td>\n<\/tr>\n<tr>\n<td colspan=\"2\" width=\"769\">Certifications\/Conformit\u00e9<\/td>\n<\/tr>\n<tr>\n<td rowspan=\"10\" width=\"376\">Certifications\/Conformit\u00e9<\/td>\n<td>EN 60950\/CEI 60950<\/td>\n<\/tr>\n<tr>\n<td>OIN 7811<\/td>\n<\/tr>\n<tr>\n<td>OIN 18092<\/td>\n<\/tr>\n<tr>\n<td>OIN 14443<\/td>\n<\/tr>\n<tr>\n<td>VCCI (Japon)<\/td>\n<\/tr>\n<tr>\n<td>KC (Cor\u00e9e)<\/td>\n<\/tr>\n<tr>\n<td>CE<\/td>\n<\/tr>\n<tr>\n<td>FCC<\/td>\n<\/tr>\n<tr>\n<td>RoHS2<\/td>\n<\/tr>\n<tr>\n<td>ATTEINDRE<\/td>\n<\/tr>\n<tr>\n<td colspan=\"2\" width=\"769\">Prise en charge du syst\u00e8me d&#039;exploitation du pilote de p\u00e9riph\u00e9rique<\/td>\n<\/tr>\n<tr>\n<td rowspan=\"2\" width=\"376\">Prise en charge du syst\u00e8me d&#039;exploitation du pilote de p\u00e9riph\u00e9rique<\/td>\n<td>Android\u2122 2.0 et versions ult\u00e9rieures<\/td>\n<\/tr>\n<tr>\n<td>iOS 5.0 et versions ult\u00e9rieures<\/td>\n<\/tr>\n<\/tbody>\n<\/table>","protected":false},"excerpt":{"rendered":"<p>Le lecteur NFC MobileMate ACR35 est un lecteur portable sans contact qui am\u00e9liore les appareils mobiles, offrant des transactions NFC s\u00e9curis\u00e9es pour les utilisateurs en d\u00e9placement.<\/p>","protected":false},"featured_media":1499,"template":"","meta":[],"product_brand":[],"product_cat":[38],"product_tag":[],"class_list":{"0":"post-1512","1":"product","2":"type-product","3":"status-publish","4":"has-post-thumbnail","6":"product_cat-mobile-ble-nfc-reader","8":"first","9":"instock","10":"shipping-taxable","11":"product-type-simple"},"_links":{"self":[{"href":"https:\/\/nfc-readers.com\/fr\/wp-json\/wp\/v2\/product\/1512","targetHints":{"allow":["GET"]}}],"collection":[{"href":"https:\/\/nfc-readers.com\/fr\/wp-json\/wp\/v2\/product"}],"about":[{"href":"https:\/\/nfc-readers.com\/fr\/wp-json\/wp\/v2\/types\/product"}],"wp:featuredmedia":[{"embeddable":true,"href":"https:\/\/nfc-readers.com\/fr\/wp-json\/wp\/v2\/media\/1499"}],"wp:attachment":[{"href":"https:\/\/nfc-readers.com\/fr\/wp-json\/wp\/v2\/media?parent=1512"}],"wp:term":[{"taxonomy":"product_brand","embeddable":true,"href":"https:\/\/nfc-readers.com\/fr\/wp-json\/wp\/v2\/product_brand?post=1512"},{"taxonomy":"product_cat","embeddable":true,"href":"https:\/\/nfc-readers.com\/fr\/wp-json\/wp\/v2\/product_cat?post=1512"},{"taxonomy":"product_tag","embeddable":true,"href":"https:\/\/nfc-readers.com\/fr\/wp-json\/wp\/v2\/product_tag?post=1512"}],"curies":[{"name":"wp","href":"https:\/\/api.w.org\/{rel}","templated":true}]}}