{"id":1527,"date":"2024-04-07T04:11:14","date_gmt":"2024-04-07T04:11:14","guid":{"rendered":"https:\/\/nfc-readers.com\/?post_type=product&#038;p=1527"},"modified":"2024-10-16T08:04:40","modified_gmt":"2024-10-16T08:04:40","slug":"acr39u-nf-pocketmate-ii-usb-type-c-smart-card-reader","status":"publish","type":"product","link":"https:\/\/nfc-readers.com\/fr\/ic-reader\/acr39u-nf-pocketmate-ii-usb-type-c-smart-card-reader\/","title":{"rendered":"Lecteur de carte \u00e0 puce ACR39U-NF PocketMate II (USB Type-C)"},"content":{"rendered":"<h1>Lecteur de carte \u00e0 puce ACR39U-NF PocketMate II (USB Type-C)<\/h1>\n<p>L&#039;ACR39 PocketMate II repr\u00e9sente une solution de lecteur NFC portable et de lecteur de carte \u00e0 puce compacte mais robuste qui s&#039;adresse \u00e0 un vaste \u00e9ventail d&#039;applications s\u00e9curis\u00e9es. Sa connectivit\u00e9 USB Type C de pointe, sa large prise en charge des cartes et son int\u00e9gration multiplateforme en font un outil indispensable pour des op\u00e9rations s\u00e9curis\u00e9es et flexibles dans les domaines informatiques et mobiles.<\/p>\n<ul>\n<li>\n<h2>Interface USB 2.0 pleine vitesse<\/h2>\n<\/li>\n<li>\n<h2>Connecteur USB Type-C<\/h2>\n<\/li>\n<li>\n<h2>Plug and Play \u2013 La prise en charge CCID apporte une mobilit\u00e9 maximale<\/h2>\n<\/li>\n<li>\n<h2>Conception de mouvement pivotant<\/h2>\n<\/li>\n<li>\n<h2>Lecteur de carte \u00e0 puce\u00a0:<\/h2>\n<ul>\n<li>\n<h3>Prend en charge les cartes ISO 7816 Classe A, B et C (5 V, 3 V, 1,8 V)<\/h3>\n<\/li>\n<li>\n<h3>Prend en charge le CAC<\/h3>\n<\/li>\n<li>\n<h3>Prend en charge la carte SIPRNET<\/h3>\n<\/li>\n<li>\n<h3>Prend en charge la carte J-LIS<\/h3>\n<\/li>\n<li>\n<h3>Prend en charge la carte Mykad<\/h3>\n<\/li>\n<li>\n<h3>Prend en charge les cartes \u00e0 microprocesseur avec protocole T=0 ou T=1<\/h3>\n<\/li>\n<li>\n<h3>Prend en charge les cartes m\u00e9moire<\/h3>\n<\/li>\n<li>\n<h3>Prend en charge PPS (s\u00e9lection de protocole et de param\u00e8tres)<\/h3>\n<\/li>\n<li>\n<h3>Caract\u00e9ristiques Protection contre les courts-circuits<\/h3>\n<\/li>\n<\/ul>\n<\/li>\n<li>\n<h2>Interface de programmation d&#039;applications:<\/h2>\n<ul>\n<li>\n<h3>Prend en charge PC\/SC<\/h3>\n<\/li>\n<li>\n<h3>Prend en charge CT-API CT-API (via le wrapper au-dessus du PC\/SC)<\/h3>\n<\/li>\n<\/ul>\n<\/li>\n<li>\n<h2>Prend en charge Android\u2122 3.1 et versions ult\u00e9rieures<\/h2>\n<\/li>\n<li>\n<div>\n<table width=\"719\">\n<tbody>\n<tr>\n<td colspan=\"2\" width=\"719\">Caract\u00e9ristiques physiques<\/td>\n<\/tr>\n<tr>\n<td width=\"326\">Dimensions (mm)<\/td>\n<td width=\"393\">58,0 mm (L) x 20,0 mm (L) x 13,9 mm (H)<\/td>\n<\/tr>\n<tr>\n<td width=\"326\">Poids (g)<\/td>\n<td width=\"393\">10g<\/td>\n<\/tr>\n<tr>\n<td colspan=\"2\" width=\"719\">Interface USB<\/td>\n<\/tr>\n<tr>\n<td width=\"326\">Protocole<\/td>\n<td width=\"393\">CCID USB<\/td>\n<\/tr>\n<tr>\n<td width=\"326\">Type de connecteur<\/td>\n<td width=\"393\">Type standard C<\/td>\n<\/tr>\n<tr>\n<td width=\"326\">Source d&#039;\u00e9nergie<\/td>\n<td width=\"393\">Depuis le port USB<\/td>\n<\/tr>\n<tr>\n<td width=\"326\">Vitesse<\/td>\n<td width=\"393\">USB pleine vitesse (12 Mbit\/s)<\/td>\n<\/tr>\n<tr>\n<td colspan=\"2\" width=\"719\">Contacter l&#039;interface de carte \u00e0 puce<\/td>\n<\/tr>\n<tr>\n<td width=\"326\">Nombre d&#039;emplacements<\/td>\n<td width=\"393\">1 emplacement pour carte pleine taille<\/td>\n<\/tr>\n<tr>\n<td width=\"326\">Standard<\/td>\n<td width=\"393\">ISO 7816 parties 1-3, classes A, B, C (5 V, 3 V, 1,8 V)<\/td>\n<\/tr>\n<tr>\n<td width=\"326\">Protocole<\/td>\n<td width=\"393\">T=0\u00a0; T=1\u00a0; Prise en charge des cartes m\u00e9moire<\/td>\n<\/tr>\n<tr>\n<td width=\"326\">Autres<\/td>\n<td width=\"393\">Cartes \u00e0 puce CAC, PIV, SIPRNET, J-LIS<\/td>\n<\/tr>\n<tr>\n<td colspan=\"2\" width=\"719\">Certifications\/Conformit\u00e9<\/td>\n<\/tr>\n<tr>\n<td rowspan=\"16\" width=\"326\">Certifications\/Conformit\u00e9<\/td>\n<td>EN 60950\/CEI 60950<\/td>\n<\/tr>\n<tr>\n<td>OIN 7816<\/td>\n<\/tr>\n<tr>\n<td>USB pleine vitesse<\/td>\n<\/tr>\n<tr>\n<td>EMV\u2122 Niveau 1 (Contact)<\/td>\n<\/tr>\n<tr>\n<td>PC\/SC<\/td>\n<\/tr>\n<tr>\n<td>CCID<\/td>\n<\/tr>\n<tr>\n<td>TAA (\u00c9tats-Unis)<\/td>\n<\/tr>\n<tr>\n<td>VCCI (Japon)<\/td>\n<\/tr>\n<tr>\n<td>J-LIS (Japon)<\/td>\n<\/tr>\n<tr>\n<td>Banque populaire de Chine (Chine)<\/td>\n<\/tr>\n<tr>\n<td>CE<\/td>\n<\/tr>\n<tr>\n<td>FCC<\/td>\n<\/tr>\n<tr>\n<td>DEEE<\/td>\n<\/tr>\n<tr>\n<td>RoHS2<\/td>\n<\/tr>\n<tr>\n<td>ATTEINDRE<\/td>\n<\/tr>\n<tr>\n<td>Microsoft\u00ae WHQL<\/td>\n<\/tr>\n<tr>\n<td colspan=\"2\" width=\"719\">Prise en charge du syst\u00e8me d&#039;exploitation du pilote de p\u00e9riph\u00e9rique<\/td>\n<\/tr>\n<tr>\n<td rowspan=\"5\" width=\"326\">Prise en charge du syst\u00e8me d&#039;exploitation du pilote de p\u00e9riph\u00e9rique<\/td>\n<td>Windows\u00ae<\/td>\n<\/tr>\n<tr>\n<td>Linux\u00ae<\/td>\n<\/tr>\n<tr>\n<td>MAC OS\u00ae<\/td>\n<\/tr>\n<tr>\n<td>Solaris<\/td>\n<\/tr>\n<tr>\n<td>Android\u2122 3.1 et versions ult\u00e9rieures<\/td>\n<\/tr>\n<\/tbody>\n<\/table>\n<\/div>\n<\/li>\n<\/ul>","protected":false},"excerpt":{"rendered":"<p>L&#039;ACR39U PocketMate II est un lecteur s\u00e9curis\u00e9 USB Type C compact qui offre des performances \u00e0 haut d\u00e9bit pour les applications de cartes \u00e0 puce, y compris les signatures num\u00e9riques et les services bancaires s\u00e9curis\u00e9s.<\/p>","protected":false},"featured_media":1530,"template":"","meta":[],"product_brand":[],"product_cat":[39],"product_tag":[],"class_list":{"0":"post-1527","1":"product","2":"type-product","3":"status-publish","4":"has-post-thumbnail","6":"product_cat-usb-ic-smartcard-reader","8":"first","9":"instock","10":"shipping-taxable","11":"product-type-simple"},"_links":{"self":[{"href":"https:\/\/nfc-readers.com\/fr\/wp-json\/wp\/v2\/product\/1527","targetHints":{"allow":["GET"]}}],"collection":[{"href":"https:\/\/nfc-readers.com\/fr\/wp-json\/wp\/v2\/product"}],"about":[{"href":"https:\/\/nfc-readers.com\/fr\/wp-json\/wp\/v2\/types\/product"}],"wp:featuredmedia":[{"embeddable":true,"href":"https:\/\/nfc-readers.com\/fr\/wp-json\/wp\/v2\/media\/1530"}],"wp:attachment":[{"href":"https:\/\/nfc-readers.com\/fr\/wp-json\/wp\/v2\/media?parent=1527"}],"wp:term":[{"taxonomy":"product_brand","embeddable":true,"href":"https:\/\/nfc-readers.com\/fr\/wp-json\/wp\/v2\/product_brand?post=1527"},{"taxonomy":"product_cat","embeddable":true,"href":"https:\/\/nfc-readers.com\/fr\/wp-json\/wp\/v2\/product_cat?post=1527"},{"taxonomy":"product_tag","embeddable":true,"href":"https:\/\/nfc-readers.com\/fr\/wp-json\/wp\/v2\/product_tag?post=1527"}],"curies":[{"name":"wp","href":"https:\/\/api.w.org\/{rel}","templated":true}]}}