{"id":1537,"date":"2024-04-07T06:01:23","date_gmt":"2024-04-07T06:01:23","guid":{"rendered":"https:\/\/nfc-readers.com\/?post_type=product&#038;p=1537"},"modified":"2024-10-16T07:57:49","modified_gmt":"2024-10-16T07:57:49","slug":"acr3901u-s1-bluetooth-smart-card-reader-writer","status":"publish","type":"product","link":"https:\/\/nfc-readers.com\/fr\/ic-reader\/acr3901u-s1-bluetooth-smart-card-reader-writer\/","title":{"rendered":"Lecteur de carte \u00e0 puce Bluetooth\u00ae ACR3901U-S1 \u2013 Graveur"},"content":{"rendered":"<h1>Lecteur de carte \u00e0 puce Bluetooth\u00ae ACR3901U-S1 \u2013 Graveur<\/h1>\n<p>L&#039;ACR3901U-S1 se pr\u00e9sente comme un lecteur NFC Bluetooth de haute technologie, bien adapt\u00e9 aux individus modernes et f\u00e9rus de technologie. Il garantit une large compatibilit\u00e9 avec les cartes \u00e0 puce et les appareils personnels, associant des taux de transfert de donn\u00e9es rapides \u00e0 la portabilit\u00e9, renforc\u00e9e par sa capacit\u00e9 Bluetooth sans fil, ce qui en fait un outil indispensable pour ceux qui exigent des transactions par carte \u00e0 puce s\u00e9curis\u00e9es et flexibles.<\/p>\n<ul>\n<li>\n<h2>Interface Bluetooth\u00ae<\/h2>\n<\/li>\n<li>\n<h2>Interface USB 2.0 pleine vitesse<\/h2>\n<\/li>\n<li>\n<h2>Source d&#039;\u00e9nergie<\/h2>\n<ul>\n<li>\n<h3>Aliment\u00e9 par batterie (int\u00e8gre une batterie lithium-ion rechargeable via le port micro-USB)<\/h3>\n<\/li>\n<li>\n<h3>Aliment\u00e9 par USB (via le mode li\u00e9 \u00e0 un PC)<\/h3>\n<\/li>\n<\/ul>\n<\/li>\n<li>\n<h2>Conformit\u00e9 CCID<\/h2>\n<\/li>\n<li>\n<h2>Lecteur de carte \u00e0 puce\u00a0:<\/h2>\n<ul>\n<li>\n<h3>Interface de contact\u00a0:<\/h3>\n<ul>\n<li>\n<h4>Prend en charge les cartes ISO 7816 Classe A, B et C (5 V, 3 V, 1,8 V)<\/h4>\n<\/li>\n<li>\n<h4>Prend en charge les cartes \u00e0 microprocesseur avec protocole T=0 ou T=1<\/h4>\n<\/li>\n<li>\n<h4>Prend en charge les cartes m\u00e9moire<\/h4>\n<\/li>\n<li>\n<h4>Prend en charge PPS (s\u00e9lection de protocole et de param\u00e8tres)<\/h4>\n<\/li>\n<li>\n<h4>Caract\u00e9ristiques Protection contre les courts-circuits<\/h4>\n<\/li>\n<li>\n<h4>Prend en charge l&#039;algorithme de cryptage AES-128<\/h4>\n<\/li>\n<\/ul>\n<\/li>\n<\/ul>\n<\/li>\n<li>\n<h2>P\u00e9riph\u00e9rique int\u00e9gr\u00e9\u00a0:<\/h2>\n<ul>\n<li>\n<h3>Trois LED monochromes<\/h3>\n<\/li>\n<\/ul>\n<\/li>\n<li>\n<h2>Interface de programmation d&#039;applications:<\/h2>\n<ul>\n<li>\n<h3>Prend en charge PC\/SC<\/h3>\n<\/li>\n<li>\n<h3>Prend en charge CT-API (via le wrapper au-dessus du PC\/SC)<\/h3>\n<\/li>\n<\/ul>\n<\/li>\n<li>\n<h2>Possibilit\u00e9 de mise \u00e0 niveau du micrologiciel USB<\/h2>\n<\/li>\n<li>\n<h2>Prend en charge Android\u2122 4.3 et versions ult\u00e9rieures<\/h2>\n<\/li>\n<li>\n<h2>Prend en charge iOS 8.0 et versions ult\u00e9rieures<\/h2>\n<\/li>\n<li>\n<div>\n<table width=\"556\">\n<tbody>\n<tr>\n<td colspan=\"2\" width=\"556\">Caract\u00e9ristiques physiques<\/td>\n<\/tr>\n<tr>\n<td width=\"190\">Dimensions (mm)<\/td>\n<td width=\"366\">94 mm (L) \u00d7 60 mm (L) \u00d7 12 mm (H)<\/td>\n<\/tr>\n<tr>\n<td width=\"190\">Poids (g)<\/td>\n<td width=\"366\">30,8 g (59,7 g avec c\u00e2ble \u00b1 tol\u00e9rance 5 g)<\/td>\n<\/tr>\n<tr>\n<td colspan=\"2\" width=\"556\">Interface Bluetooth<\/td>\n<\/tr>\n<tr>\n<td width=\"190\">Protocole<\/td>\n<td width=\"366\">Bluetooth\u00ae (Bluetooth basse consommation \/ Bluetooth 4.0)<\/td>\n<\/tr>\n<tr>\n<td width=\"190\">Source d&#039;\u00e9nergie<\/td>\n<td width=\"366\">Batterie lithium-ion rechargeable (chargement via USB)<\/td>\n<\/tr>\n<tr>\n<td width=\"190\">Vitesse<\/td>\n<td width=\"366\">1 Mbit\/s<\/td>\n<\/tr>\n<tr>\n<td colspan=\"2\" width=\"556\">Interface USB<\/td>\n<\/tr>\n<tr>\n<td width=\"190\">Protocole<\/td>\n<td width=\"366\">CCID USB<\/td>\n<\/tr>\n<tr>\n<td width=\"190\">Type de connecteur<\/td>\n<td width=\"366\">Micro USB<\/td>\n<\/tr>\n<tr>\n<td width=\"190\">Source d&#039;\u00e9nergie<\/td>\n<td width=\"366\">Depuis le port USB<\/td>\n<\/tr>\n<tr>\n<td width=\"190\">Vitesse<\/td>\n<td width=\"366\">USB pleine vitesse (12 Mbit\/s)<\/td>\n<\/tr>\n<tr>\n<td width=\"190\">Longueur de c\u00e2ble<\/td>\n<td width=\"366\">1 m, d\u00e9tachable<\/td>\n<\/tr>\n<tr>\n<td colspan=\"2\" width=\"556\">Contacter l&#039;interface de carte \u00e0 puce<\/td>\n<\/tr>\n<tr>\n<td width=\"190\">Nombre d&#039;emplacements<\/td>\n<td width=\"366\">1 emplacement pour carte pleine taille<\/td>\n<\/tr>\n<tr>\n<td width=\"190\">Standard<\/td>\n<td width=\"366\">ISO 7816 parties 1-4, classes A, B, C (5 V, 3 V, 1,8 V)<\/td>\n<\/tr>\n<tr>\n<td width=\"190\">Protocole<\/td>\n<td width=\"366\">T=0\u00a0; T=1\u00a0; Prise en charge des cartes m\u00e9moire<\/td>\n<\/tr>\n<tr>\n<td colspan=\"2\" width=\"556\">P\u00e9riph\u00e9riques int\u00e9gr\u00e9s<\/td>\n<\/tr>\n<tr>\n<td width=\"190\">DIRIG\u00c9<\/td>\n<td width=\"366\">3 couleurs unies : Rouge, Bleu et Vert<\/td>\n<\/tr>\n<tr>\n<td colspan=\"2\" width=\"556\">Autres caract\u00e9ristiques<\/td>\n<\/tr>\n<tr>\n<td width=\"190\">Chiffrement<\/td>\n<td width=\"366\">Algorithme de chiffrement AES int\u00e9gr\u00e9 \u00e0 l&#039;appareil<\/td>\n<\/tr>\n<tr>\n<td width=\"190\">Mise \u00e0 jour du firmware<\/td>\n<td width=\"366\">Prise en charge<\/td>\n<\/tr>\n<tr>\n<td colspan=\"2\" width=\"556\">Certifications\/Conformit\u00e9<\/td>\n<\/tr>\n<tr>\n<td rowspan=\"14\" width=\"190\">Certifications\/Conformit\u00e9<\/td>\n<td width=\"366\">EN 60950\/CEI 60950<\/td>\n<\/tr>\n<tr>\n<td width=\"366\">OIN 7816<\/td>\n<\/tr>\n<tr>\n<td width=\"366\">USB pleine vitesse<\/td>\n<\/tr>\n<tr>\n<td width=\"366\">Bluetooth\u00ae<\/td>\n<\/tr>\n<tr>\n<td width=\"366\">EMV\u2122 Niveau 1 (Contact)<\/td>\n<\/tr>\n<tr>\n<td width=\"366\">PC\/SC<\/td>\n<\/tr>\n<tr>\n<td width=\"366\">CCID<\/td>\n<\/tr>\n<tr>\n<td width=\"366\">CE<\/td>\n<\/tr>\n<tr>\n<td width=\"366\">FCC<\/td>\n<\/tr>\n<tr>\n<td width=\"366\">RoHS<\/td>\n<\/tr>\n<tr>\n<td width=\"366\">ATTEINDRE<\/td>\n<\/tr>\n<tr>\n<td width=\"366\">VCCI (Japon)<\/td>\n<\/tr>\n<tr>\n<td width=\"366\">MIC (Japon)<\/td>\n<\/tr>\n<tr>\n<td width=\"366\">Microsoft\u00ae WHQL<\/td>\n<\/tr>\n<tr>\n<td colspan=\"2\" width=\"556\">Prise en charge du syst\u00e8me d&#039;exploitation du pilote de p\u00e9riph\u00e9rique<\/td>\n<\/tr>\n<tr>\n<td rowspan=\"5\" width=\"190\">Prise en charge du syst\u00e8me d&#039;exploitation du pilote de p\u00e9riph\u00e9rique<\/td>\n<td width=\"366\">Windows\u00ae<\/td>\n<\/tr>\n<tr>\n<td width=\"366\">Linux\u00ae<\/td>\n<\/tr>\n<tr>\n<td width=\"366\">MAC OS\u00ae 10.7 et versions ult\u00e9rieures<\/td>\n<\/tr>\n<tr>\n<td width=\"366\">Android\u2122 4.3 et versions ult\u00e9rieures<\/td>\n<\/tr>\n<tr>\n<td width=\"366\">iOS 8.0 et versions ult\u00e9rieures<\/td>\n<\/tr>\n<\/tbody>\n<\/table>\n<\/div>\n<\/li>\n<\/ul>","protected":false},"excerpt":{"rendered":"<p>L&#039;ACR3901U-S1 est un lecteur s\u00e9curis\u00e9 USB portable et un lecteur de contact Bluetooth\u00ae, offrant des performances \u00e0 haut d\u00e9bit pour les applications de cartes \u00e0 puce en d\u00e9placement.<\/p>","protected":false},"featured_media":1538,"template":"","meta":[],"product_brand":[],"product_cat":[39],"product_tag":[],"class_list":{"0":"post-1537","1":"product","2":"type-product","3":"status-publish","4":"has-post-thumbnail","6":"product_cat-usb-ic-smartcard-reader","8":"first","9":"instock","10":"shipping-taxable","11":"product-type-simple"},"_links":{"self":[{"href":"https:\/\/nfc-readers.com\/fr\/wp-json\/wp\/v2\/product\/1537","targetHints":{"allow":["GET"]}}],"collection":[{"href":"https:\/\/nfc-readers.com\/fr\/wp-json\/wp\/v2\/product"}],"about":[{"href":"https:\/\/nfc-readers.com\/fr\/wp-json\/wp\/v2\/types\/product"}],"wp:featuredmedia":[{"embeddable":true,"href":"https:\/\/nfc-readers.com\/fr\/wp-json\/wp\/v2\/media\/1538"}],"wp:attachment":[{"href":"https:\/\/nfc-readers.com\/fr\/wp-json\/wp\/v2\/media?parent=1537"}],"wp:term":[{"taxonomy":"product_brand","embeddable":true,"href":"https:\/\/nfc-readers.com\/fr\/wp-json\/wp\/v2\/product_brand?post=1537"},{"taxonomy":"product_cat","embeddable":true,"href":"https:\/\/nfc-readers.com\/fr\/wp-json\/wp\/v2\/product_cat?post=1537"},{"taxonomy":"product_tag","embeddable":true,"href":"https:\/\/nfc-readers.com\/fr\/wp-json\/wp\/v2\/product_tag?post=1537"}],"curies":[{"name":"wp","href":"https:\/\/api.w.org\/{rel}","templated":true}]}}