{"id":1545,"date":"2024-04-07T06:11:51","date_gmt":"2024-04-07T06:11:51","guid":{"rendered":"https:\/\/nfc-readers.com\/?post_type=product&#038;p=1545"},"modified":"2024-10-16T06:54:40","modified_gmt":"2024-10-16T06:54:40","slug":"acr1251u-nfc-reader-writer","status":"publish","type":"product","link":"https:\/\/nfc-readers.com\/fr\/ic-reader\/acr1251u-nfc-reader-writer\/","title":{"rendered":"Lecteur\/graveur NFC ACR1251U"},"content":{"rendered":"<h1>Lecteur\/graveur NFC ACR1251U<\/h1>\n<p>Le lecteur NFC sans contact ACR1251U-A1 se pr\u00e9sente comme la nouvelle g\u00e9n\u00e9ration de lecteurs NFC sans contact, am\u00e9liorant l&#039;exp\u00e9rience utilisateur gr\u00e2ce \u00e0 des fonctionnalit\u00e9s telles que la mise \u00e0 niveau du micrologiciel, un emplacement SAM (Secure Access Module) et la capacit\u00e9 d&#039;interagir avec les balises et les appareils NFC. Il se distingue dans le domaine des fonctionnalit\u00e9s sans contact, offrant une couche de s\u00e9curit\u00e9 suppl\u00e9mentaire. Gr\u00e2ce au SAM, il peut effectuer une diversification des cl\u00e9s et une authentification mutuelle, r\u00e9duisant consid\u00e9rablement l&#039;exposition des cl\u00e9s et minimisant le risque de compromission des cl\u00e9s, renfor\u00e7ant ainsi la s\u00e9curit\u00e9 des op\u00e9rations sans contact. Con\u00e7u pour une vari\u00e9t\u00e9 d&#039;utilisations de cartes \u00e0 puce sans contact, l&#039;ACR1251U-A1 est adapt\u00e9 \u00e0 des applications telles que l&#039;authentification de l&#039;identit\u00e9 personnelle, l&#039;acc\u00e8s au r\u00e9seau, la banque en ligne et les transactions \u00e0 petite \u00e9chelle. Ses fonctionnalit\u00e9s NFC avanc\u00e9es le rendent \u00e9galement bien adapt\u00e9 \u00e0 des utilisations innovantes telles que les affiches intelligentes pour la publicit\u00e9 et la communication avec un large \u00e9ventail de smartphones compatibles NFC. La compatibilit\u00e9 avec PC\/SC favorise une int\u00e9gration fluide entre plates-formes et \u00e0 l&#039;\u00e9chelle de l&#039;application. L&#039;ACR1251U-A1 prend \u00e9galement en charge les mises \u00e0 jour du micrologiciel \u00e0 distance apr\u00e8s le d\u00e9ploiement, ce qui \u00e9vite d&#039;avoir \u00e0 modifier le mat\u00e9riel physique. Son design \u00e9l\u00e9gant et compact et ses fonctionnalit\u00e9s compl\u00e8tes font de l&#039;ACR1251U-A1 un outil de choix pour tous ceux qui recherchent tous les avantages de la technologie NFC.<\/p>\n<p><iframe loading=\"lazy\" title=\"LECTEUR NFC ACR1251U C1\" width=\"1020\" height=\"574\" src=\"https:\/\/www.youtube.com\/embed\/8QiOKOoec6k?feature=oembed\" frameborder=\"0\" allow=\"accelerometer; autoplay; clipboard-write; encrypted-media; gyroscope; picture-in-picture; web-share\" referrerpolicy=\"strict-origin-when-cross-origin\" allowfullscreen><\/iframe><\/p>\n<ul>\n<li>\n<h2>Interface USB pleine vitesse<\/h2>\n<\/li>\n<li>\n<h2>Conformit\u00e9 CCID<\/h2>\n<\/li>\n<li>\n<h2>Lecteur de carte \u00e0 puce\u00a0:<\/h2>\n<ul>\n<li>\n<h3>Interface sans contact\u00a0:<\/h3>\n<ul>\n<li>\n<h4>Vitesse de lecture\/\u00e9criture jusqu&#039;\u00e0 424 kbps<\/h4>\n<\/li>\n<li>\n<h4>Antenne int\u00e9gr\u00e9e pour un acc\u00e8s aux tags sans contact, avec une distance de lecture de la carte allant jusqu&#039;\u00e0 30\u00a0mm (selon le type de tag)<\/h4>\n<\/li>\n<li>\n<h4>Prend en charge les cartes ISO 14443 de type A et B, MIFARE\u00ae, FeliCa et les 4 types de balises NFC (ISO\/IEC 18092)<\/h4>\n<\/li>\n<li>\n<h4>Fonction anti-collision int\u00e9gr\u00e9e (une seule balise est accessible \u00e0 tout moment)<\/h4>\n<\/li>\n<li>\n<h4>Prise en charge NFC<\/h4>\n<\/li>\n<li>\n<h4>Mode lecteur\/graveur de cartes<\/h4>\n<\/li>\n<\/ul>\n<\/li>\n<\/ul>\n<\/li>\n<li>\n<h2>P\u00e9riph\u00e9riques int\u00e9gr\u00e9s\u00a0:<\/h2>\n<ul>\n<li>\n<h3>LED\u00a0:<\/h3>\n<ul>\n<li>\n<h4>LED bicolore contr\u00f4lable par l&#039;utilisateur<\/h4>\n<\/li>\n<\/ul>\n<\/li>\n<\/ul>\n<\/li>\n<li>\n<h2>Interface de programmation d&#039;applications:<\/h2>\n<ul>\n<li>\n<h3>Prend en charge PC\/SC<\/h3>\n<\/li>\n<li>\n<h3>Prend en charge CT-API (via le wrapper au-dessus du PC\/SC)<\/h3>\n<\/li>\n<\/ul>\n<\/li>\n<li>\n<h2>Possibilit\u00e9 de mise \u00e0 niveau du micrologiciel USB<\/h2>\n<\/li>\n<li>\n<h2>Prend en charge Android\u2122 3.1 et versions ult\u00e9rieures<\/h2>\n<\/li>\n<li>\n<div>\n<table width=\"843\">\n<tbody>\n<tr>\n<td colspan=\"2\" width=\"843\">Caract\u00e9ristiques physiques<\/td>\n<\/tr>\n<tr>\n<td width=\"450\">Dimensions (mm)<\/td>\n<td width=\"393\">98,0 mm (L) x 65,0 mm (L) x 12,8 mm (H)<\/td>\n<\/tr>\n<tr>\n<td width=\"450\">Poids (g)<\/td>\n<td width=\"393\">70g<\/td>\n<\/tr>\n<tr>\n<td colspan=\"2\" width=\"843\">Interface USB<\/td>\n<\/tr>\n<tr>\n<td width=\"450\">Protocole<\/td>\n<td width=\"393\">CCID USB<\/td>\n<\/tr>\n<tr>\n<td width=\"450\">Source d&#039;\u00e9nergie<\/td>\n<td width=\"393\">Depuis le port USB<\/td>\n<\/tr>\n<tr>\n<td width=\"450\">Vitesse<\/td>\n<td width=\"393\">USB pleine vitesse (12 Mbit\/s)<\/td>\n<\/tr>\n<tr>\n<td width=\"450\">Longueur de c\u00e2ble<\/td>\n<td width=\"393\">1,0 m, fixe<\/td>\n<\/tr>\n<tr>\n<td colspan=\"2\" width=\"843\">Interface de carte \u00e0 puce sans contact<\/td>\n<\/tr>\n<tr>\n<td width=\"450\">Standard<\/td>\n<td width=\"393\">ISO\/IEC 18092 NFC, ISO 14443 types A et B, MIFARE\u00ae, FeliCa<\/td>\n<\/tr>\n<tr>\n<td rowspan=\"4\" width=\"450\">Protocole<\/td>\n<td width=\"393\">Carte conforme ISO 14443-4, T=CL<\/td>\n<\/tr>\n<tr>\n<td width=\"393\">Carte MIFARE\u00ae Classique, T=CL<\/td>\n<\/tr>\n<tr>\n<td width=\"393\">ISO18092, \u00e9tiquettes NFC<\/td>\n<\/tr>\n<tr>\n<td width=\"393\">F\u00e9lica<\/td>\n<\/tr>\n<tr>\n<td colspan=\"2\" width=\"843\">P\u00e9riph\u00e9riques int\u00e9gr\u00e9s<\/td>\n<\/tr>\n<tr>\n<td width=\"450\">DIRIG\u00c9<\/td>\n<td width=\"393\">1 bicolore : Rouge et Vert<\/td>\n<\/tr>\n<tr>\n<td width=\"450\">Avertisseur sonore<\/td>\n<td width=\"393\">Monotone<\/td>\n<\/tr>\n<tr>\n<td colspan=\"2\" width=\"843\">Certifications\/Conformit\u00e9<\/td>\n<\/tr>\n<tr>\n<td rowspan=\"13\" width=\"450\">Certifications\/Conformit\u00e9<\/td>\n<td width=\"393\">EN 60950\/CEI 60950<\/td>\n<\/tr>\n<tr>\n<td width=\"393\">OIN 18092<\/td>\n<\/tr>\n<tr>\n<td width=\"393\">OIN 14443<\/td>\n<\/tr>\n<tr>\n<td width=\"393\">USB pleine vitesse<\/td>\n<\/tr>\n<tr>\n<td width=\"393\">PC\/SC<\/td>\n<\/tr>\n<tr>\n<td width=\"393\">CCID<\/td>\n<\/tr>\n<tr>\n<td width=\"393\">VCCI (Japon)<\/td>\n<\/tr>\n<tr>\n<td width=\"393\">KC (Cor\u00e9e)<\/td>\n<\/tr>\n<tr>\n<td width=\"393\">Microsoft\u00ae WHQL<\/td>\n<\/tr>\n<tr>\n<td width=\"393\">CE<\/td>\n<\/tr>\n<tr>\n<td width=\"393\">FCC<\/td>\n<\/tr>\n<tr>\n<td width=\"393\">RoHS2<\/td>\n<\/tr>\n<tr>\n<td width=\"393\">ATTEINDRE<\/td>\n<\/tr>\n<tr>\n<td colspan=\"2\" width=\"843\">Prise en charge du syst\u00e8me d&#039;exploitation du pilote de p\u00e9riph\u00e9rique<\/td>\n<\/tr>\n<tr>\n<td rowspan=\"6\" width=\"450\">Prise en charge du syst\u00e8me d&#039;exploitation du pilote de p\u00e9riph\u00e9rique<\/td>\n<td width=\"393\">Windows\u00aeCE<\/td>\n<\/tr>\n<tr>\n<td width=\"393\">Windows\u00ae<\/td>\n<\/tr>\n<tr>\n<td width=\"393\">Linux\u00ae<\/td>\n<\/tr>\n<tr>\n<td width=\"393\">MAC OS\u00ae<\/td>\n<\/tr>\n<tr>\n<td width=\"393\">Solaris<\/td>\n<\/tr>\n<tr>\n<td width=\"393\">Android\u2122<\/td>\n<\/tr>\n<\/tbody>\n<\/table>\n<\/div>\n<\/li>\n<\/ul>","protected":false},"excerpt":{"rendered":"<p>L&#039;ACR1251U-A1 est un lecteur NFC USB de pointe avec un emplacement SAM, offrant une s\u00e9curit\u00e9 et une polyvalence am\u00e9lior\u00e9es pour diverses applications sans contact.<\/p>","protected":false},"featured_media":1549,"template":"","meta":[],"product_brand":[],"product_cat":[45,40],"product_tag":[],"class_list":{"0":"post-1545","1":"product","2":"type-product","3":"status-publish","4":"has-post-thumbnail","6":"product_cat-contactless-nfc-reader","7":"product_cat-rfid-nfc-reader","9":"first","10":"instock","11":"shipping-taxable","12":"product-type-simple"},"_links":{"self":[{"href":"https:\/\/nfc-readers.com\/fr\/wp-json\/wp\/v2\/product\/1545","targetHints":{"allow":["GET"]}}],"collection":[{"href":"https:\/\/nfc-readers.com\/fr\/wp-json\/wp\/v2\/product"}],"about":[{"href":"https:\/\/nfc-readers.com\/fr\/wp-json\/wp\/v2\/types\/product"}],"wp:featuredmedia":[{"embeddable":true,"href":"https:\/\/nfc-readers.com\/fr\/wp-json\/wp\/v2\/media\/1549"}],"wp:attachment":[{"href":"https:\/\/nfc-readers.com\/fr\/wp-json\/wp\/v2\/media?parent=1545"}],"wp:term":[{"taxonomy":"product_brand","embeddable":true,"href":"https:\/\/nfc-readers.com\/fr\/wp-json\/wp\/v2\/product_brand?post=1545"},{"taxonomy":"product_cat","embeddable":true,"href":"https:\/\/nfc-readers.com\/fr\/wp-json\/wp\/v2\/product_cat?post=1545"},{"taxonomy":"product_tag","embeddable":true,"href":"https:\/\/nfc-readers.com\/fr\/wp-json\/wp\/v2\/product_tag?post=1545"}],"curies":[{"name":"wp","href":"https:\/\/api.w.org\/{rel}","templated":true}]}}