{"id":1564,"date":"2024-04-07T06:24:04","date_gmt":"2024-04-07T06:24:04","guid":{"rendered":"https:\/\/nfc-readers.com\/?post_type=product&#038;p=1564"},"modified":"2024-10-16T06:23:32","modified_gmt":"2024-10-16T06:23:32","slug":"acm1281u-c7-usb-contactless-reader-module-with-sam-slot","status":"publish","type":"product","link":"https:\/\/nfc-readers.com\/fr\/ic-reader\/acm1281u-c7-usb-contactless-reader-module-with-sam-slot\/","title":{"rendered":"Module de lecteur sans contact USB ACM1281U-C7 avec emplacement SAM"},"content":{"rendered":"<h1>Module de lecteur sans contact USB ACM1281U-C7 avec emplacement SAM<\/h1>\n<p>L&#039;ACM1281U-C7 se distingue comme un lecteur de carte \u00e0 puce sophistiqu\u00e9 con\u00e7u pour une int\u00e9gration transparente dans divers syst\u00e8mes embarqu\u00e9s. En prenant en charge la norme ISO 14443 A\/B pour les principales technologies de cartes et en offrant une s\u00e9curit\u00e9 approfondie gr\u00e2ce \u00e0 son emplacement SAM conforme, ainsi que la flexibilit\u00e9 d&#039;un micrologiciel \u00e9volutif sur site, ce lecteur NFC portable est con\u00e7u pour les environnements o\u00f9 la s\u00e9curit\u00e9 et la fiabilit\u00e9 sont primordiales, tels que syst\u00e8mes de paiement et de jeux.<\/p>\n<ul>\n<li>\n<h2>Interface USB 2.0 pleine vitesse<\/h2>\n<\/li>\n<li>\n<h2>Conformit\u00e9 CCID<\/h2>\n<\/li>\n<li>\n<h2>Possibilit\u00e9 de mise \u00e0 niveau du micrologiciel USB<\/h2>\n<\/li>\n<li>\n<h2>Lecteur de carte \u00e0 puce\u00a0:<\/h2>\n<ul>\n<li>\n<h3>Interface sans contact\u00a0:<\/h3>\n<ul>\n<li>\n<h4>Vitesse de lecture\/\u00e9criture jusqu&#039;\u00e0 848 kbps<\/h4>\n<\/li>\n<li>\n<h4>Antenne int\u00e9gr\u00e9e pour un acc\u00e8s au tag sans contact, avec une distance de lecture de la carte jusqu&#039;\u00e0 50 mm (selon le type de tag)<\/h4>\n<\/li>\n<li>\n<h4>Prend en charge les cartes ISO 14443 partie 4 de type A et B et la s\u00e9rie MIFARE\u00ae Classic<\/h4>\n<\/li>\n<li>\n<h4>Fonction anti-collision int\u00e9gr\u00e9e (une seule balise est accessible \u00e0 tout moment)<\/h4>\n<\/li>\n<li>\n<h4>Prend en charge l&#039;APDU \u00e9tendu (max. 64 Ko)<\/h4>\n<\/li>\n<\/ul>\n<\/li>\n<li>\n<h3>Interface SAM\u00a0:<\/h3>\n<ul>\n<li>\n<h4>Emplacement SAM conforme \u00e0 la norme ISO 7816, classe A (5\u00a0V)<\/h4>\n<\/li>\n<\/ul>\n<\/li>\n<\/ul>\n<\/li>\n<li>\n<h2>Interface de programmation d&#039;applications:<\/h2>\n<ul>\n<li>\n<h3>Prend en charge PC\/SC<\/h3>\n<\/li>\n<li>\n<h3>Prend en charge CT-API (via le wrapper au-dessus du PC\/SC)<\/h3>\n<\/li>\n<\/ul>\n<\/li>\n<li>\n<h2>P\u00e9riph\u00e9riques\u00a0:<\/h2>\n<ul>\n<li>\n<h3>LED bicolore contr\u00f4lable par l&#039;utilisateur<\/h3>\n<\/li>\n<li>\n<h3>Buzzer contr\u00f4lable par l&#039;utilisateur<\/h3>\n<\/li>\n<li>\n<div>\n<table width=\"558\">\n<tbody>\n<tr>\n<td colspan=\"2\" width=\"558\">Caract\u00e9ristiques physiques<\/td>\n<\/tr>\n<tr>\n<td width=\"234\">Dimensions (mm)<\/td>\n<td width=\"324\">106,6 mm (L) x 67,0 mm (L) x 16,0 mm (H)<\/td>\n<\/tr>\n<tr>\n<td width=\"234\">Poids (g)<\/td>\n<td width=\"324\">20,8g<\/td>\n<\/tr>\n<tr>\n<td colspan=\"2\" width=\"558\">Interface USB<\/td>\n<\/tr>\n<tr>\n<td width=\"234\">Protocole<\/td>\n<td width=\"324\">CCID USB<\/td>\n<\/tr>\n<tr>\n<td width=\"234\">Type de connecteur<\/td>\n<td width=\"324\">Type standard A<\/td>\n<\/tr>\n<tr>\n<td width=\"234\">Source d&#039;\u00e9nergie<\/td>\n<td width=\"324\">Depuis le port USB<\/td>\n<\/tr>\n<tr>\n<td width=\"234\">Vitesse<\/td>\n<td width=\"324\">USB pleine vitesse (12 Mbit\/s)<\/td>\n<\/tr>\n<tr>\n<td width=\"234\">Longueur de c\u00e2ble<\/td>\n<td width=\"324\">1,0 m, d\u00e9tachable (en option)<\/td>\n<\/tr>\n<tr>\n<td colspan=\"2\" width=\"558\">Interface de carte \u00e0 puce sans contact<\/td>\n<\/tr>\n<tr>\n<td width=\"234\">Standard<\/td>\n<td width=\"324\">ISO 14443 A et B parties 1 \u00e0 4<\/td>\n<\/tr>\n<tr>\n<td rowspan=\"2\" width=\"234\">Protocole<\/td>\n<td width=\"324\">Cartes conformes ISO14443-4, T=CL<\/td>\n<\/tr>\n<tr>\n<td width=\"324\">Protocole de carte classique MIFARE\u00ae, T=CL<\/td>\n<\/tr>\n<tr>\n<td width=\"234\">Antenne<\/td>\n<td width=\"324\">65mmx60mm<\/td>\n<\/tr>\n<tr>\n<td colspan=\"2\" width=\"558\">Interface de la carte SAM<\/td>\n<\/tr>\n<tr>\n<td width=\"234\">Nombre d&#039;emplacements<\/td>\n<td width=\"324\">1<\/td>\n<\/tr>\n<tr>\n<td width=\"234\">Standard<\/td>\n<td width=\"324\">ISO 7816 parties 1-3, classe A (5 V)<\/td>\n<\/tr>\n<tr>\n<td width=\"234\">Protocole<\/td>\n<td width=\"324\">T=0\u00a0; T=1<\/td>\n<\/tr>\n<tr>\n<td colspan=\"2\" width=\"558\">P\u00e9riph\u00e9riques int\u00e9gr\u00e9s<\/td>\n<\/tr>\n<tr>\n<td width=\"234\">DIRIG\u00c9<\/td>\n<td width=\"324\">2 couleurs uniques\u00a0: rouge et vert<\/td>\n<\/tr>\n<tr>\n<td width=\"234\">Avertisseur sonore<\/td>\n<td width=\"324\">Monotone<\/td>\n<\/tr>\n<tr>\n<td colspan=\"2\" width=\"558\">Autres caract\u00e9ristiques<\/td>\n<\/tr>\n<tr>\n<td width=\"234\">Mise \u00e0 jour du firmware<\/td>\n<td width=\"324\">Prise en charge<\/td>\n<\/tr>\n<tr>\n<td colspan=\"2\" width=\"558\">Certifications\/Conformit\u00e9<\/td>\n<\/tr>\n<tr>\n<td rowspan=\"10\" width=\"234\">Certifications\/Conformit\u00e9<\/td>\n<td width=\"324\">ISO 7816 (emplacement SAM)<\/td>\n<\/tr>\n<tr>\n<td width=\"324\">OIN 14443<\/td>\n<\/tr>\n<tr>\n<td width=\"324\">USB pleine vitesse<\/td>\n<\/tr>\n<tr>\n<td width=\"324\">PC\/SC<\/td>\n<\/tr>\n<tr>\n<td width=\"324\">CCID<\/td>\n<\/tr>\n<tr>\n<td width=\"324\">CE<\/td>\n<\/tr>\n<tr>\n<td width=\"324\">FCC<\/td>\n<\/tr>\n<tr>\n<td width=\"324\">RoHS<\/td>\n<\/tr>\n<tr>\n<td width=\"324\">ATTEINDRE<\/td>\n<\/tr>\n<tr>\n<td width=\"324\">Microsoft\u00ae WHQL<\/td>\n<\/tr>\n<tr>\n<td colspan=\"2\" width=\"558\">Prise en charge du syst\u00e8me d&#039;exploitation du pilote de p\u00e9riph\u00e9rique<\/td>\n<\/tr>\n<tr>\n<td rowspan=\"5\" width=\"234\">Prise en charge du syst\u00e8me d&#039;exploitation du pilote de p\u00e9riph\u00e9rique<\/td>\n<td width=\"324\">Windows\u00ae<\/td>\n<\/tr>\n<tr>\n<td width=\"324\">Linux\u00ae<\/td>\n<\/tr>\n<tr>\n<td width=\"324\">MAC OS\u00ae<\/td>\n<\/tr>\n<tr>\n<td width=\"324\">Solaris<\/td>\n<\/tr>\n<tr>\n<td width=\"324\">Android\u2122<\/td>\n<\/tr>\n<\/tbody>\n<\/table>\n<\/div>\n<\/li>\n<\/ul>\n<\/li>\n<\/ul>","protected":false},"excerpt":{"rendered":"<p>L&#039;ACM1281U-C7 est un lecteur sans contact USB polyvalent avec un SAM, prenant en charge CCID et PC\/SC, id\u00e9al pour les applications NFC s\u00e9curis\u00e9es comme les paiements par distributeurs automatiques.<\/p>","protected":false},"featured_media":1565,"template":"","meta":[],"product_brand":[],"product_cat":[41],"product_tag":[],"class_list":{"0":"post-1564","1":"product","2":"type-product","3":"status-publish","4":"has-post-thumbnail","6":"product_cat-module-ic-reader","8":"first","9":"instock","10":"shipping-taxable","11":"product-type-simple"},"_links":{"self":[{"href":"https:\/\/nfc-readers.com\/fr\/wp-json\/wp\/v2\/product\/1564","targetHints":{"allow":["GET"]}}],"collection":[{"href":"https:\/\/nfc-readers.com\/fr\/wp-json\/wp\/v2\/product"}],"about":[{"href":"https:\/\/nfc-readers.com\/fr\/wp-json\/wp\/v2\/types\/product"}],"wp:featuredmedia":[{"embeddable":true,"href":"https:\/\/nfc-readers.com\/fr\/wp-json\/wp\/v2\/media\/1565"}],"wp:attachment":[{"href":"https:\/\/nfc-readers.com\/fr\/wp-json\/wp\/v2\/media?parent=1564"}],"wp:term":[{"taxonomy":"product_brand","embeddable":true,"href":"https:\/\/nfc-readers.com\/fr\/wp-json\/wp\/v2\/product_brand?post=1564"},{"taxonomy":"product_cat","embeddable":true,"href":"https:\/\/nfc-readers.com\/fr\/wp-json\/wp\/v2\/product_cat?post=1564"},{"taxonomy":"product_tag","embeddable":true,"href":"https:\/\/nfc-readers.com\/fr\/wp-json\/wp\/v2\/product_tag?post=1564"}],"curies":[{"name":"wp","href":"https:\/\/api.w.org\/{rel}","templated":true}]}}