{"id":1566,"date":"2024-04-07T06:26:05","date_gmt":"2024-04-07T06:26:05","guid":{"rendered":"https:\/\/nfc-readers.com\/?post_type=product&#038;p=1566"},"modified":"2024-10-16T06:20:36","modified_gmt":"2024-10-16T06:20:36","slug":"acm1281s-c7-serial-contactless-reader-module-with-sam-slot","status":"publish","type":"product","link":"https:\/\/nfc-readers.com\/fr\/ic-reader\/acm1281s-c7-serial-contactless-reader-module-with-sam-slot\/","title":{"rendered":"Module de lecteur s\u00e9rie sans contact ACM1281S-C7 avec emplacement SAM"},"content":{"rendered":"<h1>Module de lecteur s\u00e9rie sans contact ACM1281S-C7 avec emplacement SAM<\/h1>\n<p>L&#039;ACM1281S-C7 repr\u00e9sente un lecteur de carte \u00e0 puce s\u00e9rie sans contact avanc\u00e9 dot\u00e9 d&#039;attributs portables et rapides, adapt\u00e9 \u00e0 une vaste gamme d&#039;applications exigeant des interactions rapides, fiables et s\u00e9curis\u00e9es. Sa capacit\u00e9 \u00e0 prendre en charge des APDU \u00e9tendus, associ\u00e9e \u00e0 sa facilit\u00e9 d&#039;utilisation, fait de ce lecteur une solution robuste pour les environnements mobiles et fixes.<\/p>\n<ul>\n<li>\n<h2>Interface s\u00e9rie RS232<\/h2>\n<\/li>\n<li>\n<h2>Interface USB pour l&#039;alimentation<\/h2>\n<\/li>\n<li>\n<h2>Format de trame de type CCID (format binaire)<\/h2>\n<\/li>\n<li>\n<h2>Possibilit\u00e9 de mise \u00e0 niveau du micrologiciel USB<\/h2>\n<\/li>\n<li>\n<h2>Lecteur de carte \u00e0 puce\u00a0:<\/h2>\n<ul>\n<li>\n<h3>Interface sans contact\u00a0:<\/h3>\n<ul>\n<li>\n<h4>Vitesse de lecture\/\u00e9criture jusqu&#039;\u00e0 848 kbps<\/h4>\n<\/li>\n<li>\n<h4>Antenne int\u00e9gr\u00e9e pour un acc\u00e8s au tag sans contact, avec une distance de lecture de la carte jusqu&#039;\u00e0 50 mm (selon le type de tag)<\/h4>\n<\/li>\n<li>\n<h4>Prend en charge les cartes ISO 14443 partie 4 de type A et B et la s\u00e9rie MIFARE\u00ae Classic<\/h4>\n<\/li>\n<li>\n<h4>Fonction anti-collision int\u00e9gr\u00e9e (une seule balise est accessible \u00e0 tout moment)<\/h4>\n<\/li>\n<li>\n<h4>Prend en charge l&#039;APDU \u00e9tendu (max. 64 Ko)<\/h4>\n<\/li>\n<\/ul>\n<\/li>\n<li>\n<h3>Interface SAM\u00a0:<\/h3>\n<ul>\n<li>\n<h4>Emplacement SAM conforme \u00e0 la norme ISO 7816, classe A (5\u00a0V)<\/h4>\n<\/li>\n<\/ul>\n<\/li>\n<\/ul>\n<\/li>\n<li>\n<h2>P\u00e9riph\u00e9riques\u00a0:<\/h2>\n<ul>\n<li>\n<h3>LED bicolore contr\u00f4lable par l&#039;utilisateur<\/h3>\n<\/li>\n<li>\n<h3>Buzzer contr\u00f4lable par l&#039;utilisateur<\/h3>\n<\/li>\n<li>\n<div>\n<table width=\"551\">\n<tbody>\n<tr>\n<td colspan=\"2\" width=\"551\">Caract\u00e9ristiques physiques<\/td>\n<\/tr>\n<tr>\n<td width=\"226\">Dimensions (mm)<\/td>\n<td width=\"325\">106,6 mm (L) x 67,0 g (L) x 16,0 g (H)<\/td>\n<\/tr>\n<tr>\n<td width=\"226\">Poids (g)<\/td>\n<td width=\"325\">20,8g<\/td>\n<\/tr>\n<tr>\n<td colspan=\"2\" width=\"551\">Interface s\u00e9rie<\/td>\n<\/tr>\n<tr>\n<td width=\"226\">Protocole<\/td>\n<td width=\"325\">RS-232<\/td>\n<\/tr>\n<tr>\n<td width=\"226\">Type de connecteur<\/td>\n<td width=\"325\">Connecteur DB-9<\/td>\n<\/tr>\n<tr>\n<td width=\"226\">Source d&#039;\u00e9nergie<\/td>\n<td width=\"325\">Par c\u00e2ble USB<\/td>\n<\/tr>\n<tr>\n<td width=\"226\">Longueur de c\u00e2ble<\/td>\n<td width=\"325\">1,5 m, d\u00e9tachable (en option)<\/td>\n<\/tr>\n<tr>\n<td colspan=\"2\" width=\"551\">Interface de carte \u00e0 puce sans contact<\/td>\n<\/tr>\n<tr>\n<td width=\"226\">Standard<\/td>\n<td width=\"325\">ISO 14443 A et B parties 1 \u00e0 4<\/td>\n<\/tr>\n<tr>\n<td rowspan=\"2\" width=\"226\">Protocole<\/td>\n<td width=\"325\">Cartes conformes ISO14443-4, T=CL<\/td>\n<\/tr>\n<tr>\n<td width=\"325\">Protocole de carte classique MIFARE\u00ae, T=CL<\/td>\n<\/tr>\n<tr>\n<td width=\"226\">Antenne<\/td>\n<td width=\"325\">65mmx60mm<\/td>\n<\/tr>\n<tr>\n<td colspan=\"2\" width=\"551\">Interface de la carte SAM<\/td>\n<\/tr>\n<tr>\n<td width=\"226\">Nombre d&#039;emplacements<\/td>\n<td width=\"325\">1<\/td>\n<\/tr>\n<tr>\n<td width=\"226\">Standard<\/td>\n<td width=\"325\">ISO 7816 parties 1-3, classe A (5 V)<\/td>\n<\/tr>\n<tr>\n<td width=\"226\">Protocole<\/td>\n<td width=\"325\">T=0\u00a0; T=1<\/td>\n<\/tr>\n<tr>\n<td colspan=\"2\" width=\"551\">P\u00e9riph\u00e9riques int\u00e9gr\u00e9s<\/td>\n<\/tr>\n<tr>\n<td width=\"226\">DIRIG\u00c9<\/td>\n<td width=\"325\">2 couleurs uniques\u00a0: rouge et vert<\/td>\n<\/tr>\n<tr>\n<td width=\"226\">Avertisseur sonore<\/td>\n<td width=\"325\">Monotone<\/td>\n<\/tr>\n<tr>\n<td colspan=\"2\" width=\"551\">Autres caract\u00e9ristiques<\/td>\n<\/tr>\n<tr>\n<td width=\"226\">Mise \u00e0 jour du firmware<\/td>\n<td width=\"325\">Prise en charge<\/td>\n<\/tr>\n<tr>\n<td colspan=\"2\" width=\"551\">Certifications\/Conformit\u00e9<\/td>\n<\/tr>\n<tr>\n<td rowspan=\"6\" width=\"226\">Certifications\/Conformit\u00e9<\/td>\n<td width=\"325\">ISO 7816 (emplacement SAM)<\/td>\n<\/tr>\n<tr>\n<td width=\"325\">OIN 14443<\/td>\n<\/tr>\n<tr>\n<td width=\"325\">CE<\/td>\n<\/tr>\n<tr>\n<td width=\"325\">FCC<\/td>\n<\/tr>\n<tr>\n<td width=\"325\">RoHS<\/td>\n<\/tr>\n<tr>\n<td width=\"325\">ATTEINDRE<\/td>\n<\/tr>\n<tr>\n<td colspan=\"2\" width=\"551\">Prise en charge du syst\u00e8me d&#039;exploitation du pilote de p\u00e9riph\u00e9rique<\/td>\n<\/tr>\n<tr>\n<td rowspan=\"2\" width=\"226\">Prise en charge du syst\u00e8me d&#039;exploitation du pilote de p\u00e9riph\u00e9rique<\/td>\n<td width=\"325\">Windows\u00ae<\/td>\n<\/tr>\n<tr>\n<td width=\"325\">Linux\u00ae<\/td>\n<\/tr>\n<\/tbody>\n<\/table>\n<\/div>\n<\/li>\n<\/ul>\n<\/li>\n<\/ul>","protected":false},"excerpt":{"rendered":"<p>L&#039;ACM1281S-C7 est un lecteur sans contact s\u00e9rie compact avec un module SAM, offrant des performances \u00e0 grande vitesse et une int\u00e9gration facile pour diverses applications embarqu\u00e9es.<\/p>","protected":false},"featured_media":1567,"template":"","meta":[],"product_brand":[],"product_cat":[45,41],"product_tag":[],"class_list":{"0":"post-1566","1":"product","2":"type-product","3":"status-publish","4":"has-post-thumbnail","6":"product_cat-contactless-nfc-reader","7":"product_cat-module-ic-reader","9":"first","10":"instock","11":"shipping-taxable","12":"product-type-simple"},"_links":{"self":[{"href":"https:\/\/nfc-readers.com\/fr\/wp-json\/wp\/v2\/product\/1566","targetHints":{"allow":["GET"]}}],"collection":[{"href":"https:\/\/nfc-readers.com\/fr\/wp-json\/wp\/v2\/product"}],"about":[{"href":"https:\/\/nfc-readers.com\/fr\/wp-json\/wp\/v2\/types\/product"}],"wp:featuredmedia":[{"embeddable":true,"href":"https:\/\/nfc-readers.com\/fr\/wp-json\/wp\/v2\/media\/1567"}],"wp:attachment":[{"href":"https:\/\/nfc-readers.com\/fr\/wp-json\/wp\/v2\/media?parent=1566"}],"wp:term":[{"taxonomy":"product_brand","embeddable":true,"href":"https:\/\/nfc-readers.com\/fr\/wp-json\/wp\/v2\/product_brand?post=1566"},{"taxonomy":"product_cat","embeddable":true,"href":"https:\/\/nfc-readers.com\/fr\/wp-json\/wp\/v2\/product_cat?post=1566"},{"taxonomy":"product_tag","embeddable":true,"href":"https:\/\/nfc-readers.com\/fr\/wp-json\/wp\/v2\/product_tag?post=1566"}],"curies":[{"name":"wp","href":"https:\/\/api.w.org\/{rel}","templated":true}]}}