{"id":1568,"date":"2024-04-07T06:30:24","date_gmt":"2024-04-07T06:30:24","guid":{"rendered":"https:\/\/nfc-readers.com\/?post_type=product&#038;p=1568"},"modified":"2024-10-16T06:16:19","modified_gmt":"2024-10-16T06:16:19","slug":"acm1252u-y3-usb-nfc-reader-module-with-detachable-antenna-board","status":"publish","type":"product","link":"https:\/\/nfc-readers.com\/fr\/ic-reader\/acm1252u-y3-usb-nfc-reader-module-with-detachable-antenna-board\/","title":{"rendered":"Module de lecteur USB NFC ACM1252U-Y3 avec carte d&#039;antenne amovible"},"content":{"rendered":"<h1>Module de lecteur USB NFC ACM1252U-Y3 avec carte d&#039;antenne amovible<\/h1>\n<p>L&#039;ACM1252U-Y3 est un module de lecteur USB de carte \u00e0 puce NFC de pointe, id\u00e9al pour les applications diversifi\u00e9es n\u00e9cessitant la technologie NFC int\u00e9gr\u00e9e. Avec ses capacit\u00e9s de port\u00e9e \u00e9tendue, son transfert de donn\u00e9es \u00e0 haut d\u00e9bit et ses fonctionnalit\u00e9s suppl\u00e9mentaires favorisant l&#039;adaptabilit\u00e9 et la convivialit\u00e9, ce module constitue un choix privil\u00e9gi\u00e9 pour permettre les transactions NFC dans les applications syst\u00e8me int\u00e9gr\u00e9es.<\/p>\n<ul>\n<li>\n<h2>Interface USB 2.0 pleine vitesse<\/h2>\n<\/li>\n<li>\n<h2>Conformit\u00e9 CCID<\/h2>\n<\/li>\n<li>\n<h2>Possibilit\u00e9 de mise \u00e0 niveau du micrologiciel USB<\/h2>\n<\/li>\n<li>\n<h2>Lecteur de carte \u00e0 puce\u00a0:<\/h2>\n<ul>\n<li>\n<h3>Interface sans contact\u00a0:<\/h3>\n<ul>\n<li>\n<h4>Vitesse de lecture\/\u00e9criture jusqu&#039;\u00e0 424 kbps<\/h4>\n<\/li>\n<li>\n<h4>Antenne int\u00e9gr\u00e9e pour un acc\u00e8s au tag sans contact, avec une distance de lecture de la carte jusqu&#039;\u00e0 50 mm (selon le type de tag)<\/h4>\n<\/li>\n<li>\n<h4>Prend en charge les cartes ISO 14443 Type A et B, MIFARE\u00ae et FeliCa, ainsi que les 4 types de balises NFC (ISO\/IEC 18092)<\/h4>\n<\/li>\n<li>\n<h4>Prend en charge l&#039;UID MIFARE\u00ae 7 octets, MIFARE\u00ae Plus et MIFARE\u00ae DESfire<\/h4>\n<\/li>\n<li>\n<h4>Fonction anti-collision int\u00e9gr\u00e9e (une seule balise est accessible \u00e0 tout moment)<\/h4>\n<\/li>\n<li>\n<h4>Prise en charge NFC\u00a0:<\/h4>\n<ul>\n<li>Mode lecteur\/enregistreur NFC<\/li>\n<li>Mode peer-to-peer<\/li>\n<li>Mode d&#039;\u00e9mulation de carte<\/li>\n<\/ul>\n<\/li>\n<\/ul>\n<\/li>\n<\/ul>\n<\/li>\n<li>\n<h2>Interface de programmation d&#039;applications:<\/h2>\n<ul>\n<li>\n<h3>Prend en charge PC\/SC<\/h3>\n<\/li>\n<li>\n<h3>Prend en charge CT-API (via le wrapper au-dessus du PC\/SC)<\/h3>\n<\/li>\n<\/ul>\n<\/li>\n<li>\n<h2>P\u00e9riph\u00e9riques\u00a0:<\/h2>\n<ul>\n<li>\n<h3>LED bicolore contr\u00f4lable par l&#039;utilisateur<\/h3>\n<\/li>\n<li>\n<h3>Buzzer contr\u00f4lable par l&#039;utilisateur<\/h3>\n<\/li>\n<li>\n<div>\n<table width=\"495\">\n<tbody>\n<tr>\n<td colspan=\"2\" width=\"495\">Caract\u00e9ristiques physiques<\/td>\n<\/tr>\n<tr>\n<td rowspan=\"2\" width=\"187\">Dimensions (mm)<\/td>\n<td width=\"308\">Carte principale\u00a0: 55,0\u00a0mm (L) x 45,0\u00a0mm (L) x 5,1\u00a0mm (H)<\/td>\n<\/tr>\n<tr>\n<td width=\"308\">Carte d&#039;antenne\u00a0: 91,0\u00a0mm (L) x 49,5\u00a0mm (L) x 5,1\u00a0mm (H)<\/td>\n<\/tr>\n<tr>\n<td width=\"187\">Poids (g)<\/td>\n<td width=\"308\">26,6 g<\/td>\n<\/tr>\n<tr>\n<td colspan=\"2\" width=\"495\">Interface USB<\/td>\n<\/tr>\n<tr>\n<td width=\"187\">Protocole<\/td>\n<td width=\"308\">CCID USB<\/td>\n<\/tr>\n<tr>\n<td width=\"187\">Type de connecteur<\/td>\n<td width=\"308\">Type standard A<\/td>\n<\/tr>\n<tr>\n<td width=\"187\">Source d&#039;\u00e9nergie<\/td>\n<td width=\"308\">Depuis le port USB<\/td>\n<\/tr>\n<tr>\n<td width=\"187\">Vitesse<\/td>\n<td width=\"308\">USB pleine vitesse (12 Mbit\/s)<\/td>\n<\/tr>\n<tr>\n<td width=\"187\">Longueur de c\u00e2ble<\/td>\n<td width=\"308\">1,0 m, d\u00e9tachable (en option)<\/td>\n<\/tr>\n<tr>\n<td colspan=\"2\" width=\"495\">Interface de carte \u00e0 puce sans contact<\/td>\n<\/tr>\n<tr>\n<td width=\"187\">Standard<\/td>\n<td width=\"308\">ISO\/IEC 18092 NFC, ISO 14443 types A et B, MIFARE\u00ae, FeliCa<\/td>\n<\/tr>\n<tr>\n<td rowspan=\"4\" width=\"187\">Protocole<\/td>\n<td width=\"308\">Carte conforme ISO 14443-4, T=CL<\/td>\n<\/tr>\n<tr>\n<td width=\"308\">Carte MIFARE\u00ae Classique, T=CL<\/td>\n<\/tr>\n<tr>\n<td width=\"308\">ISO18092, \u00e9tiquettes NFC<\/td>\n<\/tr>\n<tr>\n<td width=\"308\">F\u00e9lica<\/td>\n<\/tr>\n<tr>\n<td width=\"187\">Antenne<\/td>\n<td width=\"308\">77 mm x 49,5 mm<\/td>\n<\/tr>\n<tr>\n<td colspan=\"2\" width=\"495\">Interface de la carte SAM<\/td>\n<\/tr>\n<tr>\n<td width=\"187\">Nombre d&#039;emplacements<\/td>\n<td width=\"308\">1 (Facultatif)<\/td>\n<\/tr>\n<tr>\n<td colspan=\"2\" width=\"495\">P\u00e9riph\u00e9riques int\u00e9gr\u00e9s<\/td>\n<\/tr>\n<tr>\n<td width=\"187\">DIRIG\u00c9<\/td>\n<td width=\"308\">1 bicolore : Rouge et Vert<\/td>\n<\/tr>\n<tr>\n<td width=\"187\">Avertisseur sonore<\/td>\n<td width=\"308\">Monotone<\/td>\n<\/tr>\n<tr>\n<td colspan=\"2\" width=\"495\">Autres caract\u00e9ristiques<\/td>\n<\/tr>\n<tr>\n<td width=\"187\">Mise \u00e0 jour du firmware<\/td>\n<td width=\"308\">Prise en charge<\/td>\n<\/tr>\n<tr>\n<td colspan=\"2\" width=\"495\">Certifications\/Conformit\u00e9<\/td>\n<\/tr>\n<tr>\n<td rowspan=\"13\" width=\"187\">Certifications\/Conformit\u00e9<\/td>\n<td width=\"308\">EN 60950\/CEI 60950<\/td>\n<\/tr>\n<tr>\n<td width=\"308\">ISO 7816 (emplacement SAM)<\/td>\n<\/tr>\n<tr>\n<td width=\"308\">OIN 14443<\/td>\n<\/tr>\n<tr>\n<td width=\"308\">OIN 18092<\/td>\n<\/tr>\n<tr>\n<td width=\"308\">USB pleine vitesse<\/td>\n<\/tr>\n<tr>\n<td width=\"308\">PC\/SC<\/td>\n<\/tr>\n<tr>\n<td width=\"308\">CCID<\/td>\n<\/tr>\n<tr>\n<td width=\"308\">VCCI (Japon)<\/td>\n<\/tr>\n<tr>\n<td width=\"308\">CE<\/td>\n<\/tr>\n<tr>\n<td width=\"308\">FCC<\/td>\n<\/tr>\n<tr>\n<td width=\"308\">RoHS<\/td>\n<\/tr>\n<tr>\n<td width=\"308\">ATTEINDRE<\/td>\n<\/tr>\n<tr>\n<td width=\"308\">Microsoft\u00ae WHQL<\/td>\n<\/tr>\n<tr>\n<td colspan=\"2\" width=\"495\">Prise en charge du syst\u00e8me d&#039;exploitation du pilote de p\u00e9riph\u00e9rique<\/td>\n<\/tr>\n<tr>\n<td rowspan=\"5\" width=\"187\">Prise en charge du syst\u00e8me d&#039;exploitation du pilote de p\u00e9riph\u00e9rique<\/td>\n<td width=\"308\">Windows\u00ae<\/td>\n<\/tr>\n<tr>\n<td width=\"308\">Linux\u00ae<\/td>\n<\/tr>\n<tr>\n<td width=\"308\">MAC OS\u00ae<\/td>\n<\/tr>\n<tr>\n<td width=\"308\">Solaris<\/td>\n<\/tr>\n<tr>\n<td width=\"308\">Android\u2122<\/td>\n<\/tr>\n<\/tbody>\n<\/table>\n<\/div>\n<\/li>\n<\/ul>\n<\/li>\n<\/ul>","protected":false},"excerpt":{"rendered":"<p>L&#039;ACM1252U-Y3 est un module USB NFC polyvalent utilisant la technologie 13,56M, prenant en charge l&#039;\u00e9change de donn\u00e9es \u00e0 haut d\u00e9bit et id\u00e9al pour diverses applications embarqu\u00e9es.<\/p>","protected":false},"featured_media":1570,"template":"","meta":[],"product_brand":[],"product_cat":[45,41,40],"product_tag":[],"class_list":{"0":"post-1568","1":"product","2":"type-product","3":"status-publish","4":"has-post-thumbnail","6":"product_cat-contactless-nfc-reader","7":"product_cat-module-ic-reader","8":"product_cat-rfid-nfc-reader","10":"first","11":"instock","12":"shipping-taxable","13":"product-type-simple"},"_links":{"self":[{"href":"https:\/\/nfc-readers.com\/fr\/wp-json\/wp\/v2\/product\/1568","targetHints":{"allow":["GET"]}}],"collection":[{"href":"https:\/\/nfc-readers.com\/fr\/wp-json\/wp\/v2\/product"}],"about":[{"href":"https:\/\/nfc-readers.com\/fr\/wp-json\/wp\/v2\/types\/product"}],"wp:featuredmedia":[{"embeddable":true,"href":"https:\/\/nfc-readers.com\/fr\/wp-json\/wp\/v2\/media\/1570"}],"wp:attachment":[{"href":"https:\/\/nfc-readers.com\/fr\/wp-json\/wp\/v2\/media?parent=1568"}],"wp:term":[{"taxonomy":"product_brand","embeddable":true,"href":"https:\/\/nfc-readers.com\/fr\/wp-json\/wp\/v2\/product_brand?post=1568"},{"taxonomy":"product_cat","embeddable":true,"href":"https:\/\/nfc-readers.com\/fr\/wp-json\/wp\/v2\/product_cat?post=1568"},{"taxonomy":"product_tag","embeddable":true,"href":"https:\/\/nfc-readers.com\/fr\/wp-json\/wp\/v2\/product_tag?post=1568"}],"curies":[{"name":"wp","href":"https:\/\/api.w.org\/{rel}","templated":true}]}}