{"id":1572,"date":"2024-04-07T06:32:56","date_gmt":"2024-04-07T06:32:56","guid":{"rendered":"https:\/\/nfc-readers.com\/?post_type=product&#038;p=1572"},"modified":"2024-10-16T06:13:06","modified_gmt":"2024-10-16T06:13:06","slug":"acm1252u-z2-small-nfc-reader-module","status":"publish","type":"product","link":"https:\/\/nfc-readers.com\/fr\/ic-reader\/acm1252u-z2-small-nfc-reader-module\/","title":{"rendered":"Petit module de lecteur NFC ACM1252U-Z2"},"content":{"rendered":"<h1>Petit module de lecteur NFC ACM1252U-Z2<\/h1>\n<p>l&#039;ACM1252U-Z2 est un module de lecteur NFC polyvalent et robuste con\u00e7u pour l&#039;int\u00e9gration de syst\u00e8mes embarqu\u00e9s, pr\u00e9sentant un m\u00e9lange pr\u00e9cieux de prise en charge de protocoles \u00e9tendues et de fonctionnalit\u00e9s efficaces. Sa fonction anti-collision ajoute de l&#039;utilit\u00e9 dans les sc\u00e9narios multi-cartes, renfor\u00e7ant ainsi son r\u00f4le de solution rentable dans le paysage de la technologie NFC.<\/p>\n<ul>\n<li>\n<h2>Interface USB 2.0 pleine vitesse<\/h2>\n<\/li>\n<li>\n<h2>Conformit\u00e9 CCID<\/h2>\n<\/li>\n<li>\n<h2>Prise en charge des cartes sans contact\u00a0:<\/h2>\n<ul>\n<li>\n<h3>Vitesse de lecture\/\u00e9criture jusqu&#039;\u00e0 424 kbps<\/h3>\n<\/li>\n<li>\n<h3>Antenne int\u00e9gr\u00e9e pour un acc\u00e8s au tag sans contact, avec une distance de lecture de la carte jusqu&#039;\u00e0 30 mm (selon le type de tag)<\/h3>\n<\/li>\n<li>\n<h3>Prend en charge les cartes ISO 14443 partie 4 de type A et B, MIFARE\u00ae, FeliCa et les quatre types de NFC (balises ISO 18092)<\/h3>\n<\/li>\n<li>\n<h3>Fonction anti-collision int\u00e9gr\u00e9e (une seule balise est accessible \u00e0 tout moment)<\/h3>\n<\/li>\n<\/ul>\n<\/li>\n<li>\n<h2>Interface de programmation d&#039;applications<\/h2>\n<ul>\n<li>\n<h3>Prend en charge PC\/SC<\/h3>\n<\/li>\n<\/ul>\n<\/li>\n<li>\n<h2>Mise \u00e0 niveau du micrologiciel USB<\/h2>\n<\/li>\n<li>\n<div>\n<table width=\"574\">\n<tbody>\n<tr>\n<td colspan=\"2\" width=\"574\">Caract\u00e9ristiques physiques<\/td>\n<\/tr>\n<tr>\n<td width=\"204\">Dimensions (mm)<\/td>\n<td width=\"370\">52,0 mm (L) x 20,0 mm (L) x 6,0 mm (H)<\/td>\n<\/tr>\n<tr>\n<td width=\"204\">Poids (g)<\/td>\n<td width=\"370\">3,65g<\/td>\n<\/tr>\n<tr>\n<td colspan=\"2\" width=\"574\">Interface USB<\/td>\n<\/tr>\n<tr>\n<td width=\"204\">Protocole<\/td>\n<td width=\"370\">CCID USB<\/td>\n<\/tr>\n<tr>\n<td width=\"204\">Type de connecteur<\/td>\n<td width=\"370\">Micro USB<\/td>\n<\/tr>\n<tr>\n<td width=\"204\">Source d&#039;\u00e9nergie<\/td>\n<td width=\"370\">Depuis le port USB<\/td>\n<\/tr>\n<tr>\n<td width=\"204\">Vitesse<\/td>\n<td width=\"370\">USB pleine vitesse (12 Mbit\/s)<\/td>\n<\/tr>\n<tr>\n<td width=\"204\">Longueur de c\u00e2ble<\/td>\n<td width=\"370\">1,0 m, d\u00e9tachable (en option)<\/td>\n<\/tr>\n<tr>\n<td colspan=\"2\" width=\"574\">Interface de carte \u00e0 puce sans contact<\/td>\n<\/tr>\n<tr>\n<td width=\"204\">Standard<\/td>\n<td width=\"370\">ISO\/IEC 18092 NFC, ISO 14443 types A et B, MIFARE\u00ae, FeliCa<\/td>\n<\/tr>\n<tr>\n<td rowspan=\"4\" width=\"204\">Protocole<\/td>\n<td width=\"370\">Cartes conformes ISO14443-4, T=CL<\/td>\n<\/tr>\n<tr>\n<td width=\"370\">Protocole de carte classique MIFARE\u00ae, T=CL<\/td>\n<\/tr>\n<tr>\n<td width=\"370\">ISO 18092, balises NFC<\/td>\n<\/tr>\n<tr>\n<td width=\"370\">F\u00e9lica<\/td>\n<\/tr>\n<tr>\n<td width=\"204\">Antenne<\/td>\n<td width=\"370\">20mmx22mm<\/td>\n<\/tr>\n<tr>\n<td colspan=\"2\" width=\"574\">P\u00e9riph\u00e9riques int\u00e9gr\u00e9s<\/td>\n<\/tr>\n<tr>\n<td width=\"204\">DIRIG\u00c9<\/td>\n<td width=\"370\">1 bicolore : Rouge et Vert<\/td>\n<\/tr>\n<tr>\n<td colspan=\"2\" width=\"574\">Autres caract\u00e9ristiques<\/td>\n<\/tr>\n<tr>\n<td width=\"204\">Mise \u00e0 jour du firmware<\/td>\n<td width=\"370\">Prise en charge<\/td>\n<\/tr>\n<tr>\n<td colspan=\"2\" width=\"574\">Certifications\/Conformit\u00e9<\/td>\n<\/tr>\n<tr>\n<td rowspan=\"10\" width=\"204\">Certifications\/Conformit\u00e9<\/td>\n<td width=\"370\">OIN 14443<\/td>\n<\/tr>\n<tr>\n<td width=\"370\">OIN 18092<\/td>\n<\/tr>\n<tr>\n<td width=\"370\">USB pleine vitesse<\/td>\n<\/tr>\n<tr>\n<td width=\"370\">PC\/SC<\/td>\n<\/tr>\n<tr>\n<td width=\"370\">CCID<\/td>\n<\/tr>\n<tr>\n<td width=\"370\">CE<\/td>\n<\/tr>\n<tr>\n<td width=\"370\">FCC<\/td>\n<\/tr>\n<tr>\n<td width=\"370\">RoHS<\/td>\n<\/tr>\n<tr>\n<td width=\"370\">ATTEINDRE<\/td>\n<\/tr>\n<tr>\n<td width=\"370\">Microsoft\u00ae WHQL<\/td>\n<\/tr>\n<tr>\n<td colspan=\"2\" width=\"574\">Prise en charge du syst\u00e8me d&#039;exploitation du pilote de p\u00e9riph\u00e9rique<\/td>\n<\/tr>\n<tr>\n<td rowspan=\"5\" width=\"204\">Prise en charge du syst\u00e8me d&#039;exploitation du pilote de p\u00e9riph\u00e9rique<\/td>\n<td width=\"370\">Windows\u00ae<\/td>\n<\/tr>\n<tr>\n<td width=\"370\">Linux\u00ae<\/td>\n<\/tr>\n<tr>\n<td width=\"370\">MAC OS\u00ae<\/td>\n<\/tr>\n<tr>\n<td width=\"370\">Solaris<\/td>\n<\/tr>\n<tr>\n<td width=\"370\">Android\u2122<\/td>\n<\/tr>\n<\/tbody>\n<\/table>\n<\/div>\n<\/li>\n<\/ul>","protected":false},"excerpt":{"rendered":"<p>L&#039;ACM1252U-Z2 est un module USB NFC hautes performances fonctionnant \u00e0 13,56 M, prenant en charge les normes ISO 14443 et 18092, ce qui le rend id\u00e9al pour les applications NFC int\u00e9gr\u00e9es.<\/p>","protected":false},"featured_media":1573,"template":"","meta":[],"product_brand":[],"product_cat":[45,41,40],"product_tag":[],"class_list":{"0":"post-1572","1":"product","2":"type-product","3":"status-publish","4":"has-post-thumbnail","6":"product_cat-contactless-nfc-reader","7":"product_cat-module-ic-reader","8":"product_cat-rfid-nfc-reader","10":"first","11":"instock","12":"shipping-taxable","13":"product-type-simple"},"_links":{"self":[{"href":"https:\/\/nfc-readers.com\/fr\/wp-json\/wp\/v2\/product\/1572","targetHints":{"allow":["GET"]}}],"collection":[{"href":"https:\/\/nfc-readers.com\/fr\/wp-json\/wp\/v2\/product"}],"about":[{"href":"https:\/\/nfc-readers.com\/fr\/wp-json\/wp\/v2\/types\/product"}],"wp:featuredmedia":[{"embeddable":true,"href":"https:\/\/nfc-readers.com\/fr\/wp-json\/wp\/v2\/media\/1573"}],"wp:attachment":[{"href":"https:\/\/nfc-readers.com\/fr\/wp-json\/wp\/v2\/media?parent=1572"}],"wp:term":[{"taxonomy":"product_brand","embeddable":true,"href":"https:\/\/nfc-readers.com\/fr\/wp-json\/wp\/v2\/product_brand?post=1572"},{"taxonomy":"product_cat","embeddable":true,"href":"https:\/\/nfc-readers.com\/fr\/wp-json\/wp\/v2\/product_cat?post=1572"},{"taxonomy":"product_tag","embeddable":true,"href":"https:\/\/nfc-readers.com\/fr\/wp-json\/wp\/v2\/product_tag?post=1572"}],"curies":[{"name":"wp","href":"https:\/\/api.w.org\/{rel}","templated":true}]}}