{"id":1579,"date":"2024-04-07T06:47:40","date_gmt":"2024-04-07T06:47:40","guid":{"rendered":"https:\/\/nfc-readers.com\/?post_type=product&#038;p=1579"},"modified":"2024-10-16T03:17:58","modified_gmt":"2024-10-16T03:17:58","slug":"acm1252u-z6-small-nfc-reader-module","status":"publish","type":"product","link":"https:\/\/nfc-readers.com\/fr\/ic-reader\/acm1252u-z6-small-nfc-reader-module\/","title":{"rendered":"Petit module de lecteur NFC ACM1252U-Z6"},"content":{"rendered":"<h1>Petit module de lecteur NFC ACM1252U-Z6<\/h1>\n<p>Le module ACM1252U-Z6 incarne la technologie de lecture de cartes NFC compacte et efficace, adapt\u00e9e \u00e0 une int\u00e9gration transparente dans les syst\u00e8mes embarqu\u00e9s, tout en fournissant une solution sophistiqu\u00e9e pour les besoins de communication sans contact. Il assure la compatibilit\u00e9 avec une large gamme d&#039;appareils compatibles NFC, combin\u00e9e \u00e0 la praticit\u00e9 et \u00e0 la flexibilit\u00e9 exig\u00e9es par les applications sensibles \u00e0 l&#039;espace.<\/p>\n<ul>\n<li>\n<h2><span class=\"s1\">Interface USB pleine vitesse via connecteur FFC \u00e0 6 broches<\/span><\/h2>\n<\/li>\n<li>\n<h2><span class=\"s1\">Conformit\u00e9 CCID<\/span><\/h2>\n<\/li>\n<li>\n<h2><span class=\"s1\">Possibilit\u00e9 de mise \u00e0 niveau du micrologiciel USB<\/span><\/h2>\n<\/li>\n<li>\n<h2><span class=\"s1\">Lecteur de carte \u00e0 puce\u00a0:<\/span><\/h2>\n<ul>\n<li>\n<h3>Interface sans contact\u00a0:<\/h3>\n<ul>\n<li>\n<h4>Vitesse de lecture\/\u00e9criture jusqu&#039;\u00e0 424 kbps<\/h4>\n<\/li>\n<li>\n<h4>Antenne int\u00e9gr\u00e9e pour un acc\u00e8s aux tags sans contact, avec une distance de lecture de la carte allant jusqu&#039;\u00e0 30\u00a0mm (selon le type de tag)<\/h4>\n<\/li>\n<li>\n<h4>Prend en charge les cartes ISO 14443 partie 4 de type A et B, MIFARE\u00ae, FeliCa et les quatre types de NFC (balises ISO 18092)<\/h4>\n<\/li>\n<li>\n<h4>Fonction anti-collision int\u00e9gr\u00e9e (une seule balise est accessible \u00e0 tout moment)<\/h4>\n<\/li>\n<li>\n<h4>Prise en charge NFC\u00a0:<\/h4>\n<ul>\n<li>\n<h5>Mode lecteur\/graveur de cartes<\/h5>\n<\/li>\n<li>\n<h5>Mode peer-to-peer<\/h5>\n<\/li>\n<li>\n<h5>Mode d&#039;\u00e9mulation de carte<\/h5>\n<\/li>\n<\/ul>\n<\/li>\n<\/ul>\n<\/li>\n<\/ul>\n<\/li>\n<li>\n<h2>P\u00e9riph\u00e9riques int\u00e9gr\u00e9s\u00a0:<\/h2>\n<ul>\n<li>\n<h3><span class=\"s1\">LED bicolore contr\u00f4lable par l&#039;utilisateur<\/span><\/h3>\n<\/li>\n<\/ul>\n<\/li>\n<li>\n<h2>Interface de programmation d&#039;applications:<\/h2>\n<ul>\n<li>\n<h3><span class=\"s1\">Prend en charge PC\/SC<\/span><\/h3>\n<\/li>\n<li>\n<h3><span class=\"s1\">Prend en charge CT-API (via le wrapper au-dessus du PC\/SC)<\/span><\/h3>\n<\/li>\n<\/ul>\n<\/li>\n<li>\n<h2>Prend en charge Android\u2122 3.1 et versions ult\u00e9rieures<\/h2>\n<\/li>\n<li>\n<div>\n<table width=\"536\">\n<tbody>\n<tr>\n<td colspan=\"2\" width=\"536\">Caract\u00e9ristiques physiques<\/td>\n<\/tr>\n<tr>\n<td width=\"182\">Dimensions (mm)<\/td>\n<td width=\"354\">52,0 mm (L) x 20,0 mm (L) x 6,0 mm (H)<\/td>\n<\/tr>\n<tr>\n<td width=\"182\">Poids (g)<\/td>\n<td width=\"354\">3,45g<\/td>\n<\/tr>\n<tr>\n<td colspan=\"2\" width=\"536\">Interface USB<\/td>\n<\/tr>\n<tr>\n<td width=\"182\">Protocole<\/td>\n<td width=\"354\">CCID USB<\/td>\n<\/tr>\n<tr>\n<td width=\"182\">Type de connecteur<\/td>\n<td width=\"354\">FFC \u00e0 6 broches<\/td>\n<\/tr>\n<tr>\n<td width=\"182\">Source d&#039;\u00e9nergie<\/td>\n<td width=\"354\">Depuis le connecteur FFC<\/td>\n<\/tr>\n<tr>\n<td width=\"182\">Vitesse<\/td>\n<td width=\"354\">USB pleine vitesse (12 Mbit\/s)<\/td>\n<\/tr>\n<tr>\n<td colspan=\"2\" width=\"536\">Interface de carte \u00e0 puce sans contact<\/td>\n<\/tr>\n<tr>\n<td width=\"182\">Standard<\/td>\n<td width=\"354\">ISO\/IEC 18092 NFC, ISO 14443 types A et B, MIFARE\u00ae, FeliCa<\/td>\n<\/tr>\n<tr>\n<td rowspan=\"4\" width=\"182\">Protocole<\/td>\n<td width=\"354\">Cartes conformes ISO14443-4, T=CL<\/td>\n<\/tr>\n<tr>\n<td width=\"354\">Protocole de carte classique MIFARE\u00ae, T=CL<\/td>\n<\/tr>\n<tr>\n<td width=\"354\">ISO 18092, balises NFC<\/td>\n<\/tr>\n<tr>\n<td width=\"354\">F\u00e9lica<\/td>\n<\/tr>\n<tr>\n<td width=\"182\">Antenne<\/td>\n<td width=\"354\">20mmx22mm<\/td>\n<\/tr>\n<tr>\n<td colspan=\"2\" width=\"536\">P\u00e9riph\u00e9riques int\u00e9gr\u00e9s<\/td>\n<\/tr>\n<tr>\n<td width=\"182\">DIRIG\u00c9<\/td>\n<td width=\"354\">1 bicolore : Rouge et Vert<\/td>\n<\/tr>\n<tr>\n<td colspan=\"2\" width=\"536\">Autres caract\u00e9ristiques<\/td>\n<\/tr>\n<tr>\n<td width=\"182\">Mise \u00e0 jour du firmware<\/td>\n<td width=\"354\">Prise en charge<\/td>\n<\/tr>\n<tr>\n<td colspan=\"2\" width=\"536\">Certifications\/Conformit\u00e9<\/td>\n<\/tr>\n<tr>\n<td rowspan=\"10\" width=\"182\">Certifications\/Conformit\u00e9<\/td>\n<td width=\"354\">OIN 18092<\/td>\n<\/tr>\n<tr>\n<td width=\"354\">OIN 14443<\/td>\n<\/tr>\n<tr>\n<td width=\"354\">USB pleine vitesse<\/td>\n<\/tr>\n<tr>\n<td width=\"354\">PC\/SC<\/td>\n<\/tr>\n<tr>\n<td width=\"354\">CCID<\/td>\n<\/tr>\n<tr>\n<td width=\"354\">CE<\/td>\n<\/tr>\n<tr>\n<td width=\"354\">FCC<\/td>\n<\/tr>\n<tr>\n<td width=\"354\">RoHS<\/td>\n<\/tr>\n<tr>\n<td width=\"354\">ATTEINDRE<\/td>\n<\/tr>\n<tr>\n<td width=\"354\">Microsoft\u00ae WHQL<\/td>\n<\/tr>\n<tr>\n<td colspan=\"2\" width=\"536\">Prise en charge du syst\u00e8me d&#039;exploitation du pilote de p\u00e9riph\u00e9rique<\/td>\n<\/tr>\n<tr>\n<td rowspan=\"5\" width=\"182\">Prise en charge du syst\u00e8me d&#039;exploitation du pilote de p\u00e9riph\u00e9rique<\/td>\n<td width=\"354\">Windows\u00ae<\/td>\n<\/tr>\n<tr>\n<td width=\"354\">Linux\u00ae<\/td>\n<\/tr>\n<tr>\n<td width=\"354\">MAC OS\u00ae<\/td>\n<\/tr>\n<tr>\n<td width=\"354\">Solaris<\/td>\n<\/tr>\n<tr>\n<td width=\"354\">Android\u2122<\/td>\n<\/tr>\n<\/tbody>\n<\/table>\n<\/div>\n<\/li>\n<\/ul>","protected":false},"excerpt":{"rendered":"<p>L&#039;ACM1252U-Z6 est un lecteur USB NFC polyvalent et un module RFID, conforme aux normes CCID et PC\/SC, prenant en charge les normes ISO 14443 et 18092 pour des op\u00e9rations de carte \u00e0 puce efficaces.<\/p>","protected":false},"featured_media":1580,"template":"","meta":[],"product_brand":[],"product_cat":[41,40],"product_tag":[],"class_list":{"0":"post-1579","1":"product","2":"type-product","3":"status-publish","4":"has-post-thumbnail","6":"product_cat-module-ic-reader","7":"product_cat-rfid-nfc-reader","9":"first","10":"instock","11":"shipping-taxable","12":"product-type-simple"},"_links":{"self":[{"href":"https:\/\/nfc-readers.com\/fr\/wp-json\/wp\/v2\/product\/1579","targetHints":{"allow":["GET"]}}],"collection":[{"href":"https:\/\/nfc-readers.com\/fr\/wp-json\/wp\/v2\/product"}],"about":[{"href":"https:\/\/nfc-readers.com\/fr\/wp-json\/wp\/v2\/types\/product"}],"wp:featuredmedia":[{"embeddable":true,"href":"https:\/\/nfc-readers.com\/fr\/wp-json\/wp\/v2\/media\/1580"}],"wp:attachment":[{"href":"https:\/\/nfc-readers.com\/fr\/wp-json\/wp\/v2\/media?parent=1579"}],"wp:term":[{"taxonomy":"product_brand","embeddable":true,"href":"https:\/\/nfc-readers.com\/fr\/wp-json\/wp\/v2\/product_brand?post=1579"},{"taxonomy":"product_cat","embeddable":true,"href":"https:\/\/nfc-readers.com\/fr\/wp-json\/wp\/v2\/product_cat?post=1579"},{"taxonomy":"product_tag","embeddable":true,"href":"https:\/\/nfc-readers.com\/fr\/wp-json\/wp\/v2\/product_tag?post=1579"}],"curies":[{"name":"wp","href":"https:\/\/api.w.org\/{rel}","templated":true}]}}