{"id":1598,"date":"2024-04-07T07:36:03","date_gmt":"2024-04-07T07:36:03","guid":{"rendered":"https:\/\/nfc-readers.com\/?post_type=product&#038;p=1598"},"modified":"2024-10-16T03:12:59","modified_gmt":"2024-10-16T03:12:59","slug":"acr1552u-m1-nfc-rfid-reader-writer","status":"publish","type":"product","link":"https:\/\/nfc-readers.com\/fr\/ic-reader\/acr1552u-m1-nfc-rfid-reader-writer\/","title":{"rendered":"Lecteur\/graveur rfid NFC ACR1552U-M1"},"content":{"rendered":"<h1>Lecteur\/graveur rfid NFC ACR1552U-M1<\/h1>\n<p>Le lecteur NFC USB-C ACR1552U-M1 est un appareil puissant et polyvalent qui prend en charge une multitude de fonctionnalit\u00e9s de cartes \u00e0 puce. Il rassure les utilisateurs avec des fonctionnalit\u00e9s avanc\u00e9es qui mettent l&#039;accent sur la s\u00e9curit\u00e9, l&#039;adaptabilit\u00e9 et la compatibilit\u00e9 compl\u00e8te des cartes \u00e0 puce, ce qui en fait un outil indispensable dans de nombreux secteurs.<\/p>\n<ul>\n<li>\n<h2>Interface USB 2.0 pleine vitesse<\/h2>\n<\/li>\n<li>\n<h2>Conformit\u00e9 CCID<\/h2>\n<\/li>\n<li>\n<h2>Lecteur de carte \u00e0 puce sans contact\u00a0:<\/h2>\n<ul>\n<li>\n<h3>Vitesse de lecture\/\u00e9criture jusqu&#039;\u00e0 848 kbps<\/h3>\n<\/li>\n<li>\n<h3>Antenne int\u00e9gr\u00e9e pour un acc\u00e8s au tag sans contact, avec une distance de lecture de la carte jusqu&#039;\u00e0 70 mm (selon le type de tag)<\/h3>\n<\/li>\n<li>\n<h3>Prend en charge les cartes ISO 14443 de type A et B, les cartes ISO 15693 et ISO18092 NFC<\/h3>\n<\/li>\n<li>\n<h3>Prend en charge MIFARE\u00ae (T=CL), FeliCa, les balises NFC, SRI\/SRIX, CTS, Innovatron, Picopass, Topaz Card<\/h3>\n<\/li>\n<li>\n<h3>Fonction anti-collision int\u00e9gr\u00e9e<\/h3>\n<\/li>\n<li>\n<h3>Prend en charge l&#039;APDU \u00e9tendu (max. 64 Ko)<\/h3>\n<\/li>\n<li>\n<h3>Un emplacement SAM conforme \u00e0 la norme ISO7816 (classe A)<\/h3>\n<\/li>\n<li>\n<h3>Prise en charge NFC<\/h3>\n<ul>\n<li>\n<h4>\u00a0 \u00a0Mode lecteur\/graveur de carte \u00e0 puce<\/h4>\n<\/li>\n<li>\n<h4>\u00a0 \u00a0Mode d&#039;\u00e9mulation de carte<\/h4>\n<\/li>\n<li>\n<h4>\u00a0 \u00a0Mode d&#039;\u00e9mulation du clavier<\/h4>\n<\/li>\n<\/ul>\n<\/li>\n<\/ul>\n<\/li>\n<li>\n<h2>Interface de programmation d&#039;applications:<\/h2>\n<ul>\n<li>\n<h3>Prend en charge PC\/SC<\/h3>\n<\/li>\n<li>\n<h3>Prend en charge CT-API (via le wrapper au-dessus du PC\/SC)<\/h3>\n<\/li>\n<\/ul>\n<\/li>\n<li>\n<h2>P\u00e9riph\u00e9riques\u00a0:<\/h2>\n<ul>\n<li>\n<h3>LED bicolore contr\u00f4lable par l&#039;utilisateur (bleu et vert)<\/h3>\n<\/li>\n<li>\n<h3>Buzzer contr\u00f4lable par l&#039;utilisateur (Monotone)<\/h3>\n<\/li>\n<li>\n<h3>Un emplacement SAM<\/h3>\n<\/li>\n<\/ul>\n<\/li>\n<li>\n<h2>Mise \u00e0 niveau du micrologiciel USB<\/h2>\n<\/li>\n<li>\n<div>\n<table width=\"528\">\n<tbody>\n<tr>\n<td colspan=\"2\" width=\"528\">Caract\u00e9ristiques physiques<\/td>\n<\/tr>\n<tr>\n<td rowspan=\"2\" width=\"215\">Dimensions (mm)<\/td>\n<td width=\"313\">Corps principal : 98 x 65 x 12,8 mm<\/td>\n<\/tr>\n<tr>\n<td width=\"313\">Taille de l&#039;antenne : 50 x 40 mm<\/td>\n<\/tr>\n<tr>\n<td width=\"215\">Poids (g)<\/td>\n<td width=\"313\">89g<\/td>\n<\/tr>\n<tr>\n<td colspan=\"2\" width=\"528\">Interface USB<\/td>\n<\/tr>\n<tr>\n<td width=\"215\">Protocole<\/td>\n<td width=\"313\">CCID USB<\/td>\n<\/tr>\n<tr>\n<td width=\"215\">Type de connecteur<\/td>\n<td width=\"313\">USB Type-A (ACR1552U-M1), USB Type-C (ACR1552U-MF)<\/td>\n<\/tr>\n<tr>\n<td width=\"215\">Source d&#039;\u00e9nergie<\/td>\n<td width=\"313\">Depuis le port USB<\/td>\n<\/tr>\n<tr>\n<td width=\"215\">Vitesse<\/td>\n<td width=\"313\">USB pleine vitesse (12 Mbit\/s)<\/td>\n<\/tr>\n<tr>\n<td width=\"215\">Longueur de c\u00e2ble<\/td>\n<td width=\"313\">1m, non d\u00e9tachable<\/td>\n<\/tr>\n<tr>\n<td colspan=\"2\" width=\"528\">Interface de carte \u00e0 puce sans contact<\/td>\n<\/tr>\n<tr>\n<td width=\"215\">Standard<\/td>\n<td width=\"313\">ISO\/IEC 18092 NFC, ISO 14443 types A et B, ISO 15693, MIFARE\u00ae, FeliCa<\/td>\n<\/tr>\n<tr>\n<td rowspan=\"5\" width=\"215\">Protocole<\/td>\n<td width=\"313\">Carte conforme ISO 14443-4, T=CL<\/td>\n<\/tr>\n<tr>\n<td width=\"313\">Carte MIFARE\u00ae Classique, T=CL<\/td>\n<\/tr>\n<tr>\n<td width=\"313\">OIN 15693<\/td>\n<\/tr>\n<tr>\n<td width=\"313\">Balises NFC ISO 18092<\/td>\n<\/tr>\n<tr>\n<td width=\"313\">F\u00e9lica<\/td>\n<\/tr>\n<tr>\n<td colspan=\"2\" width=\"528\">Interface de la carte SAM<\/td>\n<\/tr>\n<tr>\n<td width=\"215\">Nombre d&#039;emplacements<\/td>\n<td width=\"313\">1 emplacement pour carte SIM standard<\/td>\n<\/tr>\n<tr>\n<td width=\"215\">Standard<\/td>\n<td width=\"313\">ISO 7816 Classe A (5 V)<\/td>\n<\/tr>\n<tr>\n<td width=\"215\">Protocole<\/td>\n<td width=\"313\">T=0\u00a0; T=1<\/td>\n<\/tr>\n<tr>\n<td colspan=\"2\" width=\"528\">P\u00e9riph\u00e9riques int\u00e9gr\u00e9s<\/td>\n<\/tr>\n<tr>\n<td width=\"215\">DIRIG\u00c9<\/td>\n<td width=\"313\">1 bicolore : Bleu et Vert<\/td>\n<\/tr>\n<tr>\n<td width=\"215\">Avertisseur sonore<\/td>\n<td width=\"313\">Oui<\/td>\n<\/tr>\n<tr>\n<td colspan=\"2\" width=\"528\">Autres caract\u00e9ristiques<\/td>\n<\/tr>\n<tr>\n<td rowspan=\"4\" width=\"215\">Autres caract\u00e9ristiques<\/td>\n<td width=\"313\">Types de cartes pris en charge\u00a0:<\/td>\n<\/tr>\n<tr>\n<td width=\"313\">ISO 14443 types A et B parties 1 \u00e0 4, ISO 15693, ISO 18092 NFC, MIFARE\u00ae, FeliCa, SRI\/SRIX, CTS, Innovatron, Picopass, Topaz Card<\/td>\n<\/tr>\n<tr>\n<td width=\"313\">\u00a0 Fonctionnalit\u00e9s NFC\u00a0:<\/td>\n<\/tr>\n<tr>\n<td width=\"313\">Lecteur\/graveur de cartes \u00e0 puce, \u00e9mulation de clavier, \u00e9mulation de cartes<\/td>\n<\/tr>\n<tr>\n<td width=\"215\">Mise \u00e0 jour du firmware<\/td>\n<td width=\"313\">Prise en charge<\/td>\n<\/tr>\n<tr>\n<td colspan=\"2\" width=\"528\">Certifications\/Conformit\u00e9<\/td>\n<\/tr>\n<tr>\n<td rowspan=\"4\" width=\"215\">Certifications\/Conformit\u00e9<\/td>\n<td width=\"313\">Certifications\u00a0:<\/td>\n<\/tr>\n<tr>\n<td width=\"313\">CEI\/EN 62368, CE, UKCA, FCC, VCCI, KC, J-LIS, RoHS, REACH, DEEE, Microsoft\u00ae WHQL<\/td>\n<\/tr>\n<tr>\n<td width=\"313\">Conformit\u00e9:<\/td>\n<\/tr>\n<tr>\n<td width=\"313\">CCID USB, PC\/SC<\/td>\n<\/tr>\n<tr>\n<td colspan=\"2\" width=\"528\">Prise en charge du syst\u00e8me d&#039;exploitation du pilote de p\u00e9riph\u00e9rique<\/td>\n<\/tr>\n<tr>\n<td width=\"215\">Prise en charge du syst\u00e8me d&#039;exploitation du pilote de p\u00e9riph\u00e9rique<\/td>\n<td width=\"313\">Windows\u00ae, Linux\u00ae, macOS, Android\u2122, iOS\/iPadOS (16 ou sup\u00e9rieur)<\/td>\n<\/tr>\n<\/tbody>\n<\/table>\n<\/div>\n<\/li>\n<\/ul>","protected":false},"excerpt":{"rendered":"<p>L&#039;ACR1552U est un lecteur USB NFC haute vitesse conforme aux normes CCID et PC\/SC, prenant en charge les normes ISO 14443 et 15693, id\u00e9al pour diverses applications de cartes \u00e0 puce.<\/p>","protected":false},"featured_media":1599,"template":"","meta":[],"product_brand":[],"product_cat":[45,40],"product_tag":[],"class_list":{"0":"post-1598","1":"product","2":"type-product","3":"status-publish","4":"has-post-thumbnail","6":"product_cat-contactless-nfc-reader","7":"product_cat-rfid-nfc-reader","9":"first","10":"instock","11":"shipping-taxable","12":"product-type-simple"},"_links":{"self":[{"href":"https:\/\/nfc-readers.com\/fr\/wp-json\/wp\/v2\/product\/1598","targetHints":{"allow":["GET"]}}],"collection":[{"href":"https:\/\/nfc-readers.com\/fr\/wp-json\/wp\/v2\/product"}],"about":[{"href":"https:\/\/nfc-readers.com\/fr\/wp-json\/wp\/v2\/types\/product"}],"wp:featuredmedia":[{"embeddable":true,"href":"https:\/\/nfc-readers.com\/fr\/wp-json\/wp\/v2\/media\/1599"}],"wp:attachment":[{"href":"https:\/\/nfc-readers.com\/fr\/wp-json\/wp\/v2\/media?parent=1598"}],"wp:term":[{"taxonomy":"product_brand","embeddable":true,"href":"https:\/\/nfc-readers.com\/fr\/wp-json\/wp\/v2\/product_brand?post=1598"},{"taxonomy":"product_cat","embeddable":true,"href":"https:\/\/nfc-readers.com\/fr\/wp-json\/wp\/v2\/product_cat?post=1598"},{"taxonomy":"product_tag","embeddable":true,"href":"https:\/\/nfc-readers.com\/fr\/wp-json\/wp\/v2\/product_tag?post=1598"}],"curies":[{"name":"wp","href":"https:\/\/api.w.org\/{rel}","templated":true}]}}