{"id":1603,"date":"2024-04-07T07:42:37","date_gmt":"2024-04-07T07:42:37","guid":{"rendered":"https:\/\/nfc-readers.com\/?post_type=product&#038;p=1603"},"modified":"2024-10-16T02:49:08","modified_gmt":"2024-10-16T02:49:08","slug":"acr1581u-c1-15693-dualboost-iii-dual-interface-nfc-reader-writer","status":"publish","type":"product","link":"https:\/\/nfc-readers.com\/fr\/ic-reader\/acr1581u-c1-15693-dualboost-iii-dual-interface-nfc-reader-writer\/","title":{"rendered":"ACR1581U-C1 15693 DualBoost III lecteur-graveur NFC \u00e0 double interface"},"content":{"rendered":"<h1>ACR1581U-C1 15693 DualBoost III lecteur-graveur NFC \u00e0 double interface<\/h1>\n<p>L&#039;ACR1581U DualBoost III est l&#039;incarnation d&#039;une polyvalence et d&#039;une s\u00e9curit\u00e9 avanc\u00e9es, associant efficacement les technologies avec et sans contact sous un m\u00eame toit avec une vaste prise en charge de divers formats de cartes \u00e0 puce. Que vos ambitions r\u00e9sident dans la progression technologique ou dans la s\u00e9curit\u00e9 robuste des fonctions de carte \u00e0 puce, l&#039;ACR1581U est un d\u00e9fenseur sans \u00e9gal de la fiabilit\u00e9 dans le domaine des lecteurs de cartes \u00e0 puce.<\/p>\n<ul>\n<li>\n<h2>Interface USB 2.0 pleine vitesse<\/h2>\n<\/li>\n<li>\n<h2>Conformit\u00e9 CCID<\/h2>\n<\/li>\n<li>\n<h2>Lecteur de carte \u00e0 puce sans contact\u00a0:<\/h2>\n<ul>\n<li>\n<h3>Vitesse de lecture\/\u00e9criture ISO 14443A\/B allant jusqu&#039;\u00e0 848 kbps<\/h3>\n<\/li>\n<li>\n<h3>Fr\u00e9quence d&#039;horloge jusqu&#039;\u00e0 13,56 MHz<\/h3>\n<\/li>\n<li>\n<h3>Antenne int\u00e9gr\u00e9e pour un acc\u00e8s au tag sans contact, avec une distance de lecture de la carte jusqu&#039;\u00e0 70 mm (selon le type de tag)<\/h3>\n<\/li>\n<li>\n<h3>Prend en charge les cartes ISO 14443 de type A et B, les cartes ISO 15693<\/h3>\n<\/li>\n<li>\n<h3>Prend en charge MIFARE\u00ae, FeliCa, les balises NFC, SRI\/SRIX, CTS, Innovatron, Picopass, Topaz Card<\/h3>\n<\/li>\n<\/ul>\n<\/li>\n<li>\n<h2>Prend en charge l&#039;APDU \u00e9tendu (max. 64 Ko)<\/h2>\n<\/li>\n<li>\n<h2><strong>Lecteur de carte \u00e0 puce<\/strong><\/h2>\n<ul>\n<li>\n<h3>Prend en charge des vitesses ISO 7816 classes A, B et C (5 V, 3 V et 1,8 V) allant jusqu&#039;\u00e0 1\u00a0250 kbit\/s<\/h3>\n<\/li>\n<li>\n<h3>Prend en charge CAC (carte d&#039;acc\u00e8s commune)<\/h3>\n<\/li>\n<li>\n<h3>Prend en charge PIV (carte de v\u00e9rification d&#039;identit\u00e9 personnelle)<\/h3>\n<\/li>\n<li>\n<h3>Prend en charge les cartes \u00e0 microprocesseur avec protocole T=0 ou T=1<\/h3>\n<\/li>\n<li>\n<h3>Prend en charge les cartes m\u00e9moire<\/h3>\n<\/li>\n<li>\n<h3>Emplacement SAM conforme \u00e0 la norme ISO 7816 (classe A)<\/h3>\n<\/li>\n<\/ul>\n<\/li>\n<li>\n<h2>Interface de programmation d&#039;applications:<\/h2>\n<ul>\n<li>\n<h3>Prend en charge PC\/SC<\/h3>\n<\/li>\n<\/ul>\n<\/li>\n<li>\n<h2>P\u00e9riph\u00e9riques\u00a0:<\/h2>\n<ul>\n<li>\n<h3>LED bicolore contr\u00f4lable par l&#039;utilisateur (bleu et vert)<\/h3>\n<\/li>\n<li>\n<h3>Buzzer contr\u00f4lable par l&#039;utilisateur<\/h3>\n<\/li>\n<\/ul>\n<\/li>\n<li>\n<h2>Mise \u00e0 niveau du micrologiciel USB<\/h2>\n<\/li>\n<li>\n<div>\n<table width=\"483\">\n<tbody>\n<tr>\n<td colspan=\"2\" width=\"483\">Caract\u00e9ristiques physiques<\/td>\n<\/tr>\n<tr>\n<td width=\"188\">Dimensions (mm)<\/td>\n<td width=\"295\">120,5 mm (L) x 72,0 mm (L) x 20,4 mm (H)<\/td>\n<\/tr>\n<tr>\n<td width=\"188\">Poids (g)<\/td>\n<td width=\"295\">143g<\/td>\n<\/tr>\n<tr>\n<td colspan=\"2\" width=\"483\">Interface USB<\/td>\n<\/tr>\n<tr>\n<td width=\"188\">Protocole<\/td>\n<td width=\"295\">CCID USB<\/td>\n<\/tr>\n<tr>\n<td width=\"188\">Type de connecteur<\/td>\n<td width=\"295\">USB Type-A (ACR1581U-C1), USB Type-C (ACR1581U-CF)<\/td>\n<\/tr>\n<tr>\n<td width=\"188\">Source d&#039;\u00e9nergie<\/td>\n<td width=\"295\">Depuis le port USB<\/td>\n<\/tr>\n<tr>\n<td width=\"188\">Vitesse<\/td>\n<td width=\"295\">USB pleine vitesse (12 Mbit\/s)<\/td>\n<\/tr>\n<tr>\n<td width=\"188\">Longueur de c\u00e2ble<\/td>\n<td width=\"295\">2m, non d\u00e9tachable<\/td>\n<\/tr>\n<tr>\n<td colspan=\"2\" width=\"483\">Contacter l&#039;interface de carte \u00e0 puce<\/td>\n<\/tr>\n<tr>\n<td width=\"188\">Nombre d&#039;emplacements<\/td>\n<td width=\"295\">1 emplacement pour carte pleine taille<\/td>\n<\/tr>\n<tr>\n<td width=\"188\">Standard<\/td>\n<td width=\"295\">ISO 7816 Classe A, B, C (5 V, 3 V, 1,8 V)<\/td>\n<\/tr>\n<tr>\n<td width=\"188\">Protocole<\/td>\n<td width=\"295\">T=0\u00a0; T=1<\/td>\n<\/tr>\n<tr>\n<td colspan=\"2\" width=\"483\">Interface de carte \u00e0 puce sans contact<\/td>\n<\/tr>\n<tr>\n<td width=\"188\">Standard<\/td>\n<td width=\"295\">ISO 14443 types A et B, ISO 15693, MIFARE\u00ae, FeliCa<\/td>\n<\/tr>\n<tr>\n<td rowspan=\"4\" width=\"188\">Protocole<\/td>\n<td width=\"295\">Carte conforme ISO 14443-4, T=CL<\/td>\n<\/tr>\n<tr>\n<td width=\"295\">OIN 15693<\/td>\n<\/tr>\n<tr>\n<td width=\"295\">Carte MIFARE\u00ae Classique, T=CL<\/td>\n<\/tr>\n<tr>\n<td width=\"295\">F\u00e9lica<\/td>\n<\/tr>\n<tr>\n<td colspan=\"2\" width=\"483\">Interface de la carte SAM<\/td>\n<\/tr>\n<tr>\n<td width=\"188\">Nombre d&#039;emplacements<\/td>\n<td width=\"295\">1 emplacement pour carte SIM standard<\/td>\n<\/tr>\n<tr>\n<td width=\"188\">Standard<\/td>\n<td width=\"295\">ISO 7816 Classe A (5 V)<\/td>\n<\/tr>\n<tr>\n<td width=\"188\">Protocole<\/td>\n<td width=\"295\">T=0\u00a0; T=1<\/td>\n<\/tr>\n<tr>\n<td colspan=\"2\" width=\"483\">P\u00e9riph\u00e9riques int\u00e9gr\u00e9s<\/td>\n<\/tr>\n<tr>\n<td width=\"188\">DIRIG\u00c9<\/td>\n<td width=\"295\">2 couleurs uniques\u00a0: Bleu et Vert<\/td>\n<\/tr>\n<tr>\n<td width=\"188\">Avertisseur sonore<\/td>\n<td width=\"295\">Monotone<\/td>\n<\/tr>\n<tr>\n<td colspan=\"2\" width=\"483\">Autres caract\u00e9ristiques<\/td>\n<\/tr>\n<tr>\n<td rowspan=\"5\" width=\"188\">Autres caract\u00e9ristiques<\/td>\n<td width=\"295\">Types de cartes pris en charge\u00a0:<\/td>\n<\/tr>\n<tr>\n<td width=\"295\">ISO 14443 types A et B parties 1-4,<\/td>\n<\/tr>\n<tr>\n<td width=\"295\">ISO 15693, MIFARE\u00ae, FeliCa, Tags NFC, SRI\/SRIX, CTS, Innovatron, Picopass, Topaz Card<\/td>\n<\/tr>\n<tr>\n<td width=\"295\">Autres fonctionnalit\u00e9s NFC\u00a0:<\/td>\n<\/tr>\n<tr>\n<td width=\"295\">Lecteur\/graveur de cartes \u00e0 puce, \u00e9mulation de clavier, \u00e9mulation de cartes<\/td>\n<\/tr>\n<tr>\n<td width=\"188\">Mise \u00e0 jour du firmware<\/td>\n<td width=\"295\">Prise en charge<\/td>\n<\/tr>\n<tr>\n<td colspan=\"2\" width=\"483\">Certifications\/Conformit\u00e9<\/td>\n<\/tr>\n<tr>\n<td rowspan=\"4\" width=\"188\">Certifications\/Conformit\u00e9<\/td>\n<td width=\"295\">Certifications\u00a0:<\/td>\n<\/tr>\n<tr>\n<td width=\"295\">CEI\/EN 62368, CE, FCC, UKCA, VCCI, RoHS, REACH, DEEE<\/td>\n<\/tr>\n<tr>\n<td width=\"295\">Conformit\u00e9s\u00a0:<\/td>\n<\/tr>\n<tr>\n<td width=\"295\">CCID USB, PC\/SC<\/td>\n<\/tr>\n<tr>\n<td colspan=\"2\" width=\"483\">Prise en charge du syst\u00e8me d&#039;exploitation du pilote de p\u00e9riph\u00e9rique<\/td>\n<\/tr>\n<tr>\n<td width=\"188\">Prise en charge du syst\u00e8me d&#039;exploitation du pilote de p\u00e9riph\u00e9rique<\/td>\n<td width=\"295\">Windows\u00ae, Linux\u00ae, macOS, Android\u2122, iOS\/iPadOS (16 ou sup\u00e9rieur)<\/td>\n<\/tr>\n<\/tbody>\n<\/table>\n<\/div>\n<\/li>\n<\/ul>","protected":false},"excerpt":{"rendered":"<p>L&#039;ACR1581U est un lecteur de cartes \u00e0 puce NFC haute vitesse, offrant une prise en charge NFC et ISO\/IEC 15693,14443.<\/p>","protected":false},"featured_media":1605,"template":"","meta":[],"product_brand":[],"product_cat":[45,40],"product_tag":[],"class_list":{"0":"post-1603","1":"product","2":"type-product","3":"status-publish","4":"has-post-thumbnail","6":"product_cat-contactless-nfc-reader","7":"product_cat-rfid-nfc-reader","9":"first","10":"instock","11":"shipping-taxable","12":"product-type-simple"},"_links":{"self":[{"href":"https:\/\/nfc-readers.com\/fr\/wp-json\/wp\/v2\/product\/1603","targetHints":{"allow":["GET"]}}],"collection":[{"href":"https:\/\/nfc-readers.com\/fr\/wp-json\/wp\/v2\/product"}],"about":[{"href":"https:\/\/nfc-readers.com\/fr\/wp-json\/wp\/v2\/types\/product"}],"wp:featuredmedia":[{"embeddable":true,"href":"https:\/\/nfc-readers.com\/fr\/wp-json\/wp\/v2\/media\/1605"}],"wp:attachment":[{"href":"https:\/\/nfc-readers.com\/fr\/wp-json\/wp\/v2\/media?parent=1603"}],"wp:term":[{"taxonomy":"product_brand","embeddable":true,"href":"https:\/\/nfc-readers.com\/fr\/wp-json\/wp\/v2\/product_brand?post=1603"},{"taxonomy":"product_cat","embeddable":true,"href":"https:\/\/nfc-readers.com\/fr\/wp-json\/wp\/v2\/product_cat?post=1603"},{"taxonomy":"product_tag","embeddable":true,"href":"https:\/\/nfc-readers.com\/fr\/wp-json\/wp\/v2\/product_tag?post=1603"}],"curies":[{"name":"wp","href":"https:\/\/api.w.org\/{rel}","templated":true}]}}