{"id":1608,"date":"2024-04-07T07:46:35","date_gmt":"2024-04-07T07:46:35","guid":{"rendered":"https:\/\/nfc-readers.com\/?post_type=product&#038;p=1608"},"modified":"2024-10-16T02:43:39","modified_gmt":"2024-10-16T02:43:39","slug":"acr1251t-usb-token-nfc-reader-ii","status":"publish","type":"product","link":"https:\/\/nfc-readers.com\/fr\/ic-reader\/acr1251t-usb-token-nfc-reader-ii\/","title":{"rendered":"Lecteur NFC de jeton USB ACR1251T II"},"content":{"rendered":"<h1>Lecteur NFC de jeton USB ACR1251T II<\/h1>\n<p>L&#039;ACR1251T est un lecteur de carte \u00e0 puce NFC avanc\u00e9 et haut d\u00e9bit, id\u00e9al pour les entreprises \u00e0 la recherche d&#039;une solution portable et efficace. Avec une fonctionnalit\u00e9 anti-collision, une large compatibilit\u00e9 et des fonctionnalit\u00e9s conviviales suppl\u00e9mentaires, il constitue une option robuste pour des transactions NFC s\u00e9curis\u00e9es et rapides dans divers environnements de travail.<\/p>\n<ul>\n<li>\n<h2>Interface USB pleine vitesse<\/h2>\n<\/li>\n<li>\n<h2>Conformit\u00e9 CCID<\/h2>\n<\/li>\n<li>\n<h2>Lecteur de carte \u00e0 puce\u00a0:<\/h2>\n<ul>\n<li>\n<h3>Interface sans contact\u00a0:<\/h3>\n<ul>\n<li>Vitesse de lecture\/\u00e9criture jusqu&#039;\u00e0 424 kbps<\/li>\n<li>Antenne int\u00e9gr\u00e9e pour un acc\u00e8s aux tags sans contact, avec une distance de lecture de la carte allant jusqu&#039;\u00e0 30\u00a0mm (selon le type de tag)<\/li>\n<li>Prend en charge les cartes ISO 14443 de type A et B, MIFARE\u00ae, FeliCa et les 4 types de balises NFC (ISO\/IEC 18092)<\/li>\n<li>Fonction anti-collision int\u00e9gr\u00e9e (une seule balise est accessible \u00e0 tout moment)<\/li>\n<li>Prise en charge NFC<\/li>\n<li>Mode lecteur\/graveur de cartes<\/li>\n<\/ul>\n<\/li>\n<\/ul>\n<\/li>\n<li>\n<h2>P\u00e9riph\u00e9riques int\u00e9gr\u00e9s\u00a0:<\/h2>\n<ul>\n<li>\n<h3>LED\u00a0:<\/h3>\n<ul>\n<li>LED bicolore contr\u00f4lable par l&#039;utilisateur<\/li>\n<\/ul>\n<\/li>\n<\/ul>\n<\/li>\n<li>\n<h2>Interface de programmation d&#039;applications:<\/h2>\n<ul>\n<li>\n<h3>Prend en charge PC\/SC<\/h3>\n<\/li>\n<li>\n<h3>Prend en charge CT-API (via le wrapper au-dessus du PC\/SC)<\/h3>\n<\/li>\n<\/ul>\n<\/li>\n<li>\n<h2>Possibilit\u00e9 de mise \u00e0 niveau du micrologiciel USB<\/h2>\n<\/li>\n<li>\n<h2>Prend en charge Android\u2122 3.1 et versions ult\u00e9rieures<\/h2>\n<\/li>\n<li>\n<div>\n<table width=\"582\">\n<tbody>\n<tr>\n<td colspan=\"2\" width=\"582\">Caract\u00e9ristiques physiques<\/td>\n<\/tr>\n<tr>\n<td width=\"215\">Dimensions (mm)<\/td>\n<td width=\"367\">75,0 mm (L) x 30,0 mm (L) x 12,7 mm (H)<\/td>\n<\/tr>\n<tr>\n<td width=\"215\">Poids (g)<\/td>\n<td width=\"367\">15,8g<\/td>\n<\/tr>\n<tr>\n<td colspan=\"2\" width=\"582\">Interface USB<\/td>\n<\/tr>\n<tr>\n<td width=\"215\">Protocole<\/td>\n<td width=\"367\">CCID USB<\/td>\n<\/tr>\n<tr>\n<td width=\"215\">Type de connecteur<\/td>\n<td width=\"367\">Type standard A<\/td>\n<\/tr>\n<tr>\n<td width=\"215\">Source d&#039;\u00e9nergie<\/td>\n<td width=\"367\">Depuis le port USB<\/td>\n<\/tr>\n<tr>\n<td width=\"215\">Vitesse<\/td>\n<td width=\"367\">USB pleine vitesse (12 Mbit\/s)<\/td>\n<\/tr>\n<tr>\n<td colspan=\"2\" width=\"582\">Interface de carte \u00e0 puce sans contact<\/td>\n<\/tr>\n<tr>\n<td width=\"215\">Standard<\/td>\n<td width=\"367\">ISO\/IEC 18092 NFC, ISO 14443 types A et B, MIFARE\u00ae, FeliCa<\/td>\n<\/tr>\n<tr>\n<td rowspan=\"4\" width=\"215\">Protocole<\/td>\n<td width=\"367\">Cartes conformes ISO14443-4, T=CL<\/td>\n<\/tr>\n<tr>\n<td width=\"367\">Protocole de carte classique MIFARE\u00ae, T=CL<\/td>\n<\/tr>\n<tr>\n<td width=\"367\">ISO 18092, balises NFC<\/td>\n<\/tr>\n<tr>\n<td width=\"367\">F\u00e9lica<\/td>\n<\/tr>\n<tr>\n<td colspan=\"2\" width=\"582\">P\u00e9riph\u00e9riques int\u00e9gr\u00e9s<\/td>\n<\/tr>\n<tr>\n<td width=\"215\">DIRIG\u00c9<\/td>\n<td width=\"367\">1 Bicolore : Vert et Rouge<\/td>\n<\/tr>\n<tr>\n<td colspan=\"2\" width=\"582\">Autres caract\u00e9ristiques<\/td>\n<\/tr>\n<tr>\n<td width=\"215\">Mise \u00e0 jour du firmware<\/td>\n<td width=\"367\">Prise en charge<\/td>\n<\/tr>\n<tr>\n<td colspan=\"2\" width=\"582\">Certifications\/Conformit\u00e9<\/td>\n<\/tr>\n<tr>\n<td rowspan=\"13\" width=\"215\">Certifications\/Conformit\u00e9<\/td>\n<td width=\"367\">EN 60950\/CEI 60950<\/td>\n<\/tr>\n<tr>\n<td width=\"367\">OIN 18092<\/td>\n<\/tr>\n<tr>\n<td width=\"367\">OIN 14443<\/td>\n<\/tr>\n<tr>\n<td width=\"367\">USB pleine vitesse<\/td>\n<\/tr>\n<tr>\n<td width=\"367\">PC\/SC<\/td>\n<\/tr>\n<tr>\n<td width=\"367\">CCID<\/td>\n<\/tr>\n<tr>\n<td width=\"367\">VCCI (Japon)<\/td>\n<\/tr>\n<tr>\n<td width=\"367\">MIC (Japon)<\/td>\n<\/tr>\n<tr>\n<td width=\"367\">Microsoft\u00ae WHQL<\/td>\n<\/tr>\n<tr>\n<td width=\"367\">CE<\/td>\n<\/tr>\n<tr>\n<td width=\"367\">FCC<\/td>\n<\/tr>\n<tr>\n<td width=\"367\">RoHS<\/td>\n<\/tr>\n<tr>\n<td width=\"367\">ATTEINDRE<\/td>\n<\/tr>\n<tr>\n<td colspan=\"2\" width=\"582\">Prise en charge du syst\u00e8me d&#039;exploitation du pilote de p\u00e9riph\u00e9rique<\/td>\n<\/tr>\n<tr>\n<td rowspan=\"6\" width=\"215\">Prise en charge du syst\u00e8me d&#039;exploitation du pilote de p\u00e9riph\u00e9rique<\/td>\n<td width=\"367\">Windows\u00aeCE<\/td>\n<\/tr>\n<tr>\n<td width=\"367\">Windows\u00ae<\/td>\n<\/tr>\n<tr>\n<td width=\"367\">Linux\u00ae<\/td>\n<\/tr>\n<tr>\n<td width=\"367\">MAC OS\u00ae 10.7 et versions ult\u00e9rieures<\/td>\n<\/tr>\n<tr>\n<td width=\"367\">Solaris<\/td>\n<\/tr>\n<tr>\n<td width=\"367\">Android\u2122 3.1 et versions ult\u00e9rieures<\/td>\n<\/tr>\n<\/tbody>\n<\/table>\n<\/div>\n<\/li>\n<\/ul>","protected":false},"excerpt":{"rendered":"<p>L&#039;ACR1251T est un lecteur de cartes \u00e0 puce NFC portable haute vitesse, compatible NFC et ISO\/IEC 18092, garantissant une lecture efficace des cartes sur diff\u00e9rents syst\u00e8mes.<\/p>","protected":false},"featured_media":1609,"template":"","meta":[],"product_brand":[],"product_cat":[45,40],"product_tag":[],"class_list":{"0":"post-1608","1":"product","2":"type-product","3":"status-publish","4":"has-post-thumbnail","6":"product_cat-contactless-nfc-reader","7":"product_cat-rfid-nfc-reader","9":"first","10":"instock","11":"shipping-taxable","12":"product-type-simple"},"_links":{"self":[{"href":"https:\/\/nfc-readers.com\/fr\/wp-json\/wp\/v2\/product\/1608","targetHints":{"allow":["GET"]}}],"collection":[{"href":"https:\/\/nfc-readers.com\/fr\/wp-json\/wp\/v2\/product"}],"about":[{"href":"https:\/\/nfc-readers.com\/fr\/wp-json\/wp\/v2\/types\/product"}],"wp:featuredmedia":[{"embeddable":true,"href":"https:\/\/nfc-readers.com\/fr\/wp-json\/wp\/v2\/media\/1609"}],"wp:attachment":[{"href":"https:\/\/nfc-readers.com\/fr\/wp-json\/wp\/v2\/media?parent=1608"}],"wp:term":[{"taxonomy":"product_brand","embeddable":true,"href":"https:\/\/nfc-readers.com\/fr\/wp-json\/wp\/v2\/product_brand?post=1608"},{"taxonomy":"product_cat","embeddable":true,"href":"https:\/\/nfc-readers.com\/fr\/wp-json\/wp\/v2\/product_cat?post=1608"},{"taxonomy":"product_tag","embeddable":true,"href":"https:\/\/nfc-readers.com\/fr\/wp-json\/wp\/v2\/product_tag?post=1608"}],"curies":[{"name":"wp","href":"https:\/\/api.w.org\/{rel}","templated":true}]}}