{"id":1613,"date":"2024-04-07T07:49:24","date_gmt":"2024-04-07T07:49:24","guid":{"rendered":"https:\/\/nfc-readers.com\/?post_type=product&#038;p=1613"},"modified":"2024-10-16T02:39:20","modified_gmt":"2024-10-16T02:39:20","slug":"acm1552u-y3-nfc-module-reader","status":"publish","type":"product","link":"https:\/\/nfc-readers.com\/fr\/ic-reader\/acm1552u-y3-nfc-module-reader\/","title":{"rendered":"LECTEUR DE MODULES NFC ACM1552U-Y3"},"content":{"rendered":"<h1>LECTEUR DE MODULES NFC ACM1552U-Y3<\/h1>\n<p>L&#039;ACM1552U-Y3 se pr\u00e9sente comme un module de lecteur NFC polyvalent et puissant, offrant une vitesse avanc\u00e9e et une large plage op\u00e9rationnelle. Sa compatibilit\u00e9 avec plusieurs protocoles NFC et ISO, combin\u00e9e \u00e0 ses modes conviviaux, le positionne comme une solution id\u00e9ale pour mettre en \u0153uvre des transactions bas\u00e9es sur NFC dans divers domaines d&#039;application.<\/p>\n<ul>\n<li>\n<h2>Interface USB 2.0 pleine vitesse<\/h2>\n<\/li>\n<li>\n<h2>Conformit\u00e9 CCID<\/h2>\n<\/li>\n<li>\n<h2>Lecteur de carte \u00e0 puce sans contact\u00a0:<\/h2>\n<ul>\n<li>\n<h3>Vitesse de lecture\/\u00e9criture jusqu&#039;\u00e0 848 kbps<\/h3>\n<\/li>\n<li>\n<h3>Antenne int\u00e9gr\u00e9e pour un acc\u00e8s au tag sans contact, avec une distance de lecture de la carte jusqu&#039;\u00e0 70 mm (selon le type de tag)<\/h3>\n<\/li>\n<li>\n<h3>Prend en charge les cartes ISO 14443 de type A et B, les cartes ISO 15693 et ISO18092 NFC<\/h3>\n<\/li>\n<li>\n<h3>Prend en charge MIFARE Classic\u00ae, MIFARE\u00ae Mini, MIFARE Ultralight\u00ae (T=CL), FeliCa et Topaz Card<\/h3>\n<\/li>\n<li>\n<h3>Fonction anti-collision int\u00e9gr\u00e9e<\/h3>\n<\/li>\n<li>\n<h3>Prend en charge l&#039;APDU \u00e9tendu (max. 64 Ko)<\/h3>\n<\/li>\n<li>\n<h3>Un emplacement SAM conforme \u00e0 la norme ISO7816 (classe A) (sur demande)<\/h3>\n<\/li>\n<\/ul>\n<\/li>\n<li>\n<h2>Prise en charge NFC<\/h2>\n<ul>\n<li>\n<h3>Mode lecteur\/graveur de carte \u00e0 puce<\/h3>\n<\/li>\n<li>\n<h3>Mode d&#039;\u00e9mulation de carte<\/h3>\n<\/li>\n<li>\n<h3>Mode d&#039;\u00e9mulation du clavier<\/h3>\n<\/li>\n<\/ul>\n<\/li>\n<li>\n<h2>Interface de programmation d&#039;applications:<\/h2>\n<ul>\n<li>\n<h3>Prend en charge PC\/SC<\/h3>\n<\/li>\n<li>\n<h3>Prend en charge CT-API (via le wrapper au-dessus du PC\/SC)<\/h3>\n<\/li>\n<\/ul>\n<\/li>\n<li>\n<h2>P\u00e9riph\u00e9riques\u00a0:<\/h2>\n<ul>\n<li>\n<h3>LED bicolore contr\u00f4lable par l&#039;utilisateur (bleu et vert)<\/h3>\n<\/li>\n<li>\n<h3>Buzzer contr\u00f4lable par l&#039;utilisateur (Monotone)<\/h3>\n<\/li>\n<li>\n<h3>Un emplacement SAM (sur demande)<\/h3>\n<\/li>\n<\/ul>\n<\/li>\n<li>\n<h2>Mise \u00e0 niveau du micrologiciel USB<\/h2>\n<\/li>\n<li>\n<div>\n<table width=\"640\">\n<tbody>\n<tr>\n<td colspan=\"2\" width=\"640\">Caract\u00e9ristiques physiques<\/td>\n<\/tr>\n<tr>\n<td rowspan=\"2\" width=\"257\">Dimensions (mm)<\/td>\n<td width=\"383\">Carte principale\u00a0: 55,0 x 45,0 x 6,5<\/td>\n<\/tr>\n<tr>\n<td width=\"383\">Carte d&#039;antenne\u00a0: 91,0 x 49,5 x 5,0<\/td>\n<\/tr>\n<tr>\n<td width=\"257\">Poids (g)<\/td>\n<td width=\"383\">27.7<\/td>\n<\/tr>\n<tr>\n<td colspan=\"2\" width=\"640\">Interface USB<\/td>\n<\/tr>\n<tr>\n<td width=\"257\">Protocole<\/td>\n<td width=\"383\">CCID USB<\/td>\n<\/tr>\n<tr>\n<td width=\"257\">Type de connecteur<\/td>\n<td width=\"383\">USB Type-A<\/td>\n<\/tr>\n<tr>\n<td width=\"257\">Source d&#039;\u00e9nergie<\/td>\n<td width=\"383\">Depuis le port USB<\/td>\n<\/tr>\n<tr>\n<td width=\"257\">Vitesse<\/td>\n<td width=\"383\">USB pleine vitesse (12 Mbit\/s)<\/td>\n<\/tr>\n<tr>\n<td width=\"257\">Longueur de c\u00e2ble<\/td>\n<td width=\"383\">1 m, d\u00e9tachable (en option)<\/td>\n<\/tr>\n<tr>\n<td colspan=\"2\" width=\"640\">Interface de carte \u00e0 puce sans contact<\/td>\n<\/tr>\n<tr>\n<td width=\"257\">Standard<\/td>\n<td width=\"383\">ISO 18092 NFC, ISO 14443 types A et B, ISO 15693, MIFARE\u00ae, FeliCa<\/td>\n<\/tr>\n<tr>\n<td rowspan=\"5\" width=\"257\">Protocole<\/td>\n<td width=\"383\">Carte conforme ISO 14443-4, T=CL<\/td>\n<\/tr>\n<tr>\n<td width=\"383\">Carte MIFARE\u00ae Classique, T=CL<\/td>\n<\/tr>\n<tr>\n<td width=\"383\">OIN 15693<\/td>\n<\/tr>\n<tr>\n<td width=\"383\">Balises NFC ISO 18092<\/td>\n<\/tr>\n<tr>\n<td width=\"383\">F\u00e9lica<\/td>\n<\/tr>\n<tr>\n<td colspan=\"2\" width=\"640\">P\u00e9riph\u00e9riques int\u00e9gr\u00e9s<\/td>\n<\/tr>\n<tr>\n<td width=\"257\">DIRIG\u00c9<\/td>\n<td width=\"383\">1 bicolore : Bleu et Vert<\/td>\n<\/tr>\n<tr>\n<td width=\"257\">Avertisseur sonore<\/td>\n<td width=\"383\">Monotone<\/td>\n<\/tr>\n<tr>\n<td colspan=\"2\" width=\"640\">Autres caract\u00e9ristiques<\/td>\n<\/tr>\n<tr>\n<td rowspan=\"4\" width=\"257\">Autres caract\u00e9ristiques<\/td>\n<td width=\"383\">Types de cartes pris en charge\u00a0:<\/td>\n<\/tr>\n<tr>\n<td width=\"383\">ISO 14443 Type A et B Parties 1-4, ISO 15693, ISO 18092 NFC, MIFARE Classic\u00ae, MIFARE\u00ae Mini, MIFARE Ultralight\u00ae (T=CL), FeliCa et Topaz Card<\/td>\n<\/tr>\n<tr>\n<td width=\"383\">Autres fonctionnalit\u00e9s NFC\u00a0:<\/td>\n<\/tr>\n<tr>\n<td width=\"383\">Lecteur\/graveur de cartes \u00e0 puce, \u00e9mulation de clavier, \u00e9mulation de cartes<\/td>\n<\/tr>\n<tr>\n<td width=\"257\">Mise \u00e0 jour du firmware<\/td>\n<td width=\"383\">Prise en charge<\/td>\n<\/tr>\n<tr>\n<td colspan=\"2\" width=\"640\">Certifications\/Conformit\u00e9<\/td>\n<\/tr>\n<tr>\n<td rowspan=\"4\" width=\"257\">Certifications\/Conformit\u00e9<\/td>\n<td width=\"383\">Certifications\u00a0:<\/td>\n<\/tr>\n<tr>\n<td width=\"383\">CEI\/EN 62368, CE, UKCA, FCC, VCCI, RoHS, REACH, DEEE, Microsoft\u00ae WHQL<\/td>\n<\/tr>\n<tr>\n<td width=\"383\">Conformit\u00e9:<\/td>\n<\/tr>\n<tr>\n<td width=\"383\">CCID USB, PC\/SC<\/td>\n<\/tr>\n<tr>\n<td colspan=\"2\" width=\"640\">Prise en charge du syst\u00e8me d&#039;exploitation du pilote de p\u00e9riph\u00e9rique<\/td>\n<\/tr>\n<tr>\n<td width=\"257\">Prise en charge du syst\u00e8me d&#039;exploitation du pilote de p\u00e9riph\u00e9rique<\/td>\n<td width=\"383\">Windows\u00ae, Linux\u00ae, macOS, Android\u2122<\/td>\n<\/tr>\n<\/tbody>\n<\/table>\n<\/div>\n<\/li>\n<\/ul>","protected":false},"excerpt":{"rendered":"<p>L&#039;ACM1552U-Y3 est un module NFC USB haute vitesse prenant en charge diverses technologies, notamment l&#039;\u00e9mulation de carte, id\u00e9al pour diverses applications NFC.<\/p>","protected":false},"featured_media":1614,"template":"","meta":[],"product_brand":[],"product_cat":[41,40],"product_tag":[],"class_list":{"0":"post-1613","1":"product","2":"type-product","3":"status-publish","4":"has-post-thumbnail","6":"product_cat-module-ic-reader","7":"product_cat-rfid-nfc-reader","9":"first","10":"instock","11":"shipping-taxable","12":"product-type-simple"},"_links":{"self":[{"href":"https:\/\/nfc-readers.com\/fr\/wp-json\/wp\/v2\/product\/1613","targetHints":{"allow":["GET"]}}],"collection":[{"href":"https:\/\/nfc-readers.com\/fr\/wp-json\/wp\/v2\/product"}],"about":[{"href":"https:\/\/nfc-readers.com\/fr\/wp-json\/wp\/v2\/types\/product"}],"wp:featuredmedia":[{"embeddable":true,"href":"https:\/\/nfc-readers.com\/fr\/wp-json\/wp\/v2\/media\/1614"}],"wp:attachment":[{"href":"https:\/\/nfc-readers.com\/fr\/wp-json\/wp\/v2\/media?parent=1613"}],"wp:term":[{"taxonomy":"product_brand","embeddable":true,"href":"https:\/\/nfc-readers.com\/fr\/wp-json\/wp\/v2\/product_brand?post=1613"},{"taxonomy":"product_cat","embeddable":true,"href":"https:\/\/nfc-readers.com\/fr\/wp-json\/wp\/v2\/product_cat?post=1613"},{"taxonomy":"product_tag","embeddable":true,"href":"https:\/\/nfc-readers.com\/fr\/wp-json\/wp\/v2\/product_tag?post=1613"}],"curies":[{"name":"wp","href":"https:\/\/api.w.org\/{rel}","templated":true}]}}