{"id":1615,"date":"2024-04-07T07:52:08","date_gmt":"2024-04-07T07:52:08","guid":{"rendered":"https:\/\/nfc-readers.com\/?post_type=product&#038;p=1615"},"modified":"2024-10-16T02:36:24","modified_gmt":"2024-10-16T02:36:24","slug":"acm1552u-z2-small-multi-iso-nfc-module-reader-writer","status":"publish","type":"product","link":"https:\/\/nfc-readers.com\/fr\/ic-reader\/acm1552u-z2-small-multi-iso-nfc-module-reader-writer\/","title":{"rendered":"ACM1552U-Z2 \u2013 Petit lecteur\/enregistreur de module NFC multi-ISO"},"content":{"rendered":"<h1>ACM1552U-Z2 \u2013 Petit lecteur\/enregistreur de module NFC multi-ISO<\/h1>\n<p>L&#039;ACM1552U-Z2 se distingue comme un module compact et polyvalent, offrant des capacit\u00e9s NFC haut d\u00e9bit et une compatibilit\u00e9 avec plusieurs normes. Avec ses fonctionnalit\u00e9s suppl\u00e9mentaires de s\u00e9curit\u00e9 et d&#039;efficacit\u00e9 \u00e9nerg\u00e9tique, ainsi qu&#039;une interface conviviale, il repr\u00e9sente une solution sophistiqu\u00e9e pour la communication sans contact dans des appareils compacts.<\/p>\n<ul>\n<li>\n<h2>Interface USB 2.0 pleine vitesse<\/h2>\n<\/li>\n<li>\n<h2>Conformit\u00e9 CCID<\/h2>\n<\/li>\n<li>\n<h2>Prise en charge des cartes \u00e0 puce sans contact\u00a0:<\/h2>\n<ul>\n<li>\n<h3>Vitesse de lecture\/\u00e9criture jusqu&#039;\u00e0 848 kbps<\/h3>\n<\/li>\n<li>\n<h3>Antenne int\u00e9gr\u00e9e pour un acc\u00e8s au tag sans contact, avec une distance de lecture de la carte jusqu&#039;\u00e0 70 mm (selon le type de tag)<\/h3>\n<\/li>\n<li>\n<h3>Prend en charge les cartes ISO 14443 de type A et B, les cartes ISO 15693 et ISO18092 NFC<\/h3>\n<\/li>\n<li>\n<h3>Prend en charge MIFARE Classic\u00ae, MIFARE\u00ae, DESFire\u00ae, MIFARE Ultralight\u00ae, MIFARE Plus\u00ae, FeliCa et Topaz<\/h3>\n<\/li>\n<li>\n<h3>Fonction anti-collision int\u00e9gr\u00e9e<\/h3>\n<\/li>\n<li>\n<h3>Prend en charge l&#039;APDU \u00e9tendu (max. 64 Ko)<\/h3>\n<\/li>\n<\/ul>\n<\/li>\n<li>\n<h2>Prise en charge NFC\u00a0:<\/h2>\n<ul>\n<li>\n<h3>Mode lecteur\/graveur de carte \u00e0 puce<\/h3>\n<\/li>\n<li>\n<h3>Mode d&#039;\u00e9mulation de carte<\/h3>\n<\/li>\n<li>\n<h3>Mode d&#039;\u00e9mulation du clavier<\/h3>\n<\/li>\n<\/ul>\n<\/li>\n<li>\n<h2>Interface de programmation d&#039;applications:<\/h2>\n<ul>\n<li>\n<h3>Prend en charge PC\/SC<\/h3>\n<\/li>\n<li>\n<h3>Prend en charge CT-API (via le wrapper au-dessus du PC\/SC)<\/h3>\n<\/li>\n<\/ul>\n<\/li>\n<li>\n<h2>P\u00e9riph\u00e9riques\u00a0:<\/h2>\n<ul>\n<li>\n<h3>LED bicolore contr\u00f4lable par l&#039;utilisateur (bleu et vert)<\/h3>\n<\/li>\n<\/ul>\n<\/li>\n<li>\n<h2>Format compact<\/h2>\n<\/li>\n<li>\n<h2>Mise \u00e0 niveau du micrologiciel USB<\/h2>\n<\/li>\n<li>\n<div>\n<table width=\"545\">\n<tbody>\n<tr>\n<td colspan=\"2\" width=\"545\">Caract\u00e9ristiques physiques<\/td>\n<\/tr>\n<tr>\n<td width=\"228\">Dimensions (mm)<\/td>\n<td width=\"317\">52,0 x 20,0 x 5,7<\/td>\n<\/tr>\n<tr>\n<td width=\"228\">Poids (g)<\/td>\n<td width=\"317\">3.4<\/td>\n<\/tr>\n<tr>\n<td colspan=\"2\" width=\"545\">Interface USB<\/td>\n<\/tr>\n<tr>\n<td width=\"228\">Protocole<\/td>\n<td width=\"317\">CCID USB<\/td>\n<\/tr>\n<tr>\n<td width=\"228\">Type de connecteur<\/td>\n<td width=\"317\">5 broches, pas de 1 mm, compatible s\u00e9rie JST SH<\/td>\n<\/tr>\n<tr>\n<td width=\"228\">Source d&#039;\u00e9nergie<\/td>\n<td width=\"317\">Depuis le port USB<\/td>\n<\/tr>\n<tr>\n<td width=\"228\">Vitesse<\/td>\n<td width=\"317\">USB 2.0 pleine vitesse (12 Mbps) compatible avec USB 3.0<\/td>\n<\/tr>\n<tr>\n<td width=\"228\">Longueur de c\u00e2ble<\/td>\n<td width=\"317\">1 m, d\u00e9tachable (sur demande)<\/td>\n<\/tr>\n<tr>\n<td colspan=\"2\" width=\"545\">Interface de carte \u00e0 puce sans contact<\/td>\n<\/tr>\n<tr>\n<td width=\"228\">Standard<\/td>\n<td width=\"317\">ISO 18092 NFC, ISO 14443 types A et B, ISO 15693, MIFARE\u00ae, FeliCa<\/td>\n<\/tr>\n<tr>\n<td rowspan=\"5\" width=\"228\">Protocole<\/td>\n<td width=\"317\">Carte conforme ISO 14443-4, T=CL<\/td>\n<\/tr>\n<tr>\n<td width=\"317\">Carte MIFARE\u00ae Classique, T=CL<\/td>\n<\/tr>\n<tr>\n<td width=\"317\">OIN 15693<\/td>\n<\/tr>\n<tr>\n<td width=\"317\">Balises NFC ISO 18092<\/td>\n<\/tr>\n<tr>\n<td width=\"317\">F\u00e9lica<\/td>\n<\/tr>\n<tr>\n<td colspan=\"2\" width=\"545\">P\u00e9riph\u00e9riques int\u00e9gr\u00e9s<\/td>\n<\/tr>\n<tr>\n<td width=\"228\">DIRIG\u00c9<\/td>\n<td width=\"317\">1 bicolore : Bleu et Vert<\/td>\n<\/tr>\n<tr>\n<td colspan=\"2\" width=\"545\">Autres caract\u00e9ristiques<\/td>\n<\/tr>\n<tr>\n<td rowspan=\"6\" width=\"228\">Autres caract\u00e9ristiques<\/td>\n<td width=\"317\">Types de cartes pris en charge\u00a0:<\/td>\n<\/tr>\n<tr>\n<td width=\"317\">ISO 14443 types A et B parties 1-4,<\/td>\n<\/tr>\n<tr>\n<td width=\"317\">ISO 15693, ISO 18092 NFC,<\/td>\n<\/tr>\n<tr>\n<td width=\"317\">MIFARE Classic\u00ae, MIFARE DESFire\u00ae, MIFARE Ultralight\u00ae, MIFARE Plus\u00ae, FeliCa et Topaz<\/td>\n<\/tr>\n<tr>\n<td width=\"317\">Autres fonctionnalit\u00e9s NFC\u00a0:<\/td>\n<\/tr>\n<tr>\n<td width=\"317\">Lecteur\/graveur de cartes \u00e0 puce, \u00e9mulation de clavier, \u00e9mulation de cartes<\/td>\n<\/tr>\n<tr>\n<td width=\"228\">Mise \u00e0 jour du firmware<\/td>\n<td width=\"317\">Prise en charge<\/td>\n<\/tr>\n<tr>\n<td colspan=\"2\" width=\"545\">Certifications\/Conformit\u00e9<\/td>\n<\/tr>\n<tr>\n<td rowspan=\"4\" width=\"228\">Certifications\/Conformit\u00e9<\/td>\n<td width=\"317\">Certifications\u00a0:<\/td>\n<\/tr>\n<tr>\n<td width=\"317\">CEI\/EN 62368, CE, UKCA, FCC, VCCI, RoHS, REACH, DEEE, Microsoft\u00ae WHQL<\/td>\n<\/tr>\n<tr>\n<td width=\"317\">\u00a0 Conformit\u00e9:<\/td>\n<\/tr>\n<tr>\n<td width=\"317\">CCID USB, PC\/SC<\/td>\n<\/tr>\n<tr>\n<td colspan=\"2\" width=\"545\">Prise en charge du syst\u00e8me d&#039;exploitation du pilote de p\u00e9riph\u00e9rique<\/td>\n<\/tr>\n<tr>\n<td width=\"228\">Prise en charge du syst\u00e8me d&#039;exploitation du pilote de p\u00e9riph\u00e9rique<\/td>\n<td width=\"317\">Windows\u00ae, Linux\u00ae, macOS, Android\u2122<\/td>\n<\/tr>\n<\/tbody>\n<\/table>\n<\/div>\n<\/li>\n<\/ul>","protected":false},"excerpt":{"rendered":"<p>L&#039;ACM1552U-Z2 est un module NFC USB haute vitesse prenant en charge le lecteur\/enregistreur de cartes \u00e0 puce et l&#039;\u00e9mulation de cartes, con\u00e7u pour des op\u00e9rations sans contact efficaces et s\u00e9curis\u00e9es.<\/p>","protected":false},"featured_media":1616,"template":"","meta":[],"product_brand":[],"product_cat":[41,40],"product_tag":[],"class_list":{"0":"post-1615","1":"product","2":"type-product","3":"status-publish","4":"has-post-thumbnail","6":"product_cat-module-ic-reader","7":"product_cat-rfid-nfc-reader","9":"first","10":"instock","11":"shipping-taxable","12":"product-type-simple"},"_links":{"self":[{"href":"https:\/\/nfc-readers.com\/fr\/wp-json\/wp\/v2\/product\/1615","targetHints":{"allow":["GET"]}}],"collection":[{"href":"https:\/\/nfc-readers.com\/fr\/wp-json\/wp\/v2\/product"}],"about":[{"href":"https:\/\/nfc-readers.com\/fr\/wp-json\/wp\/v2\/types\/product"}],"wp:featuredmedia":[{"embeddable":true,"href":"https:\/\/nfc-readers.com\/fr\/wp-json\/wp\/v2\/media\/1616"}],"wp:attachment":[{"href":"https:\/\/nfc-readers.com\/fr\/wp-json\/wp\/v2\/media?parent=1615"}],"wp:term":[{"taxonomy":"product_brand","embeddable":true,"href":"https:\/\/nfc-readers.com\/fr\/wp-json\/wp\/v2\/product_brand?post=1615"},{"taxonomy":"product_cat","embeddable":true,"href":"https:\/\/nfc-readers.com\/fr\/wp-json\/wp\/v2\/product_cat?post=1615"},{"taxonomy":"product_tag","embeddable":true,"href":"https:\/\/nfc-readers.com\/fr\/wp-json\/wp\/v2\/product_tag?post=1615"}],"curies":[{"name":"wp","href":"https:\/\/api.w.org\/{rel}","templated":true}]}}