{"id":1619,"date":"2024-04-07T07:56:40","date_gmt":"2024-04-07T07:56:40","guid":{"rendered":"https:\/\/nfc-readers.com\/?post_type=product&#038;p=1619"},"modified":"2024-10-16T02:33:14","modified_gmt":"2024-10-16T02:33:14","slug":"acm39u-y3-smart-card-reader-module","status":"publish","type":"product","link":"https:\/\/nfc-readers.com\/fr\/ic-reader\/acm39u-y3-smart-card-reader-module\/","title":{"rendered":"Module de lecteur de carte \u00e0 puce ACM39U-Y3"},"content":{"rendered":"<h1>Module de lecteur de carte \u00e0 puce ACM39U-Y3<\/h1>\n<p>L&#039;ACM39U-Y3 est un module flexible et facile \u00e0 installer qui prend en charge une large gamme de plates-formes et d&#039;interfaces, ce qui le rend id\u00e9al pour les solutions de cartes \u00e0 puce int\u00e9gr\u00e9es. Il offre \u00e9galement la possibilit\u00e9 d&#039;int\u00e9grer un module d&#039;acc\u00e8s s\u00e9curis\u00e9 (SAM) pour une s\u00e9curit\u00e9 renforc\u00e9e.<\/p>\n<ul>\n<li>\n<h2>Interface USB 2.0 pleine vitesse<\/h2>\n<\/li>\n<li>\n<h2>Plug and Play \u2013 La prise en charge CCID apporte une mobilit\u00e9 maximale<\/h2>\n<\/li>\n<li>\n<h2>Lecteur de carte \u00e0 puce\u00a0:<\/h2>\n<ul>\n<li>\n<h3>Prend en charge les cartes ISO 7816 Classe A, B et C (5 V, 3 V, 1,8 V)<\/h3>\n<\/li>\n<li>\n<h3>Prend en charge CAC (carte d&#039;acc\u00e8s commune)<\/h3>\n<\/li>\n<li>\n<h3>Prend en charge la carte SIPRNET<\/h3>\n<\/li>\n<li>\n<h3>Prend en charge la carte J-LIS<\/h3>\n<\/li>\n<li>\n<h3>Prend en charge les cartes \u00e0 microprocesseur avec protocole T=0 ou T=1<\/h3>\n<\/li>\n<li>\n<h3>Prend en charge les cartes m\u00e9moire<\/h3>\n<\/li>\n<li>\n<h3>Prend en charge PPS (s\u00e9lection de protocole et de param\u00e8tres)<\/h3>\n<\/li>\n<li>\n<h3>Caract\u00e9ristiques Protection contre les courts-circuits<\/h3>\n<\/li>\n<\/ul>\n<\/li>\n<li>\n<h2>Interface de programmation d&#039;applications:<\/h2>\n<ul>\n<li>\n<h3>Prend en charge PC\/SC<\/h3>\n<\/li>\n<li>\n<h3>Prend en charge CT-API (via le wrapper au-dessus du PC\/SC)<\/h3>\n<\/li>\n<\/ul>\n<\/li>\n<li>\n<h2>Prend en charge Android\u2122 3.1 et versions ult\u00e9rieures<\/h2>\n<\/li>\n<li>\n<div>\n<table width=\"491\">\n<tbody>\n<tr>\n<td colspan=\"2\" width=\"491\">Caract\u00e9ristiques physiques<\/td>\n<\/tr>\n<tr>\n<td width=\"172\">Dimensions (mm)<\/td>\n<td width=\"319\">70,0 mm (L) \u00d7 82,0 mm (L) \u00d7 10,0 mm (H)<\/td>\n<\/tr>\n<tr>\n<td width=\"172\">Poids (g)<\/td>\n<td width=\"319\">32g<\/td>\n<\/tr>\n<tr>\n<td colspan=\"2\" width=\"491\">Interface USB<\/td>\n<\/tr>\n<tr>\n<td width=\"172\">Protocole<\/td>\n<td width=\"319\">CCID USB<\/td>\n<\/tr>\n<tr>\n<td rowspan=\"2\" width=\"172\">Type de connecteur<\/td>\n<td width=\"319\">1 connecteur d&#039;en-t\u00eate \u00e0 5 broches\u00a0;<\/td>\n<\/tr>\n<tr>\n<td width=\"319\">Connecteur d&#039;en-t\u00eate 2x3 broches<\/td>\n<\/tr>\n<tr>\n<td width=\"172\">Source d&#039;\u00e9nergie<\/td>\n<td width=\"319\">Depuis le port USB<\/td>\n<\/tr>\n<tr>\n<td width=\"172\">Vitesse<\/td>\n<td width=\"319\">USB pleine vitesse (12 Mbit\/s)<\/td>\n<\/tr>\n<tr>\n<td colspan=\"2\" width=\"491\">Contacter l&#039;interface de carte \u00e0 puce<\/td>\n<\/tr>\n<tr>\n<td width=\"172\">Nombre d&#039;emplacements<\/td>\n<td width=\"319\">1 emplacement pour carte pleine taille<\/td>\n<\/tr>\n<tr>\n<td width=\"172\">Standard<\/td>\n<td width=\"319\">ISO 7816 parties 1-4, classes A, B, C (5 V, 3 V, 1,8 V)<\/td>\n<\/tr>\n<tr>\n<td width=\"172\">Protocole<\/td>\n<td width=\"319\">T=0\u00a0; T=1\u00a0; Prise en charge des cartes m\u00e9moire<\/td>\n<\/tr>\n<tr>\n<td width=\"172\">Autres<\/td>\n<td width=\"319\">Cartes \u00e0 puce CAC, PIV, SIPRNET, J-LIS<\/td>\n<\/tr>\n<tr>\n<td colspan=\"2\" width=\"491\">Certifications\/Conformit\u00e9<\/td>\n<\/tr>\n<tr>\n<td rowspan=\"12\" width=\"172\">Certifications\/Conformit\u00e9<\/td>\n<td width=\"319\">EN60950\/CEI 60950<\/td>\n<\/tr>\n<tr>\n<td width=\"319\">OIN 7816<\/td>\n<\/tr>\n<tr>\n<td width=\"319\">USB pleine vitesse<\/td>\n<\/tr>\n<tr>\n<td width=\"319\">EMV\u2122 Niveau 1 (Contact)<\/td>\n<\/tr>\n<tr>\n<td width=\"319\">PC\/SC<\/td>\n<\/tr>\n<tr>\n<td width=\"319\">CCID<\/td>\n<\/tr>\n<tr>\n<td width=\"319\">CE<\/td>\n<\/tr>\n<tr>\n<td width=\"319\">FCC<\/td>\n<\/tr>\n<tr>\n<td width=\"319\">DEEE<\/td>\n<\/tr>\n<tr>\n<td width=\"319\">RoHS<\/td>\n<\/tr>\n<tr>\n<td width=\"319\">ATTEINDRE<\/td>\n<\/tr>\n<tr>\n<td width=\"319\">Microsoft\u00ae WHQL<\/td>\n<\/tr>\n<tr>\n<td colspan=\"2\" width=\"491\">Prise en charge du syst\u00e8me d&#039;exploitation du pilote de p\u00e9riph\u00e9rique<\/td>\n<\/tr>\n<tr>\n<td rowspan=\"5\" width=\"172\">Prise en charge du syst\u00e8me d&#039;exploitation du pilote de p\u00e9riph\u00e9rique<\/td>\n<td width=\"319\">Windows\u00ae<\/td>\n<\/tr>\n<tr>\n<td width=\"319\">Linux\u00ae<\/td>\n<\/tr>\n<tr>\n<td width=\"319\">MAC OS\u00ae<\/td>\n<\/tr>\n<tr>\n<td width=\"319\">Android\u2122<\/td>\n<\/tr>\n<tr>\n<td width=\"319\">Solaris<\/td>\n<\/tr>\n<\/tbody>\n<\/table>\n<\/div>\n<\/li>\n<\/ul>","protected":false},"excerpt":{"rendered":"<p>ACM39U-Y3 est un module de lecteur de contact USB haute vitesse pour les applications de cartes \u00e0 puce, prenant en charge divers syst\u00e8mes d&#039;exploitation et un lecteur de carte SAM en option.<\/p>","protected":false},"featured_media":1620,"template":"","meta":[],"product_brand":[],"product_cat":[41],"product_tag":[],"class_list":{"0":"post-1619","1":"product","2":"type-product","3":"status-publish","4":"has-post-thumbnail","6":"product_cat-module-ic-reader","8":"first","9":"instock","10":"shipping-taxable","11":"product-type-simple"},"_links":{"self":[{"href":"https:\/\/nfc-readers.com\/fr\/wp-json\/wp\/v2\/product\/1619","targetHints":{"allow":["GET"]}}],"collection":[{"href":"https:\/\/nfc-readers.com\/fr\/wp-json\/wp\/v2\/product"}],"about":[{"href":"https:\/\/nfc-readers.com\/fr\/wp-json\/wp\/v2\/types\/product"}],"wp:featuredmedia":[{"embeddable":true,"href":"https:\/\/nfc-readers.com\/fr\/wp-json\/wp\/v2\/media\/1620"}],"wp:attachment":[{"href":"https:\/\/nfc-readers.com\/fr\/wp-json\/wp\/v2\/media?parent=1619"}],"wp:term":[{"taxonomy":"product_brand","embeddable":true,"href":"https:\/\/nfc-readers.com\/fr\/wp-json\/wp\/v2\/product_brand?post=1619"},{"taxonomy":"product_cat","embeddable":true,"href":"https:\/\/nfc-readers.com\/fr\/wp-json\/wp\/v2\/product_cat?post=1619"},{"taxonomy":"product_tag","embeddable":true,"href":"https:\/\/nfc-readers.com\/fr\/wp-json\/wp\/v2\/product_tag?post=1619"}],"curies":[{"name":"wp","href":"https:\/\/api.w.org\/{rel}","templated":true}]}}