{"id":1623,"date":"2024-04-07T07:59:43","date_gmt":"2024-04-07T07:59:43","guid":{"rendered":"https:\/\/nfc-readers.com\/?post_type=product&#038;p=1623"},"modified":"2024-09-29T07:34:42","modified_gmt":"2024-09-29T07:34:42","slug":"acr40t-type-a-usb-sim-sized-smart-card-reader","status":"publish","type":"product","link":"https:\/\/nfc-readers.com\/fr\/ic-reader\/acr40t-type-a-usb-sim-sized-smart-card-reader\/","title":{"rendered":"Lecteur de carte \u00e0 puce USB ACR40T type A de taille SIM (bouton int\u00e9gr\u00e9 et cha\u00eene de boucle inclus)"},"content":{"rendered":"<h1>Lecteur de carte \u00e0 puce USB ACR40T type A de taille SIM (bouton int\u00e9gr\u00e9 et cha\u00eene de boucle inclus)<\/h1>\n<p>L&#039;ACR40T est un lecteur de carte \u00e0 puce hautement efficace et pouvant \u00eatre mis \u00e0 jour qui offre une large compatibilit\u00e9 avec les cartes \u00e0 puce ISO 7816 et diverses cartes m\u00e9moire, dot\u00e9 d&#039;un emplacement pour carte \u00e0 puce convivial dans un design particuli\u00e8rement petit.<\/p>\n<ul>\n<li>\n<h2><strong>Prend en charge diff\u00e9rents types de cartes de contact<\/strong><\/h2>\n<ul>\n<li>\n<h3>ISO 7816 Classes A, B et C (5 V, 3 V et 1,8 V)<\/h3>\n<\/li>\n<li>\n<h3>Carte \u00e0 microprocesseur (T=0, T=1)<\/h3>\n<\/li>\n<li>\n<h3>Carte m\u00e9moire<\/h3>\n<\/li>\n<li>\n<h3>Caract\u00e9ristiques Protection contre les courts-circuits<\/h3>\n<\/li>\n<\/ul>\n<\/li>\n<li>\n<h2><strong>Interface de programmation d&#039;applications:<\/strong><\/h2>\n<ul>\n<li>\n<h3>Prend en charge PC\/SC<\/h3>\n<\/li>\n<\/ul>\n<\/li>\n<li>\n<h2><strong>P\u00e9riph\u00e9riques int\u00e9gr\u00e9s<\/strong><\/h2>\n<ul>\n<li>\n<h3>1 x LED programmable (verte)<\/h3>\n<\/li>\n<li>\n<table width=\"591\">\n<tbody>\n<tr>\n<td colspan=\"2\" width=\"591\">Caract\u00e9ristiques physiques<\/td>\n<\/tr>\n<tr>\n<td rowspan=\"2\" width=\"266\">Dimensions (mm)<\/td>\n<td width=\"325\">ACR40T-A1\u00a0: 48,9\u00a0mm (L) \u00d7 17,7\u00a0mm (L) \u00d7 8,0\u00a0mm (H)<\/td>\n<\/tr>\n<tr>\n<td width=\"325\">ACR40T-A5\u00a0: 44,7\u00a0mm (L) \u00d7 17,7\u00a0mm (L) \u00d7 8,0\u00a0mm (H)<\/td>\n<\/tr>\n<tr>\n<td rowspan=\"2\" width=\"266\">Poids (g)<\/td>\n<td width=\"325\">ACR40T-A1\u00a0: 6,8 g \u00b1 1,0 g<\/td>\n<\/tr>\n<tr>\n<td width=\"325\">ACR40T-A5\u00a0: 5,3 g \u00b1 1,0 g<\/td>\n<\/tr>\n<tr>\n<td colspan=\"2\" width=\"591\">Interface USB<\/td>\n<\/tr>\n<tr>\n<td width=\"266\">Protocole<\/td>\n<td width=\"325\">CCID USB<\/td>\n<\/tr>\n<tr>\n<td rowspan=\"2\" width=\"266\">Type de connecteur<\/td>\n<td width=\"325\">USB Type-A<\/td>\n<\/tr>\n<tr>\n<td width=\"325\">USB Type-C<\/td>\n<\/tr>\n<tr>\n<td width=\"266\">Source d&#039;\u00e9nergie<\/td>\n<td width=\"325\">Depuis le port USB<\/td>\n<\/tr>\n<tr>\n<td width=\"266\">Vitesse<\/td>\n<td width=\"325\">USB pleine vitesse (12 Mbps)<\/td>\n<\/tr>\n<tr>\n<td colspan=\"2\" width=\"591\">Contacter l&#039;interface de carte \u00e0 puce<\/td>\n<\/tr>\n<tr>\n<td width=\"266\">Nombre d&#039;emplacements<\/td>\n<td width=\"325\">1 emplacement pour carte SIM (2FF)<\/td>\n<\/tr>\n<tr>\n<td width=\"266\">Protocole<\/td>\n<td width=\"325\">T=0\u00a0; T=1<\/td>\n<\/tr>\n<tr>\n<td colspan=\"2\" width=\"591\">P\u00e9riph\u00e9riques int\u00e9gr\u00e9s<\/td>\n<\/tr>\n<tr>\n<td width=\"266\">DIRIG\u00c9<\/td>\n<td width=\"325\">Vert<\/td>\n<\/tr>\n<tr>\n<td colspan=\"2\" width=\"591\">Autres caract\u00e9ristiques<\/td>\n<\/tr>\n<tr>\n<td width=\"266\">Autres caract\u00e9ristiques<\/td>\n<td width=\"325\">Prend en charge la mise \u00e0 niveau du micrologiciel<\/td>\n<\/tr>\n<tr>\n<td colspan=\"2\" width=\"591\">Certifications\/Conformit\u00e9<\/td>\n<\/tr>\n<tr>\n<td rowspan=\"12\" width=\"266\">Certifications\/Conformit\u00e9<\/td>\n<td width=\"325\">Certifications\u00a0:<\/td>\n<\/tr>\n<tr>\n<td width=\"325\">UL62368<\/td>\n<\/tr>\n<tr>\n<td width=\"325\">CE<\/td>\n<\/tr>\n<tr>\n<td width=\"325\">UKCA<\/td>\n<\/tr>\n<tr>\n<td width=\"325\">FCC<\/td>\n<\/tr>\n<tr>\n<td width=\"325\">RoHS<\/td>\n<\/tr>\n<tr>\n<td width=\"325\">ATTEINDRE<\/td>\n<\/tr>\n<tr>\n<td width=\"325\">VCCI<\/td>\n<\/tr>\n<tr>\n<td width=\"325\">Microsoft\u00ae WHQL<\/td>\n<\/tr>\n<tr>\n<td width=\"325\">Conformit\u00e9s\u00a0:<\/td>\n<\/tr>\n<tr>\n<td width=\"325\">CCID USB<\/td>\n<\/tr>\n<tr>\n<td width=\"325\">PC\/SC<\/td>\n<\/tr>\n<tr>\n<td colspan=\"2\" width=\"591\">Prise en charge du syst\u00e8me d&#039;exploitation du pilote de p\u00e9riph\u00e9rique<\/td>\n<\/tr>\n<tr>\n<td rowspan=\"4\" width=\"266\">Prise en charge du syst\u00e8me d&#039;exploitation du pilote de p\u00e9riph\u00e9rique<\/td>\n<td width=\"325\">Windows\u00ae<\/td>\n<\/tr>\n<tr>\n<td width=\"325\">Linux\u00ae<\/td>\n<\/tr>\n<tr>\n<td width=\"325\">macOS<\/td>\n<\/tr>\n<tr>\n<td width=\"325\">Android\u2122<\/td>\n<\/tr>\n<\/tbody>\n<\/table>\n<\/li>\n<\/ul>\n<\/li>\n<\/ul>","protected":false},"excerpt":{"rendered":"<p>L&#039;ACR40T est un lecteur de contact USB haute vitesse con\u00e7u pour les cartes de la taille d&#039;une carte SIM, offrant des mises \u00e0 jour du micrologiciel et une compatibilit\u00e9 avec diverses cartes \u00e0 puce et m\u00e9moire.<\/p>","protected":false},"featured_media":1624,"template":"","meta":[],"product_brand":[],"product_cat":[39],"product_tag":[],"class_list":{"0":"post-1623","1":"product","2":"type-product","3":"status-publish","4":"has-post-thumbnail","6":"product_cat-usb-ic-smartcard-reader","8":"first","9":"instock","10":"shipping-taxable","11":"product-type-simple"},"_links":{"self":[{"href":"https:\/\/nfc-readers.com\/fr\/wp-json\/wp\/v2\/product\/1623","targetHints":{"allow":["GET"]}}],"collection":[{"href":"https:\/\/nfc-readers.com\/fr\/wp-json\/wp\/v2\/product"}],"about":[{"href":"https:\/\/nfc-readers.com\/fr\/wp-json\/wp\/v2\/types\/product"}],"wp:featuredmedia":[{"embeddable":true,"href":"https:\/\/nfc-readers.com\/fr\/wp-json\/wp\/v2\/media\/1624"}],"wp:attachment":[{"href":"https:\/\/nfc-readers.com\/fr\/wp-json\/wp\/v2\/media?parent=1623"}],"wp:term":[{"taxonomy":"product_brand","embeddable":true,"href":"https:\/\/nfc-readers.com\/fr\/wp-json\/wp\/v2\/product_brand?post=1623"},{"taxonomy":"product_cat","embeddable":true,"href":"https:\/\/nfc-readers.com\/fr\/wp-json\/wp\/v2\/product_cat?post=1623"},{"taxonomy":"product_tag","embeddable":true,"href":"https:\/\/nfc-readers.com\/fr\/wp-json\/wp\/v2\/product_tag?post=1623"}],"curies":[{"name":"wp","href":"https:\/\/api.w.org\/{rel}","templated":true}]}}