{"id":1626,"date":"2024-04-07T08:02:18","date_gmt":"2024-04-07T08:02:18","guid":{"rendered":"https:\/\/nfc-readers.com\/?post_type=product&#038;p=1626"},"modified":"2024-09-29T07:31:36","modified_gmt":"2024-09-29T07:31:36","slug":"acr40u-high-speed-contact-reader-writer","status":"publish","type":"product","link":"https:\/\/nfc-readers.com\/fr\/ic-reader\/acr40u-high-speed-contact-reader-writer\/","title":{"rendered":"ACR40U graveur de lecteur de contact haute vitesse"},"content":{"rendered":"<h1>ACR40U graveur de lecteur de contact haute vitesse<\/h1>\n<p>le lecteur de carte \u00e0 puce ACR40U offre une solution sophistiqu\u00e9e pour s\u00e9curiser les transactions num\u00e9riques et le contr\u00f4le d&#039;acc\u00e8s, mettant l&#039;accent sur la vitesse, la durabilit\u00e9 et la facilit\u00e9 d&#039;utilisation sur diverses plates-formes et applications.<\/p>\n<ul>\n<li>\n<h2>Interface USB 2.0 pleine vitesse<\/h2>\n<\/li>\n<li>\n<h2>USB de type A<\/h2>\n<\/li>\n<li>\n<h2>Plug and Play \u2013 La prise en charge CCID apporte une mobilit\u00e9 maximale<\/h2>\n<\/li>\n<li>\n<h2>Lecteur de carte \u00e0 puce\u00a0:<\/h2>\n<\/li>\n<li>\n<h2>Prend en charge les cartes ISO 7816 Classe A, B et C (5 V, 3 V, 1,8 V)<\/h2>\n<ul>\n<li>\n<h3>Prend en charge le CAC<\/h3>\n<\/li>\n<li>\n<h3>Prend en charge la carte SIPRNET<\/h3>\n<\/li>\n<li>\n<h3>Prend en charge MyKad<\/h3>\n<\/li>\n<li>\n<h3>Prend en charge la carte J-LIS<\/h3>\n<\/li>\n<li>\n<h3>Prend en charge les cartes \u00e0 microprocesseur avec protocole T=0 ou T=1<\/h3>\n<\/li>\n<li>\n<h3>Prend en charge les cartes m\u00e9moire<\/h3>\n<\/li>\n<li>\n<h3>Prend en charge PPS (s\u00e9lection de protocole et de param\u00e8tres)<\/h3>\n<\/li>\n<li>\n<h3>Caract\u00e9ristiques Protection contre les courts-circuits<\/h3>\n<\/li>\n<\/ul>\n<\/li>\n<li>\n<h2>Interface de programmation d&#039;applications:<\/h2>\n<ul>\n<li>\n<h3>Prend en charge PC\/SC<\/h3>\n<\/li>\n<li>\n<h3>Prise en charge de l&#039;API CT<\/h3>\n<\/li>\n<\/ul>\n<\/li>\n<li>\n<h2>Prend en charge tous les principaux syst\u00e8mes d&#039;exploitation<\/h2>\n<ul>\n<li>\n<h3>Windows\u00ae, Linux\u00ae, macOS, iOS, iPadOS, Android\u2122, Solaris\u2122<\/h3>\n<\/li>\n<li>\n<div>\n<table width=\"566\">\n<tbody>\n<tr>\n<td colspan=\"2\" width=\"566\">Caract\u00e9ristiques physiques<\/td>\n<\/tr>\n<tr>\n<td width=\"207\">Dimensions (mm)<\/td>\n<td width=\"359\">55 mm (L) \u00d7 65,0 mm (L) \u00d7 9,0 mm (H)<\/td>\n<\/tr>\n<tr>\n<td width=\"207\">Poids (g)<\/td>\n<td width=\"359\">40,0 g \u00b1 5,0 g<\/td>\n<\/tr>\n<tr>\n<td colspan=\"2\" width=\"566\">Interface USB<\/td>\n<\/tr>\n<tr>\n<td width=\"207\">Protocole<\/td>\n<td width=\"359\">CCID USB<\/td>\n<\/tr>\n<tr>\n<td width=\"207\">Type de connecteur<\/td>\n<td width=\"359\">Type standard A, type C<\/td>\n<\/tr>\n<tr>\n<td width=\"207\">Source d&#039;\u00e9nergie<\/td>\n<td width=\"359\">Depuis le port USB<\/td>\n<\/tr>\n<tr>\n<td width=\"207\">Vitesse<\/td>\n<td width=\"359\">USB 2.0 pleine vitesse (12 Mbit\/s)<\/td>\n<\/tr>\n<tr>\n<td width=\"207\">Longueur de c\u00e2ble<\/td>\n<td width=\"359\">1 m, fixe<\/td>\n<\/tr>\n<tr>\n<td colspan=\"2\" width=\"566\">Contacter l&#039;interface de carte \u00e0 puce<\/td>\n<\/tr>\n<tr>\n<td width=\"207\">Nombre d&#039;emplacements<\/td>\n<td width=\"359\">1 emplacement pour carte pleine taille<\/td>\n<\/tr>\n<tr>\n<td width=\"207\">Standard<\/td>\n<td width=\"359\">ISO 7816 parties 1-4, classes A, B, C (5 V, 3 V, 1,8 V)<\/td>\n<\/tr>\n<tr>\n<td width=\"207\">Protocole<\/td>\n<td width=\"359\">T=0\u00a0; T=1\u00a0; Prise en charge des cartes m\u00e9moire<\/td>\n<\/tr>\n<tr>\n<td width=\"207\">Autres<\/td>\n<td width=\"359\">Carte Mykad, CAC, J-LIS, SIPRNET<\/td>\n<\/tr>\n<tr>\n<td colspan=\"2\" width=\"566\">Certifications\/Conformit\u00e9<\/td>\n<\/tr>\n<tr>\n<td rowspan=\"17\" width=\"207\">Certifications\/Conformit\u00e9<\/td>\n<td width=\"359\">EN62368\/CEI 62368<\/td>\n<\/tr>\n<tr>\n<td width=\"359\">CE<\/td>\n<\/tr>\n<tr>\n<td width=\"359\">FCC<\/td>\n<\/tr>\n<tr>\n<td width=\"359\">RoHS<\/td>\n<\/tr>\n<tr>\n<td width=\"359\">ATTEINDRE<\/td>\n<\/tr>\n<tr>\n<td width=\"359\">EMV\u2122 Niveau 1 (Contact)<\/td>\n<\/tr>\n<tr>\n<td width=\"359\">UL62368<\/td>\n<\/tr>\n<tr>\n<td width=\"359\">J-LIS<\/td>\n<\/tr>\n<tr>\n<td width=\"359\">KC<\/td>\n<\/tr>\n<tr>\n<td width=\"359\">PBOC niveau 1 (Contact)<\/td>\n<\/tr>\n<tr>\n<td width=\"359\">TAA<\/td>\n<\/tr>\n<tr>\n<td width=\"359\">UKCA<\/td>\n<\/tr>\n<tr>\n<td width=\"359\">UL<\/td>\n<\/tr>\n<tr>\n<td width=\"359\">VCCI<\/td>\n<\/tr>\n<tr>\n<td width=\"359\">DEEE<\/td>\n<\/tr>\n<tr>\n<td width=\"359\">USB 2.0 pleine vitesse<\/td>\n<\/tr>\n<tr>\n<td width=\"359\">Microsoft\u00ae WHQL<\/td>\n<\/tr>\n<tr>\n<td colspan=\"2\" width=\"566\">Prise en charge du syst\u00e8me d&#039;exploitation du pilote de p\u00e9riph\u00e9rique<\/td>\n<\/tr>\n<tr>\n<td rowspan=\"7\" width=\"207\">Prise en charge du syst\u00e8me d&#039;exploitation du pilote de p\u00e9riph\u00e9rique<\/td>\n<td width=\"359\">Windows\u00ae<\/td>\n<\/tr>\n<tr>\n<td width=\"359\">Linux\u00ae<\/td>\n<\/tr>\n<tr>\n<td width=\"359\">macOS<\/td>\n<\/tr>\n<tr>\n<td width=\"359\">IOS<\/td>\n<\/tr>\n<tr>\n<td width=\"359\">iPadOS<\/td>\n<\/tr>\n<tr>\n<td width=\"359\">Android\u2122<\/td>\n<\/tr>\n<tr>\n<td width=\"359\">Solaris\u2122<\/td>\n<\/tr>\n<\/tbody>\n<\/table>\n<\/div>\n<\/li>\n<\/ul>\n<\/li>\n<\/ul>","protected":false},"excerpt":{"rendered":"<p>L&#039;ACR40U est un lecteur de contact USB haute vitesse qui prend en charge les cartes EMV, offrant des performances fiables et une compatibilit\u00e9 sur plusieurs syst\u00e8mes d&#039;exploitation pour diverses applications.<\/p>","protected":false},"featured_media":1628,"template":"","meta":[],"product_brand":[],"product_cat":[39],"product_tag":[],"class_list":{"0":"post-1626","1":"product","2":"type-product","3":"status-publish","4":"has-post-thumbnail","6":"product_cat-usb-ic-smartcard-reader","8":"first","9":"instock","10":"shipping-taxable","11":"product-type-simple"},"_links":{"self":[{"href":"https:\/\/nfc-readers.com\/fr\/wp-json\/wp\/v2\/product\/1626","targetHints":{"allow":["GET"]}}],"collection":[{"href":"https:\/\/nfc-readers.com\/fr\/wp-json\/wp\/v2\/product"}],"about":[{"href":"https:\/\/nfc-readers.com\/fr\/wp-json\/wp\/v2\/types\/product"}],"wp:featuredmedia":[{"embeddable":true,"href":"https:\/\/nfc-readers.com\/fr\/wp-json\/wp\/v2\/media\/1628"}],"wp:attachment":[{"href":"https:\/\/nfc-readers.com\/fr\/wp-json\/wp\/v2\/media?parent=1626"}],"wp:term":[{"taxonomy":"product_brand","embeddable":true,"href":"https:\/\/nfc-readers.com\/fr\/wp-json\/wp\/v2\/product_brand?post=1626"},{"taxonomy":"product_cat","embeddable":true,"href":"https:\/\/nfc-readers.com\/fr\/wp-json\/wp\/v2\/product_cat?post=1626"},{"taxonomy":"product_tag","embeddable":true,"href":"https:\/\/nfc-readers.com\/fr\/wp-json\/wp\/v2\/product_tag?post=1626"}],"curies":[{"name":"wp","href":"https:\/\/api.w.org\/{rel}","templated":true}]}}