{"id":1909,"date":"2024-10-15T13:42:27","date_gmt":"2024-10-15T13:42:27","guid":{"rendered":"https:\/\/nfc-readers.com\/?post_type=product&#038;p=1909"},"modified":"2024-10-28T15:36:29","modified_gmt":"2024-10-28T15:36:29","slug":"acr1222l-contactless-rfid-nfc-reader-writer","status":"publish","type":"product","link":"https:\/\/nfc-readers.com\/fr\/ic-reader\/acr1222l-contactless-rfid-nfc-reader-writer\/","title":{"rendered":"Lecteur-enregistreur RFID NFC sans contact ACR1222L"},"content":{"rendered":"<p><iframe loading=\"lazy\" title=\"Lecteur NFC ACR1222L\" width=\"1020\" height=\"765\" src=\"https:\/\/www.youtube.com\/embed\/i-7zrKP8WJo?feature=oembed\" frameborder=\"0\" allow=\"accelerometer; autoplay; clipboard-write; encrypted-media; gyroscope; picture-in-picture; web-share\" referrerpolicy=\"strict-origin-when-cross-origin\" allowfullscreen><\/iframe><\/p>\n<div>\n<h1><strong>Lecteur-enregistreur RFID NFC sans contact ACR1222L<\/strong><\/h1>\n<p>Le\u00a0<strong>Lecteur-enregistreur RFID NFC sans contact ACR1222L<\/strong>\u00a0est un appareil haut de gamme con\u00e7u pour faciliter une interaction transparente avec une large gamme de cartes \u00e0 puce sans contact et d&#039;\u00e9tiquettes NFC. Avec une int\u00e9gration technologique avanc\u00e9e et des fonctionnalit\u00e9s conviviales, cet\u00a0<strong>Lecteur NFC<\/strong>\u00a0est id\u00e9al pour diverses applications, notamment le contr\u00f4le d&#039;acc\u00e8s s\u00e9curis\u00e9, les paiements sans contact et la collecte de donn\u00e9es. Si vous cherchez \u00e0 am\u00e9liorer vos op\u00e9rations avec une solution fiable et efficace\u00a0<strong>lecteur de carte<\/strong>, l&#039;ACR1222L m\u00e9rite d&#039;\u00eatre pris en consid\u00e9ration.<\/p>\n<p>Cet appareil offre une compatibilit\u00e9 exceptionnelle avec plusieurs \u00e9tiquettes NFC et cartes \u00e0 puce, aidant ainsi les entreprises \u00e0 rationaliser leurs transactions et \u00e0 am\u00e9liorer l&#039;engagement des utilisateurs. Les avantages d&#039;investir dans l&#039;ACR1222L comprennent ses fonctionnalit\u00e9s de s\u00e9curit\u00e9 avanc\u00e9es, son interface interactive avec \u00e9cran LCD int\u00e9gr\u00e9 et sa prise en charge \u00e9tendue de divers types de cartes. D\u00e9couvrez pourquoi cet appareil est indispensable pour les entreprises qui cherchent \u00e0 exploiter la puissance de\u00a0<strong>RFID<\/strong>\u00a0technologie.<\/p>\n<h3>1. Compatibilit\u00e9 compl\u00e8te avec plusieurs technologies NFC<\/h3>\n<p>L&#039;ACR1222L est construit sur la base avanc\u00e9e\u00a0<strong>Technologie RFID 13,56 MHz<\/strong>, garantissant la compatibilit\u00e9 avec un large \u00e9ventail de cartes sans contact et\u00a0<strong>NFC<\/strong>\u00a0balises. Cela comprend\u00a0<strong>Cartes ISO 14443 Type A et B, MIFARE<\/strong>, FeliCa et les quatre types d&#039;\u00e9tiquettes NFC. Une telle polyvalence fait de l&#039;ACR1222L un outil essentiel pour les entreprises qui cherchent \u00e0 int\u00e9grer la technologie sans contact dans leurs op\u00e9rations.<\/p>\n<p>De plus, le\u00a0<strong>ACR1222L<\/strong>\u00a0prend en charge\u00a0<strong>Fonctionnalit\u00e9s NFC<\/strong>\u00a0qui lui permettent de lire et d&#039;\u00e9crire efficacement des tags NFC. Cette capacit\u00e9 peut \u00eatre particuli\u00e8rement b\u00e9n\u00e9fique pour les entreprises qui utilisent\u00a0<strong>t\u00e9l\u00e9phone intelligent<\/strong>\u00a0transactions, telles que\u00a0<strong>Google Pay<\/strong>, permettant un traitement fluide des paiements via des appareils compatibles NFC. Que vous travailliez avec des cartes RFID traditionnelles ou les derni\u00e8res\u00a0<strong>Puces NFC<\/strong>, cet appareil se distingue comme un choix de premier ordre sur le march\u00e9.<\/p>\n<h3>2. Fonctionnalit\u00e9s de s\u00e9curit\u00e9 am\u00e9lior\u00e9es pour des transactions s\u00e9curis\u00e9es<\/h3>\n<p>La s\u00e9curit\u00e9 est une pr\u00e9occupation primordiale pour toute organisation qui traite des donn\u00e9es sensibles. L&#039;ACR1222L pr\u00e9sente\u00a0<strong>trois modules d&#039;acc\u00e8s s\u00e9curis\u00e9 (SAM) conformes \u00e0 la norme ISO 7816<\/strong>\u00a0Emplacements pour une s\u00e9curit\u00e9 renforc\u00e9e des op\u00e9rations sans contact. Ces emplacements SAM permettent une gestion s\u00e9curis\u00e9e des cl\u00e9s cryptographiques et garantissent que seules les transactions autoris\u00e9es sont trait\u00e9es.<\/p>\n<p>Gr\u00e2ce \u00e0 la technologie anti-collision int\u00e9gr\u00e9e, l&#039;ACR1222L peut g\u00e9rer plusieurs cartes NFC simultan\u00e9ment, garantissant qu&#039;une seule \u00e9tiquette est accessible \u00e0 la fois. Cette fonctionnalit\u00e9 am\u00e9liore l&#039;int\u00e9grit\u00e9 des donn\u00e9es et r\u00e9duit le risque d&#039;acc\u00e8s non autoris\u00e9, un \u00e9l\u00e9ment essentiel pour les syst\u00e8mes de contr\u00f4le d&#039;acc\u00e8s et les transactions financi\u00e8res. Par cons\u00e9quent, cette\u00a0<strong>Lecteur NFC<\/strong>\u00a0non seulement r\u00e9pond aux normes de s\u00e9curit\u00e9 de l&#039;industrie, mais les d\u00e9passe.<\/p>\n<h3>3. Interface utilisateur intuitive pour une interaction transparente<\/h3>\n<p>L&#039;ACR1222L est \u00e9quip\u00e9 d&#039;un\u00a0<strong>\u00e9cran LCD graphique \u00e0 deux lignes<\/strong>\u00a0qui prend en charge plusieurs langues, notamment le chinois, l&#039;anglais, le japonais et plusieurs langues europ\u00e9ennes. Cette prise en charge multilingue facilite les interactions pour une base d&#039;utilisateurs diversifi\u00e9e, garantissant que tous les utilisateurs peuvent comprendre l&#039;appareil et ses fonctionnalit\u00e9s.<\/p>\n<p>De plus, l&#039;\u00e9cran LCD interactif permet aux utilisateurs de faire d\u00e9filer les options et d&#039;acc\u00e9der facilement \u00e0 divers param\u00e8tres.\u00a0<strong>quatre LED contr\u00f4lables par l&#039;utilisateur<\/strong>\u00a0et un buzzer sonore pour les notifications d&#039;\u00e9tat, l&#039;ACR1222L garantit une exp\u00e9rience utilisateur claire et engageante. Cette interface intuitive est con\u00e7ue pour am\u00e9liorer la compr\u00e9hension de l&#039;utilisateur et rationaliser les flux de travail op\u00e9rationnels, ce qui en fait un excellent ajout \u00e0 toute pile technologique.<\/p>\n<h3>4. Applications polyvalentes dans tous les secteurs<\/h3>\n<p>Le lecteur-enregistreur RFID NFC sans contact ACR1222L peut \u00eatre utilis\u00e9 dans divers secteurs, notamment la vente au d\u00e9tail, la sant\u00e9 et le transport. Dans le commerce de d\u00e9tail, la capacit\u00e9 de lire et d&#039;\u00e9crire des \u00e9tiquettes NFC permet aux entreprises de rationaliser les transactions et d&#039;am\u00e9liorer l&#039;engagement des clients.\u00a0<strong>Outils NFC<\/strong>\u00a0peut \u00eatre int\u00e9gr\u00e9 pour g\u00e9rer des programmes de fid\u00e9lit\u00e9 ou faciliter les paiements sans contact, am\u00e9liorant ainsi la satisfaction globale des clients.<\/p>\n<p>Dans le secteur de la sant\u00e9, l&#039;ACR1222L peut contribuer \u00e0 rationaliser l&#039;enregistrement des patients, \u00e0 garantir un acc\u00e8s s\u00e9curis\u00e9 aux informations sensibles et \u00e0 garantir que le personnel m\u00e9dical a un acc\u00e8s rapide aux donn\u00e9es. De plus, sa compatibilit\u00e9 avec les cartes RFID le rend id\u00e9al pour contr\u00f4ler l&#039;acc\u00e8s aux zones r\u00e9glement\u00e9es, am\u00e9liorant ainsi la s\u00e9curit\u00e9 dans les centres de transport.<\/p>\n<h3>5. Sp\u00e9cifications techniques et indicateurs de performance<\/h3>\n<p>Les prouesses techniques de l&#039;ACR1222L sont d\u00e9montr\u00e9es par ses sp\u00e9cifications impressionnantes :<\/p>\n<\/div>\n<div>\n<table width=\"702\">\n<tbody>\n<tr>\n<td colspan=\"2\" width=\"702\">Caract\u00e9ristiques physiques<\/td>\n<\/tr>\n<tr>\n<td rowspan=\"2\" width=\"250\">Dimensions (mm)<\/td>\n<td width=\"452\">Corps principal\u00a0: 133,5\u00a0mm (L) x 88,5\u00a0mm (L) x 21,0\u00a0mm (H)<\/td>\n<\/tr>\n<tr>\n<td width=\"452\">Avec support\u00a0: 158,0 mm (L) x 95,0 mm (L) x 95,0 mm (H)<\/td>\n<\/tr>\n<tr>\n<td rowspan=\"2\" width=\"250\">Poids (g)<\/td>\n<td width=\"452\">Corps principal : 173 g<\/td>\n<\/tr>\n<tr>\n<td width=\"452\">Avec support : 415 g<\/td>\n<\/tr>\n<tr>\n<td colspan=\"2\" width=\"702\">Interface USB<\/td>\n<\/tr>\n<tr>\n<td width=\"250\">Protocole<\/td>\n<td width=\"452\">CCID USB<\/td>\n<\/tr>\n<tr>\n<td width=\"250\">Type de connecteur<\/td>\n<td width=\"452\">Type standard A<\/td>\n<\/tr>\n<tr>\n<td width=\"250\">Source d&#039;\u00e9nergie<\/td>\n<td width=\"452\">Depuis le port USB<\/td>\n<\/tr>\n<tr>\n<td width=\"250\">Vitesse<\/td>\n<td width=\"452\">USB pleine vitesse (12 Mbit\/s)<\/td>\n<\/tr>\n<tr>\n<td width=\"250\">Longueur de c\u00e2ble<\/td>\n<td width=\"452\">1,5 m, fixe<\/td>\n<\/tr>\n<tr>\n<td colspan=\"2\" width=\"702\">Interface de carte \u00e0 puce sans contact<\/td>\n<\/tr>\n<tr>\n<td width=\"250\">Standard<\/td>\n<td width=\"452\">ISO\/IEC 18092 NFC, ISO 14443 types A et B, MIFARE\u00ae, FeliCa<\/td>\n<\/tr>\n<tr>\n<td rowspan=\"4\" width=\"250\">Protocole<\/td>\n<td width=\"452\">Carte conforme ISO 14443-4, T=CL<\/td>\n<\/tr>\n<tr>\n<td width=\"452\">Carte MIFARE\u00ae Classique, T=CL<\/td>\n<\/tr>\n<tr>\n<td width=\"452\">ISO18092, \u00e9tiquettes NFC<\/td>\n<\/tr>\n<tr>\n<td width=\"452\">F\u00e9lica<\/td>\n<\/tr>\n<tr>\n<td colspan=\"2\" width=\"702\">Interface de la carte SAM<\/td>\n<\/tr>\n<tr>\n<td width=\"250\">Nombre d&#039;emplacements<\/td>\n<td width=\"452\">3 emplacements pour cartes SIM standard<\/td>\n<\/tr>\n<tr>\n<td width=\"250\">Standard<\/td>\n<td width=\"452\">ISO 7816 Classe A (5 V)<\/td>\n<\/tr>\n<tr>\n<td width=\"250\">Protocole<\/td>\n<td width=\"452\">T=0\u00a0; T=1<\/td>\n<\/tr>\n<tr>\n<td colspan=\"2\" width=\"702\">P\u00e9riph\u00e9riques int\u00e9gr\u00e9s<\/td>\n<\/tr>\n<tr>\n<td rowspan=\"3\" width=\"250\">\u00c9cran LCD<\/td>\n<td width=\"452\">LCD graphique avec r\u00e9tro\u00e9clairage jaune-vert<\/td>\n<\/tr>\n<tr>\n<td width=\"452\">R\u00e9solution : 128 x 32 pixels<\/td>\n<\/tr>\n<tr>\n<td width=\"452\">Nombre de caract\u00e8res\u00a0: 16 caract\u00e8res x 2 lignes<\/td>\n<\/tr>\n<tr>\n<td width=\"250\">DIRIG\u00c9<\/td>\n<td width=\"452\">4 couleurs uniques\u00a0: vert, bleu, orange et rouge<\/td>\n<\/tr>\n<tr>\n<td width=\"250\">Avertisseur sonore<\/td>\n<td width=\"452\">Monotone<\/td>\n<\/tr>\n<tr>\n<td colspan=\"2\" width=\"702\">Autres caract\u00e9ristiques<\/td>\n<\/tr>\n<tr>\n<td width=\"250\">Mise \u00e0 jour du firmware<\/td>\n<td width=\"452\">Prise en charge<\/td>\n<\/tr>\n<tr>\n<td colspan=\"2\" width=\"702\">Certifications\/Conformit\u00e9<\/td>\n<\/tr>\n<tr>\n<td rowspan=\"13\" width=\"250\">Certifications\/Conformit\u00e9<\/td>\n<td width=\"452\">OIN 18092<\/td>\n<\/tr>\n<tr>\n<td width=\"452\">OIN 14443<\/td>\n<\/tr>\n<tr>\n<td width=\"452\">ISO 7816 (emplacement SAM)<\/td>\n<\/tr>\n<tr>\n<td width=\"452\">USB pleine vitesse<\/td>\n<\/tr>\n<tr>\n<td width=\"452\">PC\/SC<\/td>\n<\/tr>\n<tr>\n<td width=\"452\">CCID<\/td>\n<\/tr>\n<tr>\n<td width=\"452\">VCCI (Japon)<\/td>\n<\/tr>\n<tr>\n<td width=\"452\">KC (Cor\u00e9e)<\/td>\n<\/tr>\n<tr>\n<td width=\"452\">Microsoft\u00ae WHQL<\/td>\n<\/tr>\n<tr>\n<td width=\"452\">CE<\/td>\n<\/tr>\n<tr>\n<td width=\"452\">FCC<\/td>\n<\/tr>\n<tr>\n<td width=\"452\">RoHS<\/td>\n<\/tr>\n<tr>\n<td width=\"452\">ATTEINDRE<\/td>\n<\/tr>\n<tr>\n<td colspan=\"2\" width=\"702\">Prise en charge du syst\u00e8me d&#039;exploitation du pilote de p\u00e9riph\u00e9rique<\/td>\n<\/tr>\n<tr>\n<td rowspan=\"5\" width=\"250\">Prise en charge du syst\u00e8me d&#039;exploitation du pilote de p\u00e9riph\u00e9rique<\/td>\n<td width=\"452\">Windows\u00ae<\/td>\n<\/tr>\n<tr>\n<td width=\"452\">Linux\u00ae<\/td>\n<\/tr>\n<tr>\n<td width=\"452\">MAC OS\u00ae<\/td>\n<\/tr>\n<tr>\n<td width=\"452\">Solaris<\/td>\n<\/tr>\n<tr>\n<td width=\"452\">Android\u2122<\/td>\n<\/tr>\n<\/tbody>\n<\/table>\n<\/div>\n<div><\/div>\n<div>\n<p>Avec ses capacit\u00e9s de lecture \u00e0 grande vitesse et sa flexibilit\u00e9 dans la gestion de diverses cartes, l&#039;ACR1222L se distingue comme un puissant\u00a0<strong>lecteur de carte \u00e0 puce<\/strong>.<\/p>\n<h3>6. Configuration et int\u00e9gration conviviales<\/h3>\n<p>La configuration de l&#039;ACR1222L est simple, ce qui le rend accessible aux utilisateurs techniques et non techniques. L&#039;appareil peut \u00eatre facilement int\u00e9gr\u00e9 dans les syst\u00e8mes existants via\u00a0<strong>USB<\/strong>, garantissant la compatibilit\u00e9 avec les syst\u00e8mes d&#039;exploitation courants, notamment Windows, Linux et macOS. De plus,\u00a0<strong>Mise \u00e0 niveau du micrologiciel USB<\/strong>\u00a0La fonctionnalit\u00e9 permet aux utilisateurs de maintenir leurs appareils \u00e0 jour avec les derni\u00e8res am\u00e9liorations et fonctionnalit\u00e9s de s\u00e9curit\u00e9.<\/p>\n<p>Cette facilit\u00e9 de configuration est particuli\u00e8rement avantageuse pour les entreprises qui cherchent \u00e0 mettre en \u0153uvre rapidement\u00a0<strong>solutions sans contact<\/strong>\u00a0sans temps d&#039;arr\u00eat prolong\u00e9s ni installations compliqu\u00e9es.<\/p>\n<h3>7. Impact environnemental et utilisation durable<\/h3>\n<p>Les entreprises \u00e9tant de plus en plus soucieuses de leur impact environnemental, l&#039;ACR1222L adh\u00e8re aux principes d&#039;utilisation durable. Gr\u00e2ce \u00e0 sa faible consommation d&#039;\u00e9nergie, l&#039;appareil r\u00e9duit non seulement les co\u00fbts \u00e9nerg\u00e9tiques, mais contribue \u00e9galement \u00e0 r\u00e9duire l&#039;empreinte carbone.<\/p>\n<p>De plus, l&#039;appareil est con\u00e7u pour des performances durables, minimisant le besoin de remplacements fr\u00e9quents et r\u00e9duisant les d\u00e9chets \u00e9lectroniques au fil du temps. Cet attrait pour la durabilit\u00e9 est un facteur essentiel pour les organisations qui cherchent \u00e0 promouvoir des initiatives \u00e9cologiques dans le cadre de leurs activit\u00e9s.<\/p>\n<h3>8. Avis et commentaires des clients<\/h3>\n<p>Les commentaires des clients sur l&#039;ACR1222L soulignent sa fiabilit\u00e9, sa simplicit\u00e9 d&#039;utilisation et ses fonctionnalit\u00e9s compl\u00e8tes. Les utilisateurs appr\u00e9cient les performances fluides lors de la lecture et de l&#039;\u00e9criture des tags NFC, ainsi que ses fonctions de s\u00e9curit\u00e9 robustes.<\/p>\n<p>Un utilisateur a d\u00e9clar\u00e9 : \u00ab L&#039;ACR1222L a transform\u00e9 nos processus de transaction. Il est rapide, s\u00e9curis\u00e9 et l&#039;\u00e9cran int\u00e9gr\u00e9 est incroyablement utile pour tenir nos clients inform\u00e9s. \u00bb<\/p>\n<\/div>\n<div><\/div>\n<div><\/div>","protected":false},"excerpt":{"rendered":"<p>Le lecteur-enregistreur RFID NFC sans contact ACR1222L peut \u00eatre utilis\u00e9 dans divers secteurs, notamment la vente au d\u00e9tail, la sant\u00e9 et le transport. Dans le commerce de d\u00e9tail, la capacit\u00e9 de lire et d&#039;\u00e9crire des \u00e9tiquettes NFC permet aux entreprises de rationaliser les transactions et d&#039;am\u00e9liorer l&#039;engagement des clients. <strong>Outils NFC<\/strong>\u00a0peut \u00eatre int\u00e9gr\u00e9 pour g\u00e9rer des programmes de fid\u00e9lit\u00e9 ou faciliter les paiements sans contact, am\u00e9liorant ainsi la satisfaction globale des clients.<\/p>","protected":false},"featured_media":1563,"template":"","meta":[],"product_brand":[],"product_cat":[45,40],"product_tag":[],"class_list":{"0":"post-1909","1":"product","2":"type-product","3":"status-publish","4":"has-post-thumbnail","6":"product_cat-contactless-nfc-reader","7":"product_cat-rfid-nfc-reader","9":"first","10":"instock","11":"shipping-taxable","12":"product-type-simple"},"_links":{"self":[{"href":"https:\/\/nfc-readers.com\/fr\/wp-json\/wp\/v2\/product\/1909","targetHints":{"allow":["GET"]}}],"collection":[{"href":"https:\/\/nfc-readers.com\/fr\/wp-json\/wp\/v2\/product"}],"about":[{"href":"https:\/\/nfc-readers.com\/fr\/wp-json\/wp\/v2\/types\/product"}],"wp:featuredmedia":[{"embeddable":true,"href":"https:\/\/nfc-readers.com\/fr\/wp-json\/wp\/v2\/media\/1563"}],"wp:attachment":[{"href":"https:\/\/nfc-readers.com\/fr\/wp-json\/wp\/v2\/media?parent=1909"}],"wp:term":[{"taxonomy":"product_brand","embeddable":true,"href":"https:\/\/nfc-readers.com\/fr\/wp-json\/wp\/v2\/product_brand?post=1909"},{"taxonomy":"product_cat","embeddable":true,"href":"https:\/\/nfc-readers.com\/fr\/wp-json\/wp\/v2\/product_cat?post=1909"},{"taxonomy":"product_tag","embeddable":true,"href":"https:\/\/nfc-readers.com\/fr\/wp-json\/wp\/v2\/product_tag?post=1909"}],"curies":[{"name":"wp","href":"https:\/\/api.w.org\/{rel}","templated":true}]}}