{"id":2020,"date":"2024-04-19T13:15:51","date_gmt":"2024-04-19T13:15:51","guid":{"rendered":"https:\/\/nfc-readers.com\/?post_type=product&#038;p=2020"},"modified":"2024-09-29T07:28:08","modified_gmt":"2024-09-29T07:28:08","slug":"cr100-bluetooth-emv-nfc-reader-writer","status":"publish","type":"product","link":"https:\/\/nfc-readers.com\/fr\/ic-reader\/cr100-bluetooth-emv-nfc-reader-writer\/","title":{"rendered":"CR100 Bluetooth EMV lecteur nfc"},"content":{"rendered":"<h1>CR100 Bluetooth EMV lecteur nfc<\/h1>\n<p>le CR100 est un appareil mPOS puissant et flexible qui offre fiabilit\u00e9 et facilit\u00e9 d&#039;int\u00e9gration pour les entreprises, permettant le traitement des paiements EMV et NFC en d\u00e9placement. Sa compatibilit\u00e9 avec une vari\u00e9t\u00e9 de syst\u00e8mes d\u2019exploitation et d\u2019options de connectivit\u00e9 comme Bluetooth et USB en fait un choix polyvalent pour les applications de paiement modernes.<\/p>\n<p><iframe loading=\"lazy\" title=\"Lecteur CR100 EMV NFC\" width=\"1020\" height=\"574\" src=\"https:\/\/www.youtube.com\/embed\/oXxrfqKoQoM?feature=oembed\" frameborder=\"0\" allow=\"accelerometer; autoplay; clipboard-write; encrypted-media; gyroscope; picture-in-picture; web-share\" referrerpolicy=\"strict-origin-when-cross-origin\" allowfullscreen><\/iframe><\/p>\n<table width=\"730\">\n<tbody>\n<tr>\n<td width=\"336\">Lecteur de carte EMV<\/td>\n<td width=\"394\">Lecteur de carte \u00e0 puce EMV\/PBOC, conforme \u00e0 la norme ISO 7816 Classe A, B, C<\/td>\n<\/tr>\n<tr>\n<td width=\"336\">Lecteur NFC<\/td>\n<td width=\"394\">EMV sans contact, ISO 14443A\/B<\/td>\n<\/tr>\n<tr>\n<td width=\"336\">Communication<\/td>\n<td width=\"394\">Bluetooth\u00ae v3.0, Bluetooth\u00ae v4.0 et USB<\/td>\n<\/tr>\n<tr>\n<td width=\"336\">Indicateur<\/td>\n<td width=\"394\">Indicateur d&#039;\u00e9tat LED et buzzer<\/td>\n<\/tr>\n<tr>\n<td rowspan=\"3\" width=\"336\">Gestion des cl\u00e9s<\/td>\n<td width=\"394\">DUKPT<\/td>\n<\/tr>\n<tr>\n<td width=\"394\">Cl\u00e9 fixe<\/td>\n<\/tr>\n<tr>\n<td width=\"394\">MK\/SK<\/td>\n<\/tr>\n<tr>\n<td rowspan=\"5\" width=\"336\">Algorithme de cryptage<\/td>\n<td width=\"394\">DES<\/td>\n<\/tr>\n<tr>\n<td width=\"394\">3DES<\/td>\n<\/tr>\n<tr>\n<td width=\"394\">AES<\/td>\n<\/tr>\n<tr>\n<td width=\"394\">RSA<\/td>\n<\/tr>\n<tr>\n<td width=\"394\">SHA-256<\/td>\n<\/tr>\n<tr>\n<td rowspan=\"4\" width=\"336\">Syst\u00e8me d&#039;exploitation pris en charge<\/td>\n<td width=\"394\">Android 2.1 ou sup\u00e9rieur<\/td>\n<\/tr>\n<tr>\n<td width=\"394\">iOS 6.0 ou sup\u00e9rieur<\/td>\n<\/tr>\n<tr>\n<td width=\"394\">T\u00e9l\u00e9phone Windows 8<\/td>\n<\/tr>\n<tr>\n<td width=\"394\">MS Windows<\/td>\n<\/tr>\n<tr>\n<td rowspan=\"12\" width=\"336\">Certifications<\/td>\n<td width=\"394\">EMV L1 et L2<\/td>\n<\/tr>\n<tr>\n<td width=\"394\">EMV sans contact L1<\/td>\n<\/tr>\n<tr>\n<td width=\"394\">PBOC L1 et L2<\/td>\n<\/tr>\n<tr>\n<td width=\"394\">MasterCard PayPass<\/td>\n<\/tr>\n<tr>\n<td width=\"394\">Visa PayWave<\/td>\n<\/tr>\n<tr>\n<td width=\"394\">Pr\u00eat pour le visa<\/td>\n<\/tr>\n<tr>\n<td width=\"394\">PCI-PTS 5.x avec SRED<\/td>\n<\/tr>\n<tr>\n<td width=\"394\">MasterCard TQM<\/td>\n<\/tr>\n<tr>\n<td width=\"394\">Paye AMEX<\/td>\n<\/tr>\n<tr>\n<td width=\"394\">BluetoothBQB<\/td>\n<\/tr>\n<tr>\n<td width=\"394\">FCC<\/td>\n<\/tr>\n<tr>\n<td width=\"394\">CE<\/td>\n<\/tr>\n<tr>\n<td width=\"336\">M\u00e9thode de chargement<\/td>\n<td width=\"394\">Micro USB<\/td>\n<\/tr>\n<tr>\n<td width=\"336\">Batterie<\/td>\n<td width=\"394\">Batterie rechargeable au lithium polym\u00e8re 3,7 V, sup\u00e9rieure \u00e0 250 mAh<\/td>\n<\/tr>\n<tr>\n<td width=\"336\">Dimensions<\/td>\n<td width=\"394\">66 x 66 x 9,8 mm (LxHxP)<\/td>\n<\/tr>\n<tr>\n<td rowspan=\"2\" width=\"336\">Accessoires<\/td>\n<td width=\"394\">C\u00e2ble micro-USB<\/td>\n<\/tr>\n<tr>\n<td width=\"394\">Station de chargement<\/td>\n<\/tr>\n<\/tbody>\n<\/table>","protected":false},"excerpt":{"rendered":"<p>L&#039;appareil mPOS CR100 offre d&#039;excellentes performances avec un lecteur EMV et un lecteur RFID, garantissant un traitement des paiements fiable sur plusieurs plates-formes.<\/p>","protected":false},"featured_media":2021,"template":"","meta":[],"product_brand":[],"product_cat":[15,45,40],"product_tag":[],"class_list":{"0":"post-2020","1":"product","2":"type-product","3":"status-publish","4":"has-post-thumbnail","6":"product_cat-pos-machine","7":"product_cat-contactless-nfc-reader","8":"product_cat-rfid-nfc-reader","10":"first","11":"instock","12":"shipping-taxable","13":"product-type-simple"},"_links":{"self":[{"href":"https:\/\/nfc-readers.com\/fr\/wp-json\/wp\/v2\/product\/2020","targetHints":{"allow":["GET"]}}],"collection":[{"href":"https:\/\/nfc-readers.com\/fr\/wp-json\/wp\/v2\/product"}],"about":[{"href":"https:\/\/nfc-readers.com\/fr\/wp-json\/wp\/v2\/types\/product"}],"wp:featuredmedia":[{"embeddable":true,"href":"https:\/\/nfc-readers.com\/fr\/wp-json\/wp\/v2\/media\/2021"}],"wp:attachment":[{"href":"https:\/\/nfc-readers.com\/fr\/wp-json\/wp\/v2\/media?parent=2020"}],"wp:term":[{"taxonomy":"product_brand","embeddable":true,"href":"https:\/\/nfc-readers.com\/fr\/wp-json\/wp\/v2\/product_brand?post=2020"},{"taxonomy":"product_cat","embeddable":true,"href":"https:\/\/nfc-readers.com\/fr\/wp-json\/wp\/v2\/product_cat?post=2020"},{"taxonomy":"product_tag","embeddable":true,"href":"https:\/\/nfc-readers.com\/fr\/wp-json\/wp\/v2\/product_tag?post=2020"}],"curies":[{"name":"wp","href":"https:\/\/api.w.org\/{rel}","templated":true}]}}