{"id":2027,"date":"2024-04-19T13:31:13","date_gmt":"2024-04-19T13:31:13","guid":{"rendered":"https:\/\/nfc-readers.com\/?post_type=product&#038;p=2027"},"modified":"2024-09-29T07:26:17","modified_gmt":"2024-09-29T07:26:17","slug":"d60-smart-pos","status":"publish","type":"product","link":"https:\/\/nfc-readers.com\/fr\/ic-reader\/d60-smart-pos\/","title":{"rendered":"PDV intelligent D60"},"content":{"rendered":"<h1>PDV intelligent D60<\/h1>\n<p>Pr\u00e9sentation du Smart POS D60, notre dernier terminal de point de vente Android phare. Dot\u00e9 d&#039;un grand \u00e9cran tactile de 6,5 pouces et d&#039;une vitesse d&#039;impression ultra-rapide, il offre une exp\u00e9rience utilisateur immersive et un traitement efficace des transactions. Sa conception ergonomique assure une prise en main confortable, tandis que la cam\u00e9ra int\u00e9gr\u00e9e permet une lecture rapide du code QR pour des paiements fluides. Pratique et durable, le D60 est votre partenaire fiable tout au long de la journ\u00e9e. D\u00e9couvrez un nouveau niveau de confort et d&#039;innovation avec le Smart POS D60.<\/p>\n<table width=\"589\">\n<tbody>\n<tr>\n<td width=\"177\">Syst\u00e8me d&#039;exploitation<\/td>\n<td width=\"412\">Android 11<\/td>\n<\/tr>\n<tr>\n<td width=\"177\"><\/td>\n<td width=\"412\">Processeur d&#039;application\u00a0: 4 * A53 \u00e0 2,0\u00a0GHz<\/td>\n<\/tr>\n<tr>\n<td width=\"177\">Processeur<\/td>\n<td width=\"412\">Processeur de s\u00e9curit\u00e9 : ARM 32 bits 192 MHz<\/td>\n<\/tr>\n<tr>\n<td width=\"177\">M\u00e9moire<\/td>\n<td width=\"412\">1 Go LPDDR3, 16 Go eMMC<\/td>\n<\/tr>\n<tr>\n<td width=\"177\"><\/td>\n<td width=\"412\">\u00c9cran IPS TFT 6,5\u00a0pouces\u00a01\u00a0600\u00a0x\u00a0720<\/td>\n<\/tr>\n<tr>\n<td width=\"177\">Afficher<\/td>\n<td width=\"412\">Affichage \u00e0 \u00e9cran tactile<\/td>\n<\/tr>\n<tr>\n<td width=\"177\"><\/td>\n<td width=\"412\">LTE et WCDMA et GSM<\/td>\n<\/tr>\n<tr>\n<td width=\"177\">Communications<\/td>\n<td width=\"412\">Bluetooth 5.0 I WiFi : 802.11 a\/b\/g\/n\/ac, 2,4 GHz et 5G, prend en charge AP<\/td>\n<\/tr>\n<tr>\n<td width=\"177\">Positionnement par satellite<\/td>\n<td width=\"412\">GPS | A-GPS | GLONASS | BEIDOU<\/td>\n<\/tr>\n<tr>\n<td width=\"177\">Cam\u00e9ra<\/td>\n<td width=\"412\">2 millions de pixels FF<\/td>\n<\/tr>\n<tr>\n<td width=\"177\">Imprimante<\/td>\n<td width=\"412\">Imprimante thermique haute vitesse I Rouleau de papier, largeur : 58 mm I Diam\u00e8tre du rouleau de papier : 40 mm<\/td>\n<\/tr>\n<tr>\n<td width=\"177\">Lecteur de carte EMV<\/td>\n<td width=\"412\">Lecteur de carte \u00e0 puce EMV\/PBOC, conforme \u00e0 la norme ISO 7816 Classe A, B, C<\/td>\n<\/tr>\n<tr>\n<td width=\"177\">Lecteur NFC<\/td>\n<td width=\"412\">EMV sans contact, ISO 14443A\/B, Mifare<\/td>\n<\/tr>\n<tr>\n<td width=\"177\">Lecteur de cartes \u00e0 bande magn\u00e9tique<\/td>\n<td width=\"412\">ISO-7811\/7813\/7810<\/td>\n<\/tr>\n<tr>\n<td width=\"177\">Gestion des cl\u00e9s<\/td>\n<td width=\"412\">DUKPT, MK\/SK<\/td>\n<\/tr>\n<tr>\n<td width=\"177\">Algorithme de cryptage<\/td>\n<td width=\"412\">DES, 3DES, RSA, AES, SHA-256<\/td>\n<\/tr>\n<tr>\n<td width=\"177\"><\/td>\n<td width=\"412\">PCI PTS 6.x SRED<\/td>\n<\/tr>\n<tr>\n<td width=\"177\">Certifications<\/td>\n<td width=\"412\">EMV L1 et L2, sans contact L1<\/td>\n<\/tr>\n<tr>\n<td width=\"177\"><\/td>\n<td width=\"412\">Visa Paywave, MasterCard Paypass, Amex Expresspay, MasterCard TQM CE, FCC, RoHS<\/td>\n<\/tr>\n<tr>\n<td width=\"177\">Adaptateur<\/td>\n<td width=\"412\">C.C 5V 2A<\/td>\n<\/tr>\n<tr>\n<td width=\"177\">Batterie<\/td>\n<td width=\"412\">2500 mAh, 7,2 V<\/td>\n<\/tr>\n<tr>\n<td width=\"177\"><\/td>\n<td width=\"412\">1 Type-C (OTG)<\/td>\n<\/tr>\n<tr>\n<td width=\"177\">Ports p\u00e9riph\u00e9riques<\/td>\n<td width=\"412\">1 Nano SIM + 1 Mini SIM + 1 Mini SAM<\/td>\n<\/tr>\n<tr>\n<td width=\"177\"><\/td>\n<td width=\"412\">1 emplacement pour carte Micro SD, prend en charge jusqu&#039;\u00e0 128 Go<\/td>\n<\/tr>\n<tr>\n<td width=\"177\"><\/td>\n<td width=\"412\">Temp\u00e9rature de fonctionnement (0\u2103 \u00e0 + 50\u2103)<\/td>\n<\/tr>\n<tr>\n<td width=\"177\">Conditions environnementales<\/td>\n<td width=\"412\">Humidit\u00e9 de fonctionnement (5% \u00e0 95% sans condensation)<\/td>\n<\/tr>\n<tr>\n<td width=\"177\">Dimensions<\/td>\n<td width=\"412\">186,4 mm x 79 mm x 54,6 ~ 25,85 mm, 384 g (batterie incluse)<\/td>\n<\/tr>\n<tr>\n<td width=\"177\">accessoires standards<\/td>\n<td width=\"412\">1 adaptateur secteur, 1 c\u00e2ble de type C<\/td>\n<\/tr>\n<\/tbody>\n<\/table>","protected":false},"excerpt":{"rendered":"<p>D\u00e9couvrez le Smart POS D60, un mPOS Android compact avec un \u00e9cran tactile de 6,5 pouces, une lecture rapide de codes QR et un lecteur RFID pour des transactions efficaces tout au long de la journ\u00e9e.<\/p>","protected":false},"featured_media":2028,"template":"","meta":[],"product_brand":[],"product_cat":[15,45],"product_tag":[],"class_list":{"0":"post-2027","1":"product","2":"type-product","3":"status-publish","4":"has-post-thumbnail","6":"product_cat-pos-machine","7":"product_cat-contactless-nfc-reader","9":"first","10":"instock","11":"shipping-taxable","12":"product-type-simple"},"_links":{"self":[{"href":"https:\/\/nfc-readers.com\/fr\/wp-json\/wp\/v2\/product\/2027","targetHints":{"allow":["GET"]}}],"collection":[{"href":"https:\/\/nfc-readers.com\/fr\/wp-json\/wp\/v2\/product"}],"about":[{"href":"https:\/\/nfc-readers.com\/fr\/wp-json\/wp\/v2\/types\/product"}],"wp:featuredmedia":[{"embeddable":true,"href":"https:\/\/nfc-readers.com\/fr\/wp-json\/wp\/v2\/media\/2028"}],"wp:attachment":[{"href":"https:\/\/nfc-readers.com\/fr\/wp-json\/wp\/v2\/media?parent=2027"}],"wp:term":[{"taxonomy":"product_brand","embeddable":true,"href":"https:\/\/nfc-readers.com\/fr\/wp-json\/wp\/v2\/product_brand?post=2027"},{"taxonomy":"product_cat","embeddable":true,"href":"https:\/\/nfc-readers.com\/fr\/wp-json\/wp\/v2\/product_cat?post=2027"},{"taxonomy":"product_tag","embeddable":true,"href":"https:\/\/nfc-readers.com\/fr\/wp-json\/wp\/v2\/product_tag?post=2027"}],"curies":[{"name":"wp","href":"https:\/\/api.w.org\/{rel}","templated":true}]}}