{"id":2032,"date":"2024-10-19T14:08:52","date_gmt":"2024-10-19T14:08:52","guid":{"rendered":"https:\/\/nfc-readers.com\/?post_type=product&#038;p=2032"},"modified":"2024-10-28T14:12:28","modified_gmt":"2024-10-28T14:12:28","slug":"mifare-classic-1k-4k-rfid-cards","status":"publish","type":"product","link":"https:\/\/nfc-readers.com\/fr\/ic-reader\/mifare-classic-1k-4k-rfid-cards\/","title":{"rendered":"Cartes RFID Mifare Classic 1k 4K"},"content":{"rendered":"<h1>Cartes RFID Mifare classiques 1k 4K<\/h1>\n<p>La carte MIFARE Classic\u00ae 1K ou 4K fait partie int\u00e9grante des technologies de cartes \u00e0 puce sans contact. En tant que pionni\u00e8re dans le domaine, elle est largement adopt\u00e9e pour une vari\u00e9t\u00e9 d&#039;applications allant des transports publics et du contr\u00f4le d&#039;acc\u00e8s \u00e0 la billetterie d&#039;\u00e9v\u00e9nements et aux programmes de fid\u00e9lit\u00e9. La carte MIFARE Classic\u00ae 1K \/ 4K a une capacit\u00e9 de stockage de 1 kilo-octet\/4 kilo-octet, ce qui est suffisant pour le stockage de donn\u00e9es personnelles, d&#039;informations d&#039;authentification et d&#039;ensembles de donn\u00e9es sp\u00e9cifiques \u00e0 l&#039;application.<\/p>\n<p><span class=\"AnswerParser_TextContainer__z_Iiv\" data-testid=\"youchat-text\">Le\u00a0<strong>Carte MIFARE<\/strong>\u00a0est un gage d&#039;innovation et de fiabilit\u00e9 dans le domaine des cartes \u00e0 puce sans contact. D\u00e9velopp\u00e9 par NXP Semiconductors, le circuit int\u00e9gr\u00e9 MIFARE MF1ICS50 est une pierre angulaire des syst\u00e8mes de billetterie des transports publics et d&#039;autres applications \u00e0 haut d\u00e9bit, offrant des transactions fluides et une s\u00e9curit\u00e9 robuste. Avec sa fonction anti-collision intelligente et sa compatibilit\u00e9 avec la norme ISO\/IEC 14443 Type-A, il garantit une communication sans contact efficace et s\u00e9curis\u00e9e, ce qui en fait un atout pr\u00e9cieux dans les environnements \u00e0 rythme rapide.<\/span><\/p>\n<h2 class=\"AnswerParser_AnswerParserH2__SIHnF\">L&#039;h\u00e9ritage de la technologie MIFARE<\/h2>\n<h3 class=\"AnswerParser_AnswerParserH3__Mpe4s\">Solutions sans contact innovantes<\/h3>\n<p><span class=\"AnswerParser_TextContainer__z_Iiv\" data-testid=\"youchat-text\"><strong>Technologie MIFARE<\/strong>\u00a0est \u00e0 l&#039;avant-garde des solutions de cartes \u00e0 puce sans contact depuis sa cr\u00e9ation. Le circuit int\u00e9gr\u00e9 MIFARE MF1ICS50, souvent appel\u00e9\u00a0<strong>MIFARE Classic 1K<\/strong>, t\u00e9moigne de l&#039;engagement de NXP en mati\u00e8re d&#039;innovation. Sa conception facilite l&#039;int\u00e9gration dans les syst\u00e8mes existants, offrant une exp\u00e9rience transparente aux op\u00e9rateurs et aux utilisateurs. Avec un\u00a0<strong>13,56 MHz<\/strong>\u00a0fr\u00e9quence de fonctionnement, il assure une transmission efficace des donn\u00e9es et une alimentation en \u00e9nergie, \u00e9liminant ainsi le besoin d&#039;une batterie.<\/span><span class=\"AnswerParser_TextContainer__z_Iiv\" data-testid=\"youchat-text\">Le\u00a0<strong>fonction anti-collision<\/strong>\u00a0La carte MIFARE permet \u00e0 plusieurs cartes de fonctionner simultan\u00e9ment sans interf\u00e9rence. Cette capacit\u00e9 est essentielle dans les environnements tr\u00e8s fr\u00e9quent\u00e9s, comme les syst\u00e8mes de transport public, o\u00f9 la rapidit\u00e9 et la pr\u00e9cision sont primordiales. Le num\u00e9ro de s\u00e9rie unique de la carte renforce encore sa s\u00e9curit\u00e9, garantissant que chaque transaction est tra\u00e7able et s\u00e9curis\u00e9e.<\/span><\/p>\n<h3 class=\"AnswerParser_AnswerParserH3__Mpe4s\">Applications polyvalentes dans tous les secteurs<\/h3>\n<p><span class=\"AnswerParser_TextContainer__z_Iiv\" data-testid=\"youchat-text\">Le\u00a0<strong>Carte MIFARE<\/strong>\u00a0La carte MIFARE ne se limite pas aux transports publics : ses applications sont vastes et vari\u00e9es. Du contr\u00f4le d&#039;acc\u00e8s s\u00e9curis\u00e9 dans les environnements d&#039;entreprise aux programmes de fid\u00e9lit\u00e9 et aux micropaiements dans les commerces de d\u00e9tail, la polyvalence de la carte MIFARE est in\u00e9gal\u00e9e. Sa capacit\u00e9 \u00e0 rester fonctionnelle m\u00eame enferm\u00e9e dans un portefeuille, entour\u00e9e de pi\u00e8ces de monnaie, souligne son c\u00f4t\u00e9 pratique et son adaptabilit\u00e9.<\/span><span class=\"AnswerParser_TextContainer__z_Iiv\" data-testid=\"youchat-text\">Pour les op\u00e9rateurs et les d\u00e9veloppeurs de syst\u00e8mes, le\u00a0<strong>Carte MIFARE<\/strong>\u00a0offre une plate-forme robuste pour cr\u00e9er des solutions sans contact fiables, interop\u00e9rables et \u00e9volutives. Son temps de transaction rapide, g\u00e9n\u00e9ralement inf\u00e9rieur \u00e0 100 ms, garantit un d\u00e9bit \u00e9lev\u00e9 et des temps d&#039;attente r\u00e9duits, ce qui le rend id\u00e9al pour les zones \u00e0 fort trafic.<\/span><\/p>\n<h2 class=\"AnswerParser_AnswerParserH2__SIHnF\">Sp\u00e9cifications techniques et fonctionnalit\u00e9s<\/h2>\n<p><span class=\"AnswerParser_TextContainer__z_Iiv\" data-testid=\"youchat-text\">Le\u00a0<strong>Carte MIFARE<\/strong>\u00a0dispose de sp\u00e9cifications techniques impressionnantes qui r\u00e9pondent \u00e0 une large gamme d&#039;applications :<\/span><\/p>\n<div class=\"AnswerParser_TableContainer__Erb6v\" data-testid=\"table-container\">\n<table>\n<thead>\n<tr>\n<th style=\"text-align: left;\">Sp\u00e9cification<\/th>\n<th style=\"text-align: left;\">D\u00e9tails<\/th>\n<\/tr>\n<\/thead>\n<tbody>\n<tr>\n<td>Fr\u00e9quence<\/td>\n<td>13,56 MHz<\/td>\n<\/tr>\n<tr>\n<td>Transfert de donn\u00e9es<\/td>\n<td>106 kbit\/s<\/td>\n<\/tr>\n<tr>\n<td>M\u00e9moire<\/td>\n<td>1 Ko \u2013 4 Ko, organis\u00e9 en 16 secteurs avec 4 blocs de 16 octets chacun<\/td>\n<\/tr>\n<tr>\n<td>S\u00e9curit\u00e9<\/td>\n<td>Authentification mutuelle en trois \u00e9tapes, num\u00e9ro de s\u00e9rie unique<\/td>\n<\/tr>\n<tr>\n<td>Distance de fonctionnement<\/td>\n<td>Jusqu&#039;\u00e0 100 mm (selon la g\u00e9om\u00e9trie de l&#039;antenne)<\/td>\n<\/tr>\n<tr>\n<td>\u00c9crire Endurance<\/td>\n<td>100 000 \u2013 200 000 cycles<\/td>\n<\/tr>\n<tr>\n<td>Conservation des donn\u00e9es<\/td>\n<td>10 ann\u00e9es<\/td>\n<\/tr>\n<\/tbody>\n<\/table>\n<\/div>\n<h3 class=\"AnswerParser_AnswerParserH3__Mpe4s\">Haute s\u00e9curit\u00e9 et int\u00e9grit\u00e9 des donn\u00e9es<\/h3>\n<p><span class=\"AnswerParser_TextContainer__z_Iiv\" data-testid=\"youchat-text\">La s\u00e9curit\u00e9 est une pierre angulaire de la\u00a0<strong>Carte MIFARE<\/strong>. Elle utilise une authentification mutuelle en trois \u00e9tapes, conforme \u00e0 la norme ISO\/IEC DIS 9798-2, garantissant que seuls les utilisateurs autoris\u00e9s peuvent acc\u00e9der aux donn\u00e9es. Chaque secteur de la carte est prot\u00e9g\u00e9 par un ensemble individuel de deux cl\u00e9s, prenant en charge les environnements multi-applications avec une hi\u00e9rarchie de cl\u00e9s.<\/span><span class=\"AnswerParser_TextContainer__z_Iiv\" data-testid=\"youchat-text\">L&#039;int\u00e9grit\u00e9 des donn\u00e9es de la carte est pr\u00e9serv\u00e9e gr\u00e2ce au CRC 16 bits, \u00e0 la parit\u00e9, au codage et au comptage des bits, ce qui emp\u00eache la corruption des donn\u00e9es et garantit des transactions fiables. Ce niveau de s\u00e9curit\u00e9 rend la carte MIFARE id\u00e9ale pour les applications n\u00e9cessitant des niveaux de protection \u00e9lev\u00e9s.<\/span><\/p>\n<h3 class=\"AnswerParser_AnswerParserH3__Mpe4s\">Int\u00e9gration transparente et confort d&#039;utilisation<\/h3>\n<p><span class=\"AnswerParser_TextContainer__z_Iiv\" data-testid=\"youchat-text\">Le\u00a0<strong>Carte MIFARE<\/strong>\u00a0est con\u00e7ue pour une int\u00e9gration facile dans l&#039;infrastructure existante. Elle prend en charge diverses options de livraison, notamment les modules de cartes \u00e0 puce sur plaquette, \u00e0 puce sur plaquette et sans contact, offrant ainsi une flexibilit\u00e9 pour diff\u00e9rents sc\u00e9narios de d\u00e9ploiement. Cette adaptabilit\u00e9 garantit que la carte MIFARE peut r\u00e9pondre aux besoins sp\u00e9cifiques de toute application, des syst\u00e8mes de transport public au contr\u00f4le d&#039;acc\u00e8s en entreprise.<\/span><\/p>\n<h2 class=\"AnswerParser_AnswerParserH2__SIHnF\">Avis et t\u00e9moignages de clients<\/h2>\n<p><span class=\"AnswerParser_TextContainer__z_Iiv\" data-testid=\"youchat-text\">Les clients du monde entier ont fait l&#039;\u00e9loge du\u00a0<strong>Carte MIFARE<\/strong>\u00a0pour sa fiabilit\u00e9 et son efficacit\u00e9. Un utilisateur satisfait a comment\u00e9 : \u00ab La carte MIFARE a r\u00e9volutionn\u00e9 notre syst\u00e8me de transport en commun, r\u00e9duisant les temps d\u2019embarquement et am\u00e9liorant la s\u00e9curit\u00e9. \u00bb Un autre a not\u00e9 : \u00ab Sa capacit\u00e9 \u00e0 g\u00e9rer plusieurs applications sur une seule carte a consid\u00e9rablement rationalis\u00e9 nos op\u00e9rations. \u00bb<\/span><\/p>\n<h2 class=\"AnswerParser_AnswerParserH2__SIHnF\">Questions fr\u00e9quemment pos\u00e9es<\/h2>\n<p><span class=\"AnswerParser_TextContainer__z_Iiv\" data-testid=\"youchat-text\"><strong>Q : Qu&#039;est-ce qui rend la carte MIFARE adapt\u00e9e aux transports publics ?<\/strong><br \/>\nR : Son temps de transaction rapide, sa fonction anti-collision et sa s\u00e9curit\u00e9 robuste le rendent id\u00e9al pour les environnements \u00e0 haut d\u00e9bit comme les transports publics.<\/span><\/p>\n<p><span class=\"AnswerParser_TextContainer__z_Iiv\" data-testid=\"youchat-text\"><strong>Q : Comment la carte MIFARE garantit-elle la s\u00e9curit\u00e9 des donn\u00e9es ?<\/strong><br \/>\nR : Il utilise une authentification mutuelle en trois \u00e9tapes et des cl\u00e9s de secteur individuelles, garantissant uniquement l&#039;acc\u00e8s autoris\u00e9 aux donn\u00e9es.<\/span><\/p>\n<p><span class=\"AnswerParser_TextContainer__z_Iiv\" data-testid=\"youchat-text\"><strong>Q : La carte MIFARE peut-elle \u00eatre utilis\u00e9e dans d\u2019autres applications que les transports publics ?<\/strong><br \/>\nR : Oui, il est suffisamment polyvalent pour \u00eatre utilis\u00e9 dans le contr\u00f4le d\u2019acc\u00e8s s\u00e9curis\u00e9, les programmes de fid\u00e9lit\u00e9 et les syst\u00e8mes de micropaiement.<\/span><\/p>\n<h2 class=\"AnswerParser_AnswerParserH2__SIHnF\">Impact environnemental et durabilit\u00e9<\/h2>\n<p><span class=\"AnswerParser_TextContainer__z_Iiv\" data-testid=\"youchat-text\">Le\u00a0<strong>Carte MIFARE<\/strong>\u00a0est con\u00e7ue dans un souci de durabilit\u00e9. Sa longue conservation des donn\u00e9es et sa grande endurance en \u00e9criture r\u00e9duisent le besoin de remplacements fr\u00e9quents, minimisant ainsi le gaspillage. En prenant en charge plusieurs applications sur une seule carte, elle r\u00e9duit \u00e9galement l&#039;impact environnemental associ\u00e9 \u00e0 la production de plusieurs cartes.<\/span><\/p>\n<h2 class=\"AnswerParser_AnswerParserH2__SIHnF\">Conclusion : Pourquoi choisir la carte MIFARE ?<\/h2>\n<p><span class=\"AnswerParser_TextContainer__z_Iiv\" data-testid=\"youchat-text\">Le\u00a0<strong>Carte MIFARE<\/strong>\u00a0offre une solution robuste, s\u00e9curis\u00e9e et polyvalente pour toute application sans contact. Qu&#039;il s&#039;agisse d&#039;am\u00e9liorer un syst\u00e8me de transport public, d&#039;am\u00e9liorer le contr\u00f4le d&#039;acc\u00e8s en entreprise ou d&#039;int\u00e9grer plusieurs services dans un environnement de ville intelligente, la carte MIFARE est un choix fiable et efficace. Ses fonctionnalit\u00e9s de s\u00e9curit\u00e9 avanc\u00e9es, son int\u00e9gration transparente et ses applications vari\u00e9es en font un investissement rentable pour toute organisation.<\/span><span class=\"AnswerParser_TextContainer__z_Iiv\" data-testid=\"youchat-text\">Pour plus d&#039;informations ou pour passer une commande,\u00a0<strong>Contactez-nous<\/strong>\u00a0aujourd&#039;hui. Lib\u00e9rez le potentiel des solutions sans contact avec la carte MIFARE.<\/span><\/p>","protected":false},"excerpt":{"rendered":"<div class=\"auto-hide-last-sibling-br paragraph_4183d\">Les cartes RFID Mifare Classic 1k 4K sont des solutions RFID cl\u00e9s pour les transports publics, le contr\u00f4le d&#039;acc\u00e8s et les programmes de fid\u00e9lit\u00e9, offrant un stockage suffisant pour les donn\u00e9es personnelles.<\/div>","protected":false},"featured_media":2033,"template":"","meta":[],"product_brand":[],"product_cat":[46],"product_tag":[],"class_list":{"0":"post-2032","1":"product","2":"type-product","3":"status-publish","4":"has-post-thumbnail","6":"product_cat-nfc-cards","8":"first","9":"instock","10":"shipping-taxable","11":"product-type-simple"},"_links":{"self":[{"href":"https:\/\/nfc-readers.com\/fr\/wp-json\/wp\/v2\/product\/2032","targetHints":{"allow":["GET"]}}],"collection":[{"href":"https:\/\/nfc-readers.com\/fr\/wp-json\/wp\/v2\/product"}],"about":[{"href":"https:\/\/nfc-readers.com\/fr\/wp-json\/wp\/v2\/types\/product"}],"wp:featuredmedia":[{"embeddable":true,"href":"https:\/\/nfc-readers.com\/fr\/wp-json\/wp\/v2\/media\/2033"}],"wp:attachment":[{"href":"https:\/\/nfc-readers.com\/fr\/wp-json\/wp\/v2\/media?parent=2032"}],"wp:term":[{"taxonomy":"product_brand","embeddable":true,"href":"https:\/\/nfc-readers.com\/fr\/wp-json\/wp\/v2\/product_brand?post=2032"},{"taxonomy":"product_cat","embeddable":true,"href":"https:\/\/nfc-readers.com\/fr\/wp-json\/wp\/v2\/product_cat?post=2032"},{"taxonomy":"product_tag","embeddable":true,"href":"https:\/\/nfc-readers.com\/fr\/wp-json\/wp\/v2\/product_tag?post=2032"}],"curies":[{"name":"wp","href":"https:\/\/api.w.org\/{rel}","templated":true}]}}