{"id":2038,"date":"2024-04-19T14:36:49","date_gmt":"2024-04-19T14:36:49","guid":{"rendered":"https:\/\/nfc-readers.com\/?post_type=product&#038;p=2038"},"modified":"2024-09-29T07:24:42","modified_gmt":"2024-09-29T07:24:42","slug":"d20-smart-mpos","status":"publish","type":"product","link":"https:\/\/nfc-readers.com\/fr\/ic-reader\/d20-smart-mpos\/","title":{"rendered":"MPOS intelligent D20"},"content":{"rendered":"<h1>MPOS intelligent D20<\/h1>\n<div class=\"p\">Un point de vente intelligent Android de conception ergonomique qui tient parfaitement en main. Un \u00e9cran tactile de 4 pouces, un scanner de code QR et une large gamme d&#039;options de connectivit\u00e9 vous accueillent avec une exp\u00e9rience de paiement plus confortable.<\/div>\n<div><\/div>\n<div class=\"p_list\">\n<div class=\"span clearfix\">Haute performance<\/div>\n<div><\/div>\n<div class=\"span clearfix\">Multi-connectivit\u00e9 : 4G\/3G\/2G\/WIFI\/BT<\/div>\n<div><\/div>\n<div class=\"span clearfix\">Prise en charge compl\u00e8te du paiement\u00a0:\u00a0MSR\/IC\/NFC<\/div>\n<div><\/div>\n<\/div>\n<table width=\"539\">\n<tbody>\n<tr>\n<td width=\"166\">Syst\u00e8me d&#039;exploitation<\/td>\n<td width=\"373\">Android 10<\/td>\n<\/tr>\n<tr>\n<td width=\"166\"><\/td>\n<td rowspan=\"2\" width=\"373\">Processeur d&#039;application : 4*A53@ 1,8 GHz Processeur de s\u00e9curit\u00e9 : ARM 32 bits 192 MHz<\/td>\n<\/tr>\n<tr>\n<td width=\"166\">Processeur<\/td>\n<\/tr>\n<tr>\n<td rowspan=\"2\" width=\"166\">M\u00e9moire<\/td>\n<td width=\"373\">1 Go + 16 Go<\/td>\n<\/tr>\n<tr>\n<td width=\"373\">2 Go + 16 Go (facultatif)<\/td>\n<\/tr>\n<tr>\n<td width=\"166\"><\/td>\n<td width=\"373\">\u00c9cran IPS TFT 4,0\u00a0pouces\u00a0480\u00a0x\u00a0800<\/td>\n<\/tr>\n<tr>\n<td width=\"166\">Afficher<\/td>\n<td width=\"373\">Affichage \u00e0 \u00e9cran tactile<\/td>\n<\/tr>\n<tr>\n<td width=\"166\"><\/td>\n<td width=\"373\">LTE et WCDMA et GSM<\/td>\n<\/tr>\n<tr>\n<td width=\"166\">Communications<\/td>\n<td width=\"373\">Bluetooth 5.0 I WiFi : 802.11 a\/b\/g\/n\/ac, 2,4 GHz et 5G, prend en charge AP<\/td>\n<\/tr>\n<tr>\n<td width=\"166\">Positionnement par satellite<\/td>\n<td width=\"373\">GPS | A-GPS | GLONASS<\/td>\n<\/tr>\n<tr>\n<td width=\"166\">Cam\u00e9ra<\/td>\n<td width=\"373\">Arri\u00e8re\u00a0: 0,3\u00a0M de pixels FF<\/td>\n<\/tr>\n<tr>\n<td width=\"166\">Lecteur de carte EMV<\/td>\n<td width=\"373\">EMV L1 et L2<\/td>\n<\/tr>\n<tr>\n<td width=\"166\">Lecteur NFC<\/td>\n<td width=\"373\">EMV sans contact L1<\/td>\n<\/tr>\n<tr>\n<td width=\"166\">Lecteur de cartes \u00e0 bande magn\u00e9tique<\/td>\n<td width=\"373\">ISO-7811\/7813\/7810<\/td>\n<\/tr>\n<tr>\n<td width=\"166\"><\/td>\n<td width=\"373\">PCI PTS 5.x SRED<\/td>\n<\/tr>\n<tr>\n<td width=\"166\"><\/td>\n<td width=\"373\">EMV L1 et L2, EMV sans contact L1<\/td>\n<\/tr>\n<tr>\n<td width=\"166\">Certifications<\/td>\n<td width=\"373\">Visa Paywave, MasterCard Paypass, Amex Expresspay Discovery D-PAS, Rupay qSPARC<\/td>\n<\/tr>\n<tr>\n<td width=\"166\"><\/td>\n<td width=\"373\">S\u00e9curit\u00e9 PCI PIN, MasterCard TQM CE, FCC, BQB, RoHS, DEEE<\/td>\n<\/tr>\n<tr>\n<td width=\"166\">Adaptateur<\/td>\n<td width=\"373\">C.C 5V\/1A<\/td>\n<\/tr>\n<tr>\n<td width=\"166\">Batterie<\/td>\n<td width=\"373\">4,35 V\/2 450 mAh<\/td>\n<\/tr>\n<tr>\n<td width=\"166\">l&#039;audio<\/td>\n<td width=\"373\">Conf\u00e9rencier<\/td>\n<\/tr>\n<tr>\n<td width=\"166\"><\/td>\n<td width=\"373\">1 Type-C (OTG)<\/td>\n<\/tr>\n<tr>\n<td width=\"166\">Ports p\u00e9riph\u00e9riques<\/td>\n<td width=\"373\">1 Nano SIM + 1 Mini SIM + 1 Mini SAM<\/td>\n<\/tr>\n<tr>\n<td width=\"166\"><\/td>\n<td width=\"373\">1 emplacement pour carte Micro SD, prend en charge jusqu&#039;\u00e0 32 Go<\/td>\n<\/tr>\n<tr>\n<td width=\"166\"><\/td>\n<td width=\"373\">Temp\u00e9rature de fonctionnement : 0\u2103\u00e0+45\u2103<\/td>\n<\/tr>\n<tr>\n<td width=\"166\">Conditions environnementales<\/td>\n<td width=\"373\">Temp\u00e9rature de stockage : 0\u2103\u00e0+50\u2103<\/td>\n<\/tr>\n<tr>\n<td width=\"166\"><\/td>\n<td width=\"373\">Humidit\u00e9 relative : 10% \u00e0 90% sans condensation<\/td>\n<\/tr>\n<tr>\n<td width=\"166\">Dimensions<\/td>\n<td width=\"373\">129 mm x 68,5 mm x 17,4 mm, 168 g (batterie incluse)<\/td>\n<\/tr>\n<\/tbody>\n<\/table>","protected":false},"excerpt":{"rendered":"<p>Ce mPOS Android ergonomique dispose d&#039;un \u00e9cran tactile de 4 pouces et d&#039;un scanner de code QR, garantissant une exp\u00e9rience de paiement fluide avec des options de connectivit\u00e9 robustes.<\/p>","protected":false},"featured_media":2039,"template":"","meta":[],"product_brand":[],"product_cat":[15],"product_tag":[],"class_list":{"0":"post-2038","1":"product","2":"type-product","3":"status-publish","4":"has-post-thumbnail","6":"product_cat-pos-machine","8":"first","9":"instock","10":"shipping-taxable","11":"product-type-simple"},"_links":{"self":[{"href":"https:\/\/nfc-readers.com\/fr\/wp-json\/wp\/v2\/product\/2038","targetHints":{"allow":["GET"]}}],"collection":[{"href":"https:\/\/nfc-readers.com\/fr\/wp-json\/wp\/v2\/product"}],"about":[{"href":"https:\/\/nfc-readers.com\/fr\/wp-json\/wp\/v2\/types\/product"}],"wp:featuredmedia":[{"embeddable":true,"href":"https:\/\/nfc-readers.com\/fr\/wp-json\/wp\/v2\/media\/2039"}],"wp:attachment":[{"href":"https:\/\/nfc-readers.com\/fr\/wp-json\/wp\/v2\/media?parent=2038"}],"wp:term":[{"taxonomy":"product_brand","embeddable":true,"href":"https:\/\/nfc-readers.com\/fr\/wp-json\/wp\/v2\/product_brand?post=2038"},{"taxonomy":"product_cat","embeddable":true,"href":"https:\/\/nfc-readers.com\/fr\/wp-json\/wp\/v2\/product_cat?post=2038"},{"taxonomy":"product_tag","embeddable":true,"href":"https:\/\/nfc-readers.com\/fr\/wp-json\/wp\/v2\/product_tag?post=2038"}],"curies":[{"name":"wp","href":"https:\/\/api.w.org\/{rel}","templated":true}]}}