{"id":2052,"date":"2024-10-20T12:32:11","date_gmt":"2024-10-20T12:32:11","guid":{"rendered":"https:\/\/nfc-readers.com\/?post_type=product&#038;p=2052"},"modified":"2024-10-28T13:56:29","modified_gmt":"2024-10-28T13:56:29","slug":"mifare-desfire-ev2-2k-4k-8k-card","status":"publish","type":"product","link":"https:\/\/nfc-readers.com\/fr\/ic-reader\/mifare-desfire-ev2-2k-4k-8k-card\/","title":{"rendered":"\u00a0Carte MIFARE Desfire EV2 2K 4K 8K\u00a0"},"content":{"rendered":"<h1><span class=\"AnswerParser_TextContainer__z_Iiv\" data-testid=\"youchat-text\">\u00a0<strong>Carte MIFARE Desfire EV2 2K 4K 8K<\/strong>\u00a0<\/span><\/h1>\n<p><span class=\"AnswerParser_TextContainer__z_Iiv\" data-testid=\"youchat-text\"><strong>Carte MIFARE Desfire EV2 2K 4K 8K<\/strong>\u00a0se distingue comme un mod\u00e8le d&#039;innovation et de fiabilit\u00e9. Con\u00e7ue par NXP, cette carte est la deuxi\u00e8me \u00e9volution de la famille MIFARE DESFire, offrant une s\u00e9curit\u00e9 renforc\u00e9e, des performances sup\u00e9rieures et une prise en charge multi-applications. Qu&#039;il s&#039;agisse de billetterie de transport public, de gestion s\u00e9curis\u00e9e des acc\u00e8s ou de micropaiements, la MIFARE Desfire EV2 est le choix id\u00e9al pour les op\u00e9rateurs de syst\u00e8mes et les d\u00e9veloppeurs \u00e0 la recherche de solutions sans contact \u00e9volutives et interop\u00e9rables.<\/span><\/p>\n<h2 class=\"AnswerParser_AnswerParserH2__SIHnF\">S\u00e9curit\u00e9 et performances in\u00e9gal\u00e9es<\/h2>\n<p><span class=\"AnswerParser_TextContainer__z_Iiv\" data-testid=\"youchat-text\">Le\u00a0<strong>MIFARE Desfire EV2<\/strong>\u00a0est bas\u00e9e sur des normes mondiales ouvertes, garantissant la compatibilit\u00e9 et la s\u00e9curit\u00e9 entre diverses applications. Elle prend en charge les algorithmes de chiffrement mat\u00e9riel DES, 2K3DES, 3K3DES et AES, offrant une protection robuste pour la transmission de donn\u00e9es. Cette carte est certifi\u00e9e Common Criteria EAL5+, un niveau de s\u00e9curit\u00e9 comparable \u00e0 celui utilis\u00e9 dans les cartes bancaires et les passeports \u00e9lectroniques, garantissant que vos transactions sont s\u00e9curis\u00e9es et fiables.<\/span><\/p>\n<h3 class=\"AnswerParser_AnswerParserH3__Mpe4s\">Capacit\u00e9s multi-applications<\/h3>\n<p><span class=\"AnswerParser_TextContainer__z_Iiv\" data-testid=\"youchat-text\">L\u2019une des caract\u00e9ristiques les plus remarquables de la\u00a0<strong>MIFARE Desfire EV2<\/strong>\u00a0est sa capacit\u00e9 \u00e0 prendre en charge plusieurs applications sur une seule carte. Cette flexibilit\u00e9 permet l&#039;int\u00e9gration de divers services, tels que les transports publics, le partage de voitures ou de v\u00e9los et l&#039;acc\u00e8s aux attractions de la ville, le tout sur une seule carte. Cette capacit\u00e9 simplifie non seulement l&#039;exp\u00e9rience utilisateur, mais prend \u00e9galement en charge de nouveaux mod\u00e8les commerciaux en combinant des services tels que des applications de paiement \u00e9lectronique en boucle ferm\u00e9e et des programmes de fid\u00e9lit\u00e9 locaux\u00a0<\/span><\/p>\n<h3 class=\"AnswerParser_AnswerParserH3__Mpe4s\">Sp\u00e9cifications techniques<\/h3>\n<p><span class=\"AnswerParser_TextContainer__z_Iiv\" data-testid=\"youchat-text\">Le\u00a0<strong>MIFARE Desfire EV2<\/strong>\u00a0La carte NFC offre une gamme d&#039;options de m\u00e9moire, notamment 2\u00a0000, 4\u00a0000 et 8\u00a0000 octets, permettant un stockage de donn\u00e9es et une gestion des applications \u00e9tendus. Elle est conforme aux normes ISO\/IEC 14443A et prend en charge les commandes ISO\/IEC 7816-4 en option, garantissant ainsi l&#039;interop\u00e9rabilit\u00e9 avec l&#039;infrastructure de lecteur NFC existante. Les taux de transfert de donn\u00e9es rapides de la carte, allant de 106 kbit\/s \u00e0 848 kbit\/s, garantissent des transactions efficaces et rapides.<\/span><\/p>\n<div class=\"AnswerParser_TableContainer__Erb6v\" data-testid=\"table-container\">\n<table style=\"height: 195px;\" width=\"657\">\n<thead>\n<tr>\n<th>\n<p style=\"text-align: left;\">Sp\u00e9cification<\/p>\n<\/th>\n<th style=\"text-align: left;\">D\u00e9tails<\/th>\n<\/tr>\n<\/thead>\n<tbody>\n<tr>\n<td>Options de m\u00e9moire<\/td>\n<td>2K, 4K, 8K octets<\/td>\n<\/tr>\n<tr>\n<td>Chiffrement<\/td>\n<td>DES, 2K3DES, 3K3DES, AES<\/td>\n<\/tr>\n<tr>\n<td>Attestation<\/td>\n<td>Crit\u00e8res communs EAL5+<\/td>\n<\/tr>\n<tr>\n<td>Taux de transfert de donn\u00e9es<\/td>\n<td>106 kbit\/s \u00e0 848 kbit\/s<\/td>\n<\/tr>\n<tr>\n<td>Normes<\/td>\n<td>ISO\/CEI 14443A, ISO\/CEI 7816-4<\/td>\n<\/tr>\n<\/tbody>\n<\/table>\n<\/div>\n<h2 class=\"AnswerParser_AnswerParserH2__SIHnF\">Applications polyvalentes<\/h2>\n<h3 class=\"AnswerParser_AnswerParserH3__Mpe4s\">Billetterie s\u00e9curis\u00e9e pour les transports publics<\/h3>\n<p><span class=\"AnswerParser_TextContainer__z_Iiv\" data-testid=\"youchat-text\">Le\u00a0<strong>MIFARE Desfire EV2<\/strong>\u00a0est id\u00e9al pour la billetterie s\u00e9curis\u00e9e des transports publics, offrant une solution fiable et efficace pour la gestion de la collecte des tarifs et le contr\u00f4le d&#039;acc\u00e8s. Ses fonctionnalit\u00e9s de s\u00e9curit\u00e9 robustes garantissent que les transactions sont prot\u00e9g\u00e9es contre la fraude, offrant ainsi une tranquillit\u00e9 d&#039;esprit aux op\u00e9rateurs et aux utilisateurs.<\/span><\/p>\n<h3 class=\"AnswerParser_AnswerParserH3__Mpe4s\">Carte multi-applications Smart City et Mobilit\u00e9<\/h3>\n<p><span class=\"AnswerParser_TextContainer__z_Iiv\" data-testid=\"youchat-text\">Dans les environnements de villes intelligentes, la\u00a0<strong>MIFARE Desfire EV2<\/strong>\u00a0La carte est une carte multi-applications qui int\u00e8gre diff\u00e9rents services tels que les transports publics, le stationnement et l&#039;acc\u00e8s aux \u00e9quipements de la ville. Cette int\u00e9gration simplifie l&#039;exp\u00e9rience utilisateur et am\u00e9liore l&#039;efficacit\u00e9 des solutions de mobilit\u00e9 urbaine.<\/span><\/p>\n<h3 class=\"AnswerParser_AnswerParserH3__Mpe4s\">Gestion des acc\u00e8s s\u00e9curis\u00e9s<\/h3>\n<p><span class=\"AnswerParser_TextContainer__z_Iiv\" data-testid=\"youchat-text\">Pour les organisations n\u00e9cessitant une gestion s\u00e9curis\u00e9e des acc\u00e8s, la\u00a0<strong>MIFARE Desfire EV2<\/strong>\u00a0fournit une solution fiable. Ses m\u00e9thodes avanc\u00e9es de cryptage et d&#039;authentification garantissent que seules les personnes autoris\u00e9es peuvent acc\u00e9der aux zones sensibles, am\u00e9liorant ainsi la s\u00e9curit\u00e9 et l&#039;efficacit\u00e9 op\u00e9rationnelle.<\/span><\/p>\n<h2 class=\"AnswerParser_AnswerParserH2__SIHnF\">Avis et t\u00e9moignages de clients<\/h2>\n<p><span class=\"AnswerParser_TextContainer__z_Iiv\" data-testid=\"youchat-text\"><strong>Utilisateurs du MIFARE Desfire EV2<\/strong>\u00a0Les utilisateurs ont r\u00e9guli\u00e8rement lou\u00e9 sa fiabilit\u00e9 et sa polyvalence. Un client a fait remarquer : \u00ab La possibilit\u00e9 d&#039;int\u00e9grer plusieurs applications sur une seule carte a consid\u00e9rablement simplifi\u00e9 nos op\u00e9rations. \u00bb Un autre utilisateur a soulign\u00e9 les fonctionnalit\u00e9s de s\u00e9curit\u00e9 de la carte, d\u00e9clarant : \u00ab Le cryptage robuste nous donne confiance dans la s\u00e9curit\u00e9 de nos transactions. \u00bb<\/span><\/p>\n<h2 class=\"AnswerParser_AnswerParserH2__SIHnF\">Questions fr\u00e9quemment pos\u00e9es<\/h2>\n<p><span class=\"AnswerParser_TextContainer__z_Iiv\" data-testid=\"youchat-text\"><strong>Q\u00a0:\u00a0Qu&#039;est-ce qui rend le MIFARE Desfire EV2 adapt\u00e9 \u00e0 une utilisation multi-applications\u00a0?<\/strong><br \/>\nR : Sa capacit\u00e9 \u00e0 prendre en charge plusieurs applications sur une seule carte, combin\u00e9e \u00e0 des fonctionnalit\u00e9s de s\u00e9curit\u00e9 robustes, la rend id\u00e9ale pour l&#039;int\u00e9gration de divers services.<\/span><span class=\"AnswerParser_TextContainer__z_Iiv\" data-testid=\"youchat-text\"><strong>Q : Comment le MIFARE Desfire EV2 garantit-il la s\u00e9curit\u00e9 des donn\u00e9es ?<\/strong><br \/>\nR : La carte utilise des algorithmes de cryptage avanc\u00e9s, notamment AES, et est certifi\u00e9e Common Criteria EAL5+, garantissant des niveaux \u00e9lev\u00e9s de protection des donn\u00e9es.<\/span><span class=\"AnswerParser_TextContainer__z_Iiv\" data-testid=\"youchat-text\"><strong>Q\u00a0: Le MIFARE Desfire EV2 peut-il \u00eatre utilis\u00e9 avec l\u2019infrastructure NFC existante\u00a0?<\/strong><br \/>\nR : Oui, il est enti\u00e8rement interop\u00e9rable avec l\u2019infrastructure de lecteur NFC existante, garantissant une int\u00e9gration transparente.<\/span><\/p>\n<h2 class=\"AnswerParser_AnswerParserH2__SIHnF\">Impact environnemental et durabilit\u00e9<\/h2>\n<p><span class=\"AnswerParser_TextContainer__z_Iiv\" data-testid=\"youchat-text\">Le\u00a0<strong>MIFARE Desfire EV2<\/strong>\u00a0est con\u00e7ue dans un souci de durabilit\u00e9. Sa construction durable garantit une longue dur\u00e9e de vie du produit, r\u00e9duisant ainsi les d\u00e9chets et la n\u00e9cessit\u00e9 de remplacements fr\u00e9quents. En prenant en charge plusieurs applications sur une seule carte, elle minimise \u00e9galement l&#039;impact environnemental associ\u00e9 \u00e0 la production et \u00e0 l&#039;\u00e9limination de plusieurs cartes\u00a0<\/span><\/p>\n<h2 class=\"AnswerParser_AnswerParserH2__SIHnF\">Conclusion : Pourquoi choisir MIFARE Desfire EV2 ?<\/h2>\n<p><span class=\"AnswerParser_TextContainer__z_Iiv\" data-testid=\"youchat-text\">Le\u00a0<strong>Carte MIFARE Desfire EV2 2K 4K 8K<\/strong>\u00a0offre un m\u00e9lange parfait de s\u00e9curit\u00e9, de performances et de polyvalence pour toute solution sans contact. Que vous cherchiez \u00e0 am\u00e9liorer votre syst\u00e8me de transport public, \u00e0 s\u00e9curiser la gestion des acc\u00e8s ou \u00e0 int\u00e9grer plusieurs services dans un environnement de ville intelligente, cette carte constitue une option robuste et fiable. Ses capacit\u00e9s de cryptage avanc\u00e9es et sa prise en charge multi-applications en font un investissement rentable pour les organisations qui privil\u00e9gient la s\u00e9curit\u00e9 et l&#039;efficacit\u00e9.<\/span><span class=\"AnswerParser_TextContainer__z_Iiv\" data-testid=\"youchat-text\">Pour plus d&#039;informations ou pour passer une commande,\u00a0<strong>Contactez-nous<\/strong>\u00a0aujourd&#039;hui. Acc\u00e9dez \u00e0 un niveau de s\u00e9curit\u00e9 et d&#039;efficacit\u00e9 sup\u00e9rieur avec MIFARE Desfire EV2.<\/span><\/p>","protected":false},"excerpt":{"rendered":"<p><span class=\"AnswerParser_TextContainer__z_Iiv\" data-testid=\"youchat-text\">\u00a0<strong>Carte MIFARE Desfire EV2 2K 4K 8K<\/strong> <\/span>est une puce NFC polyvalente qui offre une s\u00e9curit\u00e9 \u00e9lev\u00e9e, la rendant adapt\u00e9e aux applications RFID dans les transports, le contr\u00f4le d&#039;acc\u00e8s et les paiements.<\/p>","protected":false},"featured_media":2054,"template":"","meta":[],"product_brand":[],"product_cat":[46],"product_tag":[],"class_list":{"0":"post-2052","1":"product","2":"type-product","3":"status-publish","4":"has-post-thumbnail","6":"product_cat-nfc-cards","8":"first","9":"instock","10":"shipping-taxable","11":"product-type-simple"},"_links":{"self":[{"href":"https:\/\/nfc-readers.com\/fr\/wp-json\/wp\/v2\/product\/2052","targetHints":{"allow":["GET"]}}],"collection":[{"href":"https:\/\/nfc-readers.com\/fr\/wp-json\/wp\/v2\/product"}],"about":[{"href":"https:\/\/nfc-readers.com\/fr\/wp-json\/wp\/v2\/types\/product"}],"wp:featuredmedia":[{"embeddable":true,"href":"https:\/\/nfc-readers.com\/fr\/wp-json\/wp\/v2\/media\/2054"}],"wp:attachment":[{"href":"https:\/\/nfc-readers.com\/fr\/wp-json\/wp\/v2\/media?parent=2052"}],"wp:term":[{"taxonomy":"product_brand","embeddable":true,"href":"https:\/\/nfc-readers.com\/fr\/wp-json\/wp\/v2\/product_brand?post=2052"},{"taxonomy":"product_cat","embeddable":true,"href":"https:\/\/nfc-readers.com\/fr\/wp-json\/wp\/v2\/product_cat?post=2052"},{"taxonomy":"product_tag","embeddable":true,"href":"https:\/\/nfc-readers.com\/fr\/wp-json\/wp\/v2\/product_tag?post=2052"}],"curies":[{"name":"wp","href":"https:\/\/api.w.org\/{rel}","templated":true}]}}