{"id":2062,"date":"2024-04-20T12:54:15","date_gmt":"2024-04-20T12:54:15","guid":{"rendered":"https:\/\/nfc-readers.com\/?post_type=product&#038;p=2062"},"modified":"2024-09-29T05:41:26","modified_gmt":"2024-09-29T05:41:26","slug":"icode-slix2s","status":"publish","type":"product","link":"https:\/\/nfc-readers.com\/fr\/ic-reader\/icode-slix2s\/","title":{"rendered":"ICODE-SLIX SLIX2"},"content":{"rendered":"<h1>ICODE-SLIX SLIX2<\/h1>\n<p>ICODE SLIX et ICODE SLIX2 sont des produits IC d&#039;\u00e9tiquettes sans contact haute fr\u00e9quence commercialis\u00e9s par NXP Semiconductors, repr\u00e9sentant des solutions hautes performances pour les normes ISO 15693 et ISO 18000-3M1. Ces puces sont con\u00e7ues pour des applications telles que le suivi des articles, la gestion des documents, l&#039;inventaire et la lutte contre la contrefa\u00e7on, et sont largement utilis\u00e9es dans les biblioth\u00e8ques ainsi que dans les domaines commerciaux et industriels.<\/p>\n<table width=\"360\">\n<tbody>\n<tr style=\"font-style: inherit; font-weight: inherit;\">\n<td style=\"font-style: inherit;\" width=\"123\">\n<p data-spm-anchor-id=\"a2700.details.0.i61.4ab745a6aSRQFL\">Mat\u00e9riel<\/p>\n<\/td>\n<td style=\"font-style: inherit;\" width=\"237\">Papier\/PVC\/PET<\/td>\n<\/tr>\n<tr style=\"font-style: inherit; font-weight: inherit;\">\n<td style=\"font-style: inherit;\" width=\"123\">Taille<\/td>\n<td style=\"font-style: inherit;\" width=\"237\">40 mm de diam\u00e8tre<\/td>\n<\/tr>\n<tr style=\"font-style: inherit; font-weight: inherit;\">\n<td style=\"font-style: inherit;\" width=\"123\">Fr\u00e9quence<\/td>\n<td style=\"font-style: inherit;\" width=\"237\">13,56 MHz<\/td>\n<\/tr>\n<tr style=\"font-style: inherit; font-weight: inherit;\">\n<td style=\"font-style: inherit;\" width=\"123\">\u00c9br\u00e9cher<\/td>\n<td style=\"font-style: inherit;\" width=\"237\">ICODE SLIX\/SLIX2<\/td>\n<\/tr>\n<tr style=\"font-style: inherit; font-weight: inherit;\">\n<td style=\"font-style: inherit;\" width=\"123\">M\u00e9moire<\/td>\n<td style=\"font-style: inherit;\" width=\"237\">1024\/2048 bits<\/td>\n<\/tr>\n<tr style=\"font-style: inherit; font-weight: inherit;\">\n<td style=\"font-style: inherit;\" width=\"123\">Protocole<\/td>\n<td style=\"font-style: inherit;\" width=\"237\">ISO\/CEI 15693<\/td>\n<\/tr>\n<tr style=\"font-style: inherit; font-weight: inherit;\">\n<td style=\"font-style: inherit;\" width=\"123\">Lire \u00e9crire endurance<\/td>\n<td style=\"font-style: inherit;\" width=\"237\">100 000 cycles<\/td>\n<\/tr>\n<tr style=\"font-style: inherit; font-weight: inherit;\">\n<td style=\"font-style: inherit;\" width=\"123\">Temp\u00e9rature de fonctionnement<\/td>\n<td style=\"font-style: inherit;\" width=\"237\">-25 \u00b0C \/ +70 \u00b0C<\/td>\n<\/tr>\n<tr style=\"font-style: inherit; font-weight: inherit;\">\n<td style=\"font-style: inherit;\" width=\"123\">Impression<\/td>\n<td style=\"font-style: inherit;\" width=\"237\">Impression de logo personnalis\u00e9<\/td>\n<\/tr>\n<tr style=\"font-style: inherit; font-weight: inherit;\">\n<td style=\"font-style: inherit;\" width=\"123\">Mode de fonctionnement<\/td>\n<td style=\"font-style: inherit;\" width=\"237\">Passif, sans contact<\/td>\n<\/tr>\n<\/tbody>\n<\/table>\n<p><img loading=\"lazy\" decoding=\"async\" class=\"alignnone wp-image-2067\" src=\"https:\/\/nfc-readers.com\/wp-content\/uploads\/2024\/04\/Habf384e249ce42a1ba91b700a11d3180t-300x202.jpg\" alt=\"\" width=\"432\" height=\"291\" srcset=\"https:\/\/nfc-readers.com\/wp-content\/uploads\/2024\/04\/Habf384e249ce42a1ba91b700a11d3180t-300x202.jpg 300w, https:\/\/nfc-readers.com\/wp-content\/uploads\/2024\/04\/Habf384e249ce42a1ba91b700a11d3180t-768x517.jpg 768w, https:\/\/nfc-readers.com\/wp-content\/uploads\/2024\/04\/Habf384e249ce42a1ba91b700a11d3180t-600x404.jpg 600w, https:\/\/nfc-readers.com\/wp-content\/uploads\/2024\/04\/Habf384e249ce42a1ba91b700a11d3180t.jpg 1000w\" sizes=\"auto, (max-width: 432px) 100vw, 432px\" \/><\/p>\n<p><img loading=\"lazy\" decoding=\"async\" class=\"alignnone wp-image-2068\" src=\"https:\/\/nfc-readers.com\/wp-content\/uploads\/2024\/04\/H5353f0e627eb4c75b0ba8985b00dd1b1S-300x202.jpg\" alt=\"\" width=\"419\" height=\"282\" srcset=\"https:\/\/nfc-readers.com\/wp-content\/uploads\/2024\/04\/H5353f0e627eb4c75b0ba8985b00dd1b1S-300x202.jpg 300w, https:\/\/nfc-readers.com\/wp-content\/uploads\/2024\/04\/H5353f0e627eb4c75b0ba8985b00dd1b1S-1024x689.jpg 1024w, https:\/\/nfc-readers.com\/wp-content\/uploads\/2024\/04\/H5353f0e627eb4c75b0ba8985b00dd1b1S-768x517.jpg 768w, https:\/\/nfc-readers.com\/wp-content\/uploads\/2024\/04\/H5353f0e627eb4c75b0ba8985b00dd1b1S-1536x1034.jpg 1536w, https:\/\/nfc-readers.com\/wp-content\/uploads\/2024\/04\/H5353f0e627eb4c75b0ba8985b00dd1b1S-600x404.jpg 600w, https:\/\/nfc-readers.com\/wp-content\/uploads\/2024\/04\/H5353f0e627eb4c75b0ba8985b00dd1b1S.jpg 1920w\" sizes=\"auto, (max-width: 419px) 100vw, 419px\" \/><\/p>\n<p>&nbsp;<\/p>","protected":false},"excerpt":{"rendered":"<p>Les puces RFID ICODE SLIX et SLIX2 de NXP sont des puces RFID hautes performances conformes \u00e0 la norme ISO 15693, id\u00e9ales pour le suivi des articles, la gestion des documents et les applications anti-contrefa\u00e7on.<\/p>","protected":false},"featured_media":2063,"template":"","meta":[],"product_brand":[],"product_cat":[47],"product_tag":[],"class_list":{"0":"post-2062","1":"product","2":"type-product","3":"status-publish","4":"has-post-thumbnail","6":"product_cat-nfc-tags","8":"first","9":"instock","10":"shipping-taxable","11":"product-type-simple"},"_links":{"self":[{"href":"https:\/\/nfc-readers.com\/fr\/wp-json\/wp\/v2\/product\/2062","targetHints":{"allow":["GET"]}}],"collection":[{"href":"https:\/\/nfc-readers.com\/fr\/wp-json\/wp\/v2\/product"}],"about":[{"href":"https:\/\/nfc-readers.com\/fr\/wp-json\/wp\/v2\/types\/product"}],"wp:featuredmedia":[{"embeddable":true,"href":"https:\/\/nfc-readers.com\/fr\/wp-json\/wp\/v2\/media\/2063"}],"wp:attachment":[{"href":"https:\/\/nfc-readers.com\/fr\/wp-json\/wp\/v2\/media?parent=2062"}],"wp:term":[{"taxonomy":"product_brand","embeddable":true,"href":"https:\/\/nfc-readers.com\/fr\/wp-json\/wp\/v2\/product_brand?post=2062"},{"taxonomy":"product_cat","embeddable":true,"href":"https:\/\/nfc-readers.com\/fr\/wp-json\/wp\/v2\/product_cat?post=2062"},{"taxonomy":"product_tag","embeddable":true,"href":"https:\/\/nfc-readers.com\/fr\/wp-json\/wp\/v2\/product_tag?post=2062"}],"curies":[{"name":"wp","href":"https:\/\/api.w.org\/{rel}","templated":true}]}}