{"id":2109,"date":"2024-04-22T02:26:55","date_gmt":"2024-04-22T02:26:55","guid":{"rendered":"https:\/\/nfc-readers.com\/?post_type=product&#038;p=2109"},"modified":"2024-09-29T01:56:55","modified_gmt":"2024-09-29T01:56:55","slug":"nfc-stickers-ntag213216","status":"publish","type":"product","link":"https:\/\/nfc-readers.com\/fr\/ic-reader\/nfc-stickers-ntag213216\/","title":{"rendered":"Autocollants NFC NTAG213 215 216"},"content":{"rendered":"<h1>Autocollants NFC NTAG213 215 216<\/h1>\n<table width=\"534\">\n<tbody>\n<tr style=\"font-style: inherit; font-weight: inherit;\">\n<td style=\"font-style: inherit;\" width=\"215\">\n<p data-spm-anchor-id=\"a2700.pc-decorate.0.i49.7c5c3333IeSDv6\">article<\/p>\n<\/td>\n<td width=\"319\">Sp\u00e9cifications<\/td>\n<\/tr>\n<tr style=\"font-style: inherit; font-weight: inherit;\">\n<td style=\"font-style: inherit;\" width=\"215\">\n<p data-spm-anchor-id=\"a2700.pc-decorate.0.i22.bd1b3333wXnVY0\">Lieu d&#039;origine<\/p>\n<\/td>\n<td width=\"319\">Chine<\/td>\n<\/tr>\n<tr style=\"font-style: inherit; font-weight: inherit;\">\n<td style=\"font-style: inherit;\" width=\"215\">\n<p data-spm-anchor-id=\"0.0.0.i10.277b4f05XiiaMd\">Attestation<\/p>\n<\/td>\n<td width=\"319\">\n<p data-spm-anchor-id=\"a2700.pc-decorate.0.i10.bd1b3333wXnVY0\">CE\/ROHS<\/p>\n<\/td>\n<\/tr>\n<tr style=\"font-style: inherit; font-weight: inherit;\">\n<td style=\"font-style: inherit;\" width=\"215\">Mat\u00e9riel<\/td>\n<td width=\"319\">\n<p data-spm-anchor-id=\"a2700.pc-decorate.0.i50.7c5c3333IeSDv6\">PET, papier couch\u00e9, \u00e9poxy, papier thermique, etc.<\/p>\n<\/td>\n<\/tr>\n<tr style=\"font-style: inherit; font-weight: inherit;\">\n<td style=\"font-style: inherit;\" width=\"215\">\u00c9br\u00e9cher<\/td>\n<td width=\"319\">\n<p data-spm-anchor-id=\"a2700.pc-decorate.0.i50.bd1b3333wXnVY0\">NTAG 213\/ NTAG 215\/Ntag 216\/Fudan F08 ou personnaliser<\/p>\n<\/td>\n<\/tr>\n<tr style=\"font-style: inherit; font-weight: inherit;\">\n<td style=\"font-style: inherit;\" width=\"215\">Fr\u00e9quence<\/td>\n<td width=\"319\">\n<p data-spm-anchor-id=\"0.0.0.i5.277b4f05QIK8KU\">13,56Mhz<\/p>\n<\/td>\n<\/tr>\n<tr style=\"font-style: inherit; font-weight: inherit;\">\n<td style=\"font-style: inherit;\" width=\"215\">\n<p data-spm-anchor-id=\"a2700.pc-decorate.0.i90.6e273333nK6FqH\">Protocole<\/p>\n<\/td>\n<td width=\"319\">\n<p data-spm-anchor-id=\"a2700.pc-decorate.0.i51.bd1b3333wXnVY0\">OIN 14443A<\/p>\n<\/td>\n<\/tr>\n<tr style=\"font-style: inherit; font-weight: inherit;\">\n<td style=\"font-style: inherit;\" rowspan=\"3\" width=\"215\">Taille<\/td>\n<td width=\"319\">\n<p data-spm-anchor-id=\"a2700.pc-decorate.0.i53.bd1b3333wXnVY0\">Rond 18,25, 30, 35,40mm<\/p>\n<\/td>\n<\/tr>\n<tr>\n<td width=\"319\">\n<p data-spm-anchor-id=\"a2700.pc-decorate.0.i53.bd1b3333wXnVY0\">Carr\u00e9 86*54,40*25,55*18,10*20,18*18,30*15<\/p>\n<\/td>\n<\/tr>\n<tr>\n<td width=\"319\">\n<p data-spm-anchor-id=\"a2700.pc-decorate.0.i53.bd1b3333wXnVY0\">ou taille personnalis\u00e9e<\/p>\n<\/td>\n<\/tr>\n<tr style=\"font-style: inherit; font-weight: inherit;\">\n<td style=\"font-style: inherit;\" width=\"215\">\n<p data-spm-anchor-id=\"0.0.0.i1.277b4f05XiiaMd\">Fonctionnalit\u00e9<\/p>\n<\/td>\n<td width=\"319\">\n<p data-spm-anchor-id=\"a2700.pc-decorate.0.i47.bd1b3333wXnVY0\">ok pour partager des donn\u00e9es avec un t\u00e9l\u00e9phone compatible NFC, plus rapide et plus pratique que les balises normales<\/p>\n<\/td>\n<\/tr>\n<tr style=\"font-style: inherit; font-weight: inherit;\">\n<td style=\"font-style: inherit;\" width=\"215\">\n<p data-spm-anchor-id=\"0.0.0.i8.277b4f05XiiaMd\">\u00c9chantillon<\/p>\n<\/td>\n<td width=\"319\">\n<p data-spm-anchor-id=\"a2700.pc-decorate.0.i39.6e273333nK6FqH\">disponible gratuitement<\/p>\n<\/td>\n<\/tr>\n<tr style=\"font-style: inherit; font-weight: inherit;\">\n<td style=\"font-style: inherit;\" width=\"215\">\n<p data-spm-anchor-id=\"a2700.pc-decorate.0.i95.6e273333nK6FqH\">Distance de lecture<\/p>\n<\/td>\n<td width=\"319\">\n<p data-spm-anchor-id=\"a2700.pc-decorate.0.i89.6e273333nK6FqH\">0-10 cm<\/p>\n<\/td>\n<\/tr>\n<tr style=\"font-style: inherit; font-weight: inherit;\">\n<td style=\"font-style: inherit;\" width=\"215\">\n<p data-spm-anchor-id=\"a2700.pc-decorate.0.i35.6e273333nK6FqH\">Nom du produit<\/p>\n<\/td>\n<td width=\"319\">\n<p data-spm-anchor-id=\"a2700.pc-decorate.0.i12.bd1b3333wXnVY0\">Autocollants NFC NTAG 213 personnalis\u00e9s ronds de 18 mm, \u00e9tiquette blanche vierge, fonctionnent parfaitement avec les t\u00e9l\u00e9phones portables compatibles NFC<\/p>\n<\/td>\n<\/tr>\n<tr style=\"font-style: inherit; font-weight: inherit;\">\n<td style=\"font-style: inherit;\" rowspan=\"3\" width=\"215\">Personnalisation<\/td>\n<td style=\"font-style: inherit;\" width=\"319\">-logo personnalis\u00e9, imprim\u00e9 en couleur pour le papier de surface<\/td>\n<\/tr>\n<tr>\n<td width=\"319\">-mat\u00e9riau de surface personnalis\u00e9<\/td>\n<\/tr>\n<tr>\n<td width=\"319\">-informations de donn\u00e9es personnalis\u00e9es inscriptibles dans la puce, comme l&#039;URL (site Web), les num\u00e9ros de s\u00e9rie, etc.<\/td>\n<\/tr>\n<tr style=\"font-style: inherit; font-weight: inherit;\">\n<td style=\"font-style: inherit;\" rowspan=\"3\" width=\"215\">Application<\/td>\n<td style=\"font-style: inherit;\" width=\"319\">M\u00e9dias sociaux NFC, logistique, gestion, gestion d&#039;actifs, gestion de la cha\u00eene d&#039;approvisionnement, gestion des v\u00e9hicules, contr\u00f4le de production,<\/td>\n<\/tr>\n<tr>\n<td width=\"319\">gestion d&#039;entrep\u00f4t, gestion de produits, v\u00e9rification de produits, suivi des actifs, suivi de la manutention des bagages, gestion des stocks,<\/td>\n<\/tr>\n<tr>\n<td width=\"319\">etc.<\/td>\n<\/tr>\n<\/tbody>\n<\/table>\n<p>&nbsp;<\/p>\n<p><img loading=\"lazy\" decoding=\"async\" class=\"alignnone wp-image-2110\" src=\"https:\/\/nfc-readers.com\/wp-content\/uploads\/2024\/04\/H13e28f218c5e4df380794f87c5769ff4e-300x252.jpg\" alt=\"\" width=\"573\" height=\"481\" srcset=\"https:\/\/nfc-readers.com\/wp-content\/uploads\/2024\/04\/H13e28f218c5e4df380794f87c5769ff4e-300x252.jpg 300w, https:\/\/nfc-readers.com\/wp-content\/uploads\/2024\/04\/H13e28f218c5e4df380794f87c5769ff4e-600x503.jpg 600w, https:\/\/nfc-readers.com\/wp-content\/uploads\/2024\/04\/H13e28f218c5e4df380794f87c5769ff4e.jpg 750w\" sizes=\"auto, (max-width: 573px) 100vw, 573px\" \/><\/p>\n<div class=\"J_module\">\n<div class=\"detail-decorate-json-renderer-container\">\n<div class=\"magic-1\">\n<div class=\"magic-2\">\n<div class=\"magic-3\">\n<div class=\"magic-4\">\n<div class=\"magic-5\" data-spm-anchor-id=\"a2700.details.0.i69.2c8dabc3vwGabt\"><b class=\"magic-6\"><span class=\"magic-7\">Autocollants NFC NTAG 213 personnalis\u00e9s ronds de 18 mm, \u00e9tiquette blanche vierge, fonctionnent parfaitement avec les t\u00e9l\u00e9phones portables compatibles NFC<\/span><\/b><\/div>\n<div>\n<div><\/div>\n<\/div>\n<\/div>\n<\/div>\n<\/div>\n<\/div>\n<\/div>\n<\/div>\n<div class=\"J_module\">\n<div class=\"detail-decorate-json-renderer-container\">\n<div class=\"magic-1\">\n<div class=\"magic-2\">\n<div class=\"magic-3\">\n<div class=\"magic-4\"><b><span class=\"magic-8\">Qu&#039;est-ce qu&#039;une balise NFC et comment \u00e7a marche <\/span><\/b><br \/>\nNFC, Near Field Communication, les tags sont de petits circuits int\u00e9gr\u00e9s con\u00e7us pour stocker des informations pouvant \u00eatre r\u00e9cup\u00e9r\u00e9es par<br \/>\nAppareils compatibles NFC comme les smartphones et les tablettes. Ce sont de petits autocollants, de forme ronde ou carr\u00e9e, et ont \u00e0 peu pr\u00e8s la taille d&#039;une grosse pi\u00e8ce de monnaie. Ces petits autocollants de technologie sans fil permettent \u00e9galement le transfert de donn\u00e9es entre deux appareils compatibles NFC.<\/p>\n<div>\n<div>Les balises NFC peuvent avoir diff\u00e9rentes capacit\u00e9s de m\u00e9moire\u00a0; vous pouvez stocker un num\u00e9ro de t\u00e9l\u00e9phone ou une URL (adresse Web) et pour ajouter une protection, les balises NFC peuvent \u00eatre verrouill\u00e9es afin qu&#039;une fois les donn\u00e9es \u00e9crites, elles ne puissent pas \u00eatre modifi\u00e9es. Cependant ils peuvent \u00eatre r\u00e9encod\u00e9s plusieurs fois jusqu&#039;\u00e0 ce qu&#039;ils soient verrouill\u00e9s et une fois verrouill\u00e9s, les tags NFC ne peuvent plus \u00eatre d\u00e9verrouill\u00e9s.<\/div>\n<div><\/div>\n<div>Pour utiliser des balises NFC, vous devez soit appuyer sur l&#039;autocollant avec votre appareil compatible NFC, soit rapprocher votre appareil suffisamment (peut-\u00eatre \u00e0 un pouce l&#039;un de l&#039;autre) pour que l&#039;appareil effectue vos ench\u00e8res programm\u00e9es.<\/div>\n<\/div>\n<\/div>\n<\/div>\n<\/div>\n<\/div>\n<\/div>\n<\/div>\n<div class=\"J_module\">\n<div class=\"detail-decorate-json-renderer-container\">\n<div class=\"magic-1\">\n<div class=\"magic-2\">\n<div class=\"magic-3\">\n<div class=\"magic-4\"><span class=\"magic-9\"><span class=\"magic-10\"><b>\u00c9tiquette RFID 13,56 MHz, l&#039;\u00e9tiquette NFC est facile \u00e0 programmer, comme une URL cod\u00e9e, afin qu&#039;elle puisse fonctionner avec un smartphone Andriod\/IOS avec NFC.<br \/>\nLorsque la balise NFC se ferme en position NFC sur le smartphone, le lien programm\u00e9 vers le site Web appara\u00eet imm\u00e9diatement. Il est principalement utilis\u00e9 pour de nombreuses applications telles que les cartes de visite, la promotion d&#039;entreprise, les affiches intelligentes, la billetterie d&#039;\u00e9v\u00e9nements, l&#039;utilisation industrielle, etc.<\/b><\/span><\/span><\/p>\n<div><b><span class=\"magic-9\">\u00a0<\/span><\/b><\/div>\n<div><span class=\"magic-10\"><b class=\"magic-9\">Nos fonctionnalit\u00e9s\u00a0:<br \/>\n<\/b><span class=\"magic-11\" style=\"font-family: Arial;\">1.Personnalis\u00e9<br \/>\n2. Vitesse de livraison rapide<br \/>\n3. structure d&#039;\u00e9tiquette RFID\u00a0: puce RFID + antenne RFID + mat\u00e9riaux de Surface<br \/>\n4. Fournisseur professionnel de produits RFID<\/span><\/span><\/div>\n<\/div>\n<\/div>\n<\/div>\n<\/div>\n<\/div>\n<\/div>\n<p>&nbsp;<\/p>\n<p>&nbsp;<\/p>","protected":false},"excerpt":{"rendered":"<p>Les autocollants NFC compacts avec puces NTAG213 215 216 permettent une publicit\u00e9 intelligente, l&#039;authentification des produits et un couplage rapide, rendant les solutions RFID accessibles et efficaces.<\/p>","protected":false},"featured_media":2111,"template":"","meta":[],"product_brand":[],"product_cat":[48],"product_tag":[],"class_list":{"0":"post-2109","1":"product","2":"type-product","3":"status-publish","4":"has-post-thumbnail","6":"product_cat-nfc-stickers","8":"first","9":"instock","10":"shipping-taxable","11":"product-type-simple"},"_links":{"self":[{"href":"https:\/\/nfc-readers.com\/fr\/wp-json\/wp\/v2\/product\/2109","targetHints":{"allow":["GET"]}}],"collection":[{"href":"https:\/\/nfc-readers.com\/fr\/wp-json\/wp\/v2\/product"}],"about":[{"href":"https:\/\/nfc-readers.com\/fr\/wp-json\/wp\/v2\/types\/product"}],"wp:featuredmedia":[{"embeddable":true,"href":"https:\/\/nfc-readers.com\/fr\/wp-json\/wp\/v2\/media\/2111"}],"wp:attachment":[{"href":"https:\/\/nfc-readers.com\/fr\/wp-json\/wp\/v2\/media?parent=2109"}],"wp:term":[{"taxonomy":"product_brand","embeddable":true,"href":"https:\/\/nfc-readers.com\/fr\/wp-json\/wp\/v2\/product_brand?post=2109"},{"taxonomy":"product_cat","embeddable":true,"href":"https:\/\/nfc-readers.com\/fr\/wp-json\/wp\/v2\/product_cat?post=2109"},{"taxonomy":"product_tag","embeddable":true,"href":"https:\/\/nfc-readers.com\/fr\/wp-json\/wp\/v2\/product_tag?post=2109"}],"curies":[{"name":"wp","href":"https:\/\/api.w.org\/{rel}","templated":true}]}}