{"id":2117,"date":"2024-04-22T02:40:43","date_gmt":"2024-04-22T02:40:43","guid":{"rendered":"https:\/\/nfc-readers.com\/?post_type=product&#038;p=2117"},"modified":"2024-09-24T06:42:23","modified_gmt":"2024-09-24T06:42:23","slug":"nfc-wet-inlay-ntag213216","status":"publish","type":"product","link":"https:\/\/nfc-readers.com\/fr\/ic-reader\/nfc-wet-inlay-ntag213216\/","title":{"rendered":"Incrustation NFC s\u00e8che\/humide NTAG213 215 216"},"content":{"rendered":"<h1>Incrustation NFC s\u00e8che\/humide NTAG213 215 216<\/h1>\n<table width=\"504\">\n<tbody>\n<tr style=\"font-style: inherit; font-weight: inherit;\">\n<td style=\"font-style: inherit;\" width=\"149\">\n<p data-spm-anchor-id=\"a2700.details.0.i60.4f6d26e9ifeROs\">Produit<\/p>\n<\/td>\n<td style=\"font-style: inherit;\" width=\"355\">\u00c9tiquettes autocollantes rfid 13.56mhz, incrustation s\u00e8che\/humide NFC, NTAG213 215 216, approvisionnement d&#039;usine<\/td>\n<\/tr>\n<tr style=\"font-style: inherit; font-weight: inherit;\">\n<td style=\"font-style: inherit;\" width=\"149\">Mat\u00e9riau de l&#039;antenne<\/td>\n<td style=\"font-style: inherit;\" width=\"355\">Aluminium Al (30 \u03bcm) + PET (38 \u03bcm) + pont Al (10 \u03bcm)<\/td>\n<\/tr>\n<tr style=\"font-style: inherit; font-weight: inherit;\">\n<td style=\"font-style: inherit;\" width=\"149\">\n<p data-spm-anchor-id=\"a2700.details.0.i59.4f6d26e9ifeROs\">Forme de l&#039;antenne<\/p>\n<\/td>\n<td style=\"font-style: inherit;\" width=\"355\">Rond ou carr\u00e9<\/td>\n<\/tr>\n<tr style=\"font-style: inherit; font-weight: inherit;\">\n<td style=\"font-style: inherit;\" width=\"149\">\u00c9paisseur<\/td>\n<td style=\"font-style: inherit;\" width=\"355\">0,07 mm (emplacement de la puce : 0,23 mm)<\/td>\n<\/tr>\n<tr style=\"font-style: inherit; font-weight: inherit;\">\n<td style=\"font-style: inherit;\" width=\"149\">Fr\u00e9quence<\/td>\n<td style=\"font-style: inherit;\" width=\"355\">13,56 MHz<\/td>\n<\/tr>\n<tr style=\"font-style: inherit; font-weight: inherit;\">\n<td style=\"font-style: inherit;\" width=\"149\">Incrustation s\u00e8che<\/td>\n<td style=\"font-style: inherit;\" width=\"355\">12*18 mm, 14,5*14,5 mm, 76*45 mm, diam\u00e8tre 20 mm, 40 mm, etc.<\/td>\n<\/tr>\n<tr style=\"font-style: inherit; font-weight: inherit;\">\n<td style=\"font-style: inherit;\" width=\"149\">Temp\u00e9rature de fonctionnement<\/td>\n<td style=\"font-style: inherit;\" width=\"355\">-20\u2103 \u00e0 +60\u2103<\/td>\n<\/tr>\n<tr style=\"font-style: inherit; font-weight: inherit;\">\n<td style=\"font-style: inherit;\" width=\"149\">Temp\u00e9rature de stockage<\/td>\n<td style=\"font-style: inherit;\" width=\"355\">-25\u2103 \u00e0 +65\u2103<\/td>\n<\/tr>\n<tr style=\"font-style: inherit; font-weight: inherit;\">\n<td style=\"font-style: inherit;\" width=\"149\">Vie professionnelle<\/td>\n<td style=\"font-style: inherit;\" width=\"355\">100 000 fois \/ 10 ans<\/td>\n<\/tr>\n<tr style=\"font-style: inherit; font-weight: inherit;\">\n<td style=\"font-style: inherit;\" width=\"149\">Plage de lecture nominale<\/td>\n<td style=\"font-style: inherit;\" width=\"355\">2 ~ 6 cm selon la g\u00e9om\u00e9trie de l&#039;antenne et la configuration du lecteur<\/td>\n<\/tr>\n<tr style=\"font-style: inherit; font-weight: inherit;\">\n<td style=\"font-style: inherit;\" width=\"149\">Application<\/td>\n<td width=\"355\">Identification, Carte, Logistique, Biblioth\u00e8que, Gestion de patrimoine, Paiement, Acc\u00e8s<\/td>\n<\/tr>\n<\/tbody>\n<\/table>\n<p>&nbsp;<\/p>\n<p><span style=\"font-size: medium;\"><b>\u00c0 quelle dose l&#039;incrustation RFID est-elle utilis\u00e9e\u00a0?<\/b><\/span><\/p>\n<p><span style=\"color: #0000ff;\">\u2606<\/span>\u00a0 Nous devons d\u2019abord comprendre ce qu\u2019est l\u2019incrustation s\u00e8che RFID. Incrustation s\u00e8che RFID compos\u00e9e de 3 parties\u00a0: aluminium, chipset et PET. L&#039;incrustation s\u00e8che RFID est une RFID semi-finie, elle peut \u00eatre HF ou UHF et peut \u00eatre lue par le lecteur. Chaque inlay sec RFID poss\u00e8de son propre num\u00e9ro d\u2019identification unique.<\/p>\n<p><span style=\"color: #0000ff;\">\u2606<\/span>\u00a0 L&#039;incrustation s\u00e8che RFID peut \u00eatre utilis\u00e9e dans les cartes, les autocollants, les logements intelligents, etc.<br \/>\n<span style=\"color: #0000ff;\">\u2606\u00a0<\/span>\u00a0Applications actuelles telles que le contr\u00f4le d&#039;acc\u00e8s, la gestion des actifs, la gestion des pr\u00e9sences, le syst\u00e8me d&#039;identification des animaux, le syst\u00e8me de stationnement, la gestion logistique, l&#039;automatisation industrielle, les supermarch\u00e9s, la gestion des magasins, le syst\u00e8me de s\u00e9curit\u00e9, la gestion des institutions m\u00e9dicales, etc.<\/p>\n<p><img loading=\"lazy\" decoding=\"async\" class=\"alignnone wp-image-2119\" src=\"https:\/\/nfc-readers.com\/wp-content\/uploads\/2024\/04\/HTB1wkZ8X6DuK1Rjy1zjq6zraFXae-300x164.jpg\" alt=\"\" width=\"561\" height=\"307\" srcset=\"https:\/\/nfc-readers.com\/wp-content\/uploads\/2024\/04\/HTB1wkZ8X6DuK1Rjy1zjq6zraFXae-300x164.jpg 300w, https:\/\/nfc-readers.com\/wp-content\/uploads\/2024\/04\/HTB1wkZ8X6DuK1Rjy1zjq6zraFXae-600x329.jpg 600w, https:\/\/nfc-readers.com\/wp-content\/uploads\/2024\/04\/HTB1wkZ8X6DuK1Rjy1zjq6zraFXae.jpg 730w\" sizes=\"auto, (max-width: 561px) 100vw, 561px\" \/><\/p>\n<p><img loading=\"lazy\" decoding=\"async\" class=\"alignnone wp-image-2120\" src=\"https:\/\/nfc-readers.com\/wp-content\/uploads\/2024\/04\/HTB1IBVIDTtYBeNjy1Xdq6xXyVXaq-300x300.jpg\" alt=\"\" width=\"561\" height=\"561\" srcset=\"https:\/\/nfc-readers.com\/wp-content\/uploads\/2024\/04\/HTB1IBVIDTtYBeNjy1Xdq6xXyVXaq-300x300.jpg 300w, https:\/\/nfc-readers.com\/wp-content\/uploads\/2024\/04\/HTB1IBVIDTtYBeNjy1Xdq6xXyVXaq-150x150.jpg 150w, https:\/\/nfc-readers.com\/wp-content\/uploads\/2024\/04\/HTB1IBVIDTtYBeNjy1Xdq6xXyVXaq-600x600.jpg 600w, https:\/\/nfc-readers.com\/wp-content\/uploads\/2024\/04\/HTB1IBVIDTtYBeNjy1Xdq6xXyVXaq-100x100.jpg 100w, https:\/\/nfc-readers.com\/wp-content\/uploads\/2024\/04\/HTB1IBVIDTtYBeNjy1Xdq6xXyVXaq.jpg 750w\" sizes=\"auto, (max-width: 561px) 100vw, 561px\" \/><\/p>","protected":false},"excerpt":{"rendered":"<p>Les incrustations NFC s\u00e8ches\/humides NTAG213 sont dot\u00e9es d&#039;une puce NFC pour des applications polyvalentes, avec des incrustations s\u00e8ches ayant des structures adh\u00e9sives uniquement et des incrustations humides offrant une protection suppl\u00e9mentaire.<\/p>","protected":false},"featured_media":2122,"template":"","meta":[],"product_brand":[],"product_cat":[48],"product_tag":[],"class_list":{"0":"post-2117","1":"product","2":"type-product","3":"status-publish","4":"has-post-thumbnail","6":"product_cat-nfc-stickers","8":"first","9":"instock","10":"shipping-taxable","11":"product-type-simple"},"_links":{"self":[{"href":"https:\/\/nfc-readers.com\/fr\/wp-json\/wp\/v2\/product\/2117","targetHints":{"allow":["GET"]}}],"collection":[{"href":"https:\/\/nfc-readers.com\/fr\/wp-json\/wp\/v2\/product"}],"about":[{"href":"https:\/\/nfc-readers.com\/fr\/wp-json\/wp\/v2\/types\/product"}],"wp:featuredmedia":[{"embeddable":true,"href":"https:\/\/nfc-readers.com\/fr\/wp-json\/wp\/v2\/media\/2122"}],"wp:attachment":[{"href":"https:\/\/nfc-readers.com\/fr\/wp-json\/wp\/v2\/media?parent=2117"}],"wp:term":[{"taxonomy":"product_brand","embeddable":true,"href":"https:\/\/nfc-readers.com\/fr\/wp-json\/wp\/v2\/product_brand?post=2117"},{"taxonomy":"product_cat","embeddable":true,"href":"https:\/\/nfc-readers.com\/fr\/wp-json\/wp\/v2\/product_cat?post=2117"},{"taxonomy":"product_tag","embeddable":true,"href":"https:\/\/nfc-readers.com\/fr\/wp-json\/wp\/v2\/product_tag?post=2117"}],"curies":[{"name":"wp","href":"https:\/\/api.w.org\/{rel}","templated":true}]}}